{"id":14650,"date":"2024-08-18T00:02:46","date_gmt":"2024-08-17T16:02:46","guid":{"rendered":"https:\/\/www.luleey.com\/?post_type=product&#038;p=14650"},"modified":"2024-08-18T00:05:39","modified_gmt":"2024-08-17T16:05:39","slug":"5pcs-l925b-universal-fiber-optic-cold-splices","status":"publish","type":"product","link":"https:\/\/www.luleey.com\/es\/producto\/5pcs-l925b-universal-fiber-optic-cold-splices\/","title":{"rendered":"5pcs L925B Universal de fibra \u00f3ptica empalmes en fr\u00edo"},"content":{"rendered":"<h3>Caracter\u00edsticas<\/h3>\n<ol>\n<li>gran dise\u00f1o, la precisi\u00f3n de la fibra \u00f3ptica a tope es alta, los indicadores t\u00e9cnicos son excelentes.<\/li>\n<li>la estructura del n\u00facleo: el dise\u00f1o de la estructura de la caja, el buen rendimiento de sellado, el fluido a juego no es f\u00e1cil de perder, la resistencia a la intemperie es fuerte.<\/li>\n<li>Cable \u00f3ptico aplicable: adecuado para cualquier combinaci\u00f3n de fibra \u00f3ptica de 0,25 mm y fibra \u00f3ptica de 0,9 mm.<\/li>\n<li>Funcionamiento sencillo, velocidad de construcci\u00f3n r\u00e1pida, alta tasa de \u00e9xito de la instalaci\u00f3n, larga vida \u00fatil, mantenimiento posterior sencillo y c\u00f3modo.<\/li>\n<li>aplicaci\u00f3n: para ingenier\u00eda FTTH y reparaci\u00f3n de cables \u00f3pticos.<\/li>\n<\/ol>\n<h3>Especificaci\u00f3n<\/h3>\n<table width=\"598\">\n<tbody>\n<tr>\n<td width=\"211\">Marca<\/td>\n<td width=\"387\">LuLeey<\/td>\n<\/tr>\n<tr>\n<td width=\"211\">Origen<\/td>\n<td width=\"387\">China continental<\/td>\n<\/tr>\n<tr>\n<td>Nombre del producto<\/td>\n<td width=\"387\">L925B Empalmes en fr\u00edo universales de fibra \u00f3ptica<\/td>\n<\/tr>\n<tr>\n<td>\u00c1mbito de utilizaci\u00f3n<\/td>\n<td>\u00a00,25 mm\/0,90 mm<\/td>\n<\/tr>\n<tr>\n<td>Di\u00e1metro de la fibra<\/td>\n<td>125\u03bcm(657A&amp;657B)<\/td>\n<\/tr>\n<tr>\n<td>Di\u00e1metro compacto<\/td>\n<td>\u00a0250\u03bcm&amp;900\u03bcm<\/td>\n<\/tr>\n<tr>\n<td>Modelo aplicable<\/td>\n<td>\u00a0Monomodo y multimodo<\/td>\n<\/tr>\n<tr>\n<td>P\u00e9rdida de inserci\u00f3n<\/td>\n<td>\u00a0\u22640,10 dB<\/td>\n<\/tr>\n<tr>\n<td>P\u00e9rdida de retorno<\/td>\n<td>\u00a0\u2264-40dB<\/td>\n<\/tr>\n<tr>\n<td>Fuerza de apriete de la fibra desnuda<\/td>\n<td>\uff1e5N<\/td>\n<\/tr>\n<tr>\n<td>Fuerza de envoltura ajustada<\/td>\n<td>\u00a0\uff1e8N<\/td>\n<\/tr>\n<tr>\n<td>Utilizar la temperatura<\/td>\n<td>\u00a0-40~75\u2103<\/td>\n<\/tr>\n<\/tbody>\n<\/table>","protected":false},"excerpt":{"rendered":"<p><span class=\"a-list-item\">\u3010Feature\u3011L925B Universal de fibra \u00f3ptica empalmes en fr\u00edo, n\u00facleo de cer\u00e1mica, la p\u00e9rdida de inserci\u00f3n: 50dB. Alta repetibilidad,inserci\u00f3n y extracci\u00f3n\uff1a&gt;10 veces.<\/span><\/p>\n<p><span class=\"a-list-item\">\u3010F\u00e1cil de instalar\u3011incluye mecanismo de gu\u00eda de fibra, m\u00e1s conveniente para usar fibra. El paquete contiene instrucciones de instalaci\u00f3n.<\/span><\/p>\n<p><span class=\"a-list-item\">\u3010Material\u3011Hecho de materiales de alto rendimiento, m\u00e1s durabler, resistente a altas temperaturas y ca\u00eddas.<\/span><\/p>\n<p><span class=\"a-list-item\">\u3010Application\u3011Adecuado para fibra desnuda de 0,25 mm o pigtail de 0,9 mm.<\/span><\/p>","protected":false},"featured_media":14651,"comment_status":"open","ping_status":"closed","template":"","meta":[],"product_brand":[],"product_cat":[368],"product_tag":[427],"class_list":{"0":"post-14650","1":"product","2":"type-product","3":"status-publish","4":"has-post-thumbnail","6":"product_cat-quick-connector-and-connector-panel","7":"product_tag-l925b","9":"first","10":"instock","11":"shipping-taxable","12":"purchasable","13":"product-type-simple"},"_links":{"self":[{"href":"https:\/\/www.luleey.com\/es\/wp-json\/wp\/v2\/product\/14650","targetHints":{"allow":["GET"]}}],"collection":[{"href":"https:\/\/www.luleey.com\/es\/wp-json\/wp\/v2\/product"}],"about":[{"href":"https:\/\/www.luleey.com\/es\/wp-json\/wp\/v2\/types\/product"}],"replies":[{"embeddable":true,"href":"https:\/\/www.luleey.com\/es\/wp-json\/wp\/v2\/comments?post=14650"}],"wp:featuredmedia":[{"embeddable":true,"href":"https:\/\/www.luleey.com\/es\/wp-json\/wp\/v2\/media\/14651"}],"wp:attachment":[{"href":"https:\/\/www.luleey.com\/es\/wp-json\/wp\/v2\/media?parent=14650"}],"wp:term":[{"taxonomy":"product_brand","embeddable":true,"href":"https:\/\/www.luleey.com\/es\/wp-json\/wp\/v2\/product_brand?post=14650"},{"taxonomy":"product_cat","embeddable":true,"href":"https:\/\/www.luleey.com\/es\/wp-json\/wp\/v2\/product_cat?post=14650"},{"taxonomy":"product_tag","embeddable":true,"href":"https:\/\/www.luleey.com\/es\/wp-json\/wp\/v2\/product_tag?post=14650"}],"curies":[{"name":"wp","href":"https:\/\/api.w.org\/{rel}","templated":true}]}}