{"id":14657,"date":"2024-08-18T00:20:36","date_gmt":"2024-08-17T16:20:36","guid":{"rendered":"https:\/\/www.luleey.com\/?post_type=product&#038;p=14657"},"modified":"2024-08-18T00:35:25","modified_gmt":"2024-08-17T16:35:25","slug":"5pcs-l925bp-optical-fiber-cold-connector","status":"publish","type":"product","link":"https:\/\/www.luleey.com\/es\/producto\/5pcs-l925bp-optical-fiber-cold-connector\/","title":{"rendered":"5pcs L925BP Conector fr\u00edo de fibra \u00f3ptica\u00a0"},"content":{"rendered":"<h3>Caracter\u00edsticas<\/h3>\n<ol>\n<li>gran dise\u00f1o, la precisi\u00f3n de la fibra \u00f3ptica a tope es alta, los indicadores t\u00e9cnicos son excelentes.<\/li>\n<li>la estructura del n\u00facleo: el dise\u00f1o de la estructura de la caja, el buen rendimiento de sellado, el fluido a juego no es f\u00e1cil de perder, la resistencia a la intemperie es fuerte.<\/li>\n<li>Cable \u00f3ptico aplicable: adecuado para cualquier combinaci\u00f3n de fibra \u00f3ptica de 0,25 mm y fibra \u00f3ptica de 0,9 mm.<\/li>\n<li>Funcionamiento sencillo, velocidad de construcci\u00f3n r\u00e1pida, alta tasa de \u00e9xito de la instalaci\u00f3n, larga vida \u00fatil, mantenimiento posterior sencillo y c\u00f3modo.<\/li>\n<li>aplicaci\u00f3n: para ingenier\u00eda FTTH y reparaci\u00f3n de cables \u00f3pticos.<\/li>\n<\/ol>\n<h3>Especificaci\u00f3n<\/h3>\n<table width=\"598\">\n<tbody>\n<tr>\n<td width=\"211\">Marca<\/td>\n<td width=\"387\">LuLeey<\/td>\n<\/tr>\n<tr>\n<td width=\"211\">Origen<\/td>\n<td width=\"387\">China continental<\/td>\n<\/tr>\n<tr>\n<td>Nombre del producto<\/td>\n<td>L925BP Conector fr\u00edo de fibra \u00f3ptica<\/td>\n<\/tr>\n<tr>\n<td>\u00c1MBITO DE APLICACI\u00d3N<\/td>\n<td>\u00a0250\u03bcm&amp;900\u03bcm<\/td>\n<\/tr>\n<tr>\n<td>Modelo aplicable<\/td>\n<td>\u00a0Modo \u00fanico\/multimodo<\/td>\n<\/tr>\n<tr>\n<td>\u00c1mbito de utilizaci\u00f3n<\/td>\n<td>125\u03bcm(657A&amp;657B)<\/td>\n<\/tr>\n<tr>\n<td>P\u00e9rdida de inserci\u00f3n<\/td>\n<td>\u00a0\u22640,10ddB<\/td>\n<\/tr>\n<tr>\n<td>P\u00e9rdida de retorno<\/td>\n<td>\u00a0\u2265-40dB<\/td>\n<\/tr>\n<tr>\n<td>Utilizar la temperatura<\/td>\n<td>\u00a0-40-75\u00b0 C<\/td>\n<\/tr>\n<\/tbody>\n<\/table>","protected":false},"excerpt":{"rendered":"<p><span class=\"a-list-item\">\u3010Attention\u3011Antes de comprar y utilizar este empalme en fr\u00edo de fibra \u00f3ptica L925BP, necesita tener herramientas profesionales: alicates para pelar fibra \u00f3ptica, ajustador de longitud, cortador de fibra \u00f3ptica. Se recomienda entender los pasos de operaci\u00f3n cuidadosamente.<\/span><\/p>\n<p><span class=\"a-list-item\">\u3010Fibre Optic Splice\u3011L925BP conector de empalme r\u00e1pido de fibra \u00f3ptica de n\u00facleo \u00fanico.Extienda o repare dos fibras \u00f3pticas monomodo o multimodo de 125\u03bcm acopl\u00e1ndolas mediante el m\u00e9todo de empalme en fr\u00edo (por ejemplo, 9\/125\u03bcm, 50\/125\u03bcm, 62,5\/125\u03bcm). Adecuado para di\u00e1metro exterior de cable \u2264 \u03a62mm.<\/span><\/p>\n<p><span class=\"a-list-item\">\u3010Low Loss\u3011125\u03bcm empalme en fr\u00edo de fibra \u00f3ptica de uso general. Rendimiento estable, baja p\u00e9rdida de inserci\u00f3n. P\u00e9rdida de inserci\u00f3n: \u22640,10 dB, p\u00e9rdida de retorno: \u2264-40 dB.<\/span><\/p>\n<p><span class=\"a-list-item\">\u3010Low Cost and Reusable\u3011Conector de empalme r\u00e1pido de fibra desnuda L925BP. Adecuado para todo tipo de entorno de empalme en fr\u00edo de fibra \u00f3ptica, sin empalmadora de fusi\u00f3n, operaci\u00f3n simple y r\u00e1pida, bajo costo de empalme, y reutilizable.<\/span><\/p>\n<p><span class=\"a-list-item\">\u3010Instalaci\u00f3n r\u00e1pida\u3011Conector de empalme r\u00e1pido de fibra desnuda simple de 125\u03bcm. La base est\u00e1 equipada con un mecanismo de gu\u00eda de fibra para la inserci\u00f3n r\u00e1pida y f\u00e1cil de la fibra desnuda, y el cable se puede sujetar en ambos extremos para facilitar la instalaci\u00f3n, y la cubierta superior se puede proteger.<\/span><\/p>","protected":false},"featured_media":14658,"comment_status":"open","ping_status":"closed","template":"","meta":[],"product_brand":[],"product_cat":[368],"product_tag":[428],"class_list":{"0":"post-14657","1":"product","2":"type-product","3":"status-publish","4":"has-post-thumbnail","6":"product_cat-quick-connector-and-connector-panel","7":"product_tag-l925bp","9":"first","10":"instock","11":"shipping-taxable","12":"purchasable","13":"product-type-simple"},"_links":{"self":[{"href":"https:\/\/www.luleey.com\/es\/wp-json\/wp\/v2\/product\/14657","targetHints":{"allow":["GET"]}}],"collection":[{"href":"https:\/\/www.luleey.com\/es\/wp-json\/wp\/v2\/product"}],"about":[{"href":"https:\/\/www.luleey.com\/es\/wp-json\/wp\/v2\/types\/product"}],"replies":[{"embeddable":true,"href":"https:\/\/www.luleey.com\/es\/wp-json\/wp\/v2\/comments?post=14657"}],"wp:featuredmedia":[{"embeddable":true,"href":"https:\/\/www.luleey.com\/es\/wp-json\/wp\/v2\/media\/14658"}],"wp:attachment":[{"href":"https:\/\/www.luleey.com\/es\/wp-json\/wp\/v2\/media?parent=14657"}],"wp:term":[{"taxonomy":"product_brand","embeddable":true,"href":"https:\/\/www.luleey.com\/es\/wp-json\/wp\/v2\/product_brand?post=14657"},{"taxonomy":"product_cat","embeddable":true,"href":"https:\/\/www.luleey.com\/es\/wp-json\/wp\/v2\/product_cat?post=14657"},{"taxonomy":"product_tag","embeddable":true,"href":"https:\/\/www.luleey.com\/es\/wp-json\/wp\/v2\/product_tag?post=14657"}],"curies":[{"name":"wp","href":"https:\/\/api.w.org\/{rel}","templated":true}]}}