{"id":14665,"date":"2024-08-18T21:29:31","date_gmt":"2024-08-18T13:29:31","guid":{"rendered":"https:\/\/www.luleey.com\/?post_type=product&#038;p=14665"},"modified":"2024-08-18T21:34:15","modified_gmt":"2024-08-18T13:34:15","slug":"s09-high-precision-optical-fiber-cleaver","status":"publish","type":"product","link":"https:\/\/www.luleey.com\/es\/producto\/s09-high-precision-optical-fiber-cleaver\/","title":{"rendered":"Cortadora de fibra \u00f3ptica de alta precisi\u00f3n S09"},"content":{"rendered":"<h3>Caracter\u00edsticas<\/h3>\n<ol>\n<li><span class=\"a-text-bold\">La cortadora de fibra de precisi\u00f3n Tools S09 est\u00e1 dise\u00f1ada para proporcionar un corte preciso y preparar las fibras para el empalme de fibras recubiertas de 250 \u00b5m, 900 \u00b5m y 3,0 mm.<\/span><\/li>\n<li><span class=\"a-text-bold\">Incorpora un contenedor de fibra<\/span><\/li>\n<li><span class=\"a-text-bold\">Larga vida de 48.000 cortes con cuchillas de 16 posiciones<\/span><\/li>\n<li><span class=\"a-text-bold\">Soporte de escala para longitudes de corte precisas de 8 a 20 mm (0,31\u2033 a 0,78\u2033).<\/span><\/li>\n<li><span class=\"a-text-bold\">Proporciona una hendidura con un \u00e1ngulo de hendidura inferior a 0,5\u00b0 para una preparaci\u00f3n \u00f3ptima de la fibra para el empalme<\/span><\/li>\n<li><span class=\"a-text-bold\">Dise\u00f1o ligero y resistente para una larga duraci\u00f3n<\/span><\/li>\n<\/ol>\n<h3>Especificaci\u00f3n<\/h3>\n<table width=\"598\">\n<tbody>\n<tr>\n<td width=\"211\">Marca<\/td>\n<td width=\"387\">LuLeey<\/td>\n<\/tr>\n<tr>\n<td width=\"211\">Origen<\/td>\n<td width=\"387\">China continental<\/td>\n<\/tr>\n<tr>\n<td>Nombre del producto<\/td>\n<td width=\"387\">Cortadora de fibra \u00f3ptica de alta precisi\u00f3n S09<\/td>\n<\/tr>\n<tr>\n<td>Material<\/td>\n<td>Aleaci\u00f3n de magnesio<\/td>\n<\/tr>\n<tr>\n<td>Color<\/td>\n<td>Oro<\/td>\n<\/tr>\n<tr>\n<td>Dimensiones del producto<\/td>\n<td>60*59*51mm<\/td>\n<\/tr>\n<tr>\n<td>Di\u00e1metro del revestimiento<\/td>\n<td>80-150\u03bcm<\/td>\n<\/tr>\n<tr>\n<td>Longitud de corte<\/td>\n<td>Fibra de n\u00facleo \u00fanico de 8-20 mm<\/td>\n<\/tr>\n<tr>\n<td>Apto para cable de fibra \u00f3ptica<\/td>\n<td>Fibra de n\u00facleo \u00fanico de 250\u03bcm, 900\u03bcm, 3,0 mm, cable de cuero para interiores.<\/td>\n<\/tr>\n<tr>\n<td>Peso del art\u00edculo<\/td>\n<td>0,3 kg<\/td>\n<\/tr>\n<tr>\n<td>Vida \u00fatil de la cuchilla<\/td>\n<td>3000*16;Corte 1000 veces para ajustar la altura una vez, cada escala se puede ajustar 3 veces la altura, un total de 16 escalas.<\/td>\n<\/tr>\n<tr>\n<td>Retorno autom\u00e1tico de la hoja:<\/td>\n<td>S\u00ed<\/td>\n<\/tr>\n<tr>\n<td>\u00c1ngulo medio de corte<\/td>\n<td>\uff1c0.5\u00b0<\/td>\n<\/tr>\n<tr>\n<td>Alfombrillas de goma antideslizantes<\/td>\n<td>Ayuda<\/td>\n<\/tr>\n<tr>\n<td>Llave de vaso hexagonal<\/td>\n<td>Incluye<\/td>\n<\/tr>\n<tr>\n<td>Caja de residuos de fibra<\/td>\n<td>Incluye<\/td>\n<\/tr>\n<tr>\n<td>Funda protectora<\/td>\n<td>Incluye<\/td>\n<\/tr>\n<\/tbody>\n<\/table>","protected":false},"excerpt":{"rendered":"<ul>\n<li><span class=\"a-list-item\">Corte de precisi\u00f3n: Proporciona una hendidura con un \u00e1ngulo de corte inferior a 0,5\u00b0 para una preparaci\u00f3n \u00f3ptima de la fibra para el empalme por fusi\u00f3n.<\/span><\/li>\n<li><span class=\"a-list-item\">Soporte de fibra incorporado: La cortadora de fibra puede sujetar fibras individuales de 250 \u00b5m, 900 \u00b5m y 3,0 mm con una escala legible para longitudes de corte precisas de 5 a 25 mm.<\/span><\/li>\n<li><span class=\"a-list-item\">Uso vers\u00e1til: Ideal para aplicaciones de empalme en campo, camiones de empalme, laboratorios, t\u00e9cnicos de fibra, empalmadores de fibra y cualquier persona que necesite cortar un cable de fibra \u00f3ptica antes de realizar un empalme por fusi\u00f3n.<\/span><\/li>\n<li><span class=\"a-list-item\">Durabilidad: Dise\u00f1o ligero y robusto que aumenta la durabilidad. Tambi\u00e9n es f\u00e1cil de desmontar y manejar, lo que permite sustituir f\u00e1cilmente las cuchillas.<\/span><\/li>\n<li><span class=\"a-list-item\">Vida \u00fatil de la cuchilla : 48000 veces(3000*16) .<\/span><\/li>\n<\/ul>","protected":false},"featured_media":14668,"comment_status":"open","ping_status":"closed","template":"","meta":[],"product_brand":[],"product_cat":[357],"product_tag":[431,432],"class_list":{"0":"post-14665","1":"product","2":"type-product","3":"status-publish","4":"has-post-thumbnail","6":"product_cat-fiber-cleavers-and-fiber-strippers","7":"product_tag-optical-fiber-cleaver","8":"product_tag-s09","10":"first","11":"instock","12":"shipping-taxable","13":"purchasable","14":"product-type-variable"},"_links":{"self":[{"href":"https:\/\/www.luleey.com\/es\/wp-json\/wp\/v2\/product\/14665","targetHints":{"allow":["GET"]}}],"collection":[{"href":"https:\/\/www.luleey.com\/es\/wp-json\/wp\/v2\/product"}],"about":[{"href":"https:\/\/www.luleey.com\/es\/wp-json\/wp\/v2\/types\/product"}],"replies":[{"embeddable":true,"href":"https:\/\/www.luleey.com\/es\/wp-json\/wp\/v2\/comments?post=14665"}],"wp:featuredmedia":[{"embeddable":true,"href":"https:\/\/www.luleey.com\/es\/wp-json\/wp\/v2\/media\/14668"}],"wp:attachment":[{"href":"https:\/\/www.luleey.com\/es\/wp-json\/wp\/v2\/media?parent=14665"}],"wp:term":[{"taxonomy":"product_brand","embeddable":true,"href":"https:\/\/www.luleey.com\/es\/wp-json\/wp\/v2\/product_brand?post=14665"},{"taxonomy":"product_cat","embeddable":true,"href":"https:\/\/www.luleey.com\/es\/wp-json\/wp\/v2\/product_cat?post=14665"},{"taxonomy":"product_tag","embeddable":true,"href":"https:\/\/www.luleey.com\/es\/wp-json\/wp\/v2\/product_tag?post=14665"}],"curies":[{"name":"wp","href":"https:\/\/api.w.org\/{rel}","templated":true}]}}