{"id":14676,"date":"2024-08-18T21:55:40","date_gmt":"2024-08-18T13:55:40","guid":{"rendered":"https:\/\/www.luleey.com\/?post_type=product&#038;p=14676"},"modified":"2025-02-18T10:42:59","modified_gmt":"2025-02-18T02:42:59","slug":"original-fusion-splicer-electrodes-for-ai-6a-6cai-7-7s-7c-7vai-8-8cai-s9ai-10a","status":"publish","type":"product","link":"https:\/\/www.luleey.com\/es\/producto\/original-fusion-splicer-electrodes-for-ai-6a-6cai-7-7s-7c-7vai-8-8cai-s9ai-10a\/","title":{"rendered":"Electrodos de fusionadora originales para AI-6A\/6C,AI-7\/7S\/7C\/7V,AI-8\/8C,AI-S9,AI-10A"},"content":{"rendered":"<h3>Caracter\u00edsticas<\/h3>\n<ol>\n<li class=\"a-spacing-base\"><span class=\"a-text-bold\">Electrodos de fusi\u00f3n de repuesto para empalmadoras de fibra AI-6A\/6C,AI-7\/7S\/7C\/7V,AI-8\/8C,AI-S9,AI-10A<\/span><\/li>\n<li class=\"a-spacing-base\"><span class=\"a-text-bold\">Cada electrodo se fabrica para superar las especificaciones exigidas por la industria de la fibra \u00f3ptica.<\/span><\/li>\n<li class=\"a-spacing-base\"><span class=\"a-text-bold\">Los electrodos para empalmadoras por fusi\u00f3n pueden aumentar la productividad limitando las repeticiones de trabajos.<\/span><\/li>\n<li class=\"a-spacing-base\"><span class=\"a-text-bold\">Electrodos de larga duraci\u00f3n 3000 empalmes veces.<\/span><\/li>\n<li class=\"a-spacing-base\"><span class=\"a-text-bold\">Tama\u00f1o reducido, f\u00e1cil de transportar y guardar.<\/span><\/li>\n<li class=\"a-spacing-base\"><span class=\"a-text-bold\">F\u00e1cil de instalar, preste atenci\u00f3n a la punta se lastime las manos durante la instalaci\u00f3n.<\/span><\/li>\n<\/ol>\n<p>Mantenimiento: Utilice una cuchilla de afeitar para raspar suavemente el carb\u00f3n de los electrodos<\/p>\n<h3>Especificaci\u00f3n<\/h3>\n<table width=\"598\">\n<tbody>\n<tr>\n<td width=\"211\">Marca<\/td>\n<td width=\"387\">LuLeey<\/td>\n<\/tr>\n<tr>\n<td width=\"211\">Origen<\/td>\n<td width=\"387\">China continental<\/td>\n<\/tr>\n<tr>\n<td width=\"211\">Nombre del producto<\/td>\n<td width=\"387\">Electrodos de empalmadora por fusi\u00f3n para AI-6A\/6C,AI-7\/7S\/7C\/7V,AI-8\/8C,AI-S9,AI-10A<\/td>\n<\/tr>\n<tr>\n<td width=\"211\">Material<\/td>\n<td width=\"387\">acero al tungsteno<\/td>\n<\/tr>\n<tr>\n<td width=\"211\">Utilizaci\u00f3n<\/td>\n<td width=\"387\">unas 3000 veces<\/td>\n<\/tr>\n<tr>\n<td>N\u00famero de art\u00edculos<\/td>\n<td>1 par<\/td>\n<\/tr>\n<\/tbody>\n<\/table>","protected":false},"excerpt":{"rendered":"<ul>\n<li class=\"a-spacing-mini\"><span class=\"a-list-item\">Electrodos de larga duraci\u00f3n 3000 empalmes veces.<\/span><\/li>\n<li class=\"a-spacing-mini\"><span class=\"a-list-item\">Cada electrodo se fabrica para superar las especificaciones exigidas por la industria de la fibra \u00f3ptica.<\/span><\/li>\n<li class=\"a-spacing-mini\"><span class=\"a-list-item\">Los electrodos para empalmadoras por fusi\u00f3n pueden aumentar la productividad limitando las repeticiones de trabajos.<\/span><\/li>\n<li class=\"a-spacing-mini\"><span class=\"a-list-item\">F\u00e1cil de instalar, preste atenci\u00f3n a la punta se lastime las manos durante la instalaci\u00f3n.<\/span><\/li>\n<li class=\"a-spacing-mini\"><span class=\"a-list-item\">Elecci\u00f3n perfecta para su uso diario. Electrodos para empalmadoras de fusi\u00f3n Electrodos para empalmadoras de fusi\u00f3n AI-6A\/6C,AI-7\/7S\/7C\/7V,AI-8\/8C,AI-S9,AI-10A (un par)<\/span><\/li>\n<li><\/li>\n<\/ul>","protected":false},"featured_media":14678,"comment_status":"open","ping_status":"closed","template":"","meta":[],"product_brand":[],"product_cat":[790],"product_tag":[438,435,434,436,433],"class_list":{"0":"post-14676","1":"product","2":"type-product","3":"status-publish","4":"has-post-thumbnail","6":"product_cat-fiber-optic-fusion-splicer","7":"product_tag-ai-10a","8":"product_tag-ai-7c","9":"product_tag-ai-8c","10":"product_tag-ai-s9","11":"product_tag-fusion-splicer-electrodes","13":"first","14":"instock","15":"shipping-taxable","16":"purchasable","17":"product-type-simple"},"_links":{"self":[{"href":"https:\/\/www.luleey.com\/es\/wp-json\/wp\/v2\/product\/14676","targetHints":{"allow":["GET"]}}],"collection":[{"href":"https:\/\/www.luleey.com\/es\/wp-json\/wp\/v2\/product"}],"about":[{"href":"https:\/\/www.luleey.com\/es\/wp-json\/wp\/v2\/types\/product"}],"replies":[{"embeddable":true,"href":"https:\/\/www.luleey.com\/es\/wp-json\/wp\/v2\/comments?post=14676"}],"wp:featuredmedia":[{"embeddable":true,"href":"https:\/\/www.luleey.com\/es\/wp-json\/wp\/v2\/media\/14678"}],"wp:attachment":[{"href":"https:\/\/www.luleey.com\/es\/wp-json\/wp\/v2\/media?parent=14676"}],"wp:term":[{"taxonomy":"product_brand","embeddable":true,"href":"https:\/\/www.luleey.com\/es\/wp-json\/wp\/v2\/product_brand?post=14676"},{"taxonomy":"product_cat","embeddable":true,"href":"https:\/\/www.luleey.com\/es\/wp-json\/wp\/v2\/product_cat?post=14676"},{"taxonomy":"product_tag","embeddable":true,"href":"https:\/\/www.luleey.com\/es\/wp-json\/wp\/v2\/product_tag?post=14676"}],"curies":[{"name":"wp","href":"https:\/\/api.w.org\/{rel}","templated":true}]}}