{"id":14916,"date":"2024-09-01T21:21:05","date_gmt":"2024-09-01T13:21:05","guid":{"rendered":"https:\/\/www.luleey.com\/?post_type=product&#038;p=14916"},"modified":"2025-09-18T16:46:33","modified_gmt":"2025-09-18T08:46:33","slug":"mpo-to-lc-apc-12-core-sm","status":"publish","type":"product","link":"https:\/\/www.luleey.com\/es\/producto\/mpo-to-lc-apc-12-core-sm\/","title":{"rendered":"MPO\/MTP a LC APC 12 core, SM"},"content":{"rendered":"<p data-spm-anchor-id=\"a2g0o.detail.1000023.i0.525da32aC35IUk\"><span style=\"font-size: 12pt;\">Los latiguillos de fibra \u00f3ptica MPO\/MTP se utilizan en sistemas de cableado troncal de edificio a edificio, sistemas de comunicaci\u00f3n por fibra \u00f3ptica, cableado de redes de \u00e1rea local y equipos \u00f3pticos activos. Sistemas de telecomunicaciones, interconexi\u00f3n de enlaces \u00f3pticos en cableado de \u00e1rea local equipos \u00f3pticos activos, sistemas de comunicaci\u00f3n Cableado de fibra \u00f3ptica en estaciones base de telecomunicaciones, salas de parque, salas de edificios comerciales, salas de edificios comerciales, redes de televisi\u00f3n por cable, redes de telecomunicaciones, redes de \u00e1rea local (ILAN), redes de \u00e1rea extensa (WAN) y se\u00f1ales \u00f3pticas de fibra hasta el escritorio (FTTX).<\/span><\/p>\n<h4 data-spm-anchor-id=\"a2g0o.detail.1000023.i0.525da32aC35IUk\">Caracter\u00edsticas<\/h4>\n<ol>\n<li>MPO\/MTP a LC APC 12 core es altamente compatible y se puede utilizar en todo tipo de redes de \u00e1rea local de fibra \u00f3ptica, sistemas de comunicaci\u00f3n de fibra \u00f3ptica, instrumentos y medidores, CATV de red.<\/li>\n<li>La baja p\u00e9rdida de inserci\u00f3n garantiza una transmisi\u00f3n estable y de alta velocidad.<\/li>\n<li>N\u00facleo de fibra de alta calidad, transmisi\u00f3n estable, alta velocidad y transmisi\u00f3n estable de hasta 40G.<\/li>\n<li>LSZH de baja emisi\u00f3n de humos y retardante de llama sin hal\u00f3genos, fuerte resistencia a la tracci\u00f3n y durabilidad.<\/li>\n<\/ol>\n<div class=\"a-column a-span6\">\n<h3>Especificaci\u00f3n<\/h3>\n<table style=\"width: 100%; height: 848px;\" width=\"598\">\n<tbody>\n<tr style=\"height: 53px;\">\n<td style=\"height: 53px;\" width=\"211\">Marca<\/td>\n<td style=\"height: 53px;\" width=\"387\">LuLeey<\/td>\n<\/tr>\n<tr style=\"height: 53px;\">\n<td style=\"height: 53px;\" width=\"211\">Origen<\/td>\n<td style=\"height: 53px;\" width=\"387\">China continental<\/td>\n<\/tr>\n<tr style=\"height: 53px;\">\n<td style=\"height: 53px;\">Nombre del producto<\/td>\n<td style=\"height: 53px;\" width=\"387\">MPO\/MTP a LC APC 12 core<\/td>\n<\/tr>\n<tr style=\"height: 53px;\">\n<td style=\"height: 53px;\">tipo de conector MPO<\/td>\n<td style=\"height: 53px;\">MPO\/MTP<\/td>\n<\/tr>\n<tr style=\"height: 53px;\">\n<td style=\"height: 53px;\">Conector<\/td>\n<td style=\"height: 53px;\">\u00a0FC, LC, SC, ST (opcional)<\/td>\n<\/tr>\n<tr style=\"height: 53px;\">\n<td style=\"height: 53px;\">Tipo de fibra<\/td>\n<td style=\"height: 53px;\">\u00a0Modo \u00fanico<\/td>\n<\/tr>\n<tr style=\"height: 53px;\">\n<td style=\"height: 53px;\">Longitud de onda de funcionamiento<\/td>\n<td style=\"height: 53px;\">\u00a0por encima de 1310nm<\/td>\n<\/tr>\n<tr style=\"height: 53px;\">\n<td style=\"height: 53px;\">Longitud de onda de prueba<\/td>\n<td style=\"height: 53px;\">\u00a01310nm 1550nm<\/td>\n<\/tr>\n<tr style=\"height: 53px;\">\n<td style=\"height: 53px;\">P\u00e9rdida de inserci\u00f3n MPO<\/td>\n<td style=\"height: 53px;\">\u00a0T\u00edpico \u2264 0,20 dB, M\u00e1ximo \u2264 0,70 dB<\/td>\n<\/tr>\n<tr style=\"height: 53px;\">\n<td style=\"height: 53px;\">Conector<\/td>\n<td style=\"height: 53px;\">\u00a0T\u00edpico \u2264 0,20 dB, M\u00e1ximo \u2264 0,30 dB<\/td>\n<\/tr>\n<tr style=\"height: 53px;\">\n<td style=\"height: 53px;\">P\u00e9rdida de retorno<\/td>\n<td style=\"height: 53px;\">\u00a0APC \u2265 60dB, UPC \u2265 50dB<\/td>\n<\/tr>\n<tr style=\"height: 53px;\">\n<td style=\"height: 53px;\">Prueba de los tiempos de inserci\u00f3n y extracci\u00f3n de MPO<\/td>\n<td style=\"height: 53px;\">\u00a0\u2265500 veces<\/td>\n<\/tr>\n<tr style=\"height: 53px;\">\n<td style=\"height: 53px;\">Tiempos de conexi\u00f3n y desconexi\u00f3n del conector de prueba<\/td>\n<td style=\"height: 53px;\">\u00a0\u22651000 veces<\/td>\n<\/tr>\n<tr style=\"height: 53px;\">\n<td style=\"height: 53px;\">Resistencia a la tracci\u00f3n<\/td>\n<td style=\"height: 53px;\">\u00a0\u2265120N (excluido el cable de fibra \u00f3ptica de 0,9 mm)<\/td>\n<\/tr>\n<tr style=\"height: 53px;\">\n<td style=\"height: 53px;\">Temperatura de funcionamiento<\/td>\n<td style=\"height: 53px;\">\u00a0-20~+70\u00b0C<\/td>\n<\/tr>\n<tr style=\"height: 53px;\">\n<td style=\"height: 53px;\">Temperatura de almacenamiento<\/td>\n<td style=\"height: 53px;\">\u00a0-20~+70\u00b0C<\/td>\n<\/tr>\n<\/tbody>\n<\/table>\n<\/div>","protected":false},"excerpt":{"rendered":"<ul>\n<li>Baja p\u00e9rdida de inserci\u00f3n, alta p\u00e9rdida de retorno<\/li>\n<li>Insertos de alta calidad, admiten la reutilizaci\u00f3n<\/li>\n<li>MPO\/MTP a LC APC 12 core, material LSZH, fuerte resistencia a la tracci\u00f3n<\/li>\n<\/ul>","protected":false},"featured_media":14923,"comment_status":"open","ping_status":"closed","template":"","meta":[],"product_brand":[],"product_cat":[475],"product_tag":[479,264,478,1105,325],"class_list":{"0":"post-14916","1":"product","2":"type-product","3":"status-publish","4":"has-post-thumbnail","6":"product_cat-mtp-mpo-fiber-cables","7":"product_tag-12-core","8":"product_tag-mpo","9":"product_tag-mpo-to-lc","10":"product_tag-mpo-mtp","11":"product_tag-sm","13":"first","14":"instock","15":"shipping-taxable","16":"purchasable","17":"product-type-variable","18":"has-default-attributes"},"_links":{"self":[{"href":"https:\/\/www.luleey.com\/es\/wp-json\/wp\/v2\/product\/14916","targetHints":{"allow":["GET"]}}],"collection":[{"href":"https:\/\/www.luleey.com\/es\/wp-json\/wp\/v2\/product"}],"about":[{"href":"https:\/\/www.luleey.com\/es\/wp-json\/wp\/v2\/types\/product"}],"replies":[{"embeddable":true,"href":"https:\/\/www.luleey.com\/es\/wp-json\/wp\/v2\/comments?post=14916"}],"wp:featuredmedia":[{"embeddable":true,"href":"https:\/\/www.luleey.com\/es\/wp-json\/wp\/v2\/media\/14923"}],"wp:attachment":[{"href":"https:\/\/www.luleey.com\/es\/wp-json\/wp\/v2\/media?parent=14916"}],"wp:term":[{"taxonomy":"product_brand","embeddable":true,"href":"https:\/\/www.luleey.com\/es\/wp-json\/wp\/v2\/product_brand?post=14916"},{"taxonomy":"product_cat","embeddable":true,"href":"https:\/\/www.luleey.com\/es\/wp-json\/wp\/v2\/product_cat?post=14916"},{"taxonomy":"product_tag","embeddable":true,"href":"https:\/\/www.luleey.com\/es\/wp-json\/wp\/v2\/product_tag?post=14916"}],"curies":[{"name":"wp","href":"https:\/\/api.w.org\/{rel}","templated":true}]}}