{"id":14999,"date":"2024-09-05T22:11:59","date_gmt":"2024-09-05T14:11:59","guid":{"rendered":"https:\/\/www.luleey.com\/?post_type=product&#038;p=14999"},"modified":"2024-12-16T09:24:34","modified_gmt":"2024-12-16T01:24:34","slug":"sc-apc-flange-single-mode-single-core-metal-adapter-6pcs","status":"publish","type":"product","link":"https:\/\/www.luleey.com\/es\/producto\/sc-apc-flange-single-mode-single-core-metal-adapter-6pcs\/","title":{"rendered":"SC APC Flange Single Mode Single Core Metal Adapter 6pcs"},"content":{"rendered":"<h3>Caracter\u00edsticas<\/h3>\n<ol>\n<li>Entre las fibras \u00f3pticas APC cables est\u00e1n conectados o cables parcheados por un manguito adaptador de fibra \u00f3ptica SC a SC APC a trav\u00e9s del adaptador interior de la abertura.<\/li>\n<li>Los extensores de acoplador de fibra \u00f3ptica SC hembra a hembra son adecuados para adaptadores de panel de conexi\u00f3n de fibra, lo que significa que puede utilizarlos en cualquier tipo de caja con recortes rectangulares.<\/li>\n<li>La c\u00e1scara es rectangular, utilizando el pasador y el tama\u00f1o de la estructura del manguito de acoplamiento exactamente el mismo. En el que la superficie del extremo del pasador m\u00e9todo de molienda utilizando APC tipo, enchufe operaci\u00f3n conveniente, peque\u00f1as fluctuaciones en la p\u00e9rdida de inserci\u00f3n, alta resistencia a la compresi\u00f3n, alta densidad de montaje.<\/li>\n<li>Aplicaci\u00f3n:Sistema de comunicaci\u00f3n de fibra \u00f3ptica, red de acceso de fibra \u00f3ptica, transmisi\u00f3n de datos de fibra \u00f3ptica, CATV de fibra \u00f3ptica, LAN (LAN), equipos de prueba, negocios, locales, seguridad, FTTH, FTTP, FTTA, alta EMI y aplicaciones comerciales.<\/li>\n<\/ol>\n<h3>Especificaci\u00f3n<\/h3>\n<table style=\"width: 100%; height: 583px;\" width=\"745\">\n<tbody>\n<tr style=\"height: 53px;\">\n<td style=\"height: 53px;\" width=\"211\">Marca<\/td>\n<td style=\"height: 53px;\" width=\"534\">LuLeey<\/td>\n<\/tr>\n<tr style=\"height: 53px;\">\n<td style=\"height: 53px;\" width=\"211\">Origen<\/td>\n<td style=\"height: 53px;\" width=\"534\">China continental<\/td>\n<\/tr>\n<tr style=\"height: 53px;\">\n<td style=\"height: 53px;\">Nombre del producto<\/td>\n<td style=\"height: 53px;\" width=\"534\">SC APC Flange Single Mode Single Core Metal Adapter<\/td>\n<\/tr>\n<tr>\n<td>Conector<\/td>\n<td>SC APC Hembra a SC APC Hembra<\/td>\n<\/tr>\n<tr style=\"height: 53px;\">\n<td style=\"height: 53px;\">Cantidad<\/td>\n<td style=\"height: 53px;\" width=\"534\">6 piezas<\/td>\n<\/tr>\n<tr style=\"height: 53px;\">\n<td style=\"height: 53px;\">P\u00e9rdida de inserci\u00f3n<\/td>\n<td style=\"height: 53px;\">\u2264 0,30 dB<\/td>\n<\/tr>\n<tr style=\"height: 53px;\">\n<td style=\"height: 53px;\">P\u00e9rdida de retorno<\/td>\n<td style=\"height: 53px;\">\u2265 50 dB<\/td>\n<\/tr>\n<tr style=\"height: 53px;\">\n<td style=\"height: 53px;\">Longitud de onda de trabajo<\/td>\n<td style=\"height: 53px;\">1310nm \/ 1550nm<\/td>\n<\/tr>\n<tr style=\"height: 53px;\">\n<td style=\"height: 53px;\">Modo de trabajo<\/td>\n<td style=\"height: 53px;\">Modo \u00fanico<\/td>\n<\/tr>\n<tr style=\"height: 53px;\">\n<td style=\"height: 53px;\">N\u00facleo No<\/td>\n<td style=\"height: 53px;\">Un solo n\u00facleo<\/td>\n<\/tr>\n<tr style=\"height: 53px;\">\n<td style=\"height: 53px;\">Temperatura de funcionamiento<\/td>\n<td style=\"height: 53px;\">\u00a0-40~+80\u00b0C<\/td>\n<\/tr>\n<tr style=\"height: 53px;\">\n<td style=\"height: 53px;\">Temperatura de almacenamiento<\/td>\n<td style=\"height: 53px;\">\u00a0-55~+85\u00b0C<\/td>\n<\/tr>\n<\/tbody>\n<\/table>","protected":false},"excerpt":{"rendered":"<ul>\n<li>N\u00facleo cer\u00e1mico para un rendimiento estable.<\/li>\n<li>Admite 1000 inserciones y extracciones, reutilizable.<\/li>\n<li>Baja p\u00e9rdida de inserci\u00f3n, alta p\u00e9rdida de retorno de llamada.<\/li>\n<li>SC APC Flange Single Mode Single Core Adaptador met\u00e1lico para uso a largo plazo.<\/li>\n<\/ul>","protected":false},"featured_media":15000,"comment_status":"open","ping_status":"closed","template":"","meta":[],"product_brand":[],"product_cat":[787],"product_tag":[306,484],"class_list":{"0":"post-14999","1":"product","2":"type-product","3":"status-publish","4":"has-post-thumbnail","6":"product_cat-fiber-flange-connectors","7":"product_tag-sc-apc","8":"product_tag-sc-apc-flange","10":"first","11":"instock","12":"shipping-taxable","13":"purchasable","14":"product-type-variable","15":"has-default-attributes"},"_links":{"self":[{"href":"https:\/\/www.luleey.com\/es\/wp-json\/wp\/v2\/product\/14999","targetHints":{"allow":["GET"]}}],"collection":[{"href":"https:\/\/www.luleey.com\/es\/wp-json\/wp\/v2\/product"}],"about":[{"href":"https:\/\/www.luleey.com\/es\/wp-json\/wp\/v2\/types\/product"}],"replies":[{"embeddable":true,"href":"https:\/\/www.luleey.com\/es\/wp-json\/wp\/v2\/comments?post=14999"}],"wp:featuredmedia":[{"embeddable":true,"href":"https:\/\/www.luleey.com\/es\/wp-json\/wp\/v2\/media\/15000"}],"wp:attachment":[{"href":"https:\/\/www.luleey.com\/es\/wp-json\/wp\/v2\/media?parent=14999"}],"wp:term":[{"taxonomy":"product_brand","embeddable":true,"href":"https:\/\/www.luleey.com\/es\/wp-json\/wp\/v2\/product_brand?post=14999"},{"taxonomy":"product_cat","embeddable":true,"href":"https:\/\/www.luleey.com\/es\/wp-json\/wp\/v2\/product_cat?post=14999"},{"taxonomy":"product_tag","embeddable":true,"href":"https:\/\/www.luleey.com\/es\/wp-json\/wp\/v2\/product_tag?post=14999"}],"curies":[{"name":"wp","href":"https:\/\/api.w.org\/{rel}","templated":true}]}}