{"id":15039,"date":"2024-09-08T01:20:38","date_gmt":"2024-09-07T17:20:38","guid":{"rendered":"https:\/\/www.luleey.com\/?post_type=product&#038;p=15039"},"modified":"2025-09-18T16:50:48","modified_gmt":"2025-09-18T08:50:48","slug":"mpo-fiber-cable-12-core-female-to-female-om3-mm","status":"publish","type":"product","link":"https:\/\/www.luleey.com\/es\/producto\/mpo-fiber-cable-12-core-female-to-female-om3-mm\/","title":{"rendered":"Cable de fibra MPO\/MTP, 12 hilos, hembra a hembra, OM3 MM"},"content":{"rendered":"<h4 data-spm-anchor-id=\"a2g0o.detail.1000023.i0.525da32aC35IUk\">Caracter\u00edsticas<\/h4>\n<ol>\n<li class=\"a-spacing-mini\">Alto rendimiento: El cable de fibra MPO\/MTP cuenta con fibra multimodo OM3 de primera calidad, lo que garantiza una transmisi\u00f3n estable y una baja p\u00e9rdida de inserci\u00f3n (\u22640,35dB) para la transferencia de datos a alta velocidad en entornos de corta distancia y alta densidad. Compatible con transceptores QSFP+ y QSFP28, este cable ofrece flexibilidad y escalabilidad para su sistema de red.<\/li>\n<li class=\"a-spacing-mini\">Aplicaciones vers\u00e1tiles: Nuestro cable de fibra \u00f3ptica MPO-MPO es adecuado para diversos entornos de red, incluidos centros de datos, redes empresariales, infraestructura de computaci\u00f3n en la nube, redes de transporte \u00f3ptico y aplicaciones GPON\/EPON. Ya sea para conectar servidores, conmutadores u otros dispositivos de red, Cables ofrece soluciones de alto rendimiento.<\/li>\n<li class=\"a-spacing-mini\">Especificaciones del producto: Longitudes disponibles: 1m, 3m, 5m, 10m y 15m. Tipo: Fibra multimodo OM3 de 12 n\u00facleos, polaridad tipo B. Conector: MPO (compatible con MTP). P\u00e9rdida de inserci\u00f3n: \u22640,35dB, P\u00e9rdida de retorno: \u226520dB. Longitud de onda: 850\/1300 nm. Modo de fibra: OM3 50\/125 \u03bcm. Material de la cubierta: LSZH, Color: Aqua.<\/li>\n<li class=\"a-spacing-mini\">Seguridad y durabilidad: La cubierta de baja emisi\u00f3n de humos y sin hal\u00f3genos (LSZH) garantiza la resistencia al fuego y mejora la seguridad durante el funcionamiento. Con un dise\u00f1o robusto y estrictas normas de fabricaci\u00f3n, nuestro cable de fibra MPO-MPO est\u00e1 fabricado para soportar las exigencias del uso diario y mantener un rendimiento \u00f3ptimo.<\/li>\n<li class=\"a-spacing-mini\">Servicio y valor excepcionales: RCables se dedica a proporcionar soluciones de conectividad de fibra de alta calidad. Nos esforzamos por ofrecer un servicio de atenci\u00f3n al cliente excepcional durante las fases de compra, uso y postventa, garantizando una experiencia satisfactoria. Si se encuentra con alg\u00fan problema, nuestro equipo de profesionales est\u00e1 listo para proporcionar apoyo y asistencia. Elija Cables para una conexi\u00f3n de red estable y eficaz.<\/li>\n<\/ol>\n<div class=\"a-column a-span6\">\n<h3>Especificaci\u00f3n<\/h3>\n<table style=\"width: 100%; height: 637px;\" width=\"598\">\n<tbody>\n<tr style=\"height: 53px;\">\n<td style=\"height: 53px;\" width=\"211\">Marca<\/td>\n<td style=\"height: 53px;\" width=\"387\">LuLeey<\/td>\n<\/tr>\n<tr style=\"height: 53px;\">\n<td style=\"height: 53px;\" width=\"211\">Origen<\/td>\n<td style=\"height: 53px;\" width=\"387\">China continental<\/td>\n<\/tr>\n<tr style=\"height: 53px;\">\n<td style=\"height: 53px;\">Nombre del producto<\/td>\n<td style=\"height: 53px;\" width=\"387\">Cable de fibra MPO\/MTP, 12 hilos, hembra a hembra, OM3 MM<\/td>\n<\/tr>\n<tr style=\"height: 53px;\">\n<td style=\"height: 53px;\">tipo de conector MPO<\/td>\n<td style=\"height: 53px;\">MPO\/MTP Mujer<\/td>\n<\/tr>\n<tr style=\"height: 53px;\">\n<td style=\"height: 53px;\">Tipo de fibra<\/td>\n<td style=\"height: 53px;\"><span class=\"a-list-item\">Multi<\/span> Modo<\/td>\n<\/tr>\n<tr style=\"height: 53px;\">\n<td style=\"height: 53px;\">P\u00e9rdida de inserci\u00f3n MPO<\/td>\n<td style=\"height: 53px;\">\u00a0\u2264 0,35 dB<\/td>\n<\/tr>\n<tr style=\"height: 53px;\">\n<td style=\"height: 53px;\">P\u00e9rdida de retorno<\/td>\n<td style=\"height: 53px;\">\u2265 30 dB<\/td>\n<\/tr>\n<tr style=\"height: 53px;\">\n<td style=\"height: 53px;\">Longitud de onda de trabajo<\/td>\n<td style=\"height: 53px;\">850nm\/1300nm<\/td>\n<\/tr>\n<tr style=\"height: 53px;\">\n<td style=\"height: 53px;\">Radio de curvatura peque\u00f1o del cable \u00f3ptico (est\u00e1tico) mm<\/td>\n<td style=\"height: 53px;\">10 veces el di\u00e1metro exterior del cable \u00f3ptico<\/td>\n<\/tr>\n<tr style=\"height: 53px;\">\n<td style=\"height: 54px;\">Peque\u00f1o radio de curvatura del cable \u00f3ptico (din\u00e1mico) mm<\/td>\n<td style=\"height: 54px;\">20 veces el di\u00e1metro exterior del cable \u00f3ptico<\/td>\n<\/tr>\n<tr style=\"height: 53px;\">\n<td style=\"height: 53px;\">Resistencia a la tracci\u00f3n<\/td>\n<td style=\"height: 53px;\">\u00a0\u2265500N<\/td>\n<\/tr>\n<tr style=\"height: 53px;\">\n<td style=\"height: 53px;\">Temperatura de almacenamiento<\/td>\n<td style=\"height: 53px;\">\u00a0-40~+85\u00b0C<\/td>\n<\/tr>\n<\/tbody>\n<\/table>\n<\/div>","protected":false},"excerpt":{"rendered":"<p>El cable de fibra MPO\/MTP cuenta con fibra multimodo OM3 de primera calidad, lo que garantiza una transmisi\u00f3n estable y una baja p\u00e9rdida de inserci\u00f3n (\u22640,35dB) para la transferencia de datos a alta velocidad en entornos de corta distancia y alta densidad. Compatible con transceptores QSFP+ y QSFP28, este cable ofrece flexibilidad y escalabilidad para su sistema de red.<\/p>","protected":false},"featured_media":15036,"comment_status":"open","ping_status":"closed","template":"","meta":[],"product_brand":[],"product_cat":[475],"product_tag":[486,1105,488],"class_list":{"0":"post-15039","1":"product","2":"type-product","3":"status-publish","4":"has-post-thumbnail","6":"product_cat-mtp-mpo-fiber-cables","7":"product_tag-mpo-fiber-cable","8":"product_tag-mpo-mtp","9":"product_tag-om3","11":"first","12":"instock","13":"featured","14":"shipping-taxable","15":"purchasable","16":"product-type-variable","17":"has-default-attributes"},"_links":{"self":[{"href":"https:\/\/www.luleey.com\/es\/wp-json\/wp\/v2\/product\/15039","targetHints":{"allow":["GET"]}}],"collection":[{"href":"https:\/\/www.luleey.com\/es\/wp-json\/wp\/v2\/product"}],"about":[{"href":"https:\/\/www.luleey.com\/es\/wp-json\/wp\/v2\/types\/product"}],"replies":[{"embeddable":true,"href":"https:\/\/www.luleey.com\/es\/wp-json\/wp\/v2\/comments?post=15039"}],"wp:featuredmedia":[{"embeddable":true,"href":"https:\/\/www.luleey.com\/es\/wp-json\/wp\/v2\/media\/15036"}],"wp:attachment":[{"href":"https:\/\/www.luleey.com\/es\/wp-json\/wp\/v2\/media?parent=15039"}],"wp:term":[{"taxonomy":"product_brand","embeddable":true,"href":"https:\/\/www.luleey.com\/es\/wp-json\/wp\/v2\/product_brand?post=15039"},{"taxonomy":"product_cat","embeddable":true,"href":"https:\/\/www.luleey.com\/es\/wp-json\/wp\/v2\/product_cat?post=15039"},{"taxonomy":"product_tag","embeddable":true,"href":"https:\/\/www.luleey.com\/es\/wp-json\/wp\/v2\/product_tag?post=15039"}],"curies":[{"name":"wp","href":"https:\/\/api.w.org\/{rel}","templated":true}]}}