{"id":15104,"date":"2024-09-08T15:19:29","date_gmt":"2024-09-08T07:19:29","guid":{"rendered":"https:\/\/www.luleey.com\/?post_type=product&#038;p=15104"},"modified":"2025-09-18T16:51:38","modified_gmt":"2025-09-18T08:51:38","slug":"mpo-to-8-x-st-om4-mm","status":"publish","type":"product","link":"https:\/\/www.luleey.com\/es\/producto\/mpo-to-8-x-st-om4-mm\/","title":{"rendered":"MPO\/MTP a 8 x ST , OM4 MM"},"content":{"rendered":"<p data-spm-anchor-id=\"a2g0o.detail.1000023.i0.525da32aC35IUk\"><span style=\"font-size: 12pt;\">Los latiguillos de fibra \u00f3ptica MPO\/MTP se utilizan en sistemas de cableado troncal de edificio a edificio, sistemas de comunicaci\u00f3n por fibra \u00f3ptica, cableado de redes de \u00e1rea local y equipos \u00f3pticos activos. Sistemas de telecomunicaciones, interconexi\u00f3n de enlaces \u00f3pticos en cableado de \u00e1rea local equipos \u00f3pticos activos, sistemas de comunicaci\u00f3n Cableado de fibra \u00f3ptica en estaciones base de telecomunicaciones, salas de parque, salas de edificios comerciales, salas de edificios comerciales, redes de televisi\u00f3n por cable, redes de telecomunicaciones, redes de \u00e1rea local (ILAN), redes de \u00e1rea extensa (WAN) y se\u00f1ales \u00f3pticas de fibra hasta el escritorio (FTTX).<\/span><\/p>\n<h4 data-spm-anchor-id=\"a2g0o.detail.1000023.i0.525da32aC35IUk\">Caracter\u00edsticas<\/h4>\n<ol>\n<li>El n\u00facleo MPO\/MTP a FC UPC 12 es altamente compatible y se puede utilizar en todo tipo de redes de \u00e1rea local de fibra \u00f3ptica, sistemas de comunicaci\u00f3n de fibra \u00f3ptica, instrumentos y medidores, CATV de red.<\/li>\n<li>La baja p\u00e9rdida de inserci\u00f3n garantiza una transmisi\u00f3n estable y de alta velocidad.<\/li>\n<li>N\u00facleo de fibra de alta calidad, transmisi\u00f3n estable, alta velocidad y transmisi\u00f3n estable de hasta 40G \/ 100G.<\/li>\n<li>LSZH de baja emisi\u00f3n de humos y retardante de llama sin hal\u00f3genos, fuerte resistencia a la tracci\u00f3n y durabilidad.<\/li>\n<\/ol>\n<div class=\"a-column a-span6\">\n<h3>Especificaci\u00f3n<\/h3>\n<table style=\"width: 100%; height: 848px;\" width=\"598\">\n<tbody>\n<tr style=\"height: 53px;\">\n<td style=\"height: 53px; width: 35.2364%;\" width=\"211\">Marca<\/td>\n<td style=\"height: 53px; width: 64.6744%;\" width=\"387\">LuLeey<\/td>\n<\/tr>\n<tr style=\"height: 53px;\">\n<td style=\"height: 53px; width: 35.2364%;\" width=\"211\">Origen<\/td>\n<td style=\"height: 53px; width: 64.6744%;\" width=\"387\">China continental<\/td>\n<\/tr>\n<tr style=\"height: 53px;\">\n<td style=\"height: 53px; width: 35.2364%;\">Nombre del producto<\/td>\n<td style=\"height: 53px; width: 64.6744%;\" width=\"387\">MPO\/MTP a 8 x ST , OM4 MM<\/td>\n<\/tr>\n<tr style=\"height: 53px;\">\n<td style=\"height: 53px; width: 35.2364%;\">tipo de conector MPO<\/td>\n<td style=\"height: 53px; width: 64.6744%;\">\u00a0MPO o MTP<\/td>\n<\/tr>\n<tr style=\"height: 53px;\">\n<td style=\"height: 53px; width: 35.2364%;\">Conector<\/td>\n<td style=\"height: 53px; width: 64.6744%;\">\u00a0FC, LC, SC, ST (opcional)<\/td>\n<\/tr>\n<tr style=\"height: 53px;\">\n<td style=\"height: 53px; width: 35.2364%;\">Tipo de fibra<\/td>\n<td style=\"height: 53px; width: 64.6744%;\">Modo Multi<\/td>\n<\/tr>\n<tr style=\"height: 53px;\">\n<td style=\"height: 53px; width: 35.2364%;\">Longitud de onda de prueba<\/td>\n<td style=\"height: 53px; width: 64.6744%;\">850nm 1300nm<\/td>\n<\/tr>\n<tr style=\"height: 53px;\">\n<td style=\"height: 53px; width: 35.2364%;\">P\u00e9rdida de inserci\u00f3n MPO<\/td>\n<td style=\"height: 53px; width: 64.6744%;\">\u00a0T\u00edpico \u2264 0,20 dB, M\u00e1ximo \u2264 0,70 dB<\/td>\n<\/tr>\n<tr style=\"height: 53px;\">\n<td style=\"height: 53px; width: 35.2364%;\">Conector<\/td>\n<td style=\"height: 53px; width: 64.6744%;\">\u00a0T\u00edpico \u2264 0,20 dB, M\u00e1ximo \u2264 0,30 dB<\/td>\n<\/tr>\n<tr style=\"height: 53px;\">\n<td style=\"height: 53px; width: 35.2364%;\">P\u00e9rdida de retorno<\/td>\n<td style=\"height: 53px; width: 64.6744%;\">\u00a0APC \u2265 60dB, UPC \u2265 50dB<\/td>\n<\/tr>\n<tr style=\"height: 53px;\">\n<td style=\"height: 53px; width: 35.2364%;\">Prueba de los tiempos de inserci\u00f3n y extracci\u00f3n de MPO<\/td>\n<td style=\"height: 53px; width: 64.6744%;\">\u00a0\u2265500 veces<\/td>\n<\/tr>\n<tr style=\"height: 53px;\">\n<td style=\"height: 53px; width: 35.2364%;\">Tiempos de conexi\u00f3n y desconexi\u00f3n del conector de prueba<\/td>\n<td style=\"height: 53px; width: 64.6744%;\">\u00a0\u22651000 veces<\/td>\n<\/tr>\n<tr style=\"height: 53px;\">\n<td style=\"height: 53px; width: 35.2364%;\">Resistencia a la tracci\u00f3n<\/td>\n<td style=\"height: 53px; width: 64.6744%;\">\u00a0\u2265120N (excluido el cable de fibra \u00f3ptica de 0,9 mm)<\/td>\n<\/tr>\n<tr style=\"height: 53px;\">\n<td style=\"height: 53px; width: 35.2364%;\">Temperatura de funcionamiento<\/td>\n<td style=\"height: 53px; width: 64.6744%;\">\u00a0-20~+70\u00b0C<\/td>\n<\/tr>\n<tr style=\"height: 53px;\">\n<td style=\"height: 53px; width: 35.2364%;\">Temperatura de almacenamiento<\/td>\n<td style=\"height: 53px; width: 64.6744%;\">\u00a0-35~+75\u00b0C<\/td>\n<\/tr>\n<\/tbody>\n<\/table>\n<\/div>","protected":false},"excerpt":{"rendered":"<ul>\n<li class=\"a-spacing-mini\"><span class=\"a-list-item\">Cable de fibra de grado A de alta calidad con 10mm Min. Radio de curvatura<\/span><\/li>\n<li class=\"a-spacing-mini\"><span class=\"a-list-item\">Cubierta exterior con clasificaci\u00f3n LSZH OFNR, resistencia al fuego y baja emisi\u00f3n de humos para minimizar los da\u00f1os<\/span><\/li>\n<li class=\"a-spacing-mini\"><span class=\"a-list-item\">Ideal para conexiones interiores 40G\/100G<\/span><\/li>\n<li class=\"a-spacing-mini\"><span class=\"a-list-item\">MPO\/MTP Cableado de alta densidad para diversos entornos<\/span><\/li>\n<\/ul>","protected":false},"featured_media":15118,"comment_status":"open","ping_status":"closed","template":"","meta":[],"product_brand":[],"product_cat":[475],"product_tag":[494,263,264,495,1105,487],"class_list":{"0":"post-15104","1":"product","2":"type-product","3":"status-publish","4":"has-post-thumbnail","6":"product_cat-mtp-mpo-fiber-cables","7":"product_tag-8-st","8":"product_tag-mm","9":"product_tag-mpo","10":"product_tag-mpo-to-st","11":"product_tag-mpo-mtp","12":"product_tag-om4","14":"first","15":"instock","16":"shipping-taxable","17":"purchasable","18":"product-type-variable","19":"has-default-attributes"},"_links":{"self":[{"href":"https:\/\/www.luleey.com\/es\/wp-json\/wp\/v2\/product\/15104","targetHints":{"allow":["GET"]}}],"collection":[{"href":"https:\/\/www.luleey.com\/es\/wp-json\/wp\/v2\/product"}],"about":[{"href":"https:\/\/www.luleey.com\/es\/wp-json\/wp\/v2\/types\/product"}],"replies":[{"embeddable":true,"href":"https:\/\/www.luleey.com\/es\/wp-json\/wp\/v2\/comments?post=15104"}],"wp:featuredmedia":[{"embeddable":true,"href":"https:\/\/www.luleey.com\/es\/wp-json\/wp\/v2\/media\/15118"}],"wp:attachment":[{"href":"https:\/\/www.luleey.com\/es\/wp-json\/wp\/v2\/media?parent=15104"}],"wp:term":[{"taxonomy":"product_brand","embeddable":true,"href":"https:\/\/www.luleey.com\/es\/wp-json\/wp\/v2\/product_brand?post=15104"},{"taxonomy":"product_cat","embeddable":true,"href":"https:\/\/www.luleey.com\/es\/wp-json\/wp\/v2\/product_cat?post=15104"},{"taxonomy":"product_tag","embeddable":true,"href":"https:\/\/www.luleey.com\/es\/wp-json\/wp\/v2\/product_tag?post=15104"}],"curies":[{"name":"wp","href":"https:\/\/api.w.org\/{rel}","templated":true}]}}