{"id":15125,"date":"2024-09-08T15:43:15","date_gmt":"2024-09-08T07:43:15","guid":{"rendered":"https:\/\/www.luleey.com\/?post_type=product&#038;p=15125"},"modified":"2025-06-14T13:56:58","modified_gmt":"2025-06-14T05:56:58","slug":"mpo-to-12-x-sc-om3-mm","status":"publish","type":"product","link":"https:\/\/www.luleey.com\/es\/producto\/mpo-to-12-x-sc-om3-mm\/","title":{"rendered":"MPO a 12 x SC , OM3 MM"},"content":{"rendered":"<p data-spm-anchor-id=\"a2g0o.detail.1000023.i0.525da32aC35IUk\"><span style=\"font-size: 12pt;\">Los latiguillos de fibra \u00f3ptica MPO se utilizan en sistemas de cableado troncal de edificio a edificio, sistemas de comunicaci\u00f3n por fibra \u00f3ptica, cableado de redes de \u00e1rea local y equipos \u00f3pticos activos. Sistemas de telecomunicaciones, interconexi\u00f3n de enlaces \u00f3pticos en cableado de \u00e1rea local equipos \u00f3pticos activos, sistemas de comunicaci\u00f3n Cableado de fibra \u00f3ptica en estaciones base de telecomunicaciones, salas de parque, salas de edificios comerciales, salas de edificios comerciales, redes de televisi\u00f3n por cable, redes de telecomunicaciones, redes de \u00e1rea local (ILAN), redes de \u00e1rea extensa (WAN) y se\u00f1ales \u00f3pticas de fibra hasta el escritorio (FTTX).<\/span><\/p>\n<h4 data-spm-anchor-id=\"a2g0o.detail.1000023.i0.525da32aC35IUk\">Caracter\u00edsticas<\/h4>\n<ol>\n<li>MPO a 12 x SC es altamente compatible y se puede utilizar en todo tipo de redes de \u00e1rea local de fibra \u00f3ptica, sistemas de comunicaci\u00f3n de fibra \u00f3ptica, instrumentos y medidores, CATV de red.<\/li>\n<li>La baja p\u00e9rdida de inserci\u00f3n garantiza una transmisi\u00f3n estable y de alta velocidad.<\/li>\n<li>N\u00facleo de fibra de alta calidad, transmisi\u00f3n estable, alta velocidad y transmisi\u00f3n estable de hasta 40G \/100G.<\/li>\n<li>LSZH de baja emisi\u00f3n de humos y retardante de llama sin hal\u00f3genos, fuerte resistencia a la tracci\u00f3n y durabilidad.<\/li>\n<\/ol>\n<div class=\"a-column a-span6\">\n<h3>Especificaci\u00f3n<\/h3>\n<table style=\"width: 100%; height: 690px;\">\n<tbody>\n<tr style=\"height: 53px;\">\n<td style=\"height: 53px;\" width=\"211\">Marca<\/td>\n<td style=\"height: 53px;\" width=\"387\">LuLeey<\/td>\n<\/tr>\n<tr style=\"height: 53px;\">\n<td style=\"height: 53px;\" width=\"211\">Origen<\/td>\n<td style=\"height: 53px;\" width=\"387\">China continental<\/td>\n<\/tr>\n<tr style=\"height: 53px;\">\n<td style=\"height: 53px;\">Nombre del producto<\/td>\n<td style=\"height: 53px;\" width=\"387\">MPO a 12 x SC , OM3 MM<\/td>\n<\/tr>\n<tr style=\"height: 53px;\">\n<td style=\"height: 53px;\">Tipo de conector MPO<\/td>\n<td style=\"height: 53px;\">\u00a0MPO Mujer<\/td>\n<\/tr>\n<tr style=\"height: 53px;\">\n<td style=\"height: 53px;\">Velocidad de transmisi\u00f3n<\/td>\n<td style=\"height: 53px;\"><span class=\"a-list-item\">40G \/ 100G<\/span><\/td>\n<\/tr>\n<tr style=\"height: 53px;\">\n<td style=\"height: 53px;\">Tipo de fibra<\/td>\n<td style=\"height: 53px;\"><span class=\"a-list-item\">Multi<\/span> Modo<\/td>\n<\/tr>\n<tr style=\"height: 53px;\">\n<td style=\"height: 53px;\">P\u00e9rdida de inserci\u00f3n MPO<\/td>\n<td style=\"height: 53px;\">\u00a0\u2264 0,3 dB<\/td>\n<\/tr>\n<tr style=\"height: 53px;\">\n<td style=\"height: 53px;\">P\u00e9rdida de retorno<\/td>\n<td style=\"height: 53px;\">\u2265 50 dB<\/td>\n<\/tr>\n<tr style=\"height: 53px;\">\n<td style=\"height: 53px;\">Longitud de onda de trabajo<\/td>\n<td style=\"height: 53px;\">850nm\/1300nm<\/td>\n<\/tr>\n<tr style=\"height: 53px;\">\n<td style=\"height: 53px;\">Radio de curvatura peque\u00f1o del cable \u00f3ptico (est\u00e1tico) mm<\/td>\n<td style=\"height: 53px;\">10 veces el di\u00e1metro exterior del cable \u00f3ptico<\/td>\n<\/tr>\n<tr style=\"height: 53px;\">\n<td style=\"height: 54px;\">Peque\u00f1o radio de curvatura del cable \u00f3ptico (din\u00e1mico) mm<\/td>\n<td style=\"height: 54px;\">20 veces el di\u00e1metro exterior del cable \u00f3ptico<\/td>\n<\/tr>\n<tr style=\"height: 53px;\">\n<td style=\"height: 53px;\">Resistencia a la tracci\u00f3n<\/td>\n<td style=\"height: 53px;\">\u00a0\u2265120N<\/td>\n<\/tr>\n<tr style=\"height: 53px;\">\n<td style=\"height: 53px;\">Temperatura de almacenamiento<\/td>\n<td style=\"height: 53px;\">\u00a0-40~+85\u00b0C<\/td>\n<\/tr>\n<\/tbody>\n<\/table>\n<\/div>","protected":false},"excerpt":{"rendered":"<ul>\n<li class=\"a-spacing-mini\"><span class=\"a-list-item\">Cable MPO a 12 x SC<\/span><\/li>\n<li class=\"a-spacing-mini\"><span class=\"a-list-item\">Fibra MMF(50\/125um), OM3, LSZH 12-Core, (Conector MPO Hembra sin PIN).<\/span><\/li>\n<li class=\"a-spacing-mini\"><span class=\"a-list-item\">Para QSFP+Tansceiver, fibra multimodo OM3 50\/125um,<\/span><\/li>\n<li class=\"a-spacing-mini\"><span class=\"a-list-item\">P\u00e9rdida de inserci\u00f3n : MPO &lt;0,7 dB; SC 35dB; SC&gt;30dB<\/span><\/li>\n<li class=\"a-spacing-mini\"><span class=\"a-list-item\">Cada cable 100% ha sido sometido a pruebas de baja p\u00e9rdida de inserci\u00f3n y reflexi\u00f3n trasera<\/span><\/li>\n<\/ul>","protected":false},"featured_media":15136,"comment_status":"open","ping_status":"closed","template":"","meta":[],"product_brand":[],"product_cat":[475],"product_tag":[493,263,264,480,488],"class_list":{"0":"post-15125","1":"product","2":"type-product","3":"status-publish","4":"has-post-thumbnail","6":"product_cat-mtp-mpo-fiber-cables","7":"product_tag-12-sc","8":"product_tag-mm","9":"product_tag-mpo","10":"product_tag-mpo-to-sc","11":"product_tag-om3","13":"first","14":"instock","15":"shipping-taxable","16":"purchasable","17":"product-type-variable"},"_links":{"self":[{"href":"https:\/\/www.luleey.com\/es\/wp-json\/wp\/v2\/product\/15125","targetHints":{"allow":["GET"]}}],"collection":[{"href":"https:\/\/www.luleey.com\/es\/wp-json\/wp\/v2\/product"}],"about":[{"href":"https:\/\/www.luleey.com\/es\/wp-json\/wp\/v2\/types\/product"}],"replies":[{"embeddable":true,"href":"https:\/\/www.luleey.com\/es\/wp-json\/wp\/v2\/comments?post=15125"}],"wp:featuredmedia":[{"embeddable":true,"href":"https:\/\/www.luleey.com\/es\/wp-json\/wp\/v2\/media\/15136"}],"wp:attachment":[{"href":"https:\/\/www.luleey.com\/es\/wp-json\/wp\/v2\/media?parent=15125"}],"wp:term":[{"taxonomy":"product_brand","embeddable":true,"href":"https:\/\/www.luleey.com\/es\/wp-json\/wp\/v2\/product_brand?post=15125"},{"taxonomy":"product_cat","embeddable":true,"href":"https:\/\/www.luleey.com\/es\/wp-json\/wp\/v2\/product_cat?post=15125"},{"taxonomy":"product_tag","embeddable":true,"href":"https:\/\/www.luleey.com\/es\/wp-json\/wp\/v2\/product_tag?post=15125"}],"curies":[{"name":"wp","href":"https:\/\/api.w.org\/{rel}","templated":true}]}}