{"id":15137,"date":"2024-09-08T20:26:39","date_gmt":"2024-09-08T12:26:39","guid":{"rendered":"https:\/\/www.luleey.com\/?post_type=product&#038;p=15137"},"modified":"2024-10-23T14:48:38","modified_gmt":"2024-10-23T06:48:38","slug":"mtp-mpo-fiber-optic-loopback-om3-mm","status":"publish","type":"product","link":"https:\/\/www.luleey.com\/es\/producto\/mtp-mpo-fiber-optic-loopback-om3-mm\/","title":{"rendered":"Loopback de fibra \u00f3ptica MTP\/MPO, OM3 MM"},"content":{"rendered":"<h4 data-spm-anchor-id=\"a2g0o.detail.1000023.i0.525da32aC35IUk\">Caracter\u00edsticas<\/h4>\n<ol>\n<li>El Loopback de Fibra \u00d3ptica MTP\/MPO es altamente compatible y se puede utilizar en todo tipo de redes de \u00e1rea local de fibra \u00f3ptica, sistemas de comunicaci\u00f3n de fibra \u00f3ptica, instrumentos y medidores, CATV de red.<\/li>\n<li>La baja p\u00e9rdida de inserci\u00f3n garantiza una transmisi\u00f3n estable y de alta velocidad.<\/li>\n<li>N\u00facleo de fibra de alta calidad, transmisi\u00f3n estable, alta velocidad y transmisi\u00f3n estable de hasta 40G \/100G.<\/li>\n<li>LSZH de baja emisi\u00f3n de humos y retardante de llama sin hal\u00f3genos, fuerte resistencia a la tracci\u00f3n y durabilidad.<\/li>\n<\/ol>\n<div class=\"a-column a-span6\">\n<h3>Especificaci\u00f3n<\/h3>\n<table style=\"width: 100%; height: 690px;\">\n<tbody>\n<tr style=\"height: 53px;\">\n<td style=\"height: 53px;\" width=\"211\">Marca<\/td>\n<td style=\"height: 53px;\" width=\"387\">LuLeey<\/td>\n<\/tr>\n<tr style=\"height: 53px;\">\n<td style=\"height: 53px;\" width=\"211\">Origen<\/td>\n<td style=\"height: 53px;\" width=\"387\">China continental<\/td>\n<\/tr>\n<tr style=\"height: 53px;\">\n<td style=\"height: 53px;\">Nombre del producto<\/td>\n<td style=\"height: 53px;\" width=\"387\">Loopback de fibra \u00f3ptica MTP\/MPO, OM3 MM<\/td>\n<\/tr>\n<tr style=\"height: 53px;\">\n<td style=\"height: 53px;\">Tipo de conector MPO<\/td>\n<td style=\"height: 53px;\">\u00a0MPO Mujer<\/td>\n<\/tr>\n<tr style=\"height: 53px;\">\n<td style=\"height: 53px;\">Velocidad de transmisi\u00f3n<\/td>\n<td style=\"height: 53px;\"><span class=\"a-list-item\">40G \/ 100G<\/span><\/td>\n<\/tr>\n<tr style=\"height: 53px;\">\n<td style=\"height: 53px;\">Tipo de fibra<\/td>\n<td style=\"height: 53px;\"><span class=\"a-list-item\">Multi<\/span> Modo<\/td>\n<\/tr>\n<tr style=\"height: 53px;\">\n<td style=\"height: 53px;\">P\u00e9rdida de inserci\u00f3n MPO<\/td>\n<td style=\"height: 53px;\">\u00a0\u2264 0,35 dB<\/td>\n<\/tr>\n<tr style=\"height: 53px;\">\n<td style=\"height: 53px;\">P\u00e9rdida de retorno<\/td>\n<td style=\"height: 53px;\">\u2265 50 dB<\/td>\n<\/tr>\n<tr style=\"height: 53px;\">\n<td style=\"height: 53px;\">Longitud de onda de trabajo<\/td>\n<td style=\"height: 53px;\">850nm\/1300nm<\/td>\n<\/tr>\n<tr style=\"height: 53px;\">\n<td style=\"height: 53px;\">Radio de curvatura peque\u00f1o del cable \u00f3ptico (est\u00e1tico) mm<\/td>\n<td style=\"height: 53px;\">10 veces el di\u00e1metro exterior del cable \u00f3ptico<\/td>\n<\/tr>\n<tr style=\"height: 53px;\">\n<td style=\"height: 54px;\">Peque\u00f1o radio de curvatura del cable \u00f3ptico (din\u00e1mico) mm<\/td>\n<td style=\"height: 54px;\">20 veces el di\u00e1metro exterior del cable \u00f3ptico<\/td>\n<\/tr>\n<tr style=\"height: 53px;\">\n<td style=\"height: 53px;\">Resistencia a la tracci\u00f3n<\/td>\n<td style=\"height: 53px;\">\u00a0\u2265500N<\/td>\n<\/tr>\n<tr style=\"height: 53px;\">\n<td style=\"height: 53px;\">Temperatura de almacenamiento<\/td>\n<td style=\"height: 53px;\">\u00a0-40~+85\u00b0C<\/td>\n<\/tr>\n<\/tbody>\n<\/table>\n<\/div>","protected":false},"excerpt":{"rendered":"<ul class=\"a-unordered-list a-vertical a-spacing-mini\">\n<li class=\"a-spacing-mini\"><span class=\"a-list-item\">Comprobador de Loopback de Fibra \u00d3ptica MPO (Multimodo 50\/125um OM3 12 Fibras) Tipo-B, compatible 8\/12\/24 Fibras<\/span><\/li>\n<li class=\"a-spacing-mini\"><span class=\"a-list-item\">Este conector MPO push\/pull es el est\u00e1ndar que se encuentra en todos los m\u00f3dulos QSFP y QSFP+. Plug-and-play, no requiere configuraci\u00f3n adicional.<\/span><\/li>\n<li class=\"a-spacing-mini\"><span class=\"a-list-item\">Cada conector MPO cuenta con un pulido de contacto f\u00edsico (PC) para reducir la p\u00e9rdida de inserci\u00f3n durante las pruebas<\/span><\/li>\n<li class=\"a-spacing-mini\"><span class=\"a-list-item\">Totalmente compatible con las especificaciones MPO Admite transceptores QSFP<\/span><\/li>\n<li class=\"a-spacing-mini\"><span class=\"a-list-item\">Ideal para multitud de aplicaciones que requieren un bucle de se\u00f1al en un factor de forma MPO, pruebe r\u00e1pidamente transceptores de fibra QSFP y QSFP+ multimodo a velocidades de 10 Gb, 40 GB y 100 GB.<\/span><\/li>\n<\/ul>","protected":false},"featured_media":15138,"comment_status":"open","ping_status":"closed","template":"","meta":[],"product_brand":[],"product_cat":[496],"product_tag":[263,500,488],"class_list":{"0":"post-15137","1":"product","2":"type-product","3":"status-publish","4":"has-post-thumbnail","6":"product_cat-fiber-optic-loopback","7":"product_tag-mm","8":"product_tag-mpo-fiber-optic-loopback","9":"product_tag-om3","11":"first","12":"instock","13":"shipping-taxable","14":"purchasable","15":"product-type-variable"},"_links":{"self":[{"href":"https:\/\/www.luleey.com\/es\/wp-json\/wp\/v2\/product\/15137","targetHints":{"allow":["GET"]}}],"collection":[{"href":"https:\/\/www.luleey.com\/es\/wp-json\/wp\/v2\/product"}],"about":[{"href":"https:\/\/www.luleey.com\/es\/wp-json\/wp\/v2\/types\/product"}],"replies":[{"embeddable":true,"href":"https:\/\/www.luleey.com\/es\/wp-json\/wp\/v2\/comments?post=15137"}],"wp:featuredmedia":[{"embeddable":true,"href":"https:\/\/www.luleey.com\/es\/wp-json\/wp\/v2\/media\/15138"}],"wp:attachment":[{"href":"https:\/\/www.luleey.com\/es\/wp-json\/wp\/v2\/media?parent=15137"}],"wp:term":[{"taxonomy":"product_brand","embeddable":true,"href":"https:\/\/www.luleey.com\/es\/wp-json\/wp\/v2\/product_brand?post=15137"},{"taxonomy":"product_cat","embeddable":true,"href":"https:\/\/www.luleey.com\/es\/wp-json\/wp\/v2\/product_cat?post=15137"},{"taxonomy":"product_tag","embeddable":true,"href":"https:\/\/www.luleey.com\/es\/wp-json\/wp\/v2\/product_tag?post=15137"}],"curies":[{"name":"wp","href":"https:\/\/api.w.org\/{rel}","templated":true}]}}