{"id":15164,"date":"2024-09-08T21:54:29","date_gmt":"2024-09-08T13:54:29","guid":{"rendered":"https:\/\/www.luleey.com\/?post_type=product&#038;p=15164"},"modified":"2024-09-09T09:29:04","modified_gmt":"2024-09-09T01:29:04","slug":"fiber-optic-loopback-lc-upc-om4-mm","status":"publish","type":"product","link":"https:\/\/www.luleey.com\/es\/producto\/fiber-optic-loopback-lc-upc-om4-mm\/","title":{"rendered":"Loopback de fibra \u00f3ptica, LC UPC, OM4 MM"},"content":{"rendered":"<h4 data-spm-anchor-id=\"a2g0o.detail.1000023.i0.525da32aC35IUk\">Caracter\u00edsticas<\/h4>\n<ol>\n<li class=\"a-spacing-mini\"><span class=\"a-list-item\">Rendimiento de alta calidad: Adaptador Loopback de Fibra \u00d3ptica Multimodo 50\/125\u03bcm LC\/UPC. Est\u00e1 dise\u00f1ado para probar transceptores de fibra multimodo SFP y SFP+ a velocidades de 1 Gb, 10 GB y 100 GB, utilizando este loopback de fibra LC compacto.<\/span><\/li>\n<li class=\"a-spacing-mini\"><span class=\"a-list-item\">Diagn\u00f3stico eficaz: Con el adaptador de bucle de retorno de conector LC d\u00faplex, el adaptador simplifica el proceso de diagn\u00f3stico y gesti\u00f3n de equipos de red, ofreciendo una soluci\u00f3n directa para el mantenimiento y la resoluci\u00f3n de problemas.<\/span><\/li>\n<li class=\"a-spacing-mini\"><span class=\"a-list-item\">F\u00e1cil de usar: el comprobador de bucle de retorno de fibra \u00f3ptica LC est\u00e1 dise\u00f1ado para ofrecer simplicidad, lo que permite realizar pruebas r\u00e1pidas y eficaces sin necesidad de configuraciones complejas, lo que lo convierte en una herramienta imprescindible para t\u00e9cnicos de redes de todos los niveles.<\/span><\/li>\n<li class=\"a-spacing-mini\"><span class=\"a-list-item\">Dise\u00f1o robusto: Construido para la durabilidad, el dise\u00f1o robusto del adaptador de fibra LC soporta los rigores del uso regular en entornos de red ocupados, lo que garantiza la longevidad y la calidad sostenida.<\/span><\/li>\n<li class=\"a-spacing-mini\"><span class=\"a-list-item\">Compatibilidad universal: Perfectamente compatible con ambas fibras multimodo OM4, el comprobador de bucle invertido de fibra \u00f3ptica LC garantiza un rendimiento fiable en una gran variedad de infraestructuras de red.<\/span><\/li>\n<\/ol>\n<div class=\"a-column a-span6\">\n<h3>Especificaci\u00f3n<\/h3>\n<table style=\"width: 100%; height: 584px;\">\n<tbody>\n<tr style=\"height: 53px;\">\n<td style=\"height: 53px;\" width=\"211\">Marca<\/td>\n<td style=\"height: 53px;\" width=\"387\">LuLeey<\/td>\n<\/tr>\n<tr style=\"height: 53px;\">\n<td style=\"height: 53px;\" width=\"211\">Origen<\/td>\n<td style=\"height: 53px;\" width=\"387\">China continental<\/td>\n<\/tr>\n<tr style=\"height: 53px;\">\n<td style=\"height: 53px;\">Nombre del producto<\/td>\n<td style=\"height: 53px;\" width=\"387\">Loopback de fibra \u00f3ptica, LC UPC, OM4 MM<\/td>\n<\/tr>\n<tr style=\"height: 53px;\">\n<td style=\"height: 53px;\">Tipo de conexi\u00f3n<\/td>\n<td style=\"height: 53px;\">LC\/UPC<\/td>\n<\/tr>\n<tr style=\"height: 53px;\">\n<td style=\"height: 53px;\">Longitud de onda de prueba<\/td>\n<td style=\"height: 53px;\">1300 nm\/850 nm<\/td>\n<\/tr>\n<tr style=\"height: 53px;\">\n<td style=\"height: 53px;\">P\u00e9rdida de inserci\u00f3n<\/td>\n<td style=\"height: 53px;\">\u2264 0,2 dB<\/td>\n<\/tr>\n<tr style=\"height: 53px;\">\n<td style=\"height: 53px;\">P\u00e9rdida de retorno<\/td>\n<td style=\"height: 53px;\">\u226560dB<\/td>\n<\/tr>\n<tr style=\"height: 53px;\">\n<td style=\"height: 53px;\">N\u00facleo<\/td>\n<td style=\"height: 53px;\">Cer\u00e1mica de circonio<\/td>\n<\/tr>\n<tr style=\"height: 53px;\">\n<td style=\"height: 53px;\">Conecta el rendimiento<\/td>\n<td style=\"height: 53px;\">Enchufar 1000 veces<\/td>\n<\/tr>\n<tr style=\"height: 53px;\">\n<td style=\"height: 54px;\">Temperatura de almacenamiento<\/td>\n<td style=\"height: 54px;\">\u00a0-55~+85\u00b0C<\/td>\n<\/tr>\n<tr style=\"height: 53px;\">\n<td style=\"height: 53px;\">Temperatura de almacenamiento<\/td>\n<td style=\"height: 53px;\">\u00a0-40~+80\u00b0C<\/td>\n<\/tr>\n<\/tbody>\n<\/table>\n<\/div>","protected":false},"excerpt":{"rendered":"<ul class=\"a-unordered-list a-vertical a-spacing-mini\">\n<li class=\"a-spacing-mini\"><span class=\"a-list-item\">El Loopback de Fibra \u00d3ptica proporciona un medio de v\u00eda de retorno para una se\u00f1al, tanto si la se\u00f1al es para realizar pruebas como si se debe a la restauraci\u00f3n de la red.<\/span><\/li>\n<li class=\"a-spacing-mini\"><span class=\"a-list-item\">En el caso de las pruebas, la se\u00f1al de loopback se utiliza para diagnosticar un problema<\/span><\/li>\n<li class=\"a-spacing-mini\"><span class=\"a-list-item\">Enviar una prueba de bucle invertido a un equipo de red, de uno en uno, es una t\u00e9cnica para aislar un problema.<\/span><\/li>\n<li class=\"a-spacing-mini\"><span class=\"a-list-item\">Baja p\u00e9rdida de inserci\u00f3n, alta p\u00e9rdida de retorno<\/span><\/li>\n<li class=\"a-spacing-mini\"><span class=\"a-list-item\">Interfaz LC\/UPC disponible OM4<\/span><\/li>\n<\/ul>","protected":false},"featured_media":15166,"comment_status":"open","ping_status":"closed","template":"","meta":[],"product_brand":[],"product_cat":[496],"product_tag":[501,246,263,487],"class_list":{"0":"post-15164","1":"product","2":"type-product","3":"status-publish","4":"has-post-thumbnail","6":"product_cat-fiber-optic-loopback","7":"product_tag-fiber-optic-loopback","8":"product_tag-lc-upc","9":"product_tag-mm","10":"product_tag-om4","12":"first","13":"instock","14":"shipping-taxable","15":"purchasable","16":"product-type-simple"},"_links":{"self":[{"href":"https:\/\/www.luleey.com\/es\/wp-json\/wp\/v2\/product\/15164","targetHints":{"allow":["GET"]}}],"collection":[{"href":"https:\/\/www.luleey.com\/es\/wp-json\/wp\/v2\/product"}],"about":[{"href":"https:\/\/www.luleey.com\/es\/wp-json\/wp\/v2\/types\/product"}],"replies":[{"embeddable":true,"href":"https:\/\/www.luleey.com\/es\/wp-json\/wp\/v2\/comments?post=15164"}],"wp:featuredmedia":[{"embeddable":true,"href":"https:\/\/www.luleey.com\/es\/wp-json\/wp\/v2\/media\/15166"}],"wp:attachment":[{"href":"https:\/\/www.luleey.com\/es\/wp-json\/wp\/v2\/media?parent=15164"}],"wp:term":[{"taxonomy":"product_brand","embeddable":true,"href":"https:\/\/www.luleey.com\/es\/wp-json\/wp\/v2\/product_brand?post=15164"},{"taxonomy":"product_cat","embeddable":true,"href":"https:\/\/www.luleey.com\/es\/wp-json\/wp\/v2\/product_cat?post=15164"},{"taxonomy":"product_tag","embeddable":true,"href":"https:\/\/www.luleey.com\/es\/wp-json\/wp\/v2\/product_tag?post=15164"}],"curies":[{"name":"wp","href":"https:\/\/api.w.org\/{rel}","templated":true}]}}