{"id":15564,"date":"2024-10-13T23:35:41","date_gmt":"2024-10-13T15:35:41","guid":{"rendered":"https:\/\/www.luleey.com\/?post_type=product&#038;p=15564"},"modified":"2025-01-21T10:49:43","modified_gmt":"2025-01-21T02:49:43","slug":"4ge-gigabit-epon-olt","status":"publish","type":"product","link":"https:\/\/www.luleey.com\/es\/producto\/4ge-gigabit-epon-olt\/","title":{"rendered":"OLT EPON Gigabit 4GE"},"content":{"rendered":"<h3>Caracter\u00edsticas<\/h3>\n<ul>\n<li>8K Tabla de direcciones MAC<\/li>\n<li>Soporta EPON\/XPON ONU<\/li>\n<li>Admite la detecci\u00f3n y el registro autom\u00e1ticos de la ONU (plug and play)<\/li>\n<li>Soporta un m\u00e1ximo de 256 OUN<\/li>\n<li data-spm-anchor-id=\"a2g0o.detail.1000023.i0.64ddCCNCCCNCkl\">Gesti\u00f3n de red Gesti\u00f3n de puerto serie local basada en CLI y gesti\u00f3n remota mediante GUI<\/li>\n<li>Relaci\u00f3n de divisi\u00f3n m\u00e1xima 1\uff1a64<\/li>\n<li>Compatible con los m\u00f3dulos PX20+, PX20++ y PX20+++.<\/li>\n<\/ul>\n<h3>Especificaci\u00f3n<\/h3>\n<table style=\"border-collapse: collapse; width: 100%; height: 530px;\">\n<tbody>\n<tr style=\"height: 53px;\">\n<td style=\"width: 50%; height: 53px;\">Marca<\/td>\n<td style=\"width: 50%; height: 53px;\">LuLeey<\/td>\n<\/tr>\n<tr style=\"height: 53px;\">\n<td style=\"width: 50%; height: 53px;\">Nombre del producto<\/td>\n<td style=\"width: 50%; height: 53px;\">OLT EPON Gigabit 4GE<\/td>\n<\/tr>\n<tr style=\"height: 53px;\">\n<td style=\"width: 50%; height: 53px;\">Capacidad de usuarios<\/td>\n<td style=\"width: 50%; height: 53px;\">4 PON, 256 ONU<\/td>\n<\/tr>\n<tr style=\"height: 53px;\">\n<td style=\"width: 50%; height: 53px;\">Enlace ascendente<\/td>\n<td style=\"width: 50%; height: 53px;\">4GE<\/td>\n<\/tr>\n<tr style=\"height: 53px;\">\n<td style=\"width: 50%; height: 53px;\">Longitud de onda de trabajo<\/td>\n<td style=\"width: 50%; height: 53px;\">1310RX\/1490TX<\/td>\n<\/tr>\n<tr style=\"height: 53px;\">\n<td style=\"width: 50%; height: 53px;\">Sensibilidad de recepci\u00f3n<\/td>\n<td style=\"width: 50%; height: 53px;\">-27dBm<\/td>\n<\/tr>\n<tr style=\"height: 53px;\">\n<td style=\"width: 50%; height: 53px;\">Distancia m\u00e1xima de transmisi\u00f3n<\/td>\n<td style=\"width: 50%; height: 53px;\">20 km<\/td>\n<\/tr>\n<tr style=\"height: 53px;\">\n<td style=\"width: 50%; height: 53px;\">Talla<\/td>\n<td style=\"width: 50%; height: 53px;\">27,6x16x4,4cm<\/td>\n<\/tr>\n<tr style=\"height: 53px;\">\n<td style=\"width: 50%; height: 53px;\">Fuente de alimentaci\u00f3n integrada<\/td>\n<td style=\"width: 50%; height: 53px;\">CA 100~240V<\/td>\n<\/tr>\n<tr style=\"height: 53px;\">\n<td style=\"width: 50%; height: 53px;\">Ancho de banda del enlace ascendente y descendente<\/td>\n<td style=\"width: 50%; height: 53px;\">1,25 Gbps<\/td>\n<\/tr>\n<tr>\n<td style=\"width: 50%;\">Temperatura de trabajo<\/td>\n<td style=\"width: 50%;\">-10~55 grados Celsius<\/td>\n<\/tr>\n<tr>\n<td style=\"width: 50%;\">Temperatura de almacenamiento<\/td>\n<td style=\"width: 50%;\">-40~80 grados Celsius<\/td>\n<\/tr>\n<tr>\n<td style=\"width: 50%;\">Admite VLAN<\/td>\n<td style=\"width: 50%;\">S\u00ed<\/td>\n<\/tr>\n<\/tbody>\n<\/table>","protected":false},"excerpt":{"rendered":"<ul>\n<li>Log\u00edstica eficaz:Disfrute de un servicio de entrega estable y fiable con garant\u00eda de calidad.<\/li>\n<li>Potencia \u00f3ptica: la potencia \u00f3ptica de 7-8 dB garantiza una transmisi\u00f3n fiable hasta 20 km.<\/li>\n<li>Gran capacidad de usuarios: admite 4 PON y 256 ONU, lo que permite un despliegue a gran escala.<\/li>\n<li>Plug and Play:No necesita configuraci\u00f3n; instalaci\u00f3n sin problemas para redes FTTH\/FTTB\/FTTZ.<\/li>\n<li>Alta compatibilidad:Compatible con una amplia gama de marcas como Huawei, ZTE y Cisco.<\/li>\n<\/ul>","protected":false},"featured_media":15565,"comment_status":"open","ping_status":"closed","template":"","meta":[],"product_brand":[],"product_cat":[361],"product_tag":[569,206],"class_list":{"0":"post-15564","1":"product","2":"type-product","3":"status-publish","4":"has-post-thumbnail","6":"product_cat-epon-olt","7":"product_tag-4ge-epon-olt","8":"product_tag-epon-olt","10":"first","11":"instock","12":"shipping-taxable","13":"purchasable","14":"product-type-variable","15":"has-default-attributes"},"_links":{"self":[{"href":"https:\/\/www.luleey.com\/es\/wp-json\/wp\/v2\/product\/15564","targetHints":{"allow":["GET"]}}],"collection":[{"href":"https:\/\/www.luleey.com\/es\/wp-json\/wp\/v2\/product"}],"about":[{"href":"https:\/\/www.luleey.com\/es\/wp-json\/wp\/v2\/types\/product"}],"replies":[{"embeddable":true,"href":"https:\/\/www.luleey.com\/es\/wp-json\/wp\/v2\/comments?post=15564"}],"wp:featuredmedia":[{"embeddable":true,"href":"https:\/\/www.luleey.com\/es\/wp-json\/wp\/v2\/media\/15565"}],"wp:attachment":[{"href":"https:\/\/www.luleey.com\/es\/wp-json\/wp\/v2\/media?parent=15564"}],"wp:term":[{"taxonomy":"product_brand","embeddable":true,"href":"https:\/\/www.luleey.com\/es\/wp-json\/wp\/v2\/product_brand?post=15564"},{"taxonomy":"product_cat","embeddable":true,"href":"https:\/\/www.luleey.com\/es\/wp-json\/wp\/v2\/product_cat?post=15564"},{"taxonomy":"product_tag","embeddable":true,"href":"https:\/\/www.luleey.com\/es\/wp-json\/wp\/v2\/product_tag?post=15564"}],"curies":[{"name":"wp","href":"https:\/\/api.w.org\/{rel}","templated":true}]}}