{"id":15630,"date":"2024-10-20T11:14:04","date_gmt":"2024-10-20T03:14:04","guid":{"rendered":"https:\/\/www.luleey.com\/?post_type=product&#038;p=15630"},"modified":"2025-01-14T11:27:55","modified_gmt":"2025-01-14T03:27:55","slug":"reverse-poe-switch-2sc-2rj45-100m-fiber-optic-media-converter-ethernet-switch-pcba-board","status":"publish","type":"product","link":"https:\/\/www.luleey.com\/es\/producto\/reverse-poe-switch-2sc-2rj45-100m-fiber-optic-media-converter-ethernet-switch-pcba-board\/","title":{"rendered":"Reverse POE Switch 2SC 2RJ45 100M de fibra \u00f3ptica Media Converter Ethernet Switch PCBA Junta de Grado Industrial"},"content":{"rendered":"<div class=\"title--wrap--Ms9Zv4A\">\n<h3>Caracter\u00edsticas<\/h3>\n<ul>\n<li>Transmisi\u00f3n de datos de latencia ultrabaja: Experimente velocidades de transferencia de datos ultrarr\u00e1pidas con un retardo m\u00ednimo, lo que garantiza una comunicaci\u00f3n fluida para aplicaciones cr\u00edticas.<\/li>\n<li>Comodidad Plug and Play: Nuestros transceptores est\u00e1n dise\u00f1ados para una instalaci\u00f3n sencilla, sin necesidad de configuraci\u00f3n. Basta con conectarlos y empezar a utilizarlos de inmediato.<\/li>\n<li>Estructura sencilla y f\u00e1cil mantenimiento: El dise\u00f1o sencillo de nuestro transceptor permite un mantenimiento sin complicaciones, lo que garantiza su fiabilidad y longevidad en diversos entornos.<\/li>\n<li>\u00a0Alta fiabilidad y fuerte antiinterferencias: Construido para soportar condiciones dif\u00edciles, nuestro transceptor ofrece una fiabilidad excepcional y una s\u00f3lida resistencia a las interferencias, por lo que es ideal para aplicaciones exigentes.<\/li>\n<li>\u00a0Amplia gama de aplicaciones: Nuestros transceptores de fibra \u00f3ptica se utilizan ampliamente en videovigilancia, redes inform\u00e1ticas, control industrial y sistemas de edificios inteligentes, proporcionando soluciones vers\u00e1tiles para diversos sectores.<\/li>\n<\/ul>\n<\/div>\n<h3>Especificaci\u00f3n<\/h3>\n<table style=\"border-collapse: collapse; width: 100%; height: 665px;\">\n<tbody>\n<tr style=\"height: 53px;\">\n<td style=\"width: 50%; height: 53px;\">Marca<\/td>\n<td style=\"width: 50%; height: 53px;\">LuLeey<\/td>\n<\/tr>\n<tr style=\"height: 82px;\">\n<td style=\"width: 50%; height: 82px;\">Nombre del producto<\/td>\n<td style=\"width: 50%; height: 82px;\">Reverse POE Switch 2SC 2RJ45 100M de fibra \u00f3ptica Media Converter Ethernet Switch PCBA Board<\/td>\n<\/tr>\n<tr style=\"height: 53px;\">\n<td style=\"width: 50%; height: 53px;\">N\u00famero de puertos de fibra \u00f3ptica<\/td>\n<td style=\"width: 50%; height: 53px;\">2<\/td>\n<\/tr>\n<tr style=\"height: 53px;\">\n<td style=\"width: 50%; height: 53px;\">Tasa SC<\/td>\n<td style=\"width: 50%; height: 53px;\">155M<\/td>\n<\/tr>\n<tr style=\"height: 53px;\">\n<td style=\"width: 50%; height: 53px;\">N\u00famero de RJ45<\/td>\n<td style=\"width: 50%; height: 53px;\">2<\/td>\n<\/tr>\n<tr style=\"height: 53px;\">\n<td style=\"width: 50%; height: 53px;\">Tasa RJ45<\/td>\n<td style=\"width: 50%; height: 53px;\">100M<\/td>\n<\/tr>\n<tr style=\"height: 53px;\">\n<td style=\"width: 50%; height: 53px;\">potencia de entrada<\/td>\n<td style=\"width: 50%; height: 53px;\">5-12 V CC<\/td>\n<\/tr>\n<tr style=\"height: 53px;\">\n<td style=\"width: 50%; height: 53px;\">Tipo de interfaz<\/td>\n<td style=\"width: 50%; height: 53px;\">SC (A+B)<\/td>\n<\/tr>\n<tr style=\"height: 53px;\">\n<td style=\"width: 50%; height: 53px;\">Distancia de transmisi\u00f3n<\/td>\n<td style=\"width: 50%; height: 53px;\">20 km<\/td>\n<\/tr>\n<tr style=\"height: 53px;\">\n<td style=\"width: 50%; height: 53px;\">Longitud de onda de trabajo<\/td>\n<td style=\"width: 50%; height: 53px;\">1310\/1550 (nm)<\/td>\n<\/tr>\n<tr style=\"height: 53px;\">\n<td style=\"width: 50%; height: 53px;\">Medio ambiente<\/td>\n<td style=\"width: 50%;\">Temperatura de almacenamiento: -40\uff5e85\u2103<br \/>\nTemperatura de funcionamiento: -40\uff5e85\u2103<\/p>\n<p data-spm-anchor-id=\"a2g0o.detail.1000023.i3.692dYr9OYr9O5Q\">Humedad relativa: 5-90% ( sin condensaci\u00f3n)<\/p>\n<\/td>\n<\/tr>\n<tr style=\"height: 53px;\">\n<td style=\"width: 50%; height: 53px;\">Tipo de fibra<\/td>\n<td style=\"width: 50%; height: 53px;\">Fibra monomodo<\/td>\n<\/tr>\n<\/tbody>\n<\/table>\n<p>&nbsp;<\/p>","protected":false},"excerpt":{"rendered":"<div class=\"title--wrap--Ms9Zv4A\">\n<ul>\n<li data-pl=\"product-title\" data-spm-anchor-id=\"a2g0o.detail.0.i7.7accWMLZWMLZie\">Compatible con la funci\u00f3n RPOE<\/li>\n<li data-pl=\"product-title\" data-spm-anchor-id=\"a2g0o.detail.0.i7.7accWMLZWMLZie\">2 \u00f3ptico 2 rj54 convertidor de medios interruptor PCBA Board<\/li>\n<li data-pl=\"product-title\" data-spm-anchor-id=\"a2g0o.detail.0.i7.7accWMLZWMLZie\">Tasa de 100 M<\/li>\n<li data-pl=\"product-title\" data-spm-anchor-id=\"a2g0o.detail.0.i7.7accWMLZWMLZie\">modo \u00fanico<\/li>\n<li data-pl=\"product-title\" data-spm-anchor-id=\"a2g0o.detail.0.i7.7accWMLZWMLZie\">20 km<\/li>\n<li data-pl=\"product-title\" data-spm-anchor-id=\"a2g0o.detail.0.i7.7accWMLZWMLZie\">Entrada 5-12v CC<\/li>\n<\/ul>\n<\/div>","protected":false},"featured_media":15637,"comment_status":"open","ping_status":"closed","template":"","meta":[],"product_brand":[],"product_cat":[286],"product_tag":[285,595,301,305,330],"class_list":{"0":"post-15630","1":"product","2":"type-product","3":"status-publish","4":"has-post-thumbnail","6":"product_cat-fiber-media-converter-pcba-board","7":"product_tag-pcba","8":"product_tag-reverse-poe-switch","9":"product_tag-rj45","10":"product_tag-sc","11":"product_tag-switch-board","13":"first","14":"instock","15":"shipping-taxable","16":"purchasable","17":"product-type-variable","18":"has-default-attributes"},"_links":{"self":[{"href":"https:\/\/www.luleey.com\/es\/wp-json\/wp\/v2\/product\/15630","targetHints":{"allow":["GET"]}}],"collection":[{"href":"https:\/\/www.luleey.com\/es\/wp-json\/wp\/v2\/product"}],"about":[{"href":"https:\/\/www.luleey.com\/es\/wp-json\/wp\/v2\/types\/product"}],"replies":[{"embeddable":true,"href":"https:\/\/www.luleey.com\/es\/wp-json\/wp\/v2\/comments?post=15630"}],"wp:featuredmedia":[{"embeddable":true,"href":"https:\/\/www.luleey.com\/es\/wp-json\/wp\/v2\/media\/15637"}],"wp:attachment":[{"href":"https:\/\/www.luleey.com\/es\/wp-json\/wp\/v2\/media?parent=15630"}],"wp:term":[{"taxonomy":"product_brand","embeddable":true,"href":"https:\/\/www.luleey.com\/es\/wp-json\/wp\/v2\/product_brand?post=15630"},{"taxonomy":"product_cat","embeddable":true,"href":"https:\/\/www.luleey.com\/es\/wp-json\/wp\/v2\/product_cat?post=15630"},{"taxonomy":"product_tag","embeddable":true,"href":"https:\/\/www.luleey.com\/es\/wp-json\/wp\/v2\/product_tag?post=15630"}],"curies":[{"name":"wp","href":"https:\/\/api.w.org\/{rel}","templated":true}]}}