{"id":15769,"date":"2024-10-29T22:34:27","date_gmt":"2024-10-29T14:34:27","guid":{"rendered":"https:\/\/www.luleey.com\/?post_type=product&#038;p=15769"},"modified":"2026-02-11T20:14:04","modified_gmt":"2026-02-11T12:14:04","slug":"10g-xgpon-optical-power-meter","status":"publish","type":"product","link":"https:\/\/www.luleey.com\/es\/producto\/10g-xgpon-optical-power-meter\/","title":{"rendered":"Medidor de potencia \u00f3ptica 10G XGPON"},"content":{"rendered":"<h3>Caracter\u00edsticas<\/h3>\n<ol>\n<li>Bater\u00eda de litio incorporada: estabiliza la gesti\u00f3n de la bater\u00eda. Carga r\u00e1pida durante 3 horas, uso continuo en modo de medidor \u00f3ptico de potencia durante 60 horas, apagado a plena potencia para 90 d\u00edas de tiempo de espera prolongado.<\/li>\n<li>Aplicaci\u00f3n a la instalaci\u00f3n, las pruebas y el mantenimiento de redes Gigabit y 10 Gigabit<\/li>\n<li>Proporciona 10 grupos de umbrales, analiza y muestra el estado de aprobado y suspenso selecci\u00f3n de valores relativos<\/li>\n<li>El registro de la prueba se puede almacenar 1000 veces<\/li>\n<li>El medidor de potencia \u00f3ptica XGPON admite hasta 6 longitudes de onda 1310nm\/1490nm\/1270nm\/1577nm\/1610nm\/1550nm<\/li>\n<li>Apoyo SC UPC\/APC<\/li>\n<li>Entrada de alimentaci\u00f3n tipo C<\/li>\n<li>apoyar la VFL<\/li>\n<\/ol>\n<p><strong>Nota: Para la versi\u00f3n 1490\/1577, s\u00f3lo un conector SC APC.<\/strong><\/p>\n<h3>Especificaci\u00f3n<\/h3>\n<p>&nbsp;<\/p>\n<table width=\"843\">\n<tbody>\n<tr>\n<td>Marca<\/td>\n<td colspan=\"6\">LuLeey<\/td>\n<\/tr>\n<tr>\n<td>Modelo<\/td>\n<td colspan=\"6\">XPOM002<\/td>\n<\/tr>\n<tr>\n<td>Lugar de fabricaci\u00f3n<\/td>\n<td colspan=\"6\">Fabricado en China<\/td>\n<\/tr>\n<tr>\n<td width=\"176\">Longitud de onda(nm)<\/td>\n<td width=\"257\">1310(up)<\/td>\n<td width=\"76\">1490(abajo)<\/td>\n<td width=\"122\">1550(abajo)<\/td>\n<td width=\"68\">1270(up)<\/td>\n<td width=\"76\">1577(abajo)<\/td>\n<td width=\"68\">1610(up)<\/td>\n<\/tr>\n<tr>\n<td>Banda de paso espectral (nm)<\/td>\n<td>1290~1330<\/td>\n<td>1470~1505<\/td>\n<td>1535~1570<\/td>\n<td>1260~1280<\/td>\n<td>1577+3nm<\/td>\n<td>1595~1650<\/td>\n<\/tr>\n<tr>\n<td>Alcance(DBM)<\/td>\n<td>-40~+10<\/td>\n<td>.45~+10<\/td>\n<td>-45~+10<\/td>\n<td>-40~+10<\/td>\n<td>-45~+10<\/td>\n<td>.40~+10<\/td>\n<\/tr>\n<tr>\n<td>Aislamiento@ 1310nm (dB)<\/td>\n<td><\/td>\n<td>&gt;40<\/td>\n<td>&gt;40<\/td>\n<td>&gt;40<\/td>\n<td>&gt;40<\/td>\n<td>&gt;40<\/td>\n<\/tr>\n<tr>\n<td>lsolation@1490nm(dB)<\/td>\n<td>&gt;40<\/td>\n<td><\/td>\n<td>&gt;40<\/td>\n<td>&gt;40<\/td>\n<td>&gt;40<\/td>\n<td>&gt;40<\/td>\n<\/tr>\n<tr>\n<td>Aislamiento@1550nm(dB)<\/td>\n<td>&gt;40<\/td>\n<td>&gt;40<\/td>\n<td><\/td>\n<td>&gt;40<\/td>\n<td>&gt;40<\/td>\n<td>&gt;35<\/td>\n<\/tr>\n<tr>\n<td>Aislamiento@1270(dB)<\/td>\n<td>&gt;40<\/td>\n<td>&gt;40<\/td>\n<td>&gt;40<\/td>\n<td><\/td>\n<td>&gt;40<\/td>\n<td>&gt;40<\/td>\n<\/tr>\n<tr>\n<td>Aislamiento@1577(dB)<\/td>\n<td>&gt;40<\/td>\n<td>&gt;40<\/td>\n<td>&gt;40<\/td>\n<td>&gt;40<\/td>\n<td><\/td>\n<td>&gt;40<\/td>\n<\/tr>\n<tr>\n<td>Aislamiento@1610(dB)<\/td>\n<td>&gt;40<\/td>\n<td>&gt;40<\/td>\n<td>&gt;40<\/td>\n<td>&gt;40<\/td>\n<td>&gt;40<\/td>\n<td><\/td>\n<\/tr>\n<tr>\n<td>Precisi\u00f3n<\/td>\n<td colspan=\"6\"><\/td>\n<\/tr>\n<tr>\n<td>Incertidumbre<\/td>\n<td colspan=\"6\">\u00b10,5 dB<\/td>\n<\/tr>\n<tr>\n<td>P\u00e9rdida de polarizaci\u00f3n<\/td>\n<td colspan=\"6\">&lt;\u00b10,25 dB<\/td>\n<\/tr>\n<tr>\n<td>Lineal<\/td>\n<td colspan=\"6\">\u00b10,1 dB<\/td>\n<\/tr>\n<tr>\n<td>P\u00e9rdida de inserci\u00f3n<\/td>\n<td colspan=\"6\">&lt;1,5 dB<\/td>\n<\/tr>\n<tr>\n<td>Resoluci\u00f3n de pantalla<\/td>\n<td colspan=\"6\">0,01 dB<\/td>\n<\/tr>\n<tr>\n<td>Unidad<\/td>\n<td colspan=\"6\">dBm\/xW<\/td>\n<\/tr>\n<tr>\n<td>LCD<\/td>\n<td colspan=\"6\">320*240\uff0c3,2 pulgadas Pantalla LCD en color verdadero<\/td>\n<\/tr>\n<tr>\n<td>Bater\u00eda<\/td>\n<td colspan=\"6\">Bater\u00eda recargable de 4,2 V y 2400 mAh<\/td>\n<\/tr>\n<tr>\n<td>Tiempo de funcionamiento de la bater\u00eda<\/td>\n<td colspan=\"6\">20 horas alrededor<\/td>\n<\/tr>\n<tr>\n<td>Temperatura de funcionamiento<\/td>\n<td colspan=\"6\">0~60\u2103<\/td>\n<\/tr>\n<tr>\n<td>Temperatura de almacenamiento<\/td>\n<td colspan=\"6\">25~70\u2103<\/td>\n<\/tr>\n<tr>\n<td>Tama\u00f1o (mm)<\/td>\n<td colspan=\"6\">155x85x40<\/td>\n<\/tr>\n<\/tbody>\n<\/table>","protected":false},"excerpt":{"rendered":"<ol>\n<li>\u00a0uso continuo en modo de medidor de potencia \u00f3ptica durante 60 horas, apagado total para 90 d\u00edas de tiempo de espera prolongado<\/li>\n<li>Aplicaci\u00f3n a la instalaci\u00f3n, las pruebas y el mantenimiento de redes Gigabit y 10 Gigabit<\/li>\n<li>Proporciona 10 grupos de umbrales, analiza y muestra el estado de aprobado y suspenso selecci\u00f3n de valores relativos<\/li>\n<li>El registro de la prueba se puede almacenar 1000 veces<\/li>\n<li>El medidor de potencia \u00f3ptica XGPON admite hasta 6 longitudes de onda 1310nm\/1490nm\/1270nm\/1577nm\/1610nm\/1550nm<\/li>\n<li>Apoyo SC UPC\/APC<\/li>\n<\/ol>","protected":false},"featured_media":15767,"comment_status":"open","ping_status":"closed","template":"","meta":[],"product_brand":[],"product_cat":[363],"product_tag":[564,615],"class_list":{"0":"post-15769","1":"product","2":"type-product","3":"status-publish","4":"has-post-thumbnail","6":"product_cat-optical-power-meter-and-visual-fault-locator","7":"product_tag-xgpon","8":"product_tag-xgpon-optical-power-meter","10":"first","11":"instock","12":"shipping-taxable","13":"purchasable","14":"product-type-variable","15":"has-default-attributes"},"_links":{"self":[{"href":"https:\/\/www.luleey.com\/es\/wp-json\/wp\/v2\/product\/15769","targetHints":{"allow":["GET"]}}],"collection":[{"href":"https:\/\/www.luleey.com\/es\/wp-json\/wp\/v2\/product"}],"about":[{"href":"https:\/\/www.luleey.com\/es\/wp-json\/wp\/v2\/types\/product"}],"replies":[{"embeddable":true,"href":"https:\/\/www.luleey.com\/es\/wp-json\/wp\/v2\/comments?post=15769"}],"wp:featuredmedia":[{"embeddable":true,"href":"https:\/\/www.luleey.com\/es\/wp-json\/wp\/v2\/media\/15767"}],"wp:attachment":[{"href":"https:\/\/www.luleey.com\/es\/wp-json\/wp\/v2\/media?parent=15769"}],"wp:term":[{"taxonomy":"product_brand","embeddable":true,"href":"https:\/\/www.luleey.com\/es\/wp-json\/wp\/v2\/product_brand?post=15769"},{"taxonomy":"product_cat","embeddable":true,"href":"https:\/\/www.luleey.com\/es\/wp-json\/wp\/v2\/product_cat?post=15769"},{"taxonomy":"product_tag","embeddable":true,"href":"https:\/\/www.luleey.com\/es\/wp-json\/wp\/v2\/product_tag?post=15769"}],"curies":[{"name":"wp","href":"https:\/\/api.w.org\/{rel}","templated":true}]}}