{"id":15794,"date":"2024-11-09T13:59:20","date_gmt":"2024-11-09T05:59:20","guid":{"rendered":"https:\/\/www.luleey.com\/?post_type=product&#038;p=15794"},"modified":"2025-07-23T12:15:04","modified_gmt":"2025-07-23T04:15:04","slug":"single-mode-fiber-optic-otdr-launch-cable-box","status":"publish","type":"product","link":"https:\/\/www.luleey.com\/es\/producto\/single-mode-fiber-optic-otdr-launch-cable-box\/","title":{"rendered":"Caja de cables de lanzamiento OTDR de fibra \u00f3ptica monomodo"},"content":{"rendered":"<div class=\"title--wrap--Ms9Zv4A\">\n<h3>Caracter\u00edsticas<\/h3>\n<ul>\n<li>La fibra \u00f3ptica se utiliza principalmente para compensar la zona muerta de la prueba OTDR.<\/li>\n<li>No hay conector de empalme en medio de la fibra \u00f3ptica. Por lo tanto, la fibra \u00f3ptica es peque\u00f1a, ligera y f\u00e1cil de transportar.<\/li>\n<li>Monomodo (9125) o multimodo (62.5125).<\/li>\n<li>Se pueden seleccionar varias longitudes.<\/li>\n<li>P\u00e9rdidas inferiores o iguales a 0,3 dBm\/km.<\/li>\n<li>Caja de protecci\u00f3n incluida, excelente rendimiento de sellado, impermeable, antiincrustante y a prueba de explosiones.<\/li>\n<li>Conector de cable de extensi\u00f3n opcional: MU, E2000, SC FC LC ST (UPC o APC)<\/li>\n<\/ul>\n<\/div>\n<h3>Especificaci\u00f3n<\/h3>\n<table style=\"border-collapse: collapse; width: 100%; height: 477px;\">\n<tbody>\n<tr style=\"height: 53px;\">\n<td style=\"width: 50%; height: 53px;\">Marca<\/td>\n<td style=\"width: 50%; height: 53px;\">LuLeey<\/td>\n<\/tr>\n<tr style=\"height: 53px;\">\n<td style=\"width: 50%; height: 53px;\">Nombre del producto<\/td>\n<td style=\"width: 50%; height: 53px;\">Caja de cables de lanzamiento OTDR de fibra \u00f3ptica monomodo<\/td>\n<\/tr>\n<tr style=\"height: 53px;\">\n<td style=\"width: 50%; height: 53px;\">Origen<\/td>\n<td style=\"width: 50%; height: 53px;\">China continental<\/td>\n<\/tr>\n<tr style=\"height: 53px;\">\n<td style=\"width: 50%; height: 53px;\">Conector<\/td>\n<td style=\"width: 50%; height: 53px;\">SC FC LC ST (UPC o APC)<\/td>\n<\/tr>\n<tr style=\"height: 53px;\">\n<td style=\"width: 50%; height: 53px;\">Modo de trabajo<\/td>\n<td style=\"width: 50%; height: 53px;\">Monomodo 9\/125\u03bcm<\/td>\n<\/tr>\n<tr style=\"height: 53px;\">\n<td style=\"width: 50%; height: 53px;\">Longitud del cable<\/td>\n<td style=\"width: 50%; height: 53px;\">150 m-2,0 km<\/td>\n<\/tr>\n<tr>\n<td style=\"width: 50%;\">Tama\u00f1o de la caja<\/td>\n<td style=\"width: 50%;\">25 cm*15 cm*6,5 cm<\/td>\n<\/tr>\n<tr style=\"height: 53px;\">\n<td style=\"width: 50%; height: 53px;\">color de la caja<\/td>\n<td style=\"width: 50%; height: 53px;\">amarillo o verde<\/td>\n<\/tr>\n<tr style=\"height: 53px;\">\n<td style=\"width: 50%; height: 53px;\">Temperatura de funcionamiento<\/td>\n<td style=\"width: 50%; height: 53px;\">-40~85\u2103<\/td>\n<\/tr>\n<tr style=\"height: 53px;\">\n<td style=\"width: 50%; height: 53px;\">Temperatura de almacenamiento<\/td>\n<td style=\"width: 50%; height: 53px;\">-40~85\u2103<\/td>\n<\/tr>\n<\/tbody>\n<\/table>","protected":false},"excerpt":{"rendered":"<ol>\n<li><strong>Compensaci\u00f3n eficaz de la zona muerta de la prueba OTDR<\/strong>: Dise\u00f1ado espec\u00edficamente para minimizar el impacto de la zona muerta en las pruebas OTDR, mejorando la precisi\u00f3n de las mediciones en redes de fibra \u00f3ptica.<\/li>\n<li><strong>Soluci\u00f3n de fibra \u00f3ptica ligera y port\u00e1til<\/strong>: La ausencia de conectores de empalme intermedios da como resultado un dise\u00f1o compacto y ligero, lo que lo convierte en la opci\u00f3n ideal para t\u00e9cnicos de campo e instalaciones in situ.<\/li>\n<li><strong>Opciones vers\u00e1tiles de fibra monomodo y multimodo<\/strong>: Disponible en monomodo (9125) y multimodo (62,5\/125), lo que permite a los usuarios seleccionar el que mejor se adapte a sus requisitos de red espec\u00edficos.<\/li>\n<li><strong>Longitudes a medida para aplicaciones de fibra \u00f3ptica<\/strong>: Con una amplia gama de longitudes, esta caja de cables de lanzamiento ofrece flexibilidad para varios escenarios de instalaci\u00f3n, atendiendo a las diversas necesidades de los proyectos.<\/li>\n<li><strong>Caja de protecci\u00f3n duradera a prueba de agua y explosiones<\/strong>: La carcasa protectora incluida ofrece un excelente rendimiento de sellado, por lo que es impermeable, antiincrustante y a prueba de explosiones, lo que garantiza la fiabilidad en entornos dif\u00edciles.<\/li>\n<\/ol>","protected":false},"featured_media":15832,"comment_status":"open","ping_status":"closed","template":"","meta":[],"product_brand":[],"product_cat":[367],"product_tag":[283,655],"class_list":{"0":"post-15794","1":"product","2":"type-product","3":"status-publish","4":"has-post-thumbnail","6":"product_cat-otdr","7":"product_tag-otdr","8":"product_tag-otdr-launch-cable-box","10":"first","11":"instock","12":"shipping-taxable","13":"purchasable","14":"product-type-variable","15":"has-default-attributes"},"_links":{"self":[{"href":"https:\/\/www.luleey.com\/es\/wp-json\/wp\/v2\/product\/15794","targetHints":{"allow":["GET"]}}],"collection":[{"href":"https:\/\/www.luleey.com\/es\/wp-json\/wp\/v2\/product"}],"about":[{"href":"https:\/\/www.luleey.com\/es\/wp-json\/wp\/v2\/types\/product"}],"replies":[{"embeddable":true,"href":"https:\/\/www.luleey.com\/es\/wp-json\/wp\/v2\/comments?post=15794"}],"wp:featuredmedia":[{"embeddable":true,"href":"https:\/\/www.luleey.com\/es\/wp-json\/wp\/v2\/media\/15832"}],"wp:attachment":[{"href":"https:\/\/www.luleey.com\/es\/wp-json\/wp\/v2\/media?parent=15794"}],"wp:term":[{"taxonomy":"product_brand","embeddable":true,"href":"https:\/\/www.luleey.com\/es\/wp-json\/wp\/v2\/product_brand?post=15794"},{"taxonomy":"product_cat","embeddable":true,"href":"https:\/\/www.luleey.com\/es\/wp-json\/wp\/v2\/product_cat?post=15794"},{"taxonomy":"product_tag","embeddable":true,"href":"https:\/\/www.luleey.com\/es\/wp-json\/wp\/v2\/product_tag?post=15794"}],"curies":[{"name":"wp","href":"https:\/\/api.w.org\/{rel}","templated":true}]}}