{"id":15863,"date":"2024-11-09T21:59:32","date_gmt":"2024-11-09T13:59:32","guid":{"rendered":"https:\/\/www.luleey.com\/?post_type=product&#038;p=15863"},"modified":"2025-06-22T15:20:47","modified_gmt":"2025-06-22T07:20:47","slug":"40g-qsfp-mmf-850nm-150m-qsfp-40g-sr4-mpo-12-upc-mmf-optical-transceiver-module","status":"publish","type":"product","link":"https:\/\/www.luleey.com\/es\/producto\/40g-qsfp-mmf-850nm-150m-qsfp-40g-sr4-mpo-12-upc-mmf-optical-transceiver-module\/","title":{"rendered":"M\u00f3dulo transceptor \u00f3ptico 40G QSFP+ MMF 850nm 150m QSFP-40G-SR4, MPO-12\/UPC MMF"},"content":{"rendered":"<h3>Caracter\u00edsticas<\/h3>\n<ol>\n<li>Ampliamente utilizado en conmutadores \u00f3pticos QSFP+ de 40G, tarjetas de red de fibra \u00f3ptica, servidores, muros de protecci\u00f3n, routers, controladores industriales, placas de desarrollo FPGA y otros equipos.<\/li>\n<li>Plug and Play<\/li>\n<li>Con diagn\u00f3stico de datos DDM, bajo consumo de energ\u00eda, para garantizar la estabilidad de la se\u00f1al, transmisi\u00f3n de alta velocidad<\/li>\n<li>Marcas compatibles: totalmente compatible<\/li>\n<\/ol>\n<h3>Especificaci\u00f3n<\/h3>\n<table width=\"323\">\n<tbody>\n<tr>\n<td width=\"101\">Marca<\/td>\n<td width=\"222\">\u00a0LuLeey<\/td>\n<\/tr>\n<tr>\n<td>Lugar de origen<\/td>\n<td>\u00a0China continental<\/td>\n<\/tr>\n<tr>\n<td>Modelo<\/td>\n<td>\u00a0QSFP-40G-SR4<\/td>\n<\/tr>\n<tr>\n<td>Velocidad<\/td>\n<td>\u00a040G<\/td>\n<\/tr>\n<tr>\n<td>Puerto<\/td>\n<td>\u00a0MPO<\/td>\n<\/tr>\n<tr>\n<td>Distancia<\/td>\n<td>\u00a0150m<\/td>\n<\/tr>\n<tr>\n<td>Longitud de onda<\/td>\n<td>\u00a0850nm<\/td>\n<\/tr>\n<tr>\n<td>Temperatura de funcionamiento<\/td>\n<td>\u00a0-20~70\u00b0C<\/td>\n<\/tr>\n<tr>\n<td>Tensi\u00f3n de funcionamiento<\/td>\n<td>\u00a03.3V<\/td>\n<\/tr>\n<tr>\n<td>Modo<\/td>\n<td>\u00a0Multimodo<\/td>\n<\/tr>\n<tr>\n<td>Apoyar DDM<\/td>\n<td>\u00a0S\u00ed<\/td>\n<\/tr>\n<tr>\n<td>Intercambiable en caliente<\/td>\n<td>\u00a0S\u00ed<\/td>\n<\/tr>\n<tr>\n<td>Marcas compatibles<\/td>\n<td>\u00a0Totalmente compatible, como HUAWEI\/H3C\/CISCO\/RUIJIE\/TP-LINK\/D-LINK\/HIKVISION\/ZTE\/JUNIPER\/DELL\/MIKROTIK\/INTEL\/MELANOX\/IBM...<\/td>\n<\/tr>\n<\/tbody>\n<\/table>\n<p>&nbsp;<\/p>","protected":false},"excerpt":{"rendered":"<ul class=\"a-unordered-list a-vertical a-spacing-mini\">\n<li class=\"a-spacing-mini\"><span class=\"a-list-item\">Compatibilidad total: Compatible para Arista Networks QSFP-40G-SR4. Ethernet 40G, Infiniband QDR, SATA\/SAS3, est\u00e1ndar IEEE 802.3ba, compatible con MSA.<\/span><\/li>\n<li class=\"a-spacing-mini\"><span class=\"a-list-item\">Transceptores multimodo 40G QSFP+ QSFP-40G-SR4: 40Gb \/ s de velocidad de datos, conector MPO\/MTP, 850nm de longitud de onda, la distancia de transmisi\u00f3n de hasta 150m, temperatura de trabajo: 0\u2103 ~ +70\u2103, Potencia Tx(dBm): -7 ~ +1, Rx Sens.(dBm): \uff1c -9.5.<\/span><\/li>\n<li class=\"a-spacing-mini\"><span class=\"a-list-item\">F\u00e1cil de utilizar: Plug and play, conectable en caliente. Compatible con DDM: DDM permite monitorizar la informaci\u00f3n cr\u00edtica, para averiguar algunos problemas potenciales. Ampliamente utilizado en switches de fibra, routers, NIC, servidores u otros equipos de fibra \u00f3ptica con puertos 40Gb QSFP+.<\/span><\/li>\n<\/ul>","protected":false},"featured_media":15865,"comment_status":"open","ping_status":"closed","template":"","meta":[],"product_brand":[],"product_cat":[297],"product_tag":[659,658,263,264,278],"class_list":{"0":"post-15863","1":"product","2":"type-product","3":"status-publish","4":"has-post-thumbnail","6":"product_cat-qsfp28-qsfp-sfp28-100g-40g-25g","7":"product_tag-150m","8":"product_tag-40g-qsfp","9":"product_tag-mm","10":"product_tag-mpo","11":"product_tag-optical-module","13":"first","14":"instock","15":"shipping-taxable","16":"purchasable","17":"product-type-variable","18":"has-default-attributes"},"_links":{"self":[{"href":"https:\/\/www.luleey.com\/es\/wp-json\/wp\/v2\/product\/15863","targetHints":{"allow":["GET"]}}],"collection":[{"href":"https:\/\/www.luleey.com\/es\/wp-json\/wp\/v2\/product"}],"about":[{"href":"https:\/\/www.luleey.com\/es\/wp-json\/wp\/v2\/types\/product"}],"replies":[{"embeddable":true,"href":"https:\/\/www.luleey.com\/es\/wp-json\/wp\/v2\/comments?post=15863"}],"wp:featuredmedia":[{"embeddable":true,"href":"https:\/\/www.luleey.com\/es\/wp-json\/wp\/v2\/media\/15865"}],"wp:attachment":[{"href":"https:\/\/www.luleey.com\/es\/wp-json\/wp\/v2\/media?parent=15863"}],"wp:term":[{"taxonomy":"product_brand","embeddable":true,"href":"https:\/\/www.luleey.com\/es\/wp-json\/wp\/v2\/product_brand?post=15863"},{"taxonomy":"product_cat","embeddable":true,"href":"https:\/\/www.luleey.com\/es\/wp-json\/wp\/v2\/product_cat?post=15863"},{"taxonomy":"product_tag","embeddable":true,"href":"https:\/\/www.luleey.com\/es\/wp-json\/wp\/v2\/product_tag?post=15863"}],"curies":[{"name":"wp","href":"https:\/\/api.w.org\/{rel}","templated":true}]}}