{"id":15867,"date":"2024-11-09T22:28:44","date_gmt":"2024-11-09T14:28:44","guid":{"rendered":"https:\/\/www.luleey.com\/?post_type=product&#038;p=15867"},"modified":"2025-06-22T15:20:17","modified_gmt":"2025-06-22T07:20:17","slug":"40g-qsfp-smf-qsfp-40g-lr4-10km","status":"publish","type":"product","link":"https:\/\/www.luleey.com\/es\/producto\/40g-qsfp-smf-qsfp-40g-lr4-10km\/","title":{"rendered":"40G QSFP+ SMF QSFP-40G-LR4 10KM 40GBASE-LR4"},"content":{"rendered":"<h3>Caracter\u00edsticas<\/h3>\n<ol>\n<li>Ampliamente utilizado en conmutadores \u00f3pticos QSFP+ de 40G, tarjetas de red de fibra \u00f3ptica, servidores, muros de protecci\u00f3n, routers, controladores industriales, placas de desarrollo FPGA y otros equipos.<\/li>\n<li>40GBASE-LR4,Plug and Play<\/li>\n<li>Con diagn\u00f3stico de datos DDM, bajo consumo de energ\u00eda, para garantizar la estabilidad de la se\u00f1al, transmisi\u00f3n de alta velocidad<\/li>\n<li>Marcas compatibles: totalmente compatible<\/li>\n<\/ol>\n<h3>Especificaci\u00f3n<\/h3>\n<table width=\"323\">\n<tbody>\n<tr>\n<td width=\"101\">Marca<\/td>\n<td width=\"222\">\u00a0LuLeey<\/td>\n<\/tr>\n<tr>\n<td>Lugar de origen<\/td>\n<td>\u00a0China continental<\/td>\n<\/tr>\n<tr>\n<td>Modelo<\/td>\n<td>\u00a0QSFP-40G-SR4<\/td>\n<\/tr>\n<tr>\n<td>Velocidad<\/td>\n<td>\u00a040G<\/td>\n<\/tr>\n<tr>\n<td>Puerto<\/td>\n<td>Doble LC<\/td>\n<\/tr>\n<tr>\n<td>Distancia<\/td>\n<td>\u00a010 km<\/td>\n<\/tr>\n<tr>\n<td>Longitud de onda<\/td>\n<td>4 carriles CWDM: 1270 nm, 1290 nm, 1310 nm, 1330 nm<\/td>\n<\/tr>\n<tr>\n<td>Temperatura de funcionamiento<\/td>\n<td>\u00a0-20~70\u00b0C<\/td>\n<\/tr>\n<tr>\n<td>Tensi\u00f3n de funcionamiento<\/td>\n<td>\u00a03.3V<\/td>\n<\/tr>\n<tr>\n<td>Modo<\/td>\n<td>Modo \u00fanico<\/td>\n<\/tr>\n<tr>\n<td>Apoyar DDM<\/td>\n<td>\u00a0S\u00ed<\/td>\n<\/tr>\n<tr>\n<td>Intercambiable en caliente<\/td>\n<td>\u00a0S\u00ed<\/td>\n<\/tr>\n<tr>\n<td>Marcas compatibles<\/td>\n<td>\u00a0Totalmente compatible, como HUAWEI\/H3C\/CISCO\/RUIJIE\/TP-LINK\/D-LINK\/HIKVISION\/ZTE\/JUNIPER\/DELL\/MIKROTIK\/INTEL\/MELANOX\/IBM...<\/td>\n<\/tr>\n<\/tbody>\n<\/table>\n<p>&nbsp;<\/p>","protected":false},"excerpt":{"rendered":"<ul class=\"a-unordered-list a-vertical a-spacing-mini\">\n<li class=\"a-spacing-mini\"><span class=\"a-list-item\">40GBASE-LR4 Compatible para equipos de marca completa, QSFP-40G-LR4. 40G Ethernet, 4 carriles CWDM: 1270nm, 1290nm, 1310nnm, 1330nm. Conector LC duplex, soporta DDM, hasta 10km.<\/span><\/li>\n<li class=\"a-spacing-mini\"><span class=\"a-list-item\">Transceptores monomodo 40G QSFP+: Cumplen la norma IEEE 802.3ba, SFF 8436 y QSFP Multisource Agreement (MSA). Temperatura de funcionamiento: 0\u2103 ~ +70\u2103, Potencia Tx(dBm): -7 ~ +2,3, Sens. Rx(dBm): \uff1c -13.7.<\/span><\/li>\n<li class=\"a-spacing-mini\"><span class=\"a-list-item\">F\u00e1cil de utilizar: Plug and play, conectable en caliente. Compatible con DDM: DDM permite monitorizar la informaci\u00f3n cr\u00edtica, para averiguar algunos problemas potenciales. Ampliamente utilizado en switches de fibra, routers, NIC, servidores u otros equipos de fibra \u00f3ptica con puertos 40Gb QSFP+.<\/span><\/li>\n<\/ul>","protected":false},"featured_media":15869,"comment_status":"open","ping_status":"closed","template":"","meta":[],"product_brand":[],"product_cat":[297],"product_tag":[660,658,662,278,661],"class_list":{"0":"post-15867","1":"product","2":"type-product","3":"status-publish","4":"has-post-thumbnail","6":"product_cat-qsfp28-qsfp-sfp28-100g-40g-25g","7":"product_tag-10km","8":"product_tag-40g-qsfp","9":"product_tag-40gbase-lr4","10":"product_tag-optical-module","11":"product_tag-qsfp-40g-lr4","13":"first","14":"instock","15":"shipping-taxable","16":"purchasable","17":"product-type-variable","18":"has-default-attributes"},"_links":{"self":[{"href":"https:\/\/www.luleey.com\/es\/wp-json\/wp\/v2\/product\/15867","targetHints":{"allow":["GET"]}}],"collection":[{"href":"https:\/\/www.luleey.com\/es\/wp-json\/wp\/v2\/product"}],"about":[{"href":"https:\/\/www.luleey.com\/es\/wp-json\/wp\/v2\/types\/product"}],"replies":[{"embeddable":true,"href":"https:\/\/www.luleey.com\/es\/wp-json\/wp\/v2\/comments?post=15867"}],"wp:featuredmedia":[{"embeddable":true,"href":"https:\/\/www.luleey.com\/es\/wp-json\/wp\/v2\/media\/15869"}],"wp:attachment":[{"href":"https:\/\/www.luleey.com\/es\/wp-json\/wp\/v2\/media?parent=15867"}],"wp:term":[{"taxonomy":"product_brand","embeddable":true,"href":"https:\/\/www.luleey.com\/es\/wp-json\/wp\/v2\/product_brand?post=15867"},{"taxonomy":"product_cat","embeddable":true,"href":"https:\/\/www.luleey.com\/es\/wp-json\/wp\/v2\/product_cat?post=15867"},{"taxonomy":"product_tag","embeddable":true,"href":"https:\/\/www.luleey.com\/es\/wp-json\/wp\/v2\/product_tag?post=15867"}],"curies":[{"name":"wp","href":"https:\/\/api.w.org\/{rel}","templated":true}]}}