{"id":15876,"date":"2024-11-10T20:36:10","date_gmt":"2024-11-10T12:36:10","guid":{"rendered":"https:\/\/www.luleey.com\/?post_type=product&#038;p=15876"},"modified":"2025-02-10T22:31:42","modified_gmt":"2025-02-10T14:31:42","slug":"qsa-adapter-100g-qsfp28-to-25g-sfp28-converter-module","status":"publish","type":"product","link":"https:\/\/www.luleey.com\/es\/producto\/qsa-adapter-100g-qsfp28-to-25g-sfp28-converter-module\/","title":{"rendered":"M\u00f3dulo conversor QSA Adapter 100G QSFP28 a 25G SFP28"},"content":{"rendered":"<h3>Caracter\u00edsticas<\/h3>\r\n<ol>\r\n<li>Compatibilidad vers\u00e1til: Este producto ofrece una amplia compatibilidad con equipos compatibles con QSFP28 MSA de marcas de renombre como Dell, Juniper, Arista, Extreme y muchas otras.<\/li>\r\n<li>Amplia compatibilidad con SFP28: El adaptador QSA est\u00e1 dise\u00f1ado para adaptarse a todas las \u00f3pticas y alcances de cable SFP28, incluidos SFP28-SR, SFP28-LR, cable de cobre pasivo SFP28 y cable \u00f3ptico activo SFP28.<\/li>\r\n<li>Conversi\u00f3n rentable: El m\u00f3dulo adaptador de 100G a 25G permite una migraci\u00f3n sin problemas y econ\u00f3mica a 40 Gigabit Ethernet. Ofrece la opci\u00f3n de utilizar velocidades inferiores y es plug-and-play sin necesidad de configuraci\u00f3n.<\/li>\r\n<li>Rendimiento estable: Con baja p\u00e9rdida de inserci\u00f3n, baja diafon\u00eda y baja emisi\u00f3n EMI, este producto presenta un dise\u00f1o de carcasa totalmente met\u00e1lica y un mecanismo de enclavamiento seguro. Funciona en un rango de temperaturas de -20 a 85\u2103, lo que garantiza un rendimiento estable.<\/li>\r\n<\/ol>\r\n<h3>Especificaci\u00f3n<\/h3>\r\n<table style=\"width: 100%; height: 665px;\" width=\"323\">\r\n<tbody>\r\n<tr style=\"height: 53px;\">\r\n<td style=\"height: 53px;\" width=\"101\">Marca<\/td>\r\n<td style=\"height: 53px;\" width=\"222\">\u00a0LuLeey<\/td>\r\n<\/tr>\r\n<tr style=\"height: 53px;\">\r\n<td style=\"height: 53px;\">Lugar de origen<\/td>\r\n<td style=\"height: 53px;\">\u00a0China continental<\/td>\r\n<\/tr>\r\n<tr style=\"height: 53px;\">\r\n<td style=\"height: 53px;\">Nombre del producto<\/td>\r\n<td style=\"height: 53px;\">M\u00f3dulo conversor QSA Adapter 100G QSFP28 a 25G SFP28<\/td>\r\n<\/tr>\r\n<tr style=\"height: 53px;\">\r\n<td style=\"height: 53px;\">Velocidad<\/td>\r\n<td style=\"height: 53px;\">\u00a0100G a 25G<\/td>\r\n<\/tr>\r\n<tr style=\"height: 53px;\">\r\n<td style=\"height: 53px;\">Puerto<\/td>\r\n<td style=\"height: 53px;\">QSFP a SFP28<\/td>\r\n<\/tr>\r\n<tr style=\"height: 82px;\">\r\n<td style=\"height: 82px;\">Marcas compatibles<\/td>\r\n<td style=\"height: 82px;\">\u00a0Totalmente compatible, como HUAWEI\/H3C\/CISCO\/RUIJIE\/TP-LINK\/D-LINK\/HIKVISION\/ZTE\/JUNIPER\/DELL\/MIKROTIK\/INTEL\/MELANOX\/IBM...<\/td>\r\n<\/tr>\r\n<\/tbody>\r\n<\/table>\r\n<p>\u00a0<\/p>\r\n\r\n\r\n<a id=\"wd-6e07eaa6\" class=\"wp-block-wd-button btn btn-style-default btn-color-primary btn-size-default btn-shape-rectangle\" href=\"https:\/\/www.luleey.com\/\/wp-content\/uploads\/resource\/documents\/LuLeey%20QSFP28%20to%20SFP28%20Adapter%20(QSA)%20Module%20Datasheet%20V1.0.pdf\"><span>Ficha t\u00e9cnica del m\u00f3dulo adaptador QSFP28 a SFP28 (QSA) de LuLeey<\/span><\/a>\r\n\r\n\r\n\r\n<p><\/p>","protected":false},"excerpt":{"rendered":"<ul class=\"a-unordered-list a-vertical a-spacing-mini\">\n<li class=\"a-spacing-mini\">Adaptador QSA de 100G a 40G<\/li>\n<li class=\"a-spacing-mini\">M\u00f3dulo conversor QSFP28 a SFP28 25G QSFP a SFP28<\/li>\n<\/ul>","protected":false},"featured_media":15879,"comment_status":"open","ping_status":"closed","template":"","meta":[],"product_brand":[],"product_cat":[297],"product_tag":[664,666,665],"class_list":{"0":"post-15876","1":"product","2":"type-product","3":"status-publish","4":"has-post-thumbnail","6":"product_cat-qsfp28-qsfp-sfp28-100g-40g-25g","7":"product_tag-100g-qsfp28-to-25g-sfp28","8":"product_tag-100g-to-40g","9":"product_tag-qsa-adapter","11":"first","12":"instock","13":"shipping-taxable","14":"purchasable","15":"product-type-variable"},"_links":{"self":[{"href":"https:\/\/www.luleey.com\/es\/wp-json\/wp\/v2\/product\/15876","targetHints":{"allow":["GET"]}}],"collection":[{"href":"https:\/\/www.luleey.com\/es\/wp-json\/wp\/v2\/product"}],"about":[{"href":"https:\/\/www.luleey.com\/es\/wp-json\/wp\/v2\/types\/product"}],"replies":[{"embeddable":true,"href":"https:\/\/www.luleey.com\/es\/wp-json\/wp\/v2\/comments?post=15876"}],"wp:featuredmedia":[{"embeddable":true,"href":"https:\/\/www.luleey.com\/es\/wp-json\/wp\/v2\/media\/15879"}],"wp:attachment":[{"href":"https:\/\/www.luleey.com\/es\/wp-json\/wp\/v2\/media?parent=15876"}],"wp:term":[{"taxonomy":"product_brand","embeddable":true,"href":"https:\/\/www.luleey.com\/es\/wp-json\/wp\/v2\/product_brand?post=15876"},{"taxonomy":"product_cat","embeddable":true,"href":"https:\/\/www.luleey.com\/es\/wp-json\/wp\/v2\/product_cat?post=15876"},{"taxonomy":"product_tag","embeddable":true,"href":"https:\/\/www.luleey.com\/es\/wp-json\/wp\/v2\/product_tag?post=15876"}],"curies":[{"name":"wp","href":"https:\/\/api.w.org\/{rel}","templated":true}]}}