{"id":16797,"date":"2024-12-30T21:20:17","date_gmt":"2024-12-30T13:20:17","guid":{"rendered":"https:\/\/www.luleey.com\/?post_type=product&#038;p=16797"},"modified":"2025-01-21T10:39:56","modified_gmt":"2025-01-21T02:39:56","slug":"8ge-gigabit-epon-olt","status":"publish","type":"product","link":"https:\/\/www.luleey.com\/es\/producto\/8ge-gigabit-epon-olt\/","title":{"rendered":"OLT EPON Gigabit 8GE"},"content":{"rendered":"<h3>Caracter\u00edsticas<\/h3>\n<p data-key=\"23\" data-slate-type=\"p\" data-style=\"{}\"><span class=\"slate-node-text\" data-key=\"24\"><span data-offset-key=\"24:0\">El equipo OLT de 8 puertos puede cooperar con la ONU y la red de distribuci\u00f3n \u00f3ptica pasiva (ODN) para formar una red \u00f3ptica pasiva para realizar la gesti\u00f3n del rendimiento, la gesti\u00f3n de fallos y la gesti\u00f3n de la configuraci\u00f3n del equipo. Adopta un dise\u00f1o de montaje en bastidor 1U, soporta 8 sistemas SFP EPON, soporta 4 puertos \u00f3pticos Gigabit y 4 puertos Gigabit Combo (es decir, 1000M puerto \u00f3ptico SFP y 1000M puerto el\u00e9ctrico RJ45 adaptable de intercambio) de enlace ascendente, en 1: 8 puertos PON bajo 64 de divisi\u00f3n puede soportar hasta 512 dispositivos ONU de acceso. En el caso de gran ancho de banda, se garantiza una distancia de transmisi\u00f3n de 20 km, puede proporcionar capacidades de reenv\u00edo de capa L2 de velocidad de l\u00ednea completa y admite la gesti\u00f3n de interfaz gr\u00e1fica SNMP.<\/span><\/span><\/p>\n<p data-key=\"25\" data-slate-type=\"p\" data-style=\"{}\" data-spm-anchor-id=\"5261.product_publish.0.i27.42324edf4rB1gC\" data-slate-fragment=\"JTdCJTIyb2JqZWN0JTIyJTNBJTIyZG9jdW1lbnQlMjIlMkMlMjJkYXRhJTIyJTNBJTdCJTdEJTJDJTIybm9kZXMlMjIlM0ElNUIlN0IlMjJvYmplY3QlMjIlM0ElMjJibG9jayUyMiUyQyUyMnR5cGUlMjIlM0ElMjJkaXYlMjIlMkMlMjJpc1ZvaWQlMjIlM0FmYWxzZSUyQyUyMmRhdGElMjIlM0ElN0IlMjJjbGFzc05hbWUlMjIlM0ElMjJkZXRhaWxtb2R1bGVfaHRtbCUyMiU3RCUyQyUyMm5vZGVzJTIyJTNBJTVCJTdCJTIyb2JqZWN0JTIyJTNBJTIyYmxvY2slMjIlMkMlMjJ0eXBlJTIyJTNBJTIyZGl2JTIyJTJDJTIyaXNWb2lkJTIyJTNBZmFsc2UlMkMlMjJkYXRhJTIyJTNBJTdCJTIyY2xhc3NOYW1lJTIyJTNBJTIyZGV0YWlsLWRlc2MtZGVjb3JhdGUtcmljaHRleHQlMjIlN0QlMkMlMjJub2RlcyUyMiUzQSU1QiU3QiUyMm9iamVjdCUyMiUzQSUyMmJsb2NrJTIyJTJDJTIydHlwZSUyMiUzQSUyMmRpdiUyMiUyQyUyMmlzVm9pZCUyMiUzQWZhbHNlJTJDJTIyZGF0YSUyMiUzQSU3QiU3RCUyQyUyMm5vZGVzJTIyJTNBJTVCJTdCJTIyb2JqZWN0JTIyJTNBJTIyYmxvY2slMjIlMkMlMjJ0eXBlJTIyJTNBJTIyZGl2JTIyJTJDJTIyaXNWb2lkJTIyJTNBZmFsc2UlMkMlMjJkYXRhJTIyJTNBJTdCJTIyaWQlMjIlM0ElMjJvZmZlci10ZW1wbGF0ZS0wJTIyJTdEJTJDJTIybm9kZXMlMjIlM0ElNUIlN0IlMjJvYmplY3QlMjIlM0ElMjJibG9jayUyMiUyQyUyMnR5cGUlMjIlM0ElMjJkaXYlMjIlMkMlMjJpc1ZvaWQlMjIlM0FmYWxzZSUyQyUyMmRhdGElMjIlM0ElN0IlMjJhbGlnbiUyMiUzQSUyMnN0YXJ0JTIyJTJDJTIyc3R5bGUlMjIlM0ElN0IlMjJmb250RmFtaWx5JTIyJTNBJTIyJTVDJTIyT3BlbiUyMFNhbnMlNUMlMjIlMkMlMjBBcmlhbCUyQyUyMEhlbHZldGljYSUyQyUyMHNhbnMtc2VyaWYlMkMlMjBIZWl0aSUyMiUyQyUyMmZvbnRTaXplJTIyJTNBJTIyMTRweCUyMiUyQyUyMmZvbnRXZWlnaHQlMjIlM0ElMjI0MDAlMjIlMkMlMjJsZXR0ZXJTcGFjaW5nJTIyJTNBJTIybm9ybWFsJTIyJTJDJTIydGV4dEFsaWduJTIyJTNBJTIyc3RhcnQlMjIlMkMlMjJ3aGl0ZVNwYWNlJTIyJTNBJTIybm9ybWFsJTIyJTJDJTIyY29sb3IlMjIlM0ElMjJyZ2IoMCUyQyUyMDAlMkMlMjAwKSUyMiUyQyUyMmJhY2tncm91bmRDb2xvciUyMiUzQSUyMnJnYigyNTUlMkMlMjAyNTUlMkMlMjAyNTUpJTIyJTJDJTIybWFyZ2luJTIyJTNBJTIyMHB4JTIyJTJDJTIybWFyZ2luQm90dG9tJTIyJTNBJTIyMHB4JTIyJTJDJTIybWFyZ2luVG9wJTIyJTNBJTIyMHB4JTIyJTJDJTIybWFyZ2luTGVmdCUyMiUzQSUyMjBweCUyMiUyQyUyMm1hcmdpblJpZ2h0JTIyJTNBJTIyMHB4JTIyJTJDJTIycGFkZGluZyUyMiUzQSUyMjBweCUyMDBweCUyMDBweCUyMDBlbSUyMiUyQyUyMnBhZGRpbmdCb3R0b20lMjIlM0ElMjIwcHglMjIlMkMlMjJwYWRkaW5nVG9wJTIyJTNBJTIyMHB4JTIyJTJDJTIycGFkZGluZ1JpZ2h0JTIyJTNBJTIyMHB4JTIyJTdEJTdEJTJDJTIybm9kZXMlMjIlM0ElNUIlN0IlMjJvYmplY3QlMjIlM0ElMjJibG9jayUyMiUyQyUyMnR5cGUlMjIlM0ElMjJkaXYlMjIlMkMlMjJpc1ZvaWQlMjIlM0FmYWxzZSUyQyUyMmRhdGElMjIlM0ElN0IlMjJsaW5lSGVpZ2h0JTIyJTNBJTIyaW5oZXJpdCUyMiUyQyUyMnN0eWxlJTIyJTNBJTdCJTIyZm9udEZhbWlseSUyMiUzQSUyMiU1QyUyMk9wZW4lMjBTYW5zJTVDJTIyJTJDJTIwQXJpYWwlMkMlMjBIZWx2ZXRpY2ElMkMlMjBzYW5zLXNlcmlmJTJDJTIwSGVpdGklMjIlMkMlMjJmb250U2l6ZSUyMiUzQSUyMjE0cHglMjIlMkMlMjJmb250V2VpZ2h0JTIyJTNBJTIyNDAwJTIyJTJDJTIybGV0dGVyU3BhY2luZyUyMiUzQSUyMm5vcm1hbCUyMiUyQyUyMmxpbmVIZWlnaHQlMjIlM0ElMjJpbmhlcml0JTIyJTJDJTIyd2hpdGVTcGFjZSUyMiUzQSUyMm5vcm1hbCUyMiUyQyUyMmNvbG9yJTIyJTNBJTIycmdiKDAlMkMlMjAwJTJDJTIwMCklMjIlMkMlMjJiYWNrZ3JvdW5kQ29sb3IlMjIlM0ElMjJyZ2IoMjU1JTJDJTIwMjU1JTJDJTIwMjU1KSUyMiUyQyUyMm1hcmdpbiUyMiUzQSUyMjBweCUyMiUyQyUyMm1hcmdpbkJvdHRvbSUyMiUzQSUyMjBweCUyMiUyQyUyMm1hcmdpblRvcCUyMiUzQSUyMjBweCUyMiUyQyUyMm1hcmdpbkxlZnQlMjIlM0ElMjIwcHglMjIlMkMlMjJtYXJnaW5SaWdodCUyMiUzQSUyMjBweCUyMiUyQyUyMnBhZGRpbmclMjIlM0ElMjIwcHglMjIlMkMlMjJwYWRkaW5nQm90dG9tJTIyJTNBJTIyMHB4JTIyJTJDJTIycGFkZGluZ1RvcCUyMiUzQSUyMjBweCUyMiUyQyUyMnBhZGRpbmdMZWZ0JTIyJTNBJTIyMHB4JTIyJTJDJTIycGFkZGluZ1JpZ2h0JTIyJTNBJTIyMHB4JTIyJTJDJTIyYm94U2l6aW5nJTIyJTNBJTIyYm9yZGVyLWJveCUyMiU3RCU3RCUyQyUyMm5vZGVzJTIyJTNBJTVCJTdCJTIyb2JqZWN0JTIyJTNBJTIyYmxvY2slMjIlMkMlMjJ0eXBlJTIyJTNBJTIycGFyYWdyYXBoJTIyJTJDJTIyaXNWb2lkJTIyJTNBZmFsc2UlMkMlMjJkYXRhJTIyJTNBJTdCJTdEJTJDJTIybm9kZXMlMjIlM0ElNUIlN0IlMjJvYmplY3QlMjIlM0ElMjJ0ZXh0JTIyJTJDJTIybGVhdmVzJTIyJTNBJTVCJTdCJTIyb2JqZWN0JTIyJTNBJTIybGVhZiUyMiUyQyUyMnRleHQlMjIlM0ElMjI4LXBvcnQlMjBPTFQlMjBlcXVpcG1lbnQlMjBjYW4lMjBjb29wZXJhdGUlMjB3aXRoJTIwT05VJTIwYW5kJTIwcGFzc2l2ZSUyMG9wdGljYWwlMjBkaXN0cmlidXRpb24lMjBuZXR3b3JrJTIwKE9ETiklMjB0byUyMGZvcm0lMjBhJTIwcGFzc2l2ZSUyMG9wdGljYWwlMjBuZXR3b3JrJTIwdG8lMjByZWFsaXplJTIwdGhlJTIwcGVyZm9ybWFuY2UlMjBtYW5hZ2VtZW50JTJDJTIwZmF1bHQlMjBtYW5hZ2VtZW50JTIwYW5kJTIwY29uZmlndXJhdGlvbiUyMG1hbmFnZW1lbnQlMjBvZiUyMHRoZSUyMGVxdWlwbWVudC4lMjBJdCUyMGFkb3B0cyUyMDFVJTIwcmFjay1tb3VudCUyMGRlc2lnbiUyQyUyMHN1cHBvcnRzJTIwOCUyMFNGUCUyMEVQT04lMjBzeXN0ZW1zJTJDJTIwc3VwcG9ydHMlMjA0JTIwR2lnYWJpdCUyMG9wdGljYWwlMjBwb3J0cyUyMGFuZCUyMDQlMjBHaWdhYml0JTIwQ29tYm8lMjBwb3J0cyUyMChpZSUyMDEwMDBNJTIwU0ZQJTIwb3B0aWNhbCUyMHBvcnQlMjBhbmQlMjAxMDAwTSUyMGFkYXB0aXZlJTIwUko0NSUyMGVsZWN0cmljYWwlMjBwb3J0JTIwaW50ZXJjaGFuZ2UpJTIwdXBsaW5rJTJDJTIwYXQlMjAxJTNBJTIwOCUyMFBPTiUyMHBvcnRzJTIwdW5kZXIlMjA2NCUyMHNwbGl0dGluZyUyMGNhbiUyMHN1cHBvcnQlMjB1cCUyMHRvJTIwNTEyJTIwT05VJTIwZGV2aWNlJTIwYWNjZXNzLiUyMEluJTIwdGhlJTIwY2FzZSUyMG9mJTIwaGlnaCUyMGJhbmR3aWR0aCUyQyUyMGElMjB0cmFuc21pc3Npb24lMjBkaXN0YW5jZSUyMG9mJTIwMjBrbSUyMGlzJTIwZ3VhcmFudGVlZCUyQyUyMGNhbiUyMHByb3ZpZGUlMjBmdWxsLWxpbmUtc3BlZWQlMjBMMiUyMGxheWVyJTIwZm9yd2FyZGluZyUyMGNhcGFiaWxpdGllcyUyQyUyMGFuZCUyMHN1cHBvcnRzJTIwU05NUCUyMGdyYXBoaWNhbCUyMGludGVyZmFjZSUyMG1hbmFnZW1lbnQuJTIyJTJDJTIybWFya3MlMjIlM0ElNUIlN0IlMjJvYmplY3QlMjIlM0ElMjJtYXJrJTIyJTJDJTIydHlwZSUyMiUzQSUyMkNPTU1PTlNUWUxFJTIyJTJDJTIyZGF0YSUyMiUzQSU3QiUyMmZvbnRGYW1pbHklMjIlM0ElMjJnZW9yZ2lhJTJDJTIwc2VyaWYlMjIlN0QlN0QlNUQlN0QlNUQlN0QlNUQlN0QlMkMlN0IlMjJvYmplY3QlMjIlM0ElMjJibG9jayUyMiUyQyUyMnR5cGUlMjIlM0ElMjJwYXJhZ3JhcGglMjIlMkMlMjJpc1ZvaWQlMjIlM0FmYWxzZSUyQyUyMmRhdGElMjIlM0ElN0IlN0QlMkMlMjJub2RlcyUyMiUzQSU1QiU3QiUyMm9iamVjdCUyMiUzQSUyMnRleHQlMjIlMkMlMjJsZWF2ZXMlMjIlM0ElNUIlN0IlMjJvYmplY3QlMjIlM0ElMjJsZWFmJTIyJTJDJTIydGV4dCUyMiUzQSUyMkl0JTIwaXMlMjBtYWlubHklMjBzdWl0YWJsZSUyMGZvciUyMGElMjBzbWFsbCUyMG51bWJlciUyMG9mJTIwdXNlcnMlMjBzdWNoJTIwYXMlMjB0b3duJTIwYW5kJTIwdmlsbGFnZS1sZXZlbCUyMG9wdGljYWwlMjBmaWJlciUyMG5ldHdvcmslMjBhY2Nlc3MuJTIwSXQlMjBwcm92aWRlcyUyMGhpZ2glMjBiYW5kd2lkdGglMjBhbmQlMjBoaWdoJTIwaW50ZWdyYXRpb24lMjBndWFyYW50ZWUlMjBmb3IlMjBiYW5kd2lkdGglMjBhY2Nlc3MlMjB3aGlsZSUyMHJlZHVjaW5nJTIwbmV0d29yayUyMGNvbnN0cnVjdGlvbiUyMGNvc3RzLiUyMEl0JTIwY2FuJTIwYWxzbyUyMGJlJTIwYXBwbGllZCUyMHRvJTIwRlRUeCUyMHByb2plY3RzJTIwdG8lMjBhY2hpZXZlJTIwZmliZXIlMjB0byUyMHRoZSUyMGhvbWUlMjBhbmQlMjBjb21wbGV0ZSUyMElQJTIwQWNjZXNzJTIwdG8lMjBzZXJ2aWNlcyUyMHN1Y2glMjBhcyUyMHRlbGVwaG9uZSUyQyUyMGJyb2FkYmFuZCUyMGRhdGElMkMlMjBhbmQlMjBJUFRWLiUyMiUyQyUyMm1hcmtzJTIyJTNBJTVCJTdCJTIyb2JqZWN0JTIyJTNBJTIybWFyayUyMiUyQyUyMnR5cGUlMjIlM0ElMjJDT01NT05TVFlMRSUyMiUyQyUyMmRhdGElMjIlM0ElN0IlMjJmb250RmFtaWx5JTIyJTNBJTIyZ2VvcmdpYSUyQyUyMHNlcmlmJTIyJTdEJTdEJTVEJTdEJTVEJTdEJTVEJTdEJTVEJTdEJTVEJTdEJTVEJTdEJTVEJTdEJTVEJTdEJTVEJTdEJTVEJTdE\"><span class=\"slate-node-text\" data-key=\"26\"><span data-offset-key=\"26:0\">Es adecuado principalmente para un peque\u00f1o n\u00famero de usuarios, como el acceso a redes de fibra \u00f3ptica a nivel de ciudad y pueblo. Proporciona un gran ancho de banda y una gran garant\u00eda de integraci\u00f3n para el acceso al ancho de banda, al tiempo que reduce los costes de construcci\u00f3n de la red. Tambi\u00e9n puede aplicarse a proyectos FTTx para conseguir fibra hasta el hogar y acceso IP completo a servicios como tel\u00e9fono, datos de banda ancha e IPTV.<\/span><\/span><\/p>\n<h3>Especificaci\u00f3n<\/h3>\n<table width=\"731\">\n<tbody>\n<tr>\n<td width=\"168\">Marca<\/td>\n<td width=\"563\">LuLeey<\/td>\n<\/tr>\n<tr>\n<td width=\"168\">Nombre del producto<\/td>\n<td width=\"563\">OLT EPON Gigabit 8GE<\/td>\n<\/tr>\n<tr>\n<td width=\"168\">Longitud de onda de trabajo<\/td>\n<td>\u00a01310 (RX)\/1490 (TX)<\/td>\n<\/tr>\n<tr>\n<td width=\"168\">Potencia \u00f3ptica<\/td>\n<td>\u00a0+3~ +10dBm<\/td>\n<\/tr>\n<tr>\n<td width=\"168\">Sensibilidad de recepci\u00f3n<\/td>\n<td>\u00a0-27dBm<\/td>\n<\/tr>\n<tr>\n<td width=\"168\">Distancia m\u00e1xima de transmisi\u00f3n<\/td>\n<td>\u00a020 km<\/td>\n<\/tr>\n<tr>\n<td width=\"168\">Proporci\u00f3n m\u00e1xima de divisi\u00f3n<\/td>\n<td>1:64<\/td>\n<\/tr>\n<tr>\n<td width=\"168\">Capacidad de la m\u00e1quina<\/td>\n<td>\u00a0admite hasta 512 m\u00f3dems \u00f3pticos ONU<\/td>\n<\/tr>\n<tr>\n<td width=\"168\">Ancho de banda del backplane<\/td>\n<td>\u00a0128G<\/td>\n<\/tr>\n<tr>\n<td width=\"168\">Tabla de direcciones MAC<\/td>\n<td>\u00a032K<\/td>\n<\/tr>\n<tr>\n<td width=\"168\">Interfaz de enlace ascendente<\/td>\n<td>\u00a04 puertos \u00f3pticos SFP Gigabit de enlace ascendente + 4 puertos Combo Gigabit de multiplexaci\u00f3n fotoel\u00e9ctrica de enlace ascendente<\/td>\n<\/tr>\n<tr>\n<td width=\"168\">Interfaz PON<\/td>\n<td>\u00a08 interfaces SC PON<\/td>\n<\/tr>\n<tr>\n<td width=\"168\">Interfaz de gesti\u00f3n<\/td>\n<td>\u00a0SNMP, TELNET, gesti\u00f3n en banda, gesti\u00f3n fuera de banda<\/td>\n<\/tr>\n<tr>\n<td width=\"168\">MTBF<\/td>\n<td>\u00a0100.000 horas<\/td>\n<\/tr>\n<tr>\n<td width=\"168\">Funciones EPON<\/td>\n<td width=\"563\">IEEE802.3ah<br \/>\nAdmite la supervisi\u00f3n del ancho de banda del enlace y la detecci\u00f3n de bucles<br \/>\nAdmite un ancho de banda sim\u00e9trico ascendente y descendente de 1,25 Gbps<br \/>\nAdmite cifrado AES-128 para cada enlace l\u00f3gico<br \/>\nPotente funci\u00f3n OAM, realiza la gesti\u00f3n remota, protecci\u00f3n y actualizaci\u00f3n de ONU, soporta el reinicio remoto de ONU, restaura la configuraci\u00f3n de f\u00e1brica, etc.<br \/>\nAdmite la detecci\u00f3n y el registro autom\u00e1ticos de la ONU (plug and play)<br \/>\nSoporta potencia luminosa de puerto PON, acepta detecci\u00f3n de potencia \u00f3ptica<\/td>\n<\/tr>\n<tr>\n<td width=\"168\">acuerdo de apoyo<\/td>\n<td>Soporta IEEE802.3, IEEE802.3u, IEEE802.3ab,Soporta IEEE802.1Q VLAN<\/td>\n<\/tr>\n<tr>\n<td>gesti\u00f3n de redes<\/td>\n<td width=\"563\">Interfaz gr\u00e1fica WEB en ingl\u00e9s, sencilla y clara, gesti\u00f3n de red pr\u00e1ctica y f\u00e1cil de manejar<br \/>\nCon funci\u00f3n de gesti\u00f3n de red de conmutaci\u00f3n<\/td>\n<\/tr>\n<tr>\n<td width=\"168\">Admite la funci\u00f3n de agregaci\u00f3n de enlaces<\/td>\n<td width=\"563\">Admite 4KVLAN<br \/>\nAdmite VLAN basada en puertos<br \/>\nApoyo a QINQ<br \/>\nDetecci\u00f3n de bucle<br \/>\nSoporta interfaz de l\u00ednea de comandos (CLI) puerto CONSOLE, configuraci\u00f3n TELNET<br \/>\nPuede comprobar intuitivamente si el gato \u00f3ptico ONU est\u00e1 en l\u00ednea<\/td>\n<\/tr>\n<tr>\n<td width=\"168\">otras funciones<\/td>\n<td width=\"563\">Soporta el protocolo IGMPv1\/v2<br \/>\nSoporta IGMP Snooping<br \/>\nAdmite la configuraci\u00f3n por lotes de ONU<br \/>\nFuente de alimentaci\u00f3n: AC110-240V fuente de alimentaci\u00f3n incorporada (fuente de alimentaci\u00f3n simple y doble opcional)<br \/>\nConsumo de energ\u00eda: 38W<br \/>\nTemperatura de trabajo: -10~55\u2103<br \/>\nTemperatura de almacenamiento: -40~70\u2103<br \/>\nTama\u00f1o: 44*26*4,4 cm (largo*ancho*alto)<\/td>\n<\/tr>\n<\/tbody>\n<\/table>\n<p>&nbsp;<\/p>","protected":false},"excerpt":{"rendered":"<ul>\n<li>Log\u00edstica eficaz:Disfrute de un servicio de entrega estable y fiable con garant\u00eda de calidad.<\/li>\n<li>Potencia \u00f3ptica: la potencia \u00f3ptica de 7-9 dB garantiza una transmisi\u00f3n fiable hasta 20 km.<\/li>\n<li>Gran capacidad de usuarios: admite 8 PON y 512ONU, lo que permite un despliegue a gran escala.<\/li>\n<li>Plug and Play:No necesita configuraci\u00f3n; instalaci\u00f3n sin problemas para redes FTTH\/FTTB\/FTTZ.<\/li>\n<li>Alta compatibilidad:Compatible con una amplia gama de marcas como Huawei, ZTE,VSOL...<\/li>\n<\/ul>","protected":false},"featured_media":16799,"comment_status":"open","ping_status":"closed","template":"","meta":[],"product_brand":[],"product_cat":[361],"product_tag":[569,206],"class_list":{"0":"post-16797","1":"product","2":"type-product","3":"status-publish","4":"has-post-thumbnail","6":"product_cat-epon-olt","7":"product_tag-4ge-epon-olt","8":"product_tag-epon-olt","10":"first","11":"instock","12":"shipping-taxable","13":"purchasable","14":"product-type-variable","15":"has-default-attributes"},"_links":{"self":[{"href":"https:\/\/www.luleey.com\/es\/wp-json\/wp\/v2\/product\/16797","targetHints":{"allow":["GET"]}}],"collection":[{"href":"https:\/\/www.luleey.com\/es\/wp-json\/wp\/v2\/product"}],"about":[{"href":"https:\/\/www.luleey.com\/es\/wp-json\/wp\/v2\/types\/product"}],"replies":[{"embeddable":true,"href":"https:\/\/www.luleey.com\/es\/wp-json\/wp\/v2\/comments?post=16797"}],"wp:featuredmedia":[{"embeddable":true,"href":"https:\/\/www.luleey.com\/es\/wp-json\/wp\/v2\/media\/16799"}],"wp:attachment":[{"href":"https:\/\/www.luleey.com\/es\/wp-json\/wp\/v2\/media?parent=16797"}],"wp:term":[{"taxonomy":"product_brand","embeddable":true,"href":"https:\/\/www.luleey.com\/es\/wp-json\/wp\/v2\/product_brand?post=16797"},{"taxonomy":"product_cat","embeddable":true,"href":"https:\/\/www.luleey.com\/es\/wp-json\/wp\/v2\/product_cat?post=16797"},{"taxonomy":"product_tag","embeddable":true,"href":"https:\/\/www.luleey.com\/es\/wp-json\/wp\/v2\/product_tag?post=16797"}],"curies":[{"name":"wp","href":"https:\/\/api.w.org\/{rel}","templated":true}]}}