{"id":17396,"date":"2025-02-09T23:06:40","date_gmt":"2025-02-09T15:06:40","guid":{"rendered":"https:\/\/www.luleey.com\/?post_type=product&#038;p=17396"},"modified":"2025-03-20T14:14:57","modified_gmt":"2025-03-20T06:14:57","slug":"2-epon-olt-ll-epl202","status":"publish","type":"product","link":"https:\/\/www.luleey.com\/es\/producto\/2-epon-olt-ll-epl202\/","title":{"rendered":"2 EPON OLT, LL-EPL202"},"content":{"rendered":"<div>\n<h3>Caracter\u00edsticas<\/h3>\n<\/div>\n<ol>\n<li>Compatible con ONU multimarca, como HUAWEI, ZTE, VSOL...<\/li>\n<li>1 puerto, m\u00e1x. 128 ONU, 2 puertos, m\u00e1x. 256 ONU<\/li>\n<li>Ventilador de refrigeraci\u00f3n incorporado, mejor disipaci\u00f3n del calor con carcasa met\u00e1lica<\/li>\n<li>Totalmente compatible con el protocolo IEEE802.3ah<\/li>\n<li>Admite la asignaci\u00f3n din\u00e1mica de ancho de banda (DBA); la granularidad m\u00ednima de ajuste es de 1 Kbps.<\/li>\n<li>Admite un ancho de banda sim\u00e9trico ascendente y descendente de 1 Gbps<\/li>\n<li>Admite cifrado AES-128 para cada enlace l\u00f3gico<\/li>\n<li>Potente funci\u00f3n OAM para realizar la gesti\u00f3n, el mantenimiento y la actualizaci\u00f3n remotos de la ONU<\/li>\n<li>Admite la detecci\u00f3n y el registro autom\u00e1ticos de la ONU (plug and play)<\/li>\n<\/ol>\n<div>\n<h3>Especificaci\u00f3n<\/h3>\n<div>\n<div align=\"start\">\n<ul>\n<li>Nombre del producto:2 EPON OLT<\/li>\n<li>Marca: LuLeey<\/li>\n<li>Modelo:LL-EPL202<\/li>\n<li><strong>Longitud de onda de trabajo:<\/strong>1310 (RX)\/1490 (TX)<\/li>\n<li><strong>Potencia \u00f3ptica:<\/strong>+2,5~ +7dBm<\/li>\n<li><strong>Sensibilidad de recepci\u00f3n<\/strong>: -27dBm<\/li>\n<li><strong>Distancia m\u00e1xima de transmisi\u00f3n<\/strong>: 20km<\/li>\n<li><strong>M\u00e1xima relaci\u00f3n de separaci\u00f3n \u00f3ptica<\/strong>: 1:64<\/li>\n<li><strong>Capacidad de la m\u00e1quina<\/strong>soporte de 2 sistemas PON, 256 ONUs<\/li>\n<li>Ancho de banda del backplane: 38G<\/li>\n<li><strong>Tabla de direcciones MAC<\/strong>8K para toda la m\u00e1quina<\/li>\n<li><strong>Interfaz de enlace ascendente<\/strong>2 puertos GE Combo independientes (puerto \u00f3ptico SFP\/puerto el\u00e9ctrico RJ45 multiplexaci\u00f3n e intercambio)<\/li>\n<li><strong>Interfaz PON<\/strong>2 interfaces SC\/PC G-EPON<\/li>\n<li><strong>Interfaz de gesti\u00f3n<\/strong>: WEB, SNMP, TELNET<\/li>\n<li><strong>MTBF<\/strong>: 100.000 horas<\/li>\n<li><strong>Alimentaci\u00f3n<\/strong>: AC220V\/DC-48V (integrado)<\/li>\n<li><strong>Consumo de energ\u00eda<\/strong>: 11W<\/li>\n<li><strong>Temperatura de trabajo<\/strong>: -10\uff5e55\u2103<\/li>\n<li><strong>Temperatura de almacenamiento<\/strong>: -40\uff5e80\u2103<\/li>\n<li><strong>Humedad<\/strong>: 5%\uff5e90% sin condensaci\u00f3n<\/li>\n<li><strong>Tama\u00f1o del marco<\/strong>: 44mm(Alto)\u00d7276mm(Ancho)\u00d7200mm(Fondo)<\/li>\n<\/ul>\n<p><strong>acuerdo de apoyo<\/strong><\/p>\n<ul>\n<li>*Soporta IEEE802.3, IEEE802.3u, IEEE802.3ab<\/li>\n<li>*Compatible con IEEE802.1Q VLAN<\/li>\n<li>*Compatible con IEEE 802.1P QoS<\/li>\n<li>Gesti\u00f3n de red: Gesti\u00f3n local del puerto serie basada en CLI y gesti\u00f3n remota mediante GUI<\/li>\n<\/ul>\n<p><strong>otras funciones<\/strong><\/p>\n<ul>\n<li>*Soporta el protocolo IGMPv1\/v2, soporta IGMP Snooping e IGMP Proxy<\/li>\n<li>*Compatible con la configuraci\u00f3n por lotes y la actualizaci\u00f3n remota de ONU<\/li>\n<li>*Detecci\u00f3n de alarmas en tiempo real, localizaci\u00f3n precisa de aver\u00edas<\/li>\n<li>*Soporta el env\u00edo de informaci\u00f3n de alarma al buz\u00f3n de correo, soporta alarma SMS<\/li>\n<\/ul>\n<p>&nbsp;<\/p>\n<\/div>\n<\/div>\n<div><\/div>\n<\/div>","protected":false},"excerpt":{"rendered":"<ul>\n<li>2 PON EPON OLT, m\u00e1x. 256 ONU<\/li>\n<li>Marca ONU desbloqueada<\/li>\n<li>Detecci\u00f3n y registro autom\u00e1tico de ONU, plug and play<\/li>\n<\/ul>","protected":false},"featured_media":17399,"comment_status":"open","ping_status":"closed","template":"","meta":[],"product_brand":[],"product_cat":[361],"product_tag":[206],"class_list":{"0":"post-17396","1":"product","2":"type-product","3":"status-publish","4":"has-post-thumbnail","6":"product_cat-epon-olt","7":"product_tag-epon-olt","9":"first","10":"instock","11":"shipping-taxable","12":"purchasable","13":"product-type-variable","14":"has-default-attributes"},"_links":{"self":[{"href":"https:\/\/www.luleey.com\/es\/wp-json\/wp\/v2\/product\/17396","targetHints":{"allow":["GET"]}}],"collection":[{"href":"https:\/\/www.luleey.com\/es\/wp-json\/wp\/v2\/product"}],"about":[{"href":"https:\/\/www.luleey.com\/es\/wp-json\/wp\/v2\/types\/product"}],"replies":[{"embeddable":true,"href":"https:\/\/www.luleey.com\/es\/wp-json\/wp\/v2\/comments?post=17396"}],"wp:featuredmedia":[{"embeddable":true,"href":"https:\/\/www.luleey.com\/es\/wp-json\/wp\/v2\/media\/17399"}],"wp:attachment":[{"href":"https:\/\/www.luleey.com\/es\/wp-json\/wp\/v2\/media?parent=17396"}],"wp:term":[{"taxonomy":"product_brand","embeddable":true,"href":"https:\/\/www.luleey.com\/es\/wp-json\/wp\/v2\/product_brand?post=17396"},{"taxonomy":"product_cat","embeddable":true,"href":"https:\/\/www.luleey.com\/es\/wp-json\/wp\/v2\/product_cat?post=17396"},{"taxonomy":"product_tag","embeddable":true,"href":"https:\/\/www.luleey.com\/es\/wp-json\/wp\/v2\/product_tag?post=17396"}],"curies":[{"name":"wp","href":"https:\/\/api.w.org\/{rel}","templated":true}]}}