{"id":17448,"date":"2025-02-12T20:26:29","date_gmt":"2025-02-12T12:26:29","guid":{"rendered":"https:\/\/www.luleey.com\/?post_type=product&#038;p=17448"},"modified":"2025-03-20T14:14:48","modified_gmt":"2025-03-20T06:14:48","slug":"24-port-100m-epon-onu-poe-onu","status":"publish","type":"product","link":"https:\/\/www.luleey.com\/es\/producto\/24-port-100m-epon-onu-poe-onu\/","title":{"rendered":"24 puertos 100M EPON ONU, PoE ONU"},"content":{"rendered":"<h3>Caracter\u00edsticas<\/h3>\n<ol>\n<li>Totalmente compatible con IEEE802.3ah y admite la asignaci\u00f3n din\u00e1mica de ancho de banda (DBA).Admite la detecci\u00f3n y el registro autom\u00e1ticos de ONU (plug-and-play) sin necesidad de configuraci\u00f3n in situ,F\u00e1cil de instalar y mantener.<\/li>\n<li>Puerto autodetectable 10\/100Mbit\/s, conforme a las especificaciones t\u00e9cnicas EPON,Las velocidades de subida y bajada son de hasta 1,25 Gbps, y la distancia de transmisi\u00f3n entre la OLT y la ONU es de hasta 20 km,Se pueden aprovechar mejor las ventajas del acceso por fibra \u00f3ptica.<\/li>\n<li>La carcasa de hierro tiene una fuerte disipaci\u00f3n de calor y puede asegurar el 24 Port 100M EPON ONU, PoE ONU en un entorno de buena ventilaci\u00f3n y disipaci\u00f3n de calor.<br \/>\nFuncionamiento ininterrumpido 24 horas, prolongando la vida \u00fatil del producto,Puede trabajar a una temperatura baja de -10 ~55\u00b0C.<\/li>\n<\/ol>\n<h3>Especificaci\u00f3n<\/h3>\n<table style=\"width: 82.1855%; height: 360px;\" width=\"790\">\n<tbody>\n<tr style=\"height: 24px;\">\n<td style=\"height: 24px; width: 28.9673%;\" width=\"229\">Modelo<\/td>\n<td style=\"height: 24px; width: 70.0252%;\" width=\"561\">ONU-EP-24EF-POE<\/td>\n<\/tr>\n<tr style=\"height: 24px;\">\n<td style=\"height: 24px; width: 28.9673%;\">Marca<\/td>\n<td style=\"height: 24px; width: 70.0252%;\">LuLeey<\/td>\n<\/tr>\n<tr style=\"height: 24px;\">\n<td style=\"height: 24px; width: 28.9673%;\">Nombre del producto<\/td>\n<td style=\"height: 24px; width: 70.0252%;\">24 puertos 100M EPON PoE ONU<\/td>\n<\/tr>\n<tr style=\"height: 24px;\">\n<td style=\"height: 24px; width: 28.9673%;\">Alimentaci\u00f3n<\/td>\n<td style=\"height: 24px; width: 70.0252%;\">\u00a0DC48V<\/td>\n<\/tr>\n<tr style=\"height: 24px;\">\n<td style=\"height: 24px; width: 28.9673%;\">Temperatura de trabajo<\/td>\n<td style=\"height: 24px; width: 70.0252%;\">\u00a0-10~55 grados Celsius<\/td>\n<\/tr>\n<tr style=\"height: 24px;\">\n<td style=\"height: 24px; width: 28.9673%;\">Temperatura de almacenamiento<\/td>\n<td style=\"height: 24px; width: 70.0252%;\">\u00a0-40~85 grados Celsius<\/td>\n<\/tr>\n<tr style=\"height: 24px;\">\n<td style=\"height: 24px; width: 28.9673%;\">Espacio intermedio<\/td>\n<td style=\"height: 24px; width: 70.0252%;\">3MB<\/td>\n<\/tr>\n<tr style=\"height: 24px;\">\n<td style=\"height: 24px; width: 28.9673%;\">Tipo de interfaz PON<\/td>\n<td style=\"height: 24px; width: 70.0252%;\">\u00a0SC\/UPC<\/td>\n<\/tr>\n<tr style=\"height: 24px;\">\n<td style=\"height: 24px; width: 28.9673%;\">Longitud de onda de trabajo<\/td>\n<td style=\"height: 24px; width: 70.0252%;\">\u00a01310TX\/1490RX<\/td>\n<\/tr>\n<tr style=\"height: 24px;\">\n<td style=\"height: 24px; width: 28.9673%;\">Sensibilidad del receptor<\/td>\n<td style=\"height: 24px; width: 70.0252%;\">-27 dBm<\/td>\n<\/tr>\n<tr style=\"height: 24px;\">\n<td style=\"height: 24px; width: 28.9673%;\">GPON\/EPON<\/td>\n<td style=\"height: 24px; width: 70.0252%;\">EPON ONU<\/td>\n<\/tr>\n<tr style=\"height: 24px;\">\n<td style=\"height: 24px; width: 28.9673%;\">Potencia \u00f3ptica<\/td>\n<td style=\"height: 24px; width: 70.0252%;\">0 dBm a +4 dBm<\/td>\n<\/tr>\n<tr style=\"height: 24px;\">\n<td style=\"height: 24px; width: 28.9673%;\">Gesti\u00f3n<\/td>\n<td style=\"height: 24px; width: 70.0252%;\">Gesti\u00f3n de OLT<\/td>\n<\/tr>\n<tr style=\"height: 48px;\">\n<td style=\"height: 48px; width: 28.9673%;\">Admite normas de protocolo<\/td>\n<td style=\"height: 48px; width: 70.0252%;\">IEEE802.3, IEEE802.3U e IEEE 802.3ab<br \/>\nIGMP Snooping V2, IEEE802.1Q VLAN, IEEE802.1p QoS<\/td>\n<\/tr>\n<tr>\n<td style=\"width: 28.9673%;\">Tama\u00f1o del producto<\/td>\n<td style=\"width: 70.0252%;\">440 x 210 x 44 mm<\/td>\n<\/tr>\n<tr>\n<td style=\"width: 28.9673%;\">POE<\/td>\n<td style=\"width: 70.0252%;\">IEEE802.3af 15,4W,IEEE802.3at 30W,<br \/>\nIdentificaci\u00f3n autom\u00e1tica de los equipos alimentados, alimentaci\u00f3n autom\u00e1tica y fallo de alimentaci\u00f3n<\/td>\n<\/tr>\n<\/tbody>\n<\/table>","protected":false},"excerpt":{"rendered":"<ol start=\"1\">\n<li><strong>ONU EPON de alta velocidad de 24 puertos y 100M, conformidad con PoE ONU<\/strong>: Admite IEEE802.3ah, asignaci\u00f3n din\u00e1mica de ancho de banda (DBA) y ofrece velocidades de 1,25 Gbps con un alcance de 20 km, maximizando el rendimiento de la fibra \u00f3ptica.<\/li>\n<li><strong>Dise\u00f1o duradero y eficiente<\/strong>: La carcasa de hierro garantiza una disipaci\u00f3n t\u00e9rmica superior, un funcionamiento ininterrumpido y un rendimiento estable a temperaturas de entre -10 \u00b0C y 55 \u00b0C.<\/li>\n<li><strong>Plug and Play y gesti\u00f3n avanzada<\/strong>: Cuenta con detecci\u00f3n autom\u00e1tica de ONU, gesti\u00f3n web y admite VLAN, QoS e IGMP Snooping para facilitar la instalaci\u00f3n y la optimizaci\u00f3n de la red.<\/li>\n<\/ol>","protected":false},"featured_media":17403,"comment_status":"open","ping_status":"closed","template":"","meta":[],"product_brand":[],"product_cat":[291],"product_tag":[945,944,292],"class_list":{"0":"post-17448","1":"product","2":"type-product","3":"status-publish","4":"has-post-thumbnail","6":"product_cat-poe-gpon-epon-onu","7":"product_tag-24-port-onu","8":"product_tag-epon-onu","9":"product_tag-poe-onu","11":"first","12":"instock","13":"shipping-taxable","14":"purchasable","15":"product-type-variable","16":"has-default-attributes"},"_links":{"self":[{"href":"https:\/\/www.luleey.com\/es\/wp-json\/wp\/v2\/product\/17448","targetHints":{"allow":["GET"]}}],"collection":[{"href":"https:\/\/www.luleey.com\/es\/wp-json\/wp\/v2\/product"}],"about":[{"href":"https:\/\/www.luleey.com\/es\/wp-json\/wp\/v2\/types\/product"}],"replies":[{"embeddable":true,"href":"https:\/\/www.luleey.com\/es\/wp-json\/wp\/v2\/comments?post=17448"}],"wp:featuredmedia":[{"embeddable":true,"href":"https:\/\/www.luleey.com\/es\/wp-json\/wp\/v2\/media\/17403"}],"wp:attachment":[{"href":"https:\/\/www.luleey.com\/es\/wp-json\/wp\/v2\/media?parent=17448"}],"wp:term":[{"taxonomy":"product_brand","embeddable":true,"href":"https:\/\/www.luleey.com\/es\/wp-json\/wp\/v2\/product_brand?post=17448"},{"taxonomy":"product_cat","embeddable":true,"href":"https:\/\/www.luleey.com\/es\/wp-json\/wp\/v2\/product_cat?post=17448"},{"taxonomy":"product_tag","embeddable":true,"href":"https:\/\/www.luleey.com\/es\/wp-json\/wp\/v2\/product_tag?post=17448"}],"curies":[{"name":"wp","href":"https:\/\/api.w.org\/{rel}","templated":true}]}}