{"id":17511,"date":"2025-02-21T21:46:49","date_gmt":"2025-02-21T13:46:49","guid":{"rendered":"https:\/\/www.luleey.com\/?post_type=product&#038;p=17511"},"modified":"2025-06-22T15:19:01","modified_gmt":"2025-06-22T07:19:01","slug":"luleey-10g-sfp-transceiver-10gbase-sr-850nm-300m","status":"publish","type":"product","link":"https:\/\/www.luleey.com\/es\/producto\/luleey-10g-sfp-transceiver-10gbase-sr-850nm-300m\/","title":{"rendered":"LuLeey 10G SFP+ Transceptor 10GBase-SR, 850nm, 300m)"},"content":{"rendered":"<h3>Caracter\u00edsticas<\/h3>\n<ol>\n<li><strong>Transceptor SFP+ 10G<\/strong>\u00a0con\u00a0<strong>10GBase-SR<\/strong>\u00a0para actualizaciones de red 10G sin problemas.<\/li>\n<li>La compatibilidad con m\u00faltiples proveedores (Cisco, Juniper, etc.) garantiza una integraci\u00f3n sin complicaciones.<\/li>\n<li><strong>M\u00f3dulo \u00f3ptico 10G<\/strong>\u00a0dise\u00f1o con durabilidad industrial y bajo consumo de energ\u00eda.<\/li>\n<li>Longitud de onda de 850 nm y alcance de fibra OM3\/OM4 de 300 m para transmisi\u00f3n de datos a alta velocidad.<\/li>\n<li>Rigurosamente probados para cumplir las normas MSA, garantizan la fiabilidad de las redes empresariales.<\/li>\n<li>Acerca de <strong>Marca general<\/strong>: Compatible con Cisco, Ruijie, ZTE, TP-LINK, Hikvision, WLAN, Netgear, Mikrotik, ASUS, Boda, Tenda, Mercury, netLINK, UBIQUITI, Banana Pi<\/li>\n<\/ol>\n<h3>Especificaci\u00f3n<\/h3>\n<table>\n<tbody>\n<tr>\n<td><strong>Nombre del producto<\/strong><\/td>\n<td>Transceptor SFP+ 10G<\/td>\n<\/tr>\n<tr>\n<td><strong>Marca<\/strong><\/td>\n<td>LuLeey<\/td>\n<\/tr>\n<tr>\n<td><strong>Modelo<\/strong><\/td>\n<td>SFP-10G-SR<\/td>\n<\/tr>\n<tr>\n<td><strong>Compatibilidad<\/strong><\/td>\n<td>Cisco, Juniper, HPE, Dell, etc.<\/td>\n<\/tr>\n<tr>\n<td><strong>Longitud de onda<\/strong><\/td>\n<td>850nm<\/td>\n<\/tr>\n<tr>\n<td><strong>Transmisi\u00f3n<\/strong><\/td>\n<td>Hasta 300 m (fibra OM3\/OM4)<\/td>\n<\/tr>\n<tr>\n<td><strong>Interfaz<\/strong><\/td>\n<td>LC d\u00faplex<\/td>\n<\/tr>\n<tr>\n<td><strong>Temperatura<\/strong><\/td>\n<td>0\u00b0C a 70\u00b0C (en funcionamiento)<\/td>\n<\/tr>\n<tr>\n<td><strong>Certificaci\u00f3n<\/strong><\/td>\n<td>MSA, RoHS, FCC<\/td>\n<\/tr>\n<tr>\n<td><strong>Origen<\/strong><\/td>\n<td>China continental<\/td>\n<\/tr>\n<\/tbody>\n<\/table>","protected":false},"excerpt":{"rendered":"<ul>\n<li><strong>Transceptor SFP+ 10G<\/strong>\u00a0con\u00a0<strong>10GBase-SR\uff0cdistancia m\u00e1xima 300 metros<\/strong><\/li>\n<li><strong>Compatibilidad garantizada<\/strong>: Funciona a la perfecci\u00f3n con las principales marcas como Cisco y Juniper.<\/li>\n<li><strong>Rendimiento fiable<\/strong>: Dise\u00f1o conforme a MSA con 3 a\u00f1os de garant\u00eda.<\/li>\n<\/ul>","protected":false},"featured_media":17527,"comment_status":"open","ping_status":"closed","template":"","meta":[],"product_brand":[],"product_cat":[321],"product_tag":[988,979,987],"class_list":{"0":"post-17511","1":"product","2":"type-product","3":"status-publish","4":"has-post-thumbnail","6":"product_cat-sfp-sfp-1g-2-5g-5g-10g","7":"product_tag-10g-optical-module","8":"product_tag-10g-sfp-transceiver","9":"product_tag-10gbase-sr-sfp","11":"first","12":"instock","13":"shipping-taxable","14":"purchasable","15":"product-type-variable","16":"has-default-attributes"},"_links":{"self":[{"href":"https:\/\/www.luleey.com\/es\/wp-json\/wp\/v2\/product\/17511","targetHints":{"allow":["GET"]}}],"collection":[{"href":"https:\/\/www.luleey.com\/es\/wp-json\/wp\/v2\/product"}],"about":[{"href":"https:\/\/www.luleey.com\/es\/wp-json\/wp\/v2\/types\/product"}],"replies":[{"embeddable":true,"href":"https:\/\/www.luleey.com\/es\/wp-json\/wp\/v2\/comments?post=17511"}],"wp:featuredmedia":[{"embeddable":true,"href":"https:\/\/www.luleey.com\/es\/wp-json\/wp\/v2\/media\/17527"}],"wp:attachment":[{"href":"https:\/\/www.luleey.com\/es\/wp-json\/wp\/v2\/media?parent=17511"}],"wp:term":[{"taxonomy":"product_brand","embeddable":true,"href":"https:\/\/www.luleey.com\/es\/wp-json\/wp\/v2\/product_brand?post=17511"},{"taxonomy":"product_cat","embeddable":true,"href":"https:\/\/www.luleey.com\/es\/wp-json\/wp\/v2\/product_cat?post=17511"},{"taxonomy":"product_tag","embeddable":true,"href":"https:\/\/www.luleey.com\/es\/wp-json\/wp\/v2\/product_tag?post=17511"}],"curies":[{"name":"wp","href":"https:\/\/api.w.org\/{rel}","templated":true}]}}