{"id":17686,"date":"2025-03-01T11:10:39","date_gmt":"2025-03-01T03:10:39","guid":{"rendered":"https:\/\/www.luleey.com\/?post_type=product&#038;p=17686"},"modified":"2025-03-20T14:14:31","modified_gmt":"2025-03-20T06:14:31","slug":"fc-apc-rack-mount-splitter-1x8-1x16-1x32-1x64-fiber-optic-splitter","status":"publish","type":"product","link":"https:\/\/www.luleey.com\/es\/producto\/fc-apc-rack-mount-splitter-1x8-1x16-1x32-1x64-fiber-optic-splitter\/","title":{"rendered":"FC APC Divisor de montaje en bastidor, 1\u00d78 1\u00d716 1\u00d732 1\u00d764 Divisor de fibra \u00f3ptica"},"content":{"rendered":"<h3>Caracter\u00edsticas<\/h3>\n<ol>\n<li>Divisor de montaje en bastidor APC FC de alta densidad: el dise\u00f1o de bastidor 1U \/2U admite hasta 2-64 puertos para una distribuci\u00f3n de fibra eficiente en t\u00e9rminos de espacio.<\/li>\n<li>Amplia compatibilidad de longitud de onda: funciona con 1260 nm~1650 nm para aplicaciones GPON, XGS-PON, monitorizaci\u00f3n de seguridad, fibra hasta el hogar y CATV.<\/li>\n<li><strong>P\u00e9rdida de inserci\u00f3n ultrabaja<\/strong> - garantiza la m\u00e1xima integridad de la se\u00f1al en redes de larga distancia.<\/li>\n<li>Instalaci\u00f3n Plug-and-Play: conectores FC APC preinstalados para una r\u00e1pida implantaci\u00f3n en centros de datos o redes FTTH.<\/li>\n<\/ol>\n<h3>Especificaci\u00f3n<\/h3>\n<table style=\"width: 40.3273%; height: 192px;\">\n<tbody>\n<tr style=\"height: 24px;\">\n<td style=\"height: 24px; width: 51.0471%;\"><strong>Nombre del producto<\/strong><\/td>\n<td style=\"height: 24px; width: 85.7094%;\">Divisor de montaje en bastidor APC FC<\/td>\n<\/tr>\n<tr style=\"height: 24px;\">\n<td style=\"height: 24px; width: 51.0471%;\"><strong>Marca<\/strong><\/td>\n<td style=\"height: 24px; width: 85.7094%;\">LuLeey<\/td>\n<\/tr>\n<tr style=\"height: 24px;\">\n<td style=\"height: 24px; width: 51.0471%;\"><strong>Ratio de divisi\u00f3n<\/strong><\/td>\n<td style=\"height: 24px; width: 85.7094%;\">1\u00d72 1\u00d74 1\u00d78 1\u00d716 1\u00d732 1\u00d764<\/td>\n<\/tr>\n<tr style=\"height: 24px;\">\n<td style=\"height: 24px; width: 51.0471%;\"><strong>Longitud de onda<\/strong><\/td>\n<td style=\"height: 24px; width: 85.7094%;\">1260nm~1650nm<\/td>\n<\/tr>\n<tr>\n<td style=\"width: 51.0471%;\"><strong>P\u00e9rdida de inserci\u00f3n<\/strong><\/td>\n<td style=\"width: 85.7094%;\">\u22640,3dB<\/td>\n<\/tr>\n<tr>\n<td style=\"width: 51.0471%;\"><strong>P\u00e9rdida de retorno<\/strong><\/td>\n<td style=\"width: 85.7094%;\">\u226550dB<\/td>\n<\/tr>\n<tr style=\"height: 24px;\">\n<td style=\"height: 24px; width: 51.0471%;\"><strong>Tipo de conector<\/strong><\/td>\n<td style=\"height: 24px; width: 85.7094%;\">FC APC (Polaco angular)<\/td>\n<\/tr>\n<tr>\n<td style=\"width: 51.0471%;\">Temperatura de funcionamiento<strong><br \/>\n<\/strong><\/td>\n<td style=\"width: 85.7094%;\">-40 ~ 80\u2103<\/td>\n<\/tr>\n<tr>\n<td style=\"width: 51.0471%;\"><strong>Talla<\/strong><\/td>\n<td style=\"width: 85.7094%;\">430*200*43mm<\/p>\n<p>430*200*85mm(1 x 64)<\/td>\n<\/tr>\n<tr>\n<td style=\"width: 51.0471%;\">Materiales<strong><br \/>\n<\/strong><\/td>\n<td style=\"width: 85.7094%;\">Chapa de acero laminada en fr\u00edo de 1,0 mm<\/td>\n<\/tr>\n<tr style=\"height: 24px;\">\n<td style=\"height: 24px; width: 51.0471%;\"><strong>Altura de la estanter\u00eda<\/strong><\/td>\n<td style=\"height: 24px; width: 85.7094%;\">1U \/ 2U(1 x 64)<\/td>\n<\/tr>\n<tr style=\"height: 24px;\">\n<td style=\"height: 24px; width: 51.0471%;\"><strong>Origen<\/strong><\/td>\n<td style=\"height: 24px; width: 85.7094%;\">China continental<\/td>\n<\/tr>\n<\/tbody>\n<\/table>","protected":false},"excerpt":{"rendered":"<ul>\n<li><strong>Dise\u00f1o compacto<\/strong> - Divisor de montaje en bastidor FC APC Montaje en bastidor 1U\/2U para distribuci\u00f3n de fibra de alta densidad.<\/li>\n<li class=\"a-spacing-mini\"><span class=\"a-list-item\"><strong>Espesor de la placa 1,0 mm<\/strong>- Chapa laminada en fr\u00edo engrosada y reforzada, robusta y estableRecubrimiento resistente a la corrosi\u00f3n, larga vida \u00fatil.<\/span><\/li>\n<\/ul>","protected":false},"featured_media":17671,"comment_status":"open","ping_status":"closed","template":"","meta":[],"product_brand":[],"product_cat":[366],"product_tag":[1003,1001,1002],"class_list":{"0":"post-17686","1":"product","2":"type-product","3":"status-publish","4":"has-post-thumbnail","6":"product_cat-optical-splitters-and-splitter-box","7":"product_tag-fc-apc-rack-mount-splitter","8":"product_tag-fiber-optic-splitter-1x8","9":"product_tag-high-density-fiber-splitter","11":"first","12":"instock","13":"shipping-taxable","14":"purchasable","15":"product-type-variable","16":"has-default-attributes"},"_links":{"self":[{"href":"https:\/\/www.luleey.com\/es\/wp-json\/wp\/v2\/product\/17686","targetHints":{"allow":["GET"]}}],"collection":[{"href":"https:\/\/www.luleey.com\/es\/wp-json\/wp\/v2\/product"}],"about":[{"href":"https:\/\/www.luleey.com\/es\/wp-json\/wp\/v2\/types\/product"}],"replies":[{"embeddable":true,"href":"https:\/\/www.luleey.com\/es\/wp-json\/wp\/v2\/comments?post=17686"}],"wp:featuredmedia":[{"embeddable":true,"href":"https:\/\/www.luleey.com\/es\/wp-json\/wp\/v2\/media\/17671"}],"wp:attachment":[{"href":"https:\/\/www.luleey.com\/es\/wp-json\/wp\/v2\/media?parent=17686"}],"wp:term":[{"taxonomy":"product_brand","embeddable":true,"href":"https:\/\/www.luleey.com\/es\/wp-json\/wp\/v2\/product_brand?post=17686"},{"taxonomy":"product_cat","embeddable":true,"href":"https:\/\/www.luleey.com\/es\/wp-json\/wp\/v2\/product_cat?post=17686"},{"taxonomy":"product_tag","embeddable":true,"href":"https:\/\/www.luleey.com\/es\/wp-json\/wp\/v2\/product_tag?post=17686"}],"curies":[{"name":"wp","href":"https:\/\/api.w.org\/{rel}","templated":true}]}}