{"id":17840,"date":"2025-04-02T10:28:19","date_gmt":"2025-04-02T02:28:19","guid":{"rendered":"https:\/\/www.luleey.com\/?post_type=product&#038;p=17840"},"modified":"2025-04-02T14:36:38","modified_gmt":"2025-04-02T06:36:38","slug":"ll-xg3gw3000f-2-5g-rj45-3ge-xgpon-onu-wifi6-ax3000-quadband","status":"publish","type":"product","link":"https:\/\/www.luleey.com\/es\/producto\/ll-xg3gw3000f-2-5g-rj45-3ge-xgpon-onu-wifi6-ax3000-quadband\/","title":{"rendered":"LL-XG3GW3000D, 2,5G RJ45, 3GE XGPON ONU, WIFI6 AX3000, Doble banda"},"content":{"rendered":"<h3>Caracter\u00edsticas<\/h3>\n<ol>\n<li>Trabaja para XGPON, velocidades de transmisi\u00f3n asim\u00e9tricas. La velocidad m\u00e1xima de l\u00ednea descendente es de 9,953 Gbit\/s, y la de l\u00ednea ascendente, de 2,488 Gbit\/s.<\/li>\n<li>Soporta banda dual 2.4G y 5G.<\/li>\n<li>Admite la detecci\u00f3n autom\u00e1tica de ONU<\/li>\n<li>Soporta IGMP<\/li>\n<li>Admite los modos Ruta o Puente<\/li>\n<li>Soporta PPPoE\/DHCP<\/li>\n<li>Desbloqueo de la marca OLT<\/li>\n<\/ol>\n<h3>Especificaci\u00f3n<\/h3>\n<table style=\"width: 58.5196%; height: 578px;\">\n<tbody>\n<tr style=\"height: 24px;\">\n<td style=\"height: 24px; width: 28.7532%;\" width=\"229\">Modelo<\/td>\n<td style=\"height: 24px; width: 70.229%;\" width=\"561\">LL-XG3GW3000D<\/td>\n<\/tr>\n<tr style=\"height: 25px;\">\n<td style=\"width: 28.7532%; height: 25px;\">Marca<\/td>\n<td style=\"width: 70.229%; height: 25px;\">LuLeey<\/td>\n<\/tr>\n<tr style=\"height: 24px;\">\n<td style=\"height: 24px; width: 28.7532%;\" width=\"229\">Puertos<\/td>\n<td style=\"height: 24px; width: 70.229%;\" width=\"561\">1 x 2,5GE+3 x GE+2,4G\/5,8G WIFI6 AX3000<\/td>\n<\/tr>\n<tr style=\"height: 24px;\">\n<td style=\"height: 24px; width: 28.7532%;\" width=\"229\">Alimentaci\u00f3n<\/td>\n<td style=\"height: 24px; width: 70.229%;\" width=\"561\">12 V CC, 1,5 A<\/td>\n<\/tr>\n<tr style=\"height: 24px;\">\n<td style=\"height: 24px; width: 28.7532%;\" width=\"229\">Entrada del adaptador de corriente<\/td>\n<td style=\"height: 24px; width: 70.229%;\" width=\"561\">100 - 240 V CA, 50\/60 Hz<\/td>\n<\/tr>\n<tr style=\"height: 24px;\">\n<td style=\"height: 24px; width: 28.7532%;\" width=\"229\">Humedad de funcionamiento<\/td>\n<td style=\"height: 24px; width: 70.229%;\" width=\"561\">5% HR a 95% HR (sin condensaci\u00f3n)<\/td>\n<\/tr>\n<tr style=\"height: 24px;\">\n<td style=\"height: 24px; width: 28.7532%;\" width=\"229\">Consumo est\u00e1tico<\/td>\n<td style=\"height: 24px; width: 70.229%;\" width=\"561\">5 W<\/td>\n<\/tr>\n<tr style=\"height: 24px;\">\n<td style=\"height: 24px; width: 28.7532%;\" width=\"229\">Consumo m\u00e1ximo<\/td>\n<td style=\"height: 24px; width: 70.229%;\" width=\"561\">10W<\/td>\n<\/tr>\n<tr style=\"height: 24px;\">\n<td style=\"height: 24px; width: 28.7532%;\" width=\"229\">Indicadores<\/td>\n<td style=\"height: 24px; width: 70.229%;\" width=\"561\">POWER\/PON\/LOS\/LAN\/USB\/2.4G\/5G\/WPS<\/td>\n<\/tr>\n<tr style=\"height: 25px;\">\n<td style=\"width: 28.7532%; height: 25px;\">Talla<\/td>\n<td style=\"width: 70.229%; height: 25px;\">264*170*55mm<\/td>\n<\/tr>\n<tr style=\"height: 24px;\">\n<td style=\"width: 98.9822%; height: 24px;\" colspan=\"2\"><strong>PON INFORMACI\u00d3N<\/strong><\/td>\n<\/tr>\n<tr class=\"row-16 even\" style=\"height: 24px;\">\n<td class=\"column-1\" style=\"width: 28.7532%; height: 24px;\">Longitud de onda de trabajo<\/td>\n<td class=\"column-2\" style=\"width: 70.229%; height: 24px;\">PON: arriba 1270nm\uff0cabajo 1577nm<\/td>\n<\/tr>\n<tr class=\"row-17 odd\" style=\"height: 24px;\">\n<td class=\"column-1\" style=\"width: 28.7532%; height: 24px;\">TX Valor de potencia \u00f3ptica<\/td>\n<td class=\"column-2\" style=\"width: 70.229%; height: 24px;\">2\uff5e7dbm<\/td>\n<\/tr>\n<tr class=\"row-18 even\" style=\"height: 24px;\">\n<td class=\"column-1\" style=\"width: 28.7532%; height: 24px;\">RX Sensibilidad de potencia \u00f3ptica<\/td>\n<td class=\"column-2\" style=\"width: 70.229%; height: 24px;\">-30dBm<\/td>\n<\/tr>\n<tr class=\"row-19 odd\" style=\"height: 24px;\">\n<td class=\"column-1\" style=\"width: 28.7532%; height: 24px;\">Distancia de transmisi\u00f3n<\/td>\n<td class=\"column-2\" style=\"width: 70.229%; height: 24px;\">0\uff5e20km<\/td>\n<\/tr>\n<tr class=\"row-20 even\" style=\"height: 24px;\">\n<td class=\"column-1\" style=\"width: 28.7532%; height: 24px;\">Velocidad de transmisi\u00f3n<\/td>\n<td class=\"column-2\" style=\"width: 70.229%; height: 24px;\">GPON:Hasta 2,5Gbps\uff1bAbajo 10Gbps<\/td>\n<\/tr>\n<tr style=\"height: 24px;\">\n<td style=\"width: 98.9822%; height: 24px;\" colspan=\"2\"><strong>INFORMACI\u00d3N WIFI<\/strong><\/td>\n<\/tr>\n<tr class=\"row-25 odd\" style=\"height: 24px;\">\n<td class=\"column-1\" style=\"width: 28.7532%; height: 24px;\">Modo de trabajo<\/td>\n<td class=\"column-2\" style=\"width: 70.229%; height: 24px;\">IEEE 802.11 b\/g\/n\/AC\/AX<\/td>\n<\/tr>\n<tr class=\"row-26 even\" style=\"height: 24px;\">\n<td class=\"column-1\" style=\"width: 28.7532%; height: 24px;\">Patr\u00f3n de antena<\/td>\n<td class=\"column-2\" style=\"width: 70.229%; height: 24px;\">Antena externa 2*2T2R<\/td>\n<\/tr>\n<tr class=\"row-27 odd\" style=\"height: 24px;\">\n<td class=\"column-1\" style=\"width: 28.7532%; height: 24px;\">Ganancia de la antena<\/td>\n<td class=\"column-2\" style=\"width: 70.229%; height: 24px;\">5dBi<\/td>\n<\/tr>\n<tr class=\"row-28 even\" style=\"height: 24px;\">\n<td class=\"column-1\" style=\"width: 28.7532%; height: 24px;\">Ancho de banda inal\u00e1mbrico<\/td>\n<td class=\"column-2\" style=\"width: 70.229%; height: 24px;\">Support 20MHz\/40MHz\/80MHz\/160MHz<\/td>\n<\/tr>\n<tr class=\"row-29 odd\" style=\"height: 48px;\">\n<td class=\"column-1\" style=\"width: 28.7532%; height: 48px;\">Tasa de interfaz<\/td>\n<td class=\"column-2\" style=\"width: 70.229%; height: 48px;\">2,4G 574Mbps<br \/>\n5,8G 2402Mbps<\/td>\n<\/tr>\n<tr class=\"row-30 even\" style=\"height: 24px;\">\n<td class=\"column-1\" style=\"width: 28.7532%; height: 24px;\">SSID<\/td>\n<td class=\"column-2\" style=\"width: 70.229%; height: 24px;\">Se admiten hasta 4 transmisiones SSID<\/td>\n<\/tr>\n<\/tbody>\n<\/table>","protected":false},"excerpt":{"rendered":"<p>1 x 2.5GE+3 x GE+2.4G\/5.8G WIFI6 Tecnolog\u00eda AX3000+ XGPON ONU<\/p>\n<p>LL-XG3GW3000D soporta Route PPPoE\/DHCP\/Static IP y modo Bridge.<\/p>\n<p>Detecci\u00f3n autom\u00e1tica de ONU en la red XGPON.<\/p>\n<p>&nbsp;<\/p>","protected":false},"featured_media":17831,"comment_status":"open","ping_status":"closed","template":"","meta":[],"product_brand":[],"product_cat":[341,349],"product_tag":[1015,1011,565],"class_list":{"0":"post-17840","1":"product","2":"type-product","3":"status-publish","4":"has-post-thumbnail","6":"product_cat-wireless-gpon-epon-ont","7":"product_cat-10g-epon-onu-xg-pon-xgs-pon","8":"product_tag-ll-xg3gw3000d","9":"product_tag-wifi6-ax3000","10":"product_tag-xgpon-onu","12":"first","13":"instock","14":"shipping-taxable","15":"purchasable","16":"product-type-variable"},"_links":{"self":[{"href":"https:\/\/www.luleey.com\/es\/wp-json\/wp\/v2\/product\/17840","targetHints":{"allow":["GET"]}}],"collection":[{"href":"https:\/\/www.luleey.com\/es\/wp-json\/wp\/v2\/product"}],"about":[{"href":"https:\/\/www.luleey.com\/es\/wp-json\/wp\/v2\/types\/product"}],"replies":[{"embeddable":true,"href":"https:\/\/www.luleey.com\/es\/wp-json\/wp\/v2\/comments?post=17840"}],"wp:featuredmedia":[{"embeddable":true,"href":"https:\/\/www.luleey.com\/es\/wp-json\/wp\/v2\/media\/17831"}],"wp:attachment":[{"href":"https:\/\/www.luleey.com\/es\/wp-json\/wp\/v2\/media?parent=17840"}],"wp:term":[{"taxonomy":"product_brand","embeddable":true,"href":"https:\/\/www.luleey.com\/es\/wp-json\/wp\/v2\/product_brand?post=17840"},{"taxonomy":"product_cat","embeddable":true,"href":"https:\/\/www.luleey.com\/es\/wp-json\/wp\/v2\/product_cat?post=17840"},{"taxonomy":"product_tag","embeddable":true,"href":"https:\/\/www.luleey.com\/es\/wp-json\/wp\/v2\/product_tag?post=17840"}],"curies":[{"name":"wp","href":"https:\/\/api.w.org\/{rel}","templated":true}]}}