{"id":17866,"date":"2025-04-03T23:46:18","date_gmt":"2025-04-03T15:46:18","guid":{"rendered":"https:\/\/www.luleey.com\/?post_type=product&#038;p=17866"},"modified":"2025-04-09T15:37:09","modified_gmt":"2025-04-09T07:37:09","slug":"mini-sfpmc10g10g-sfp-to-rj45-media-converter-10gbase-t-r-multi-rate-support-compatible-xgs-pon-xgpon-stick","status":"publish","type":"product","link":"https:\/\/www.luleey.com\/es\/producto\/mini-sfpmc10g10g-sfp-to-rj45-media-converter-10gbase-t-r-multi-rate-support-compatible-xgs-pon-xgpon-stick\/","title":{"rendered":"MINI-SFPMC10G10G Conversor de medios SFP+ a RJ45, 10GBase-T\/R Multi-Rate Support, Compatible XGS-PON\/XGPON Stick"},"content":{"rendered":"<h3>Caracter\u00edsticas<\/h3>\n<ol>\n<li>Incorpora un n\u00facleo de alta eficiencia, el chip Marwell 88X3310, suprime las tormentas de difusi\u00f3n, implementa el control de flujo y la comprobaci\u00f3n de errores CRC;<\/li>\n<li>Proporciona 1 puerto \u00f3ptico 10Gb, 1 puerto RJ45<\/li>\n<li>RJ45 Adaptable 100M\/1000M\/10G<\/li>\n<li>Soporta half-duplex y full-duplex<\/li>\n<li>Compatible con IEEE802.3x, IEEE802.3U, EEE802.3ab, IEEE802.3ae, IEEE802.3ak<\/li>\n<li>Soporta longitudes de onda de 850nm, 1310nm, 1550nm, dependiendo del m\u00f3dulo<\/li>\n<li>Admite los modos de transmisi\u00f3n multimodo de doble fibra, monomodo de doble fibra y monomodo de fibra \u00fanica, en funci\u00f3n del m\u00f3dulo<\/li>\n<li>Soporta la configuraci\u00f3n del interruptor DIP<\/li>\n<li>C\u00f3digo de marcaci\u00f3n abreviada Funci\u00f3n de detecci\u00f3n de enlace LFP<\/li>\n<li>Funci\u00f3n ALS de c\u00f3digo de marcaci\u00f3n por una pulsaci\u00f3n (apagado autom\u00e1tico del l\u00e1ser)<\/li>\n<li>C\u00f3digo de conmutaci\u00f3n de una tecla para cambiar entre el modo de paso y el modo de almacenamiento y reenv\u00edo.<\/li>\n<li>Compatible con XGS-PON\/XGPON Stick, como WAS-110\uff0c<em>LTF7225<\/em>-BH+<\/li>\n<\/ol>\n<h3>Especificaci\u00f3n<\/h3>\n<table style=\"width: 85.6301%; height: 480px;\" width=\"834\">\n<tbody>\n<tr style=\"height: 24px;\">\n<td style=\"height: 24px;\">Nombre del producto<\/td>\n<td style=\"height: 24px;\">Convertidor de medios MINI 10G SFP+ a RJ45<\/td>\n<\/tr>\n<tr style=\"height: 24px;\">\n<td style=\"height: 24px;\">Marca<\/td>\n<td style=\"height: 24px;\">LuLeey<\/td>\n<\/tr>\n<tr style=\"height: 24px;\">\n<td style=\"height: 24px;\" width=\"273\">Modelo<\/td>\n<td style=\"height: 24px;\" width=\"561\">MINI-SFPMC10G<\/td>\n<\/tr>\n<tr style=\"height: 24px;\">\n<td style=\"height: 24px;\">Est\u00e1ndar<\/td>\n<td style=\"height: 24px;\">1000Base-T, 2,5GBase-T, 5Gbase-T, 10Gbase-T, 10GBase-R<\/td>\n<\/tr>\n<tr style=\"height: 24px;\">\n<td style=\"height: 24px;\">RJ45 Velocidad<\/td>\n<td style=\"height: 24px;\">1000Base-T,2.5\/5\/10GBase-T Auto<\/td>\n<\/tr>\n<tr style=\"height: 24px;\">\n<td style=\"height: 24px;\">RJ45 Tipo de cable<\/td>\n<td style=\"height: 24px;\">UTP-6e o superior<\/td>\n<\/tr>\n<tr style=\"height: 24px;\">\n<td style=\"height: 24px;\">RJ45 Distancia de transmisi\u00f3n<\/td>\n<td style=\"height: 24px;\">0-~100m<\/td>\n<\/tr>\n<tr style=\"height: 24px;\">\n<td style=\"height: 24px;\">Tipo de puerto \u00f3ptico<\/td>\n<td style=\"height: 24px;\">SFP<\/td>\n<\/tr>\n<tr style=\"height: 24px;\">\n<td style=\"height: 24px;\">Puerto \u00f3ptico Tasa<\/td>\n<td style=\"height: 24px;\">10 Gbps<\/td>\n<\/tr>\n<tr style=\"height: 24px;\">\n<td style=\"height: 24px;\">Puerto \u00f3ptico multimodo<\/td>\n<td style=\"height: 24px;\">50\/125um<\/td>\n<\/tr>\n<tr style=\"height: 24px;\">\n<td style=\"height: 24px;\">Puerto \u00f3ptico monomodo<\/td>\n<td style=\"height: 24px;\">9\/125um<\/td>\n<\/tr>\n<tr style=\"height: 24px;\">\n<td style=\"height: 24px;\">Distancia de transmisi\u00f3n del puerto \u00f3ptico<\/td>\n<td style=\"height: 24px;\">300m~80km<\/td>\n<\/tr>\n<tr style=\"height: 24px;\">\n<td style=\"height: 24px;\">LED<\/td>\n<td style=\"height: 24px;\">PWR, Enlace\/TP, SPD, FX\/Enlace<\/td>\n<\/tr>\n<tr style=\"height: 24px;\">\n<td style=\"height: 24px;\">Tensi\u00f3n de entrada<\/td>\n<td style=\"height: 24px;\">DC12V<\/td>\n<\/tr>\n<tr style=\"height: 24px;\">\n<td style=\"height: 24px;\">Concha<\/td>\n<td style=\"height: 24px;\">c\u00e1scara de hierro<\/td>\n<\/tr>\n<tr style=\"height: 24px;\">\n<td style=\"height: 24px;\">Talla<\/td>\n<td style=\"height: 24px;\">94mm*70mm*26mm<\/td>\n<\/tr>\n<tr style=\"height: 24px;\">\n<td style=\"height: 24px;\">Peso<\/td>\n<td style=\"height: 24px;\">0,32KG<\/td>\n<\/tr>\n<tr style=\"height: 24px;\">\n<td style=\"height: 24px;\">M\u00e9todo de instalaci\u00f3n<\/td>\n<td style=\"height: 24px;\">escritorio<\/td>\n<\/tr>\n<tr style=\"height: 24px;\">\n<td style=\"height: 24px;\">Temperatura de funcionamiento<\/td>\n<td style=\"height: 24px;\">-20~ 60\u00b0C (32 ~ 140\u00b0F)<\/td>\n<\/tr>\n<tr style=\"height: 24px;\">\n<td style=\"height: 24px;\">Humedad relativa del ambiente<\/td>\n<td style=\"height: 24px;\">\u00a05 ~ 90% (sin condensaci\u00f3n)<\/td>\n<\/tr>\n<tr>\n<td>Talla<\/td>\n<td>91*59*20,5 mm<\/td>\n<\/tr>\n<\/tbody>\n<\/table>\n<p>Instrucciones del interruptor DIP<\/p>\n<table style=\"border-collapse: collapse; width: 48.3395%; height: 216px;\">\n<tbody>\n<tr style=\"height: 24px;\">\n<td style=\"width: 8.17343%; height: 24px; text-align: center;\">No<\/td>\n<td style=\"width: 16.6605%; height: 24px; text-align: center;\">Funci\u00f3n<\/td>\n<td style=\"width: 7.87828%; height: 24px; text-align: center;\">Estado<\/td>\n<td style=\"width: 15.6273%; height: 24px; text-align: center;\">Descripci\u00f3n<\/td>\n<\/tr>\n<tr style=\"height: 24px;\">\n<td style=\"width: 8.17343%; height: 48px; text-align: center;\" rowspan=\"2\">1<\/td>\n<td style=\"width: 16.6605%; height: 48px; text-align: center;\" rowspan=\"2\">Funci\u00f3n LFP<\/td>\n<td style=\"width: 7.87828%; height: 24px; text-align: center;\">EN<\/td>\n<td style=\"width: 15.6273%; height: 24px; text-align: center;\">Activar<\/td>\n<\/tr>\n<tr style=\"height: 24px;\">\n<td style=\"width: 7.87828%; height: 24px; text-align: center;\">OFF<\/td>\n<td style=\"width: 15.6273%; height: 24px; text-align: center;\">Desactivar<\/td>\n<\/tr>\n<tr style=\"height: 24px;\">\n<td style=\"width: 8.17343%; height: 48px; text-align: center;\" rowspan=\"2\">2<\/td>\n<td style=\"width: 16.6605%; height: 48px; text-align: center;\" rowspan=\"2\">Funci\u00f3n ALS<\/td>\n<td style=\"width: 7.87828%; height: 24px; text-align: center;\">EN<\/td>\n<td style=\"width: 15.6273%; height: 24px; text-align: center;\">Activar<\/td>\n<\/tr>\n<tr style=\"height: 24px;\">\n<td style=\"width: 7.87828%; height: 24px; text-align: center;\">OFF<\/td>\n<td style=\"width: 15.6273%; height: 24px; text-align: center;\">Desactivar<\/td>\n<\/tr>\n<tr style=\"height: 24px;\">\n<td style=\"width: 8.17343%; height: 48px; text-align: center;\" rowspan=\"2\">3<\/td>\n<td style=\"width: 16.6605%; height: 96px; text-align: center;\" rowspan=\"4\">Modelo de convertidor multimedia<\/td>\n<td style=\"width: 7.87828%; height: 24px; text-align: center;\">3:ON<\/td>\n<td style=\"width: 15.6273%; height: 48px; text-align: center;\" rowspan=\"2\">Modo de paso<\/td>\n<\/tr>\n<tr style=\"height: 24px;\">\n<td style=\"width: 7.87828%; height: 24px; text-align: center;\">4:OFF<\/td>\n<\/tr>\n<tr style=\"height: 24px;\">\n<td style=\"width: 8.17343%; height: 48px; text-align: center;\" rowspan=\"2\">4<\/td>\n<td style=\"width: 7.87828%; height: 24px; text-align: center;\">4:ON<\/td>\n<td style=\"width: 15.6273%; height: 48px; text-align: center;\" rowspan=\"2\">Modo de adaptaci\u00f3n de velocidad<\/td>\n<\/tr>\n<tr style=\"height: 24px;\">\n<td style=\"width: 7.87828%; height: 24px; text-align: center;\">3:OFF<\/td>\n<\/tr>\n<\/tbody>\n<\/table>","protected":false},"excerpt":{"rendered":"<ol>\n<li class=\"serp-title\">Adapta autom\u00e1ticamente las velocidades de cobre\/fibra (100M a 10G) con sencillez plug-and-play.<\/li>\n<li class=\"serp-title\">MINI-SFPMC10G sfp a rj45 10gb, 10G Media Converter Proporcionan un puerto \u00f3ptico de 10 Gigabit, un puerto el\u00e9ctrico adaptable de 10 Gigabit<\/li>\n<li class=\"serp-title\"><span style=\"font-size: 16px;\">El puerto de cobre admite autonegociaci\u00f3n 1000Base-T, 2,5\/5\/10GBase-T<\/span><\/li>\n<li class=\"serp-title\">Control de flujo IEEE802.3x compatible con d\u00faplex completo<\/li>\n<li>Admite control de flujo de contrapresi\u00f3n semid\u00faplex<\/li>\n<li>Longitud de onda de trabajo 850nm, 1310nm, 1550nm opcional<\/li>\n<li>Proporciona m\u00faltiples modos de transmisi\u00f3n de fibra, como multimodo de fibra dual, monomodo de fibra dual y monomodo de fibra simple.<\/li>\n<li>Bajo consumo de energ\u00eda, bajo calor, puede trabajar de forma estable durante mucho tiempo<\/li>\n<li>Tama\u00f1o mini<\/li>\n<li>Plug and play<\/li>\n<\/ol>","protected":false},"featured_media":17868,"comment_status":"open","ping_status":"closed","template":"","meta":[],"product_brand":[],"product_cat":[310],"product_tag":[97,993,994,1023,224,1017,840],"class_list":{"0":"post-17866","1":"product","2":"type-product","3":"status-publish","4":"has-post-thumbnail","6":"product_cat-copper-to-fiber-media-converters","7":"product_tag-10g","8":"product_tag-10g-sfp-to-rj45-converter","9":"product_tag-10gbase-t-media-converter","10":"product_tag-88x3310","11":"product_tag-fiber-converter","12":"product_tag-mini-sfpmc10g","13":"product_tag-sfp-media-converter","15":"first","16":"instock","17":"featured","18":"shipping-taxable","19":"purchasable","20":"product-type-variable","21":"has-default-attributes"},"_links":{"self":[{"href":"https:\/\/www.luleey.com\/es\/wp-json\/wp\/v2\/product\/17866","targetHints":{"allow":["GET"]}}],"collection":[{"href":"https:\/\/www.luleey.com\/es\/wp-json\/wp\/v2\/product"}],"about":[{"href":"https:\/\/www.luleey.com\/es\/wp-json\/wp\/v2\/types\/product"}],"replies":[{"embeddable":true,"href":"https:\/\/www.luleey.com\/es\/wp-json\/wp\/v2\/comments?post=17866"}],"wp:featuredmedia":[{"embeddable":true,"href":"https:\/\/www.luleey.com\/es\/wp-json\/wp\/v2\/media\/17868"}],"wp:attachment":[{"href":"https:\/\/www.luleey.com\/es\/wp-json\/wp\/v2\/media?parent=17866"}],"wp:term":[{"taxonomy":"product_brand","embeddable":true,"href":"https:\/\/www.luleey.com\/es\/wp-json\/wp\/v2\/product_brand?post=17866"},{"taxonomy":"product_cat","embeddable":true,"href":"https:\/\/www.luleey.com\/es\/wp-json\/wp\/v2\/product_cat?post=17866"},{"taxonomy":"product_tag","embeddable":true,"href":"https:\/\/www.luleey.com\/es\/wp-json\/wp\/v2\/product_tag?post=17866"}],"curies":[{"name":"wp","href":"https:\/\/api.w.org\/{rel}","templated":true}]}}