{"id":17957,"date":"2025-04-12T14:58:38","date_gmt":"2025-04-12T06:58:38","guid":{"rendered":"https:\/\/www.luleey.com\/?post_type=product&#038;p=17957"},"modified":"2025-08-02T22:26:40","modified_gmt":"2025-08-02T14:26:40","slug":"4-pon-gpon-olt-ll-gpolt304","status":"publish","type":"product","link":"https:\/\/www.luleey.com\/es\/producto\/4-pon-gpon-olt-ll-gpolt304\/","title":{"rendered":"4 PON GPON OLT, LL-GPOLT-XE-G04"},"content":{"rendered":"<h3><span class=\"fontstyle3\">Caracter\u00edsticas del producto<\/span><\/h3>\n<ul>\n<li><span class=\"fontstyle0\">Montaje en bastidor de 19 pulgadas y 1U de altura, se caracteriza por su peque\u00f1o tama\u00f1o, comodidad y flexibilidad, f\u00e1cil despliegue y alto rendimiento. F\u00e1cil instalaci\u00f3n y mantenimiento, ahorrando<br \/>\nespacio.<\/span><\/li>\n<li><span class=\"fontstyle0\">GPON OLT proporciona 4 puertos GPON SFP\u00a0<\/span><\/li>\n<li><span class=\"fontstyle0\">4 puertos de enlace ascendente 1000M RJ45 y 4*puertos de enlace ascendente 10GE SFP+.<\/span><\/li>\n<li><span class=\"fontstyle0\">Soporta 1:128 relaci\u00f3n de divisi\u00f3n, puede acceder a 512 usuarios ONU al mismo tiempo, desbloqueado marca, el apoyo HUAWEI, ZTE y m\u00e1s marca ONU. <\/span><\/li>\n<li>Admite la detecci\u00f3n autom\u00e1tica y el registro de ONU<\/li>\n<li><span class=\"fontstyle0\">S<\/span><span class=\"fontstyle0\">Soporta diferentes tipos de redes h\u00edbridas ONU, adecuadas para escenarios de triple play, red de v\u00eddeo, LAN corporativa e Internet de las Cosas. <\/span><\/li>\n<li><span class=\"fontstyle0\">Proporcionar soluciones perfectas, inteligentes, potentes, avanzadas y profesionales para proyectos FTTH\/FTTB\/FTTO.<\/span><\/li>\n<\/ul>\n<h3><span class=\"fontstyle3\">Especificaciones<\/span><\/h3>\n<table width=\"630\">\n<tbody>\n<tr>\n<td width=\"408\">Marca<\/td>\n<td width=\"222\">LuLeey<\/td>\n<\/tr>\n<tr>\n<td>Nombre del producto<\/td>\n<td>4 PON GPON OLT, LL-GPOLT-XE-G04<\/td>\n<\/tr>\n<tr>\n<td width=\"408\">Ethernet 10GE<\/td>\n<td width=\"222\">4 x 10GE\/GE SFP<\/td>\n<\/tr>\n<tr>\n<td width=\"408\">GPON<\/td>\n<td width=\"222\">Norma UIT-TG.984.x<\/td>\n<\/tr>\n<tr>\n<td width=\"408\">PUERTO UPLINK RJ45<\/td>\n<td width=\"222\">4 x RJ-45 1000M<\/td>\n<\/tr>\n<tr>\n<td width=\"408\">PUERTO GPON<\/td>\n<td width=\"222\">4 x GPON (2,5\/1,25 Gbps)<\/td>\n<\/tr>\n<tr>\n<td width=\"408\">Consola PUERTO<\/td>\n<td width=\"222\">1 puerto de consola<\/td>\n<\/tr>\n<tr>\n<td width=\"408\">PUERTO MGMT<\/td>\n<td width=\"222\">1 puerto de gesti\u00f3n 1000M<\/td>\n<\/tr>\n<tr>\n<td width=\"408\">Proporci\u00f3n de divisi\u00f3n<\/td>\n<td width=\"222\">1:128<\/td>\n<\/tr>\n<tr>\n<td width=\"408\">Adaptador de corriente<\/td>\n<td width=\"222\">Entrada CA:100 a 240 V CA, 50\/60 Hz; Entrada CC : 36V-75V<\/td>\n<\/tr>\n<tr>\n<td width=\"408\">M\u00e1ximo ONU<\/td>\n<td width=\"222\">512<\/td>\n<\/tr>\n<tr>\n<td width=\"408\">Capacidad de conmutaci\u00f3n<\/td>\n<td width=\"222\">103 Gbps<\/td>\n<\/tr>\n<tr>\n<td width=\"408\">Consumo<\/td>\n<td width=\"222\">\uff1c50 W<\/td>\n<\/tr>\n<tr>\n<td width=\"408\">Dise\u00f1o de redundancia<\/td>\n<td width=\"222\">Doble fuente de alimentaci\u00f3n enchufable, doble CA, doble CC y CA+CC<\/td>\n<\/tr>\n<tr>\n<td width=\"408\">Operaci\u00f3n<\/td>\n<td width=\"222\">temperatura -10 a 70\u00b0C, humedad relativa 10-90% (sin condensaci\u00f3n)<\/td>\n<\/tr>\n<tr>\n<td width=\"408\">Almacenamiento<\/td>\n<td width=\"222\">temperatura 0 a 45\u00b0C, humedad relativa 10-90% (sin condensaci\u00f3n)<\/td>\n<\/tr>\n<tr>\n<td width=\"408\">Dimensiones<\/td>\n<td width=\"222\">440mm\u00d7400mm\u00d7 44mm(Ancho * Fondo * Alto)<\/td>\n<\/tr>\n<tr>\n<td width=\"408\">\u00c1rbol de expansi\u00f3n<\/td>\n<td width=\"222\">IEEE 802.1x STP\/RSTP\/MSTP<br \/>\nDetecci\u00f3n remota de bucle ONU<\/td>\n<\/tr>\n<tr>\n<td width=\"408\">MAC<\/td>\n<td width=\"222\">Agujero negro MAC<br \/>\nL\u00edmite MAC del puerto<br \/>\n16K Direcci\u00f3n MAC<\/td>\n<\/tr>\n<tr>\n<td width=\"408\">Enrutamiento<\/td>\n<td width=\"222\">RIP<br \/>\nOSPF<br \/>\nBGP<\/td>\n<\/tr>\n<tr>\n<td width=\"408\">VLAN<br \/>\nFunciones de conmutaci\u00f3n Ethernet (L2)<\/td>\n<td width=\"222\">4K entradas VLAN<br \/>\nQinQ basada en puertos y QinQ selectiva<br \/>\n(StackVLAN)<br \/>\nVLA basado en puerto\/MAC\/subred IP<\/td>\n<\/tr>\n<tr>\n<td width=\"408\">Puerto<\/td>\n<td width=\"222\">Control bidireccional del ancho de banda<br \/>\nReplicaci\u00f3n de puertos y tr\u00e1fico<\/td>\n<\/tr>\n<tr>\n<td width=\"408\">Multidifusi\u00f3n<\/td>\n<td width=\"222\">IGMPv1\/v2\/v3<br \/>\nIGMP Snooping\/Proxy<br \/>\nFiltrado IGMP<\/td>\n<\/tr>\n<tr>\n<td width=\"408\">Seguridad de los usuarios<br \/>\nElementos de seguridad<\/td>\n<td width=\"222\">El enga\u00f1o anti-ARP-spoofing defiende<br \/>\nControl autom\u00e1tico del ataque de inundaci\u00f3n antiARP-flooding<br \/>\nEnlace IP\uff0cMAC\uff0cpuerto y VLAN<br \/>\nAislamiento portuario<\/td>\n<\/tr>\n<tr>\n<td width=\"408\">QoS<\/td>\n<td width=\"222\">En funci\u00f3n del puerto o de la limitaci\u00f3n de velocidad definida por el usuario<br \/>\nEn funci\u00f3n del puerto o de la etiqueta de prioridad definida por el usuario, proporciona 802.1P, capacidad de etiqueta DSCP de prioridad<br \/>\nProgramaci\u00f3n de colas de alto grado basada en el puerto o definida por el usuario<br \/>\nColas prioritarias y planificador de SP, WRR y SP+WRR.<br \/>\nSistema anticongesti\u00f3n<\/td>\n<\/tr>\n<tr>\n<td width=\"408\">Seguridad de los dispositivos<\/td>\n<td width=\"222\">Defenderse de un ataque DOS<br \/>\nSeguridad IP inicio de sesi\u00f3n a trav\u00e9s de Telnet<br \/>\nGesti\u00f3n jer\u00e1rquica y protecci\u00f3n de usuarios mediante contrase\u00f1a<\/td>\n<\/tr>\n<tr>\n<td width=\"408\">Seguridad de la red<\/td>\n<td width=\"222\">Direcci\u00f3n IP\u3001VLAN ID\u3001Direcci\u00f3n MAC y puerto de enlace manual<br \/>\nRestricci\u00f3n de multidifusi\u00f3n \/difusi\u00f3n por puerto<br \/>\nBasado en direcci\u00f3n MAC origen\/destino,VLAN,802.1p,ToS,DiffServ,origen\/destino<br \/>\nDirecci\u00f3n IP(IPv4\/IPv6), n\u00famero de puerto TCP\/UDP, tipo de protocolo de paquete IP, clasificaci\u00f3n de flujo y flujo.<br \/>\ngesti\u00f3n de regulaci\u00f3n definida,soporte de cabecera de paquete profundidad de 80 bytes filtrado L2-L7 ACLflow<br \/>\nVinculaci\u00f3n din\u00e1mica basada en tablas ARP<br \/>\nDHCP Option82 y PPPoE+ cargan la ubicaci\u00f3n f\u00edsica del usuario<\/td>\n<\/tr>\n<tr>\n<td width=\"408\">Gesti\u00f3n de redes<\/td>\n<td width=\"222\">Interfaz de l\u00ednea de comandos\uff08CLI\uff09, Consola, Telnet y configuraci\u00f3n WEB.<br \/>\nRMON (monitorizaci\u00f3n remota)1\/2\/3\/9 grupos de MIB<br \/>\nConfiguraci\u00f3n del sistema con SNMPv1\/v2\/v3<br \/>\nNTP (Protocolo de tiempo de red)<br \/>\nGesti\u00f3n de red NMS2000<\/td>\n<\/tr>\n<\/tbody>\n<\/table>\n<div class=\"structure-row\">\n<div class=\"col-left\" data-spm-anchor-id=\"a2700.details.0.i25.78ff2908MBBelt\">\n<div class=\"structure-row\"><\/div>\n<\/div>\n<\/div>","protected":false},"excerpt":{"rendered":"<ul>\n<li><span class=\"fontstyle0\">GPON OLT proporciona 4 puertos GPON SFP\u00a0<\/span><\/li>\n<li><span class=\"fontstyle0\">4 puertos de enlace ascendente 1000M RJ45 y 4*puertos de enlace ascendente 10GE SFP+.<\/span><\/li>\n<li><span class=\"fontstyle0\">Soporta 1:128 relaci\u00f3n de divisi\u00f3n, puede acceder a 512 usuarios ONU al mismo tiempo, desbloqueado marca, el apoyo HUAWEI, ZTE y m\u00e1s marca ONU. <\/span><\/li>\n<li>Admite la detecci\u00f3n autom\u00e1tica y el registro de ONU<\/li>\n<\/ul>","protected":false},"featured_media":17960,"comment_status":"open","ping_status":"closed","template":"","meta":[],"product_brand":[],"product_cat":[360],"product_tag":[1025,1024,229,1088,269],"class_list":{"0":"post-17957","1":"product","2":"type-product","3":"status-publish","4":"has-post-thumbnail","6":"product_cat-gpon-olt","7":"product_tag-4-pon","8":"product_tag-gpon-512","9":"product_tag-gpon-olt","10":"product_tag-ll-gpolt-xe-g04","11":"product_tag-olt","13":"first","14":"instock","15":"shipping-taxable","16":"purchasable","17":"product-type-variable","18":"has-default-attributes"},"_links":{"self":[{"href":"https:\/\/www.luleey.com\/es\/wp-json\/wp\/v2\/product\/17957","targetHints":{"allow":["GET"]}}],"collection":[{"href":"https:\/\/www.luleey.com\/es\/wp-json\/wp\/v2\/product"}],"about":[{"href":"https:\/\/www.luleey.com\/es\/wp-json\/wp\/v2\/types\/product"}],"replies":[{"embeddable":true,"href":"https:\/\/www.luleey.com\/es\/wp-json\/wp\/v2\/comments?post=17957"}],"wp:featuredmedia":[{"embeddable":true,"href":"https:\/\/www.luleey.com\/es\/wp-json\/wp\/v2\/media\/17960"}],"wp:attachment":[{"href":"https:\/\/www.luleey.com\/es\/wp-json\/wp\/v2\/media?parent=17957"}],"wp:term":[{"taxonomy":"product_brand","embeddable":true,"href":"https:\/\/www.luleey.com\/es\/wp-json\/wp\/v2\/product_brand?post=17957"},{"taxonomy":"product_cat","embeddable":true,"href":"https:\/\/www.luleey.com\/es\/wp-json\/wp\/v2\/product_cat?post=17957"},{"taxonomy":"product_tag","embeddable":true,"href":"https:\/\/www.luleey.com\/es\/wp-json\/wp\/v2\/product_tag?post=17957"}],"curies":[{"name":"wp","href":"https:\/\/api.w.org\/{rel}","templated":true}]}}