{"id":18754,"date":"2025-08-02T22:17:48","date_gmt":"2025-08-02T14:17:48","guid":{"rendered":"https:\/\/www.luleey.com\/?post_type=product&#038;p=18754"},"modified":"2025-08-02T22:20:44","modified_gmt":"2025-08-02T14:20:44","slug":"2-pon-gpon-oltll-gpolt-xe-g02","status":"publish","type":"product","link":"https:\/\/www.luleey.com\/es\/producto\/2-pon-gpon-oltll-gpolt-xe-g02\/","title":{"rendered":"2 PON GPON OLT,LL-GPOLT-XE-G02"},"content":{"rendered":"<h3>Caracter\u00edsticas<\/h3>\n<ol>\n<li>2 PON GPON OLT m\u00e1x. 256 Clientes<\/li>\n<li>2 * puerto GPON; 2 * 10\/100\/1000M Base-T<\/li>\n<li>2*1000M Base-X SFP\/2*10GE SFP+<\/li>\n<li>Admite reconocimiento autom\u00e1tico, detecci\u00f3n autom\u00e1tica y autorizaci\u00f3n de la ONU<\/li>\n<li>Admite VLAN<\/li>\n<li>Cumple las normas t\u00e9cnicas UIT-T G.984\/G.988, lo que garantiza una s\u00f3lida interoperabilidad.<\/li>\n<li>Ofrece numerosas funciones de conmutaci\u00f3n de Capa 2\/3 y opciones de gesti\u00f3n flexibles.<\/li>\n<li>Admite varios protocolos de redundancia de enlaces, como FlexLink, STP, RSTP, MSTP, ERPS y LACP.<\/li>\n<li>Admite protocolos de enrutamiento como RIP, OSPF, BGP, ISIS e IPv6.<\/li>\n<li>Proporciona alimentaci\u00f3n de reserva redundante.<\/li>\n<li>Admite multidifusi\u00f3n e IGMP snooping<\/li>\n<li>Soporta DBA flexible, control de velocidad de tr\u00e1fico ascendente y descendente.<\/li>\n<li>Software de gesti\u00f3n: CLI\/WEB\/SNMP\/NMS<\/li>\n<li data-spm-anchor-id=\"a2g0o.detail.1000023.i2.745aNgYHNgYHlS\">\u00a0Soporta IGMP Snooping\/proxy, y aislamiento de puertos<\/li>\n<\/ol>\n<div class=\"structure-row\">\n<div class=\"col-left\" data-spm-anchor-id=\"a2700.details.0.i25.78ff2908MBBelt\">\n<div class=\"structure-row\">\n<h3>Especificaci\u00f3n<\/h3>\n<\/div>\n<\/div>\n<div>\n<table width=\"788\">\n<tbody>\n<tr>\n<td width=\"197\">Modelo<\/td>\n<td width=\"591\">LL-GPOLT-XE-G02<\/td>\n<\/tr>\n<tr>\n<td>Lugar de producci\u00f3n<\/td>\n<td>FABRICADO EN CHINA<\/td>\n<\/tr>\n<tr>\n<td rowspan=\"2\" width=\"197\">Puerto<\/td>\n<td width=\"591\">2 * puerto GPON; 2 * 10\/100\/1000M Base-T;<\/td>\n<\/tr>\n<tr>\n<td width=\"591\">2*1000M Base-X SFP\/2*10GE SFP+; fuente de alimentaci\u00f3n doble opcional<\/td>\n<\/tr>\n<tr>\n<td width=\"197\">Capacidad de intercambio<\/td>\n<td width=\"591\">51,5 Gbps<\/td>\n<\/tr>\n<tr>\n<td width=\"197\">Tasa de reenv\u00edo de paquetes<\/td>\n<td width=\"591\">59,7Mpps<\/td>\n<\/tr>\n<tr>\n<td width=\"197\">Memoria y almacenamiento<\/td>\n<td width=\"591\">Memoria: 32MB; Almacenamiento: 512 MB<\/td>\n<\/tr>\n<tr>\n<td width=\"197\">Puerto de gesti\u00f3n<\/td>\n<td width=\"591\">1*Puerto de consola; 1*Puerto de gesti\u00f3n<\/td>\n<\/tr>\n<tr>\n<td rowspan=\"6\" width=\"197\">PON<\/td>\n<td width=\"591\">Cumple las normas UIT-T G.984\/G.988<\/td>\n<\/tr>\n<tr>\n<td width=\"591\">20 km de distancia f\u00edsica diferencial, 60 km de distancia l\u00f3gica<\/td>\n<\/tr>\n<tr>\n<td width=\"591\">Relaci\u00f3n de divisi\u00f3n m\u00e1xima 1:128<\/td>\n<\/tr>\n<tr>\n<td width=\"591\">Funciones est\u00e1ndar de gesti\u00f3n de OMCI<\/td>\n<\/tr>\n<tr>\n<td width=\"591\">Compatible de forma flexible con cualquier marca de ONT<\/td>\n<\/tr>\n<tr>\n<td width=\"591\">Admite actualizaciones de software por lotes para ONUs<\/td>\n<\/tr>\n<tr>\n<td width=\"197\">Ventilador<\/td>\n<td width=\"591\">2* Ventiladores fijos<\/td>\n<\/tr>\n<tr>\n<td rowspan=\"2\" width=\"197\">Potencia<\/td>\n<td width=\"591\">CA: 100\uff5e240V, 47\/63Hz\uff1b<\/td>\n<\/tr>\n<tr>\n<td width=\"591\">CC: 12 V<\/td>\n<\/tr>\n<tr>\n<td width=\"197\">Consumo de energ\u00eda<\/td>\n<td width=\"591\">\u226430W<\/td>\n<\/tr>\n<tr>\n<td width=\"197\">Dimensiones<\/td>\n<td rowspan=\"2\" width=\"591\">265mm*180mm*40mm<\/td>\n<\/tr>\n<tr>\n<td width=\"197\">(AN * PR * AL)<\/td>\n<\/tr>\n<tr>\n<td rowspan=\"2\" width=\"197\">Temperatura ambiente<\/td>\n<td width=\"591\">Temperatura de trabajo\uff1a-10\u2103\uff5e55\u2103<\/td>\n<\/tr>\n<tr>\n<td width=\"591\">Temperatura de perforaci\u00f3n\uff1a-40\u2103\uff5e70\u2103<\/td>\n<\/tr>\n<tr>\n<td rowspan=\"2\" width=\"197\">Entorno Humedad<\/td>\n<td width=\"591\">Humedad de funcionamiento: 10%\uff5e95% (sin condensaci\u00f3n)<\/td>\n<\/tr>\n<tr>\n<td width=\"591\">Humedad de almacenamiento: 10%\uff5e95% (sin condensaci\u00f3n)<\/td>\n<\/tr>\n<tr>\n<td rowspan=\"2\" width=\"197\">VLAN<\/td>\n<td width=\"591\">Admite 4K VLAN 802.1Q<\/td>\n<\/tr>\n<tr>\n<td width=\"591\">Admite la funcionalidad VLAN de doble etiqueta, incluida QinQ est\u00e1tica basada en puertos y QinQ flexible.<\/td>\n<\/tr>\n<tr>\n<td rowspan=\"4\" width=\"197\">MAC<\/td>\n<td width=\"591\">Admite 16.000 entradas de tabla de direcciones MAC<\/td>\n<\/tr>\n<tr>\n<td width=\"591\">Admite la configuraci\u00f3n est\u00e1tica de direcciones MAC<\/td>\n<\/tr>\n<tr>\n<td width=\"591\">Admite el filtrado de direcciones MAC de agujero negro<\/td>\n<\/tr>\n<tr>\n<td width=\"591\">Admite l\u00edmites de direcciones MAC basados en puertos<\/td>\n<\/tr>\n<tr>\n<td rowspan=\"3\" width=\"197\">Protocolo de red en anillo<\/td>\n<td width=\"591\">Soporta STP\/RSTP\/MSTP<\/td>\n<\/tr>\n<tr>\n<td width=\"591\">Compatible con la conmutaci\u00f3n de protecci\u00f3n de anillo Ethernet ERPS<\/td>\n<\/tr>\n<tr>\n<td width=\"591\">Soporta Loopback-detecci\u00f3n de loopback de puerto<\/td>\n<\/tr>\n<tr>\n<td rowspan=\"3\" width=\"197\">Control portuario<\/td>\n<td width=\"591\">Admite control bidireccional del ancho de banda<\/td>\n<\/tr>\n<tr>\n<td width=\"591\">Soporta supresi\u00f3n de tormentas en puertos<\/td>\n<\/tr>\n<tr>\n<td width=\"591\">Admite el reenv\u00edo de tramas ultralargas 9K Jumbo<\/td>\n<\/tr>\n<tr>\n<td rowspan=\"3\" width=\"197\">Agregaci\u00f3n de puertos<\/td>\n<td width=\"591\">Admite agregaci\u00f3n est\u00e1tica de enlaces<\/td>\n<\/tr>\n<tr>\n<td width=\"591\">Soporta LACP din\u00e1mico<\/td>\n<\/tr>\n<tr>\n<td width=\"591\">Cada grupo de agregaci\u00f3n admite un m\u00e1ximo de 8 puertos<\/td>\n<\/tr>\n<tr>\n<td rowspan=\"3\" width=\"197\">ACL<\/td>\n<td width=\"591\">Admite ACL est\u00e1ndar y ampliadas<\/td>\n<\/tr>\n<tr>\n<td width=\"591\">Admite pol\u00edticas ACL basadas en el tiempo (intervalo de tiempo)<\/td>\n<\/tr>\n<tr>\n<td width=\"591\">Proporciona clasificaci\u00f3n y definici\u00f3n de flujos en funci\u00f3n de la informaci\u00f3n del encabezado del paquete IP, como la direcci\u00f3n MAC de origen\/destino, VLAN, 802.1p, ToS, DSCP, direcci\u00f3n IP de origen\/destino, n\u00famero de puerto L4 y tipo de protocolo.<\/td>\n<\/tr>\n<tr>\n<td rowspan=\"5\" width=\"197\">Qos<\/td>\n<td width=\"591\">Admite la funci\u00f3n de limitaci\u00f3n del caudal en funci\u00f3n del flujo empresarial personalizado<\/td>\n<\/tr>\n<tr>\n<td width=\"591\">Admite funciones de duplicaci\u00f3n y redirecci\u00f3n basadas en flujos empresariales personalizados.<\/td>\n<\/tr>\n<tr>\n<td width=\"591\">Soporta marcado de prioridad basado en flujo de servicio personalizado, soporta 802.1P, prioridad DSCP<\/td>\n<\/tr>\n<tr>\n<td width=\"591\">Funci\u00f3n de programaci\u00f3n de prioridad basada en puertos<\/td>\n<\/tr>\n<tr>\n<td width=\"591\">Admite algoritmos de programaci\u00f3n de colas como SP\/WRR\/SP+WRR<\/td>\n<\/tr>\n<tr>\n<td rowspan=\"12\" width=\"197\">Seguridad<\/td>\n<td width=\"591\">Gesti\u00f3n jer\u00e1rquica de usuarios y protecci\u00f3n por contrase\u00f1a<\/td>\n<\/tr>\n<tr>\n<td width=\"591\">Admite autenticaci\u00f3n IEEE 802.1X\/Autenticaci\u00f3n centralizada de direcciones MAC<\/td>\n<\/tr>\n<tr>\n<td width=\"591\">Admite autenticaci\u00f3n Radius y TACACS<\/td>\n<\/tr>\n<tr>\n<td width=\"591\">Soporta l\u00edmite de aprendizaje de direcciones MAC<\/td>\n<\/tr>\n<tr>\n<td width=\"591\">Compatible con la funci\u00f3n MAC blackhole<\/td>\n<\/tr>\n<tr>\n<td width=\"591\">Admite SSH 2.0, que proporciona un canal cifrado seguro para el inicio de sesi\u00f3n de los usuarios.<\/td>\n<\/tr>\n<tr>\n<td width=\"591\">Admite gesti\u00f3n encriptada SNMP v3<\/td>\n<\/tr>\n<tr>\n<td width=\"591\">Admite el aislamiento de puertos, con aislamiento por hardware de los mensajes entre puertos.<\/td>\n<\/tr>\n<tr>\n<td width=\"591\">Admite la limitaci\u00f3n de la velocidad de emisi\u00f3n de mensajes<\/td>\n<\/tr>\n<tr>\n<td width=\"591\">Admite IP Source Guard, la creaci\u00f3n autom\u00e1tica de una tabla de vinculaci\u00f3n IP+MAC+puerto+VLAN y la vinculaci\u00f3n manual de las entradas de la tabla.<\/td>\n<\/tr>\n<tr>\n<td width=\"591\">Admite la supresi\u00f3n autom\u00e1tica de los ataques de inundaci\u00f3n ARP y la protecci\u00f3n contra la suplantaci\u00f3n de identidad ARP.<\/td>\n<\/tr>\n<tr>\n<td width=\"591\">Admite protecci\u00f3n contra diversos ataques DoS dirigidos a la CPU y ataques de virus en el plano de control.<\/td>\n<\/tr>\n<tr>\n<td rowspan=\"5\" width=\"197\">Enrutamiento de nivel 3<\/td>\n<td width=\"591\">Favorece el aprendizaje y el envejecimiento del RAT<\/td>\n<\/tr>\n<tr>\n<td width=\"591\">Admite la creaci\u00f3n de interfaces VLAN de Capa 3 y la configuraci\u00f3n de direcciones IPv4\/IPv6 est\u00e1ticas.<\/td>\n<\/tr>\n<tr>\n<td width=\"591\">Admite la configuraci\u00f3n de rutas est\u00e1ticas<\/td>\n<\/tr>\n<tr>\n<td width=\"591\">Admite funciones de protocolo RIP\/OSPF<\/td>\n<\/tr>\n<tr>\n<td width=\"591\">Admite funciones del protocolo VRRP<\/td>\n<\/tr>\n<tr>\n<td rowspan=\"11\" width=\"197\">Gesti\u00f3n del sistema<\/td>\n<td width=\"591\">Admite configuraci\u00f3n de l\u00ednea de comandos Consola\/Telnet\/SSH 2.0<\/td>\n<\/tr>\n<tr>\n<td width=\"591\">Admite la gesti\u00f3n de la configuraci\u00f3n a trav\u00e9s del navegador web<\/td>\n<\/tr>\n<tr>\n<td width=\"591\">Admite la gesti\u00f3n de carga\/descarga de archivos FTP y TFTP<\/td>\n<\/tr>\n<tr>\n<td width=\"591\">Admite SNMP v1\/v2\/v3<\/td>\n<\/tr>\n<tr>\n<td width=\"591\">Admite RMON<\/td>\n<\/tr>\n<tr>\n<td width=\"591\">Admite sincronizaci\u00f3n de reloj SNTP<\/td>\n<\/tr>\n<tr>\n<td width=\"591\">Admite registros de funcionamiento del sistema<\/td>\n<\/tr>\n<tr>\n<td width=\"591\">Admite LLDP (Link Layer Discovery Protocol) para la detecci\u00f3n de dispositivos vecinos.<\/td>\n<\/tr>\n<tr>\n<td width=\"591\">Admite 802.3ah Ethernet OAM (operaciones, administraci\u00f3n y mantenimiento)<\/td>\n<\/tr>\n<tr>\n<td width=\"591\">Compatible con la funci\u00f3n Syslog RFC 3164<\/td>\n<\/tr>\n<tr>\n<td width=\"591\">Admite Ping y Traceroute<\/td>\n<\/tr>\n<\/tbody>\n<\/table>\n<\/div>\n<\/div>","protected":false},"excerpt":{"rendered":"<ul>\n<li>LL-GPOLT-XE-G02, 2 PON GPON OLT m\u00e1x. 256 Clientes<\/li>\n<li>2 * puerto GPON; 2 * 10\/100\/1000M Base-T<\/li>\n<li>2*1000M Base-X SFP\/2*10GE SFP+<\/li>\n<li>Admite reconocimiento autom\u00e1tico, detecci\u00f3n autom\u00e1tica y autorizaci\u00f3n de la ONU<\/li>\n<li>Admite VLAN<\/li>\n<\/ul>","protected":false},"featured_media":18761,"comment_status":"open","ping_status":"closed","template":"","meta":[],"product_brand":[],"product_cat":[360],"product_tag":[1087,229,1086],"class_list":{"0":"post-18754","1":"product","2":"type-product","3":"status-publish","4":"has-post-thumbnail","6":"product_cat-gpon-olt","7":"product_tag-2-pon-gpon-olt","8":"product_tag-gpon-olt","9":"product_tag-ll-gpolt-xe-g02","11":"first","12":"instock","13":"shipping-taxable","14":"purchasable","15":"product-type-variable","16":"has-default-attributes"},"_links":{"self":[{"href":"https:\/\/www.luleey.com\/es\/wp-json\/wp\/v2\/product\/18754","targetHints":{"allow":["GET"]}}],"collection":[{"href":"https:\/\/www.luleey.com\/es\/wp-json\/wp\/v2\/product"}],"about":[{"href":"https:\/\/www.luleey.com\/es\/wp-json\/wp\/v2\/types\/product"}],"replies":[{"embeddable":true,"href":"https:\/\/www.luleey.com\/es\/wp-json\/wp\/v2\/comments?post=18754"}],"wp:featuredmedia":[{"embeddable":true,"href":"https:\/\/www.luleey.com\/es\/wp-json\/wp\/v2\/media\/18761"}],"wp:attachment":[{"href":"https:\/\/www.luleey.com\/es\/wp-json\/wp\/v2\/media?parent=18754"}],"wp:term":[{"taxonomy":"product_brand","embeddable":true,"href":"https:\/\/www.luleey.com\/es\/wp-json\/wp\/v2\/product_brand?post=18754"},{"taxonomy":"product_cat","embeddable":true,"href":"https:\/\/www.luleey.com\/es\/wp-json\/wp\/v2\/product_cat?post=18754"},{"taxonomy":"product_tag","embeddable":true,"href":"https:\/\/www.luleey.com\/es\/wp-json\/wp\/v2\/product_tag?post=18754"}],"curies":[{"name":"wp","href":"https:\/\/api.w.org\/{rel}","templated":true}]}}