{"id":18779,"date":"2025-08-03T10:38:42","date_gmt":"2025-08-03T02:38:42","guid":{"rendered":"https:\/\/www.luleey.com\/?post_type=product&#038;p=18779"},"modified":"2026-03-26T10:24:10","modified_gmt":"2026-03-26T02:24:10","slug":"xgspon-stick-onu-sfp-transceiverxgpon-onu-ll-xs1010","status":"publish","type":"product","link":"https:\/\/www.luleey.com\/es\/producto\/xgspon-stick-onu-sfp-transceiverxgpon-onu-ll-xs1010\/","title":{"rendered":"XGSPON STICK ONU SFP+ Transceptor,XGPON ONU, LL-XS1010"},"content":{"rendered":"<p id=\"wd-d2e83ba1\" class=\"wp-block-wd-paragraph\"><\/p>\n\n\n\n<figure class=\"wp-block-table\"><table class=\"has-fixed-layout\"><tbody><tr><td>Nombre del producto<\/td><td>Transceptor SFP+ XGSPON STICK ONU<\/td><\/tr><tr><td>Marca<\/td><td>LuLeey<\/td><\/tr><tr><td>Modelo<\/td><td>LL-xs1010<\/td><\/tr><tr><td>Fichas<\/td><td>MaxLinear PRX126<\/td><\/tr><tr><td>RAM<\/td><td>1G<\/td><\/tr><\/tbody><\/table><\/figure>\n\n\n\n<ul class=\"wp-block-list\">\n<li>M\u00f3dulo Stick SFP+ XGS-PON personalizado, soporta firmware comunitario 8311.<\/li>\n\n\n\n<li>Alto rendimiento con 1 GB de RAM<\/li>\n\n\n\n<li>Ampliamente utilizado en EE.UU. \/ CA \/ Reino Unido los proveedores de servicios de telecomunicaciones, tales como AT &amp; T, orange bussiness, telus<\/li>\n\n\n\n<li>Soporta modificar el n\u00famero de serie dePON (ONT ID)\/identificaci\u00f3n del proveedor\/identificaci\u00f3n del equipo\/identificaci\u00f3n l\u00f3gica de ONU\/contrase\u00f1a l\u00f3gica\/MAC.....<\/li>\n\n\n\n<li>Compatible con la soluci\u00f3n de red XGS-PON\/XGPON<\/li>\n<\/ul>\n\n\n\n<p id=\"wd-b1a542b0\" class=\"wp-block-wd-paragraph\"><a href=\"https:\/\/www.luleey.com\/es\/amazing-10g-xgs-pon-stick-xgpon-sfp-onu-ll-xs1025\/\">c\u00f3mo utilizarlo<\/a><\/p>\n\n\n\n<p id=\"wd-2f2af276\" class=\"wp-block-wd-paragraph\"><strong>Caracter\u00edsticas del producto<\/strong><\/p>\n\n\n\n<ul class=\"wp-block-list\">\n<li>Transceptor XGS-PON ONU de fibra \u00fanica<\/li>\n\n\n\n<li>Transmisor en modo r\u00e1faga de 1270 nm a 9,953 Gb\/s con l\u00e1ser DFB<\/li>\n\n\n\n<li>Receptor APD-TIA de modo continuo de 1577 nm a 9,953 Gb\/s<\/li>\n\n\n\n<li>Paquete SFP+ con conector de recept\u00e1culo SC UPC<\/li>\n\n\n\n<li>Control de diagn\u00f3stico digital (DDM) con calibraci\u00f3n interna<\/li>\n\n\n\n<li>Temperatura de funcionamiento de la carcasa de 0 a 70\u00b0C<\/li>\n\n\n\n<li>Alimentaci\u00f3n separada de +3,3 V, baja disipaci\u00f3n de energ\u00eda<\/li>\n\n\n\n<li>Cumple con SFF-8431\/SFF-8472\/ GR-468<\/li>\n\n\n\n<li>Conforme a MIL-STD-883<\/li>\n\n\n\n<li>Cumple FCC Parte 15 Clase B\/EN55022 Clase B (CISPR 22B)\/VCCI Clase B<\/li>\n\n\n\n<li>Cumple la norma de seguridad l\u00e1ser de clase I IEC-60825<\/li>\n\n\n\n<li>Conformidad RoHS-6<\/li>\n<\/ul>\n\n\n\n<p id=\"wd-13bb8fb7\" class=\"wp-block-wd-paragraph\"><strong>Caracter\u00edsticas del software<\/strong><\/p>\n\n\n\n<ul class=\"wp-block-list\">\n<li>Conforme a la norma UIT-T G.988 Gesti\u00f3n OMCI<\/li>\n\n\n\n<li>Admite 4K entradas MAC<\/li>\n\n\n\n<li>Soporta IGMPv3\/MLDv2 y 512 entradas de direcciones IP multicast<\/li>\n\n\n\n<li>Admite funciones avanzadas de datos, como manipulaci\u00f3n, clasificaci\u00f3n y filtrado de etiquetas VLAN.<\/li>\n\n\n\n<li>Admite \u201cPlug-and-play\u201d mediante detecci\u00f3n autom\u00e1tica y configuraci\u00f3n<\/li>\n\n\n\n<li>Detecci\u00f3n de Rogue ONU<\/li>\n\n\n\n<li>Transferencia de datos a velocidad de cable para cualquier tama\u00f1o de paquete<\/li>\n\n\n\n<li>Soporta tramas Jumbo de hasta 9840 Bytes<\/li>\n<\/ul>\n\n\n\n<p id=\"wd-0dceb00b\" class=\"wp-block-wd-paragraph\"><strong>Descripci\u00f3n general<\/strong><\/p>\n\n\n\n<p id=\"wd-8981c4cb\" class=\"wp-block-wd-paragraph\">El transceptor XGS-PON ONU stick es un terminal de red \u00f3ptica (ONT) con embalaje de factor de forma peque\u00f1o enchufable (SFP+). El XGS-PON ONU stick integra una funci\u00f3n de transceptor \u00f3ptico bidireccional (m\u00e1x. 10 Gbit\/s) y una funci\u00f3n de segunda capa. Al conectarse directamente al equipo del cliente (CPE) con un puerto SFP est\u00e1ndar, el dispositivo XGS-PON ONU proporciona un enlace multiprotocolo al CPE sin necesidad de una fuente de alimentaci\u00f3n independiente.<\/p>\n\n\n\n<p id=\"wd-78130583\" class=\"wp-block-wd-paragraph\">El transmisor est\u00e1 dise\u00f1ado para fibra monomodo y funciona a una longitud de onda de 1270 nm. El transmisor utiliza un diodo l\u00e1ser DFB y cumple plenamente las normas IEC-60825 y CDRH clase 1 de seguridad ocular. Contiene funciones APC, un circuito de compensaci\u00f3n de temperatura para garantizar el cumplimiento de los requisitos de la norma ITU-T G.9807 a temperatura de funcionamiento.<\/p>\n\n\n\n<p id=\"wd-dbedb9f9\" class=\"wp-block-wd-paragraph\">La secci\u00f3n receptora utiliza un APD-TIA (APD con amplificador de transimpedancia) herm\u00e9tico y un amplificador limitador. El APD convierte la potencia \u00f3ptica en corriente el\u00e9ctrica y el amplificador de transimpedancia transforma la corriente en tensi\u00f3n. El amplificador limitador produce las se\u00f1ales diferenciales. El APD-TIA se acopla en CA al amplificador limitador a trav\u00e9s de un filtro de paso bajo.<\/p>\n\n\n\n<p id=\"wd-a3a6a909\" class=\"wp-block-wd-paragraph\">El stick XGS-PON ONU admite un sofisticado sistema de gesti\u00f3n de ONT, que incluye alarmas, aprovisionamiento y funciones DHCP e IGMP para una soluci\u00f3n IPTV aut\u00f3noma en la ONT. Puede gestionarse desde la OLT utilizando G.988 OMCI.<\/p>\n\n\n\n<p id=\"wd-27842e82\" class=\"wp-block-wd-paragraph\"><a><strong>Diagrama de bloques<\/strong><\/a><\/p>\n\n\n\n<figure class=\"wp-block-image size-full\"><img loading=\"lazy\" decoding=\"async\" width=\"969\" height=\"348\" src=\"https:\/\/www.luleey.com\/wp-content\/uploads\/2025\/08\/image.png\" alt=\"\" class=\"wp-image-18790\" title=\"\" srcset=\"https:\/\/www.luleey.com\/wp-content\/uploads\/2025\/08\/image.png 969w, https:\/\/www.luleey.com\/wp-content\/uploads\/2025\/08\/image-800x287.png 800w, https:\/\/www.luleey.com\/wp-content\/uploads\/2025\/08\/image-768x276.png 768w, https:\/\/www.luleey.com\/wp-content\/uploads\/2025\/08\/image-18x6.png 18w, https:\/\/www.luleey.com\/wp-content\/uploads\/2025\/08\/image-150x54.png 150w\" sizes=\"auto, (max-width: 969px) 100vw, 969px\" \/><\/figure>\n\n\n\n<p id=\"wd-a3d6a69f\" class=\"wp-block-wd-paragraph\"><strong>Figura 1 Diagrama de bloques<\/strong><\/p>\n\n\n\n<p id=\"wd-9d94d40e\" class=\"wp-block-wd-paragraph\"><strong>Valores m\u00e1ximos absolutos<\/strong><\/p>\n\n\n\n<figure class=\"wp-block-table\"><table class=\"has-fixed-layout\"><tbody><tr><td><strong>Par\u00e1metro<\/strong><\/td><td><strong>S\u00edmbolo<\/strong><\/td><td><strong>Min<\/strong><\/td><td><strong>Max<\/strong><\/td><td><strong>Unidad<\/strong><\/td><td><strong>Nota<\/strong><\/td><\/tr><tr><td>Temperatura ambiente de almacenamiento<\/td><td>T<sub>STG<\/sub><\/td><td>-40<\/td><td>85<\/td><td>\u00b0C<\/td><td>&nbsp;<\/td><\/tr><tr><td>Temperatura de funcionamiento de la carcasa<\/td><td>T<sub>c<\/sub><\/td><td>0<\/td><td>70<\/td><td>\u00b0C<\/td><td>C-Temp<\/td><\/tr><tr><td>Humedad relativa<\/td><td>RH<\/td><td>5<\/td><td>85<\/td><td>%<\/td><td>&nbsp;<\/td><\/tr><tr><td>Tensi\u00f3n de alimentaci\u00f3n<\/td><td>V<sub>CC<\/sub><\/td><td>0<\/td><td>3.63<\/td><td>V<\/td><td>&nbsp;<\/td><\/tr><\/tbody><\/table><\/figure>\n\n\n\n<p id=\"wd-d9e57dee\" class=\"wp-block-wd-paragraph\"><strong>Condiciones de funcionamiento recomendadas<\/strong><\/p>\n\n\n\n<figure class=\"wp-block-table\"><table class=\"has-fixed-layout\"><thead><tr><td><strong>Par\u00e1metro<\/strong><\/td><td><strong>S\u00edmbolo<\/strong><\/td><td><strong>Min<\/strong><\/td><td><strong>T\u00edpico<\/strong><\/td><td><strong>Max<\/strong><\/td><td><strong>Unidad<\/strong><\/td><td><strong>Nota<\/strong><\/td><\/tr><\/thead><tbody><tr><td>Tensi\u00f3n de funcionamiento<\/td><td>V<sub>CC<\/sub><\/td><td>3.14<\/td><td>3.3<\/td><td>3.46<\/td><td>V<\/td><td>&nbsp;<\/td><\/tr><tr><td>Disipaci\u00f3n de potencia<\/td><td>PD<\/td><td>&nbsp;<\/td><td>&nbsp;<\/td><td>3<\/td><td>W<\/td><td>&nbsp;<\/td><\/tr><tr><td>Temperatura de funcionamiento de la carcasa<\/td><td>T<sub>c<\/sub><\/td><td>0<\/td><td>&nbsp;<\/td><td>70<\/td><td>\u00b0C<\/td><td>C-Temp<\/td><\/tr><tr><td>Intervalo de humedad de funcionamiento<\/td><td>OH<\/td><td>5<\/td><td>&nbsp;<\/td><td>85<\/td><td>%<\/td><td>&nbsp;<\/td><\/tr><tr><td>Tasa de bits (TX)<\/td><td>&nbsp;<\/td><td>&nbsp;<\/td><td>9.953<\/td><td>&nbsp;<\/td><td>Gbit\/s<\/td><td>&nbsp;<\/td><\/tr><tr><td>Tasa de bits (TX)<\/td><td>&nbsp;<\/td><td>&nbsp;<\/td><td>9.953<\/td><td>&nbsp;<\/td><td>Gbit\/s<\/td><td>&nbsp;<\/td><\/tr><tr><td>Distancia de transmisi\u00f3n<\/td><td>&nbsp;<\/td><td>-<\/td><td>-<\/td><td>20<\/td><td>KM<\/td><td>&nbsp;<\/td><\/tr><\/tbody><\/table><\/figure>\n\n\n\n<p id=\"wd-c2b7b11b\" class=\"wp-block-wd-paragraph\"><strong>Caracter\u00edsticas \u00f3pticas<\/strong><\/p>\n\n\n\n<figure class=\"wp-block-table\"><table class=\"has-fixed-layout\"><thead><tr><td colspan=\"7\"><strong>Transmisor 10G<\/strong><strong><\/strong><\/td><\/tr><tr><td><strong>Par\u00e1metro<\/strong><\/td><td><strong>S\u00edmbolo<\/strong><\/td><td><strong>Min<\/strong><\/td><td><strong>T\u00edpico<\/strong><\/td><td><strong>Max<\/strong><\/td><td><strong>Unidad<\/strong><\/td><td><strong>Nota<\/strong><\/td><\/tr><tr><td>Longitud de onda central<\/td><td>\u03bb<sub>C<\/sub><\/td><td>1260<\/td><td>1270<\/td><td>1280<\/td><td>nm<\/td><td>&nbsp;<\/td><\/tr><tr><td>Tasa de supresi\u00f3n del modo lateral<\/td><td>SMSR<\/td><td>30<\/td><td>&nbsp;<\/td><td>&nbsp;<\/td><td>dB<\/td><td>&nbsp;<\/td><\/tr><tr><td>Anchura espectral (-20 dB)<\/td><td>\u2206\u03bb<\/td><td>&nbsp;<\/td><td>&nbsp;<\/td><td>1<\/td><td>nm<\/td><td>&nbsp;<\/td><\/tr><tr><td>Potencia \u00f3ptica media de lanzamiento<\/td><td>P<sub>OUT<\/sub><\/td><td>+5<\/td><td>&nbsp;<\/td><td>+9<\/td><td>dBm<\/td><td rowspan=\"2\">1<\/td><\/tr><tr><td>Power-OFF Potencia \u00f3ptica del transmisor<\/td><td>P<sub>OFF<\/sub><\/td><td>&nbsp;<\/td><td>&nbsp;<\/td><td>-45<\/td><td>dBm<\/td><\/tr><tr><td>Relaci\u00f3n de extinci\u00f3n<\/td><td>ER<\/td><td>6<\/td><td>&nbsp;<\/td><td>&nbsp;<\/td><td>dB<\/td><td>&nbsp;<\/td><\/tr><tr><td>Diagrama de forma de onda \u00f3ptica<\/td><td colspan=\"5\">Cumple con la norma UIT-T G.9807.1<\/td><td>&nbsp;<\/td><\/tr><tr><td colspan=\"7\"><strong>Receptor 10G<\/strong><strong><\/strong><\/td><\/tr><tr><td>Longitud de onda central<\/td><td>&nbsp;<\/td><td>1570<\/td><td>1577<\/td><td>1580<\/td><td>nm &nbsp;<\/td><td>&nbsp;<\/td><\/tr><tr><td>Sobrecarga<\/td><td>PSAT<\/td><td>-8<\/td><td>-<\/td><td>-<\/td><td>dBm<\/td><td>&nbsp;<\/td><\/tr><tr><td>Sensibilidad(BOL Full temp)<\/td><td>Sen<\/td><td>-<\/td><td>-<\/td><td>-28.5<\/td><td>dBm<\/td><td>2<\/td><\/tr><tr><td>Ratio de bits err\u00f3neos<\/td><td>&nbsp;<\/td><td colspan=\"3\">10E-3<\/td><td>&nbsp;<\/td><td>&nbsp;<\/td><\/tr><tr><td>P\u00e9rdida de se\u00f1al Nivel de afirmaci\u00f3n<\/td><td>P<sub>LOSA<\/sub><\/td><td>-45<\/td><td>-<\/td><td>-<\/td><td>dBm<\/td><td>&nbsp;<\/td><\/tr><tr><td>P\u00e9rdida de se\u00f1al Nivel de reafirmaci\u00f3n<\/td><td>P<sub>LOSD<\/sub><\/td><td>-<\/td><td>-<\/td><td>-30<\/td><td>dBm<\/td><td>&nbsp;<\/td><\/tr><tr><td>Hist\u00e9resis LOS<\/td><td>&nbsp;<\/td><td>1<\/td><td>-<\/td><td>5<\/td><td>dBm<\/td><td>&nbsp;<\/td><\/tr><tr><td>Reflectancia del receptor<\/td><td>&nbsp;<\/td><td>-<\/td><td>-<\/td><td>-20<\/td><td>dB<\/td><td>&nbsp;<\/td><\/tr><tr><td>Aislamiento (1400~1560nm)<\/td><td>&nbsp;<\/td><td>35<\/td><td>&nbsp;<\/td><td>&nbsp;<\/td><td>dB<\/td><td>&nbsp;<\/td><\/tr><tr><td>Isolation(1600~1675nm)<\/td><td>&nbsp;<\/td><td>35<\/td><td>&nbsp;<\/td><td>&nbsp;<\/td><td>dB<\/td><td>&nbsp;<\/td><\/tr><tr><td>Isolation(1575~1580nm)<\/td><td>&nbsp;<\/td><td>34.5<\/td><td>&nbsp;<\/td><td>&nbsp;<\/td><td>dB<\/td><td>&nbsp;<\/td><\/tr><\/thead><\/table><\/figure>\n\n\n\n<p id=\"wd-a106e64e\" class=\"wp-block-wd-paragraph\">Nota 1: Lanzado en fibra monomodo 9\/125um.<\/p>\n\n\n\n<p id=\"wd-c28eb775\" class=\"wp-block-wd-paragraph\">Nota 2: Medido con un patr\u00f3n de prueba PRBS 2^31-1 @9,9532Gbps y ER=6dB, BER \u226410-3.<\/p>\n\n\n\n<p id=\"wd-ea574766\" class=\"wp-block-wd-paragraph\"><strong>Caracter\u00edsticas el\u00e9ctricas<\/strong><\/p>\n\n\n\n<figure class=\"wp-block-table\"><table class=\"has-fixed-layout\"><thead><tr><td colspan=\"7\"><strong>Transmisor<\/strong><strong><\/strong><\/td><\/tr><tr><td><strong>Par\u00e1metro<\/strong><\/td><td><strong>S\u00edmbolo<\/strong><\/td><td><strong>Min<\/strong><\/td><td><strong>T\u00edpico<\/strong><\/td><td><strong>Max<\/strong><\/td><td><strong>Unidad<\/strong><\/td><td><strong>Notas<\/strong><\/td><\/tr><tr><td>Oscilaci\u00f3n diferencial de entrada de datos<\/td><td>V<sub>EN<\/sub><\/td><td>100<\/td><td>&nbsp;<\/td><td>1000<\/td><td>mV<sub>p-p<\/sub><\/td><td>&nbsp;<\/td><\/tr><tr><td>Impedancia diferencial de entrada<\/td><td>Z<sub>EN<\/sub><\/td><td>90<\/td><td>100<\/td><td>110<\/td><td>\u03a9<\/td><td>&nbsp;<\/td><\/tr><tr><td>Tensi\u00f3n de desactivaci\u00f3n del transmisor - Baja<\/td><td>V<sub>L<\/sub><\/td><td>0<\/td><td>-<\/td><td>0.8<\/td><td>V<\/td><td>&nbsp;<\/td><\/tr><tr><td>Tensi\u00f3n de desactivaci\u00f3n del transmisor - Alta<\/td><td>V<sub>H<\/sub><\/td><td>2.0<\/td><td>-<\/td><td>V<sub>CC<\/sub><\/td><td>V<\/td><td>&nbsp;<\/td><\/tr><tr><td>Tiempo de encendido de la r\u00e1faga<\/td><td>T<sub>ENCENDIDO<\/sub><\/td><td>-<\/td><td>-<\/td><td>512<\/td><td>ns<\/td><td>&nbsp;<\/td><\/tr><tr><td>Tiempo de apagado de la r\u00e1faga<\/td><td>T<sub>BURST_OFF<\/sub><\/td><td>-<\/td><td>-<\/td><td>512<\/td><td>ns<\/td><td>&nbsp;<\/td><\/tr><tr><td>Tiempo de activaci\u00f3n de fallo TX<\/td><td>T<sub>FALLO_ON<\/sub><\/td><td>-<\/td><td>-<\/td><td>50<\/td><td>ms<\/td><td>&nbsp;<\/td><\/tr><tr><td>Tiempo de restablecimiento de fallo TX<\/td><td>T<sub>FAULT_RESET<\/sub><\/td><td>10<\/td><td>-<\/td><td>-<\/td><td>us<\/td><td>&nbsp;<\/td><\/tr><tr><td colspan=\"7\"><strong>Receptor<\/strong><strong><\/strong><\/td><\/tr><tr><td>Oscilaci\u00f3n diferencial de salida de datos<\/td><td>&nbsp;<\/td><td>900<\/td><td>1000<\/td><td>1100<\/td><td>mV<\/td><td>&nbsp;<\/td><\/tr><tr><td>Impedancia diferencial de salida<\/td><td>R<sub>OUT<\/sub><\/td><td>90<\/td><td>100<\/td><td>110<\/td><td>\u03a9<\/td><td>&nbsp;<\/td><\/tr><tr><td>Tiempo de confirmaci\u00f3n de p\u00e9rdida de se\u00f1al (LOS)<\/td><td>T<sub>LOSA<\/sub><\/td><td>&nbsp;<\/td><td>&nbsp;<\/td><td>100<\/td><td>us<\/td><td>&nbsp;<\/td><\/tr><tr><td>P\u00e9rdida de se\u00f1al (LOS) Tiempo de desexcitaci\u00f3n<\/td><td>T<sub>LOSD<\/sub><\/td><td>&nbsp;<\/td><td>&nbsp;<\/td><td>100<\/td><td>us<\/td><td>&nbsp;<\/td><\/tr><tr><td>LOS baja tensi\u00f3n<\/td><td>V<sub>OL<\/sub><\/td><td>0<\/td><td>&nbsp;<\/td><td>0.4<\/td><td>V<\/td><td>&nbsp;<\/td><\/tr><tr><td>LOS alta tensi\u00f3n<\/td><td>V<sub>OH<\/sub><\/td><td>2.4<\/td><td>&nbsp;<\/td><td>V<sub>CC<\/sub><\/td><td>V<\/td><td>&nbsp;<\/td><\/tr><\/thead><\/table><\/figure>\n\n\n\n<p id=\"wd-f57ce95e\" class=\"wp-block-wd-paragraph\">Nota 1: Medido con un PRBS 2<sup>23<\/sup>-1 patr\u00f3n de prueba @2,488Gbit\/s y ER=9dB, BER =10<sup>-12<\/sup>.<\/p>\n\n\n\n<p id=\"wd-d3de5b48\" class=\"wp-block-wd-paragraph\">Nota 2: Una disminuci\u00f3n de la potencia \u00f3ptica por encima del nivel especificado har\u00e1 que la salida Los pase de un estado bajo a un estado alto;<\/p>\n\n\n\n<p id=\"wd-b37dbe3f\" class=\"wp-block-wd-paragraph\">Un aumento de la potencia \u00f3ptica por debajo del nivel especificado har\u00e1 que la salida de Los pase de un estado alto a un estado bajo.<\/p>\n\n\n\n<p id=\"wd-3b81b342\" class=\"wp-block-wd-paragraph\">Nota 3: Salida CML, acoplada internamente en CA, garantizada en toda la gama de potencias \u00f3pticas de entrada (-8dBm a -28dBm).<\/p>\n\n\n\n<p id=\"wd-697007f3\" class=\"wp-block-wd-paragraph\"><strong>Circuito de alimentaci\u00f3n de la placa base recomendado<\/strong><\/p>\n\n\n\n<figure class=\"wp-block-image size-full\"><img loading=\"lazy\" decoding=\"async\" width=\"969\" height=\"390\" src=\"https:\/\/www.luleey.com\/wp-content\/uploads\/2025\/08\/image-1.png\" alt=\"\" class=\"wp-image-18791\" title=\"\" srcset=\"https:\/\/www.luleey.com\/wp-content\/uploads\/2025\/08\/image-1.png 969w, https:\/\/www.luleey.com\/wp-content\/uploads\/2025\/08\/image-1-800x322.png 800w, https:\/\/www.luleey.com\/wp-content\/uploads\/2025\/08\/image-1-768x309.png 768w, https:\/\/www.luleey.com\/wp-content\/uploads\/2025\/08\/image-1-18x7.png 18w, https:\/\/www.luleey.com\/wp-content\/uploads\/2025\/08\/image-1-150x60.png 150w\" sizes=\"auto, (max-width: 969px) 100vw, 969px\" \/><\/figure>\n\n\n\n<p id=\"wd-1507215d\" class=\"wp-block-wd-paragraph\"><strong>Figura 2 Circuito de alimentaci\u00f3n de la placa base recomendado<\/strong><\/p>\n\n\n\n<p id=\"wd-646395ba\" class=\"wp-block-wd-paragraph\"><strong>Informaci\u00f3n EEPROM<\/strong><\/p>\n\n\n\n<figure class=\"wp-block-image size-full\"><img loading=\"lazy\" decoding=\"async\" width=\"633\" height=\"554\" src=\"https:\/\/www.luleey.com\/wp-content\/uploads\/2025\/08\/image-2.png\" alt=\"\" class=\"wp-image-18792\" title=\"\" srcset=\"https:\/\/www.luleey.com\/wp-content\/uploads\/2025\/08\/image-2.png 633w, https:\/\/www.luleey.com\/wp-content\/uploads\/2025\/08\/image-2-14x12.png 14w, https:\/\/www.luleey.com\/wp-content\/uploads\/2025\/08\/image-2-150x131.png 150w\" sizes=\"auto, (max-width: 633px) 100vw, 633px\" \/><\/figure>\n\n\n\n<p id=\"wd-053261ba\" class=\"wp-block-wd-paragraph\"><strong>Figura 3 Informaci\u00f3n EEPROM<\/strong><\/p>\n\n\n\n<p id=\"wd-c0ffe8da\" class=\"wp-block-wd-paragraph\"><strong>Dimensiones mec\u00e1nicas<\/strong><\/p>\n\n\n\n<figure class=\"wp-block-image size-full\"><img loading=\"lazy\" decoding=\"async\" width=\"969\" height=\"582\" src=\"https:\/\/www.luleey.com\/wp-content\/uploads\/2025\/08\/image-3.png\" alt=\"\" class=\"wp-image-18793\" title=\"\" srcset=\"https:\/\/www.luleey.com\/wp-content\/uploads\/2025\/08\/image-3.png 969w, https:\/\/www.luleey.com\/wp-content\/uploads\/2025\/08\/image-3-800x480.png 800w, https:\/\/www.luleey.com\/wp-content\/uploads\/2025\/08\/image-3-768x461.png 768w, https:\/\/www.luleey.com\/wp-content\/uploads\/2025\/08\/image-3-18x12.png 18w, https:\/\/www.luleey.com\/wp-content\/uploads\/2025\/08\/image-3-150x90.png 150w\" sizes=\"auto, (max-width: 969px) 100vw, 969px\" \/><\/figure>\n\n\n\n<p id=\"wd-d328771d\" class=\"wp-block-wd-paragraph\"><strong>Figura 4 Esquema del envase (unidad: mm)<\/strong><\/p>\n\n\n\n<p id=\"wd-20c93c6b\" class=\"wp-block-wd-paragraph\"><strong>Esquema de conexiones<\/strong><\/p>\n\n\n\n<figure class=\"wp-block-image size-full\"><img loading=\"lazy\" decoding=\"async\" width=\"699\" height=\"483\" src=\"https:\/\/www.luleey.com\/wp-content\/uploads\/2025\/08\/image-4.png\" alt=\"\" class=\"wp-image-18794\" title=\"\" srcset=\"https:\/\/www.luleey.com\/wp-content\/uploads\/2025\/08\/image-4.png 699w, https:\/\/www.luleey.com\/wp-content\/uploads\/2025\/08\/image-4-18x12.png 18w, https:\/\/www.luleey.com\/wp-content\/uploads\/2025\/08\/image-4-150x104.png 150w\" sizes=\"auto, (max-width: 699px) 100vw, 699px\" \/><\/figure>\n\n\n\n<p id=\"wd-7e068c32\" class=\"wp-block-wd-paragraph\"><strong>Figura 5 Esquema de conexiones<\/strong><\/p>\n\n\n\n<p id=\"wd-a64af055\" class=\"wp-block-wd-paragraph\"><strong>Pin Descripci\u00f3n<\/strong><\/p>\n\n\n\n<figure class=\"wp-block-table\"><table class=\"has-fixed-layout\"><thead><tr><td><strong>PIN<\/strong><\/td><td><strong>Nombre<\/strong><\/td><td><strong>Descripci\u00f3n<\/strong><\/td><td><strong>Notas<\/strong><\/td><\/tr><\/thead><tbody><tr><td>1<\/td><td>VeeT<\/td><td>M\u00f3dulo Transmisor Tierra<\/td><td>&nbsp;<\/td><\/tr><tr><td>2<\/td><td>Tx-Fault\/ToD<\/td><td>Fallo Tx\/Hora del d\u00eda<\/td><td>1<\/td><\/tr><tr><td>3<\/td><td>Desactivar Tx<\/td><td>Desactivar transmisor; apaga la salida l\u00e1ser del transmisor<\/td><td>&nbsp;<\/td><\/tr><tr><td>4<\/td><td>SDA<\/td><td>SDA L\u00ednea de datos I2C (MOD-DEF2)<\/td><td>2<\/td><\/tr><tr><td>5<\/td><td>SCL<\/td><td>SCL L\u00ednea de reloj I2C (MOD-DEF1)<\/td><td>2<\/td><\/tr><tr><td>6<\/td><td>MOD_ABS<\/td><td>M\u00f3dulo Ausente, conectado a VeeR o VeeT en el m\u00f3dulo<\/td><td>&nbsp;<\/td><\/tr><tr><td>7<\/td><td>JADEO AGONIZANTE<\/td><td>Indicador de mensaje Dying Gasp<\/td><td>3<\/td><\/tr><tr><td>8<\/td><td>LOS<\/td><td>P\u00e9rdida de se\u00f1al<\/td><td>&nbsp;<\/td><\/tr><tr><td>9<\/td><td>VeeR\/1PPS<\/td><td>M\u00f3dulo Receptor Tierra\/1 pulso por segundo<\/td><td>4 1<\/td><\/tr><tr><td>10<\/td><td>VeeR<\/td><td>Masa del receptor del m\u00f3dulo<\/td><td>&nbsp;<\/td><\/tr><tr><td>11<\/td><td>VeeR<\/td><td>Masa del receptor del m\u00f3dulo<\/td><td>&nbsp;<\/td><\/tr><tr><td>12<\/td><td>RD-<\/td><td>Salida de datos invertida recibida<\/td><td>&nbsp;<\/td><\/tr><tr><td>13<\/td><td>RD+<\/td><td>Salida de datos recibidos<\/td><td>&nbsp;<\/td><\/tr><tr><td>14<\/td><td>VeeR<\/td><td>Masa del receptor del m\u00f3dulo<\/td><td>&nbsp; &nbsp;<\/td><\/tr><tr><td>15<\/td><td>VccR<\/td><td>M\u00f3dulo receptor Alimentaci\u00f3n 3,3 V<\/td><td>&nbsp;<\/td><\/tr><tr><td>16<\/td><td>VccT<\/td><td>M\u00f3dulo Transmisor Alimentaci\u00f3n 3,3 V<\/td><td>&nbsp;<\/td><\/tr><tr><td>17<\/td><td>VeeT<\/td><td>M\u00f3dulo Transmisor Tierra<\/td><td>&nbsp; &nbsp;<\/td><\/tr><tr><td>18<\/td><td>TD+<\/td><td>Entrada de datos del transmisor<\/td><td>&nbsp;<\/td><\/tr><tr><td>19<\/td><td>TD-<\/td><td>Entrada de datos invertida del transmisor<\/td><td>&nbsp;<\/td><\/tr><tr><td>20<\/td><td>VeeT<\/td><td>M\u00f3dulo Transmisor Tierra<\/td><td>&nbsp;<\/td><\/tr><\/tbody><\/table><\/figure>\n\n\n\n<p id=\"wd-a9d80588\" class=\"wp-block-wd-paragraph\">Notas:<\/p>\n\n\n\n<p id=\"wd-c1886324\" class=\"wp-block-wd-paragraph\">1. El modo de f\u00e1brica por defecto es Tx Fault. Para aplicaciones de tipo Small Cell, durante la activaci\u00f3n\/aprovisionamiento, ser\u00e1<\/p>\n\n\n\n<p id=\"wd-24d04260\" class=\"wp-block-wd-paragraph\">software configurado para ToD.<\/p>\n\n\n\n<p id=\"wd-dc990095\" class=\"wp-block-wd-paragraph\">2. Este PIN es un colector abierto \/ pin de salida de drenaje y se tira hacia arriba con 4,7K-10K ohmios a un Host_Vcc en el<\/p>\n\n\n\n<p id=\"wd-39a46827\" class=\"wp-block-wd-paragraph\">Junta anfitriona.<\/p>\n\n\n\n<p id=\"wd-26117c1e\" class=\"wp-block-wd-paragraph\">3. PIN7 puede soportar la funci\u00f3n Dying Gasp. La funci\u00f3n Dying Gasp es gestionada por software. Si el software desactiva la funci\u00f3n<\/p>\n\n\n\n<p id=\"wd-ab8f936a\" class=\"wp-block-wd-paragraph\">funci\u00f3n gasp, no influye en el m\u00f3dulo si es l\u00f3gico \u201c0\u201d o \u201c1\u201d. Si el software activa la funci\u00f3n, no influye en el m\u00f3dulo.<\/p>\n\n\n\n<p id=\"wd-7e8206e1\" class=\"wp-block-wd-paragraph\">si es \u201c1\u201d l\u00f3gico; si es \u201c0\u201d l\u00f3gico, el m\u00f3dulo informar\u00e1 a la OLT de que est\u00e1 muriendo y el m\u00f3dulo repetir\u00e1 el reinicio.<\/p>\n\n\n\n<p id=\"wd-7f9b7048\" class=\"wp-block-wd-paragraph\">4. El modo de f\u00e1brica por defecto es Veer. Para aplicaciones de tipo Small Cell, durante la activaci\u00f3n\/aprovisionamiento, ser\u00e1 software<\/p>\n\n\n\n<p id=\"wd-72b48888\" class=\"wp-block-wd-paragraph\">configurado a 1PPS.<\/p>","protected":false},"excerpt":{"rendered":"<ul>\n<li>El transceptor SFP+ XGSPON STICK ONU admite una distancia de transmisi\u00f3n de 20 km con SMF<\/li>\n<li>Paquete SFP con recept\u00e1culo SC APC\/UPC<\/li>\n<li>Compatibilidad con XGPON\/XGS-PON<\/li>\n<li>XGSPON STICK Admite protocolos sim\u00e9tricos y asim\u00e9tricos<\/li>\n<\/ul>","protected":false},"featured_media":18795,"comment_status":"open","ping_status":"closed","template":"","meta":[],"product_brand":[],"product_cat":[349],"product_tag":[513,1092,568,1006,564,342,1005],"class_list":{"0":"post-18779","1":"product","2":"type-product","3":"status-publish","4":"has-post-thumbnail","6":"product_cat-10g-epon-onu-xg-pon-xgs-pon","7":"product_tag-10g-onu","8":"product_tag-ll-xs1010","9":"product_tag-was-110","10":"product_tag-x-onu-sfpp","11":"product_tag-xgpon","12":"product_tag-xgspon-stick","13":"product_tag-xgsponst2000","15":"first","16":"instock","17":"sale","18":"featured","19":"shipping-taxable","20":"purchasable","21":"product-type-variable","22":"has-default-attributes"},"_links":{"self":[{"href":"https:\/\/www.luleey.com\/es\/wp-json\/wp\/v2\/product\/18779","targetHints":{"allow":["GET"]}}],"collection":[{"href":"https:\/\/www.luleey.com\/es\/wp-json\/wp\/v2\/product"}],"about":[{"href":"https:\/\/www.luleey.com\/es\/wp-json\/wp\/v2\/types\/product"}],"replies":[{"embeddable":true,"href":"https:\/\/www.luleey.com\/es\/wp-json\/wp\/v2\/comments?post=18779"}],"wp:featuredmedia":[{"embeddable":true,"href":"https:\/\/www.luleey.com\/es\/wp-json\/wp\/v2\/media\/18795"}],"wp:attachment":[{"href":"https:\/\/www.luleey.com\/es\/wp-json\/wp\/v2\/media?parent=18779"}],"wp:term":[{"taxonomy":"product_brand","embeddable":true,"href":"https:\/\/www.luleey.com\/es\/wp-json\/wp\/v2\/product_brand?post=18779"},{"taxonomy":"product_cat","embeddable":true,"href":"https:\/\/www.luleey.com\/es\/wp-json\/wp\/v2\/product_cat?post=18779"},{"taxonomy":"product_tag","embeddable":true,"href":"https:\/\/www.luleey.com\/es\/wp-json\/wp\/v2\/product_tag?post=18779"}],"curies":[{"name":"wp","href":"https:\/\/api.w.org\/{rel}","templated":true}]}}