{"id":18828,"date":"2025-08-10T23:06:21","date_gmt":"2025-08-10T15:06:21","guid":{"rendered":"https:\/\/www.luleey.com\/?post_type=product&#038;p=18828"},"modified":"2025-08-10T23:06:22","modified_gmt":"2025-08-10T15:06:22","slug":"ll-xp4gw1800c-4ge-xpon-onu-wifi-dual-catv-ont-wifi-6-ax1800","status":"publish","type":"product","link":"https:\/\/www.luleey.com\/es\/producto\/ll-xp4gw1800c-4ge-xpon-onu-wifi-dual-catv-ont-wifi-6-ax1800\/","title":{"rendered":"LL-XP4GW1800C, 4GE XPON ONU, WIFI Dual, CATV ONT, WIFI 6, AX1800"},"content":{"rendered":"<h3>Caracter\u00edsticas<\/h3>\n<ul>\n<li>Wi-Fi de doble banda, rendimiento superior de transmisi\u00f3n inal\u00e1mbrica 11n y 11ac<\/li>\n<li>Compatible con 95% OLTs de terceros (Incluyendo Huawei\/ZTE\/Fiberhome\/BT-PON y as\u00ed sucesivamente)<\/li>\n<li>Admite el modo EPON\/GPON y cambia de modo autom\u00e1ticamente<\/li>\n<li>Soporta Route PPPoE\/DHCP\/Static IP y modo Bridge<\/li>\n<li>Soporta interfaz CATV para Servicio de Video, soportando control remoto por OLT.<\/li>\n<li>Admite detecci\u00f3n autom\u00e1tica de ONU\/detecci\u00f3n de enlaces\/actualizaci\u00f3n remota de software<\/li>\n<li>Soporta modo dual IPv4\/IPv6<\/li>\n<li>Admite la funci\u00f3n cortafuegos y la funci\u00f3n multidifusi\u00f3n IGMP<\/li>\n<li>Soporta IP LAN y configuraci\u00f3n de servidor DHCP<\/li>\n<li>Soporta Port Forwarding y Loop-Detect<\/li>\n<li>Admite el modo EPON\/GPON y cambia de modo autom\u00e1ticamente<\/li>\n<li>GPON:Conformidad con las normas IEEE 802.3ah e itu-t g.984.x<\/li>\n<li>GPON:8 T-CONTs,32 Puertos GEM<\/li>\n<li>Integrar la configuraci\u00f3n y el mantenimiento remotos de OMCI(GPON)\/OAM(EPON) y TR-069<\/li>\n<li>Funciones de pasarela dom\u00e9stica\/CPE de Capa 3 con NAT de hardware, compatibilidad con WAN m\u00faltiple, modo ruta\/puente, etc.<\/li>\n<li>Conmutaci\u00f3n de capa 2, compatible con VLAN 802.1Q, QOS 802.1P, control de ancho de banda, \u00e1rbol de expansi\u00f3n, etc.<\/li>\n<li>FEC bidireccional<\/li>\n<li>Soporta configuraci\u00f3n a nivel de cortafuegos, soporte basado en filtrado de URL\/MAC\/IP\/direcci\u00f3n de trama<\/li>\n<li>Soporta IGMP v2 proxy\/ snooping multicast, soporta MLD proxy\/ snooping<\/li>\n<li>Qos admite PQ, WRR y programaci\u00f3n de colas CAR<\/li>\n<li>Proporcionar la tasa m\u00e1xima 1775Mbps interfaz inal\u00e1mbrica, 2T2R antena externa, el apoyo multple<\/li>\n<li>Configuraci\u00f3n SSID<\/li>\n<li>Compatible con DDSN, ALG, DMZ y UPNP<\/li>\n<li>Soporte de interfaz CATV para el servicio de v\u00eddeo, soporte para desactivar la funcionalidad CATV<\/li>\n<\/ul>\n<h3>Especificaci\u00f3n<\/h3>\n<table style=\"width: 53.1585%; height: 648px;\" width=\"716\">\n<tbody>\n<tr style=\"height: 24px;\">\n<td style=\"height: 24px; width: 24.5833%;\" width=\"359\">Marca<\/td>\n<td style=\"height: 24px; width: 74.4444%;\" width=\"357\">Luleey<\/td>\n<\/tr>\n<tr style=\"height: 24px;\">\n<td style=\"height: 24px; width: 24.5833%;\">Modelo<\/td>\n<td style=\"height: 24px; width: 74.4444%;\">LL-XP4GW1800C<\/td>\n<\/tr>\n<tr style=\"height: 24px;\">\n<td style=\"height: 24px; width: 24.5833%;\">Lugar de origen<\/td>\n<td style=\"height: 24px; width: 74.4444%;\">Fabricado en China<\/td>\n<\/tr>\n<tr style=\"height: 24px;\">\n<td style=\"height: 24px; width: 24.5833%;\">Talla<\/td>\n<td style=\"height: 24px; width: 74.4444%;\">260*160*50mm<\/td>\n<\/tr>\n<tr>\n<td style=\"width: 24.5833%;\">Puerto ONU<\/td>\n<td style=\"width: 74.4444%;\">4GE LAN + 1CATV+2.4G &amp;5.8G WIFI6<\/td>\n<\/tr>\n<tr style=\"height: 24px;\">\n<td style=\"height: 24px; width: 24.5833%;\">Puerto PON<\/td>\n<td style=\"height: 24px; width: 74.4444%;\">1* XPON (admite GPON\/EPON)<\/td>\n<\/tr>\n<tr style=\"height: 24px;\">\n<td style=\"height: 24px; width: 24.5833%;\">Indicador luminoso<\/td>\n<td style=\"height: 24px; width: 74.4444%;\">POWER\/PON\/LOS\/LAN1\/LAN2\/LAN3\/LAN4\/USB\/2.4G\/5G\/WPS\/CATV<\/td>\n<\/tr>\n<tr style=\"height: 24px;\">\n<td style=\"height: 24px; width: 24.5833%;\">Bot\u00f3n<\/td>\n<td style=\"height: 24px; width: 74.4444%;\">Encendido , Reinicio , WLAN , WPS<\/td>\n<\/tr>\n<tr style=\"height: 24px;\">\n<td style=\"height: 24px; width: 24.5833%;\">Entrada del adaptador de corriente<\/td>\n<td style=\"height: 24px; width: 74.4444%;\">100V~240VAC,50Hz~60Hz<\/td>\n<\/tr>\n<tr style=\"height: 48px;\">\n<td style=\"height: 48px; width: 24.5833%;\">Requisitos de la fuente de alimentaci\u00f3n<\/td>\n<td style=\"height: 48px; width: 74.4444%;\">12 V CC, 1,5 A<\/td>\n<\/tr>\n<tr style=\"height: 24px;\">\n<td style=\"height: 24px; width: 24.5833%;\">Consumo de energ\u00eda<\/td>\n<td style=\"height: 24px; width: 74.4444%;\">&lt;10w<\/td>\n<\/tr>\n<tr style=\"height: 24px;\">\n<td style=\"height: 24px; width: 24.5833%;\">Temperatura de trabajo<\/td>\n<td style=\"height: 24px; width: 74.4444%;\">-10\u00b0C~ +45\u00b0C<\/td>\n<\/tr>\n<tr style=\"height: 24px;\">\n<td style=\"height: 24px; width: 24.5833%;\">Humedad ambiental<\/td>\n<td style=\"height: 24px; width: 74.4444%;\">5%~95% (Sin condensaci\u00f3n)<\/td>\n<\/tr>\n<tr style=\"height: 24px;\">\n<td style=\"height: 24px; width: 24.5833%;\">Tipo de conector PON<\/td>\n<td style=\"height: 24px; width: 74.4444%;\">SC\/APC<\/td>\n<\/tr>\n<tr style=\"height: 24px;\">\n<td style=\"height: 24px; width: 24.5833%;\">Longitud de onda de trabajo<\/td>\n<td style=\"height: 24px; width: 74.4444%;\">PON: arriba 1310nm,abajo 1490nm,CATV:1550nm<\/td>\n<\/tr>\n<tr style=\"height: 24px;\">\n<td style=\"height: 24px; width: 24.5833%;\">TX Valor de potencia \u00f3ptica<\/td>\n<td style=\"height: 24px; width: 74.4444%;\">0,5~4dbm<\/td>\n<\/tr>\n<tr style=\"height: 48px;\">\n<td style=\"height: 48px; width: 24.5833%;\">RX Sensibilidad de potencia \u00f3ptica<\/td>\n<td style=\"height: 48px; width: 74.4444%;\">-28dBm<\/td>\n<\/tr>\n<tr style=\"height: 24px;\">\n<td style=\"height: 24px; width: 24.5833%;\">Distancia de transmisi\u00f3n<\/td>\n<td style=\"height: 24px; width: 74.4444%;\">0~20km<\/td>\n<\/tr>\n<tr style=\"height: 48px;\">\n<td style=\"height: 48px; width: 24.5833%;\">Velocidad de transmisi\u00f3n<\/td>\n<td style=\"height: 48px; width: 74.4444%;\" width=\"357\">GPON: subida de 1,244 Gbps; bajada de 2,488 Gbps<br \/>\nEPON:subida 1,244Gbps;bajada 1,244Gbps<\/td>\n<\/tr>\n<tr style=\"height: 24px;\">\n<td style=\"height: 24px; width: 24.5833%;\">Puerto RJ45<\/td>\n<td style=\"height: 24px; width: 74.4444%;\">4*RJ45<\/td>\n<\/tr>\n<tr style=\"height: 24px;\">\n<td style=\"height: 24px; width: 24.5833%;\">Par\u00e1metros RJ45<\/td>\n<td style=\"height: 24px; width: 74.4444%;\">4*10\/100\/1000Mbps auto adaptable<\/td>\n<\/tr>\n<\/tbody>\n<\/table>","protected":false},"excerpt":{"rendered":"<p>LL-XP4GW1800C tiene Gigabit RJ45 x 4<br \/>\nWiFi 6 de doble banda 2.4G\/5G<br \/>\nONT CATV<br \/>\nXPON ONU, conmutaci\u00f3n autom\u00e1tica GPON \/EPON<\/p>","protected":false},"featured_media":18831,"comment_status":"open","ping_status":"closed","template":"","meta":[],"product_brand":[],"product_cat":[348,197,341],"product_tag":[1095,1093,1094,344],"class_list":{"0":"post-18828","1":"product","2":"type-product","3":"status-publish","4":"has-post-thumbnail","6":"product_cat-1000m-gpon-epon-onu","7":"product_cat-catv-receiver","8":"product_cat-wireless-gpon-epon-ont","9":"product_tag-catv-ont","10":"product_tag-ll-xp4gw1800c","11":"product_tag-wifi-6","12":"product_tag-xpon-onu","14":"first","15":"instock","16":"shipping-taxable","17":"purchasable","18":"product-type-variable","19":"has-default-attributes"},"_links":{"self":[{"href":"https:\/\/www.luleey.com\/es\/wp-json\/wp\/v2\/product\/18828","targetHints":{"allow":["GET"]}}],"collection":[{"href":"https:\/\/www.luleey.com\/es\/wp-json\/wp\/v2\/product"}],"about":[{"href":"https:\/\/www.luleey.com\/es\/wp-json\/wp\/v2\/types\/product"}],"replies":[{"embeddable":true,"href":"https:\/\/www.luleey.com\/es\/wp-json\/wp\/v2\/comments?post=18828"}],"wp:featuredmedia":[{"embeddable":true,"href":"https:\/\/www.luleey.com\/es\/wp-json\/wp\/v2\/media\/18831"}],"wp:attachment":[{"href":"https:\/\/www.luleey.com\/es\/wp-json\/wp\/v2\/media?parent=18828"}],"wp:term":[{"taxonomy":"product_brand","embeddable":true,"href":"https:\/\/www.luleey.com\/es\/wp-json\/wp\/v2\/product_brand?post=18828"},{"taxonomy":"product_cat","embeddable":true,"href":"https:\/\/www.luleey.com\/es\/wp-json\/wp\/v2\/product_cat?post=18828"},{"taxonomy":"product_tag","embeddable":true,"href":"https:\/\/www.luleey.com\/es\/wp-json\/wp\/v2\/product_tag?post=18828"}],"curies":[{"name":"wp","href":"https:\/\/api.w.org\/{rel}","templated":true}]}}