{"id":19318,"date":"2025-10-06T11:31:14","date_gmt":"2025-10-06T03:31:14","guid":{"rendered":"https:\/\/www.luleey.com\/?post_type=product&#038;p=19318"},"modified":"2026-03-07T23:10:26","modified_gmt":"2026-03-07T15:10:26","slug":"g657b3-bare-fiber-optic-cables-for-uav-for-fttr-indoor","status":"publish","type":"product","link":"https:\/\/www.luleey.com\/es\/producto\/g657b3-bare-fiber-optic-cables-for-uav-for-fttr-indoor\/","title":{"rendered":"G657B3 Cables de fibra \u00f3ptica desnuda, para UAV,Fibra \u00d3ptica OTDR Lanzamiento Caja de Cable de n\u00facleo desnudo"},"content":{"rendered":"<h3>Caracter\u00edsticas<\/h3>\n<ol class=\"a-unordered-list a-vertical\">\n<li>Insensibilidad a la flexi\u00f3n: G657B3 es m\u00e1s insensible a la flexi\u00f3n que G.657.A2, capaz de mantener un buen rendimiento de transmisi\u00f3n de se\u00f1al en condiciones de flexi\u00f3n m\u00e1s extremas,radio 5mm.<\/li>\n<li>Dispersi\u00f3n: Similar a G.657.A2, tiene buenas caracter\u00edsticas de dispersi\u00f3n tanto en los 1310nm como en los 1550nm.<\/li>\n<li>Atenuaci\u00f3n: La atenuaci\u00f3n en la banda de 1550 nm tambi\u00e9n se aproxima a la de G.652.D.<\/li>\n<li>Estructura: El G657B3 emplea normalmente un dise\u00f1o especial de n\u00facleo y revestimiento para mejorar su insensibilidad a la flexi\u00f3n.<\/li>\n<li>Aplicaciones<\/li>\n<\/ol>\n<ul>\n<li>1) Adecuado para entornos de instalaci\u00f3n m\u00e1s exigentes, como espacios estrechos o situaciones que requieren flexiones frecuentes. Es aplicable en escenarios como vuelos de drones, interna<\/li>\n<li>2) cableado de edificios, redes dom\u00e9sticas, peque\u00f1as oficinas y, especialmente, en lugares que requieren un cableado muy flexible.<\/li>\n<\/ul>\n<h3>Especificaci\u00f3n<\/h3>\n<table style=\"width: 45.274%; height: 268px;\" width=\"598\">\n<tbody>\n<tr style=\"height: 24px;\">\n<td style=\"height: 24px;\" width=\"211\">Marca<\/td>\n<td style=\"height: 24px;\" width=\"387\">LuLeey<\/td>\n<\/tr>\n<tr style=\"height: 24px;\">\n<td style=\"height: 24px;\" width=\"211\">Origen<\/td>\n<td style=\"height: 24px;\" width=\"387\">China continental<\/td>\n<\/tr>\n<tr style=\"height: 24px;\">\n<td style=\"height: 24px;\">Nombre del producto<\/td>\n<td style=\"height: 24px;\" width=\"387\">G657B3 Cables de fibra \u00f3ptica desnuda<\/td>\n<\/tr>\n<tr style=\"height: 24px;\">\n<td style=\"height: 24px;\">Material<\/td>\n<td style=\"height: 24px;\">G657.B3<\/td>\n<\/tr>\n<tr style=\"height: 24px;\">\n<td style=\"height: 24px;\">Color<\/td>\n<td style=\"height: 24px;\">incoloro<\/td>\n<\/tr>\n<tr style=\"height: 24px;\">\n<td style=\"height: 24px;\">Dimensiones del producto<\/td>\n<td style=\"height: 24px;\">0,25 mm<\/td>\n<\/tr>\n<tr style=\"height: 24px;\">\n<td style=\"height: 24px;\">Conector<\/td>\n<td style=\"height: 24px;\">SC\/APC SC\/UPC FC\/APC LC\/UPC LC\/APC sin cabeza...<\/td>\n<\/tr>\n<tr style=\"height: 24px;\">\n<td style=\"height: 24px;\">Longitud del cable<\/td>\n<td style=\"height: 24px;\">50 km<\/td>\n<\/tr>\n<tr style=\"height: 28px;\">\n<td style=\"height: 28px;\">P\u00e9rdida de inserci\u00f3n<\/td>\n<td style=\"height: 28px;\">\u2264 0,3 dB<\/td>\n<\/tr>\n<tr style=\"height: 24px;\">\n<td style=\"height: 24px;\">Temperatura de trabajo<\/td>\n<td style=\"height: 24px;\">-40~70\u2103<\/td>\n<\/tr>\n<tr style=\"height: 24px;\">\n<td style=\"height: 24px;\">Radio m\u00ednimo de curvatura<\/td>\n<td style=\"height: 24px;\">15<\/td>\n<\/tr>\n<\/tbody>\n<\/table>\n<h3><\/h3>","protected":false},"excerpt":{"rendered":"<ul>\n<li>Fibra G657B3, buena flexibilidad.<\/li>\n<li>Cables de fibra \u00f3ptica desnuda, uso para UAV<\/li>\n<li>El cable de fibra \u00f3ptica para interiores es m\u00e1s r\u00e1pido que el cable de red, tiene pocas p\u00e9rdidas y admite distancias ultralargas.<\/li>\n<\/ul>","protected":false},"featured_media":15837,"comment_status":"open","ping_status":"closed","template":"","meta":[],"product_brand":[],"product_cat":[364],"product_tag":[186,1110,655,1098],"class_list":{"0":"post-19318","1":"product","2":"type-product","3":"status-publish","4":"has-post-thumbnail","6":"product_cat-optic-cables-and-fiber-pigtails","7":"product_tag-bare-fiber","8":"product_tag-g657b3","9":"product_tag-otdr-launch-cable-box","10":"product_tag-uav","12":"first","13":"instock","14":"shipping-taxable","15":"purchasable","16":"product-type-variable","17":"has-default-attributes"},"_links":{"self":[{"href":"https:\/\/www.luleey.com\/es\/wp-json\/wp\/v2\/product\/19318","targetHints":{"allow":["GET"]}}],"collection":[{"href":"https:\/\/www.luleey.com\/es\/wp-json\/wp\/v2\/product"}],"about":[{"href":"https:\/\/www.luleey.com\/es\/wp-json\/wp\/v2\/types\/product"}],"replies":[{"embeddable":true,"href":"https:\/\/www.luleey.com\/es\/wp-json\/wp\/v2\/comments?post=19318"}],"wp:featuredmedia":[{"embeddable":true,"href":"https:\/\/www.luleey.com\/es\/wp-json\/wp\/v2\/media\/15837"}],"wp:attachment":[{"href":"https:\/\/www.luleey.com\/es\/wp-json\/wp\/v2\/media?parent=19318"}],"wp:term":[{"taxonomy":"product_brand","embeddable":true,"href":"https:\/\/www.luleey.com\/es\/wp-json\/wp\/v2\/product_brand?post=19318"},{"taxonomy":"product_cat","embeddable":true,"href":"https:\/\/www.luleey.com\/es\/wp-json\/wp\/v2\/product_cat?post=19318"},{"taxonomy":"product_tag","embeddable":true,"href":"https:\/\/www.luleey.com\/es\/wp-json\/wp\/v2\/product_tag?post=19318"}],"curies":[{"name":"wp","href":"https:\/\/api.w.org\/{rel}","templated":true}]}}