{"id":162,"date":"2024-07-12T11:21:08","date_gmt":"2024-07-12T11:21:08","guid":{"rendered":"https:\/\/dummy.xtemos.com\/woodmart2\/accessories-gutenberg\/?page_id=162"},"modified":"2025-02-21T22:56:08","modified_gmt":"2025-02-21T14:56:08","slug":"about-us","status":"publish","type":"page","link":"https:\/\/www.luleey.com\/fr\/about-us\/","title":{"rendered":"A propos de nous"},"content":{"rendered":"<div id=\"wd-04c40f58\" class=\"wp-block-wd-section\">\n<div id=\"wd-31cb736a\" class=\"wp-block-wd-row\">\n<div id=\"wd-59779be9\" class=\"wp-block-wd-column\">\n<p id=\"wd-3a91d0ce\" class=\"wp-block-wd-paragraph\">Le succ\u00e8s des clients est notre objectif.<\/p>\n\n\n\n<h2 id=\"wd-9dc217fa\" class=\"wp-block-wd-title title wd-custom-width\">SHENZHEN LULEEY<\/h2>\n\n\n\n<p id=\"wd-f56f2bae\" class=\"wp-block-wd-paragraph\">Production et vente de produits optiques, fabriqu\u00e9s en Chine et vendus dans le monde entier.<\/p>\n\n\n\n<p id=\"wd-cee02277\" class=\"wp-block-wd-paragraph\">Principaux produits : Produits li\u00e9s \u00e0 la technologie FTTx<br>Applications : Int\u00e9rieur, ext\u00e9rieur, industriel<br>Localisation : Shenzhen, Chine<br>Exp\u00e9rience \u00e0 l'\u00e9tranger : 10 ans et plus<br>Principaux march\u00e9s : Europe, Am\u00e9rique du Nord, Am\u00e9rique du Sud, Asie, etc...<br>Personnalisation OEM et ODM : Accept\u00e9e<\/p>\n<\/div>\n\n\n\n<div id=\"wd-eae9d7e5\" class=\"wp-block-wd-column wd-align-is-md-flex-end wd-hide-sm\">\n<figure class=\"wp-block-image size-large\"><img loading=\"lazy\" decoding=\"async\" width=\"1920\" height=\"1281\" src=\"https:\/\/www.luleey.com\/wp-content\/uploads\/2024\/08\/luleey-c1-21-1920x1281.png\" alt=\"\" class=\"wp-image-14604\" title=\"\" srcset=\"https:\/\/www.luleey.com\/wp-content\/uploads\/2024\/08\/luleey-c1-21-1920x1281.png 1920w, https:\/\/www.luleey.com\/wp-content\/uploads\/2024\/08\/luleey-c1-21-150x100.png 150w, https:\/\/www.luleey.com\/wp-content\/uploads\/2024\/08\/luleey-c1-21-1200x800.png 1200w, https:\/\/www.luleey.com\/wp-content\/uploads\/2024\/08\/luleey-c1-21-1024x683.png 1024w, https:\/\/www.luleey.com\/wp-content\/uploads\/2024\/08\/luleey-c1-21-768x512.png 768w, https:\/\/www.luleey.com\/wp-content\/uploads\/2024\/08\/luleey-c1-21-1536x1025.png 1536w, https:\/\/www.luleey.com\/wp-content\/uploads\/2024\/08\/luleey-c1-21-18x12.png 18w, https:\/\/www.luleey.com\/wp-content\/uploads\/2024\/08\/luleey-c1-21.png 2000w\" sizes=\"auto, (max-width: 1920px) 100vw, 1920px\" \/><\/figure>\n<\/div>\n<\/div>\n<\/div>\n\n\n\n<div id=\"wd-5a21384a\" class=\"wp-block-wd-container wd-dir-col wd-align wd-custom-width\">\n<h1 id=\"wd-5cf6ce6c\" class=\"wp-block-wd-title title wd-align\"><strong>L'histoire de la marque LuLeey<\/strong><\/h1>\n\n\n\n<h2 id=\"wd-670a7dd1\" class=\"wp-block-wd-title title\">Un voyage de lumi\u00e8re et de couleur<\/h2>\n\n\n\n<p id=\"wd-e9695ae0\" class=\"wp-block-wd-paragraph\">Dans un monde o\u00f9 la technologie et l'art s'entrem\u00ealent, <strong>LuLeey<\/strong> est n\u00e9. Notre nom, d\u00e9riv\u00e9 du mot chinois \u201c\u9646\u79bb\u201d, incarne l'essence de la diversit\u00e9 et de l'\u00e9clat, tout comme le spectre de lumi\u00e8re que nos produits en fibre optique exploitent.<\/p>\n\n\n\n<h3 id=\"wd-571890aa\" class=\"wp-block-wd-title title\">L'inspiration<\/h3>\n\n\n\n<p id=\"wd-365308a6\" class=\"wp-block-wd-paragraph\">Le voyage a commenc\u00e9 par une vision : illuminer les vies gr\u00e2ce \u00e0 une technologie optique avanc\u00e9e. Les fondateurs de LuLeey, passionn\u00e9s par l'innovation et la cr\u00e9ativit\u00e9, ont compris que la fibre optique pouvait non seulement am\u00e9liorer la communication, mais aussi transformer la fa\u00e7on dont nous percevons le monde qui nous entoure. Inspir\u00e9s par la beaut\u00e9 des couleurs et le pouvoir de la lumi\u00e8re, ils ont entrepris de cr\u00e9er des produits qui refl\u00e8tent cette vision.<\/p>\n\n\n\n<h3 id=\"wd-deb81296\" class=\"wp-block-wd-title title\">Notre mission<\/h3>\n\n\n\n<p id=\"wd-e5522f81\" class=\"wp-block-wd-paragraph\">Chez LuLeey, nous pensons que la lumi\u00e8re est plus qu'un simple moyen de communication, c'est un moyen d'expression. Notre mission est de fournir des solutions en fibre optique de haute qualit\u00e9 qui relient les gens, les id\u00e9es et les cultures. Nous nous effor\u00e7ons de fournir des produits qui sont non seulement fonctionnels mais aussi esth\u00e9tiques, permettant \u00e0 nos clients de d\u00e9couvrir la beaut\u00e9 de la technologie.<\/p>\n\n\n\n<h3 id=\"wd-19d0d311\" class=\"wp-block-wd-title title\">Nos produits<\/h3>\n\n\n\n<p id=\"wd-9af2fc98\" class=\"wp-block-wd-paragraph\">Des c\u00e2bles \u00e0 fibres optiques aux solutions d'\u00e9clairage innovantes, chaque produit que nous proposons est fabriqu\u00e9 avec pr\u00e9cision et soin. Nous utilisons des technologies de pointe pour garantir que nos produits offrent des performances sup\u00e9rieures tout en conservant une touche artistique. Chaque article est con\u00e7u pour apporter une touche de couleur et de cr\u00e9ativit\u00e9 dans la vie de tous les jours, en faisant de la technologie un \u00e9l\u00e9ment de votre parcours esth\u00e9tique.<\/p>\n\n\n\n<h3 id=\"wd-984d88eb\" class=\"wp-block-wd-title title\">Engagement en faveur du d\u00e9veloppement durable<\/h3>\n\n\n\n<p id=\"wd-3ccbcef7\" class=\"wp-block-wd-paragraph\">Chez LuLeey, nous nous engageons \u00e9galement en faveur du d\u00e9veloppement durable. Nous comprenons l'importance de la protection de notre environnement et nous nous effor\u00e7ons de cr\u00e9er des produits \u00e9cologiques et durables. Nos processus de fabrication privil\u00e9gient la r\u00e9duction des d\u00e9chets et l'efficacit\u00e9 \u00e9nerg\u00e9tique, ce qui nous permet d'apporter une contribution positive \u00e0 la plan\u00e8te.<\/p>\n\n\n\n<h3 id=\"wd-3e389a9b\" class=\"wp-block-wd-title title\">Rejoignez-nous dans ce voyage color\u00e9<\/h3>\n\n\n\n<p id=\"wd-0be7cd69\" class=\"wp-block-wd-paragraph\">Alors que nous continuons \u00e0 nous d\u00e9velopper et \u00e0 innover, nous vous invitons \u00e0 nous rejoindre dans ce voyage haut en couleur. Que vous soyez un passionn\u00e9 de technologie, un artiste ou quelqu'un qui appr\u00e9cie simplement la beaut\u00e9 de la lumi\u00e8re, LuLeey a quelque chose pour vous. Ensemble, illuminons le monde avec des couleurs vibrantes et des possibilit\u00e9s infinies.<\/p>\n\n\n\n<div id=\"wd-41772e4b\" class=\"wp-block-wd-divider wd-style-line\"><\/div>\n\n\n\n<p id=\"wd-7867970c\" class=\"wp-block-wd-paragraph wd-align\"><strong>LuLeey<\/strong>-o\u00f9 la technologie rencontre l'art, et o\u00f9 chaque connexion est une c\u00e9l\u00e9bration de la couleur.<\/p>\n<\/div>\n\n\n\n<p id=\"wd-50e9b006\" class=\"wp-block-wd-paragraph wd-align wd-align-s-center\">Exporter des produits de qualit\u00e9<\/p>\n\n\n\n<h2 id=\"wd-e2750325\" class=\"wp-block-wd-title title wd-align wd-align-s-center\">POURQUOI LULEEY<\/h2>\n\n\n\n<p id=\"wd-39ef29d3\" class=\"wp-block-wd-paragraph wd-align\">Laissez les choses professionnelles \u00e0 l'\u00e9quipe professionnelle<\/p>\n\n\n\n<div id=\"wd-79aaca4d\" class=\"wp-block-wd-row\">\n<div id=\"wd-ff977e96\" class=\"wp-block-wd-column\">\n<div id=\"wd-b5407f26\" class=\"wp-block-wd-infobox wd-hover-parent wd-align wd-icon-top\">\n<div id=\"wd-99d1def3\" class=\"wp-block-wd-icon\"><img loading=\"lazy\" decoding=\"async\" width=\"1080\" height=\"1440\" class=\"wp-image-14070\" src=\"https:\/\/www.luleey.com\/wp-content\/uploads\/2023\/09\/mmexport1693634985284.jpg\" alt=\"\" title=\"\" srcset=\"https:\/\/www.luleey.com\/wp-content\/uploads\/2023\/09\/mmexport1693634985284.jpg 1080w, https:\/\/www.luleey.com\/wp-content\/uploads\/2023\/09\/mmexport1693634985284-150x200.jpg 150w, https:\/\/www.luleey.com\/wp-content\/uploads\/2023\/09\/mmexport1693634985284-768x1024.jpg 768w, https:\/\/www.luleey.com\/wp-content\/uploads\/2023\/09\/mmexport1693634985284-9x12.jpg 9w, https:\/\/www.luleey.com\/wp-content\/uploads\/2023\/09\/mmexport1693634985284-1000x1333.jpg 1000w, https:\/\/www.luleey.com\/wp-content\/uploads\/2023\/09\/mmexport1693634985284-750x1000.jpg 750w\" sizes=\"auto, (max-width: 1080px) 100vw, 1080px\" \/><\/div>\n\n\n\n<div id=\"wd-4cfac4c9\" class=\"wp-block-wd-container wd-dir-col\">\n<h2 id=\"wd-d88ef06e\" class=\"wp-block-wd-title title wd-align\">Fabrication intelligente<\/h2>\n\n\n\n<p id=\"wd-884cf5a0\" class=\"wp-block-wd-paragraph wd-align\">Nos produits en fibre optique sont fabriqu\u00e9s \u00e0 l'aide de technologies avanc\u00e9es de fabrication intelligente, ce qui garantit l'efficacit\u00e9 et la pr\u00e9cision du processus de production. Des \u00e9quipements automatis\u00e9s et des syst\u00e8mes de contr\u00f4le intelligents am\u00e9liorent la coh\u00e9rence et la fiabilit\u00e9 des produits.<\/p>\n<\/div>\n<\/div>\n<\/div>\n\n\n\n<div id=\"wd-c72a2eab\" class=\"wp-block-wd-column\">\n<div id=\"wd-949197f7\" class=\"wp-block-wd-infobox wd-hover-parent wd-icon-top\">\n<div id=\"wd-ff0f647f\" class=\"wp-block-wd-icon\"><img loading=\"lazy\" decoding=\"async\" width=\"1080\" height=\"1440\" class=\"wp-image-15502\" src=\"https:\/\/www.luleey.com\/wp-content\/uploads\/2024\/10\/mmexport1678509478702.jpg\" alt=\"\" title=\"\" srcset=\"https:\/\/www.luleey.com\/wp-content\/uploads\/2024\/10\/mmexport1678509478702.jpg 1080w, https:\/\/www.luleey.com\/wp-content\/uploads\/2024\/10\/mmexport1678509478702-150x200.jpg 150w, https:\/\/www.luleey.com\/wp-content\/uploads\/2024\/10\/mmexport1678509478702-768x1024.jpg 768w, https:\/\/www.luleey.com\/wp-content\/uploads\/2024\/10\/mmexport1678509478702-9x12.jpg 9w, https:\/\/www.luleey.com\/wp-content\/uploads\/2024\/10\/mmexport1678509478702-1000x1333.jpg 1000w\" sizes=\"auto, (max-width: 1080px) 100vw, 1080px\" \/><\/div>\n\n\n\n<div id=\"wd-f65a05e4\" class=\"wp-block-wd-container wd-dir-col\">\n<h2 id=\"wd-5acc9663\" class=\"wp-block-wd-title title wd-align\">Essais environnementaux<\/h2>\n\n\n\n<p id=\"wd-18370a70\" class=\"wp-block-wd-paragraph wd-align\">Chaque produit \u00e0 fibre optique est soumis \u00e0 des tests environnementaux rigoureux afin de garantir des performances stables dans diverses conditions extr\u00eames. Nous simulons diff\u00e9rents environnements pour valider la durabilit\u00e9 et l'adaptabilit\u00e9, ce qui permet aux clients d'avoir l'esprit tranquille.<\/p>\n<\/div>\n<\/div>\n<\/div>\n\n\n\n<div id=\"wd-4696f7da\" class=\"wp-block-wd-column\">\n<div id=\"wd-5efc75d6\" class=\"wp-block-wd-infobox wd-hover-parent wd-align wd-icon-top\">\n<div id=\"wd-1b0db224\" class=\"wp-block-wd-icon\"><img loading=\"lazy\" decoding=\"async\" width=\"300\" height=\"400\" class=\"wp-image-16365\" src=\"https:\/\/www.luleey.com\/wp-content\/uploads\/2024\/12\/SFP-TEST.jpg\" alt=\"test de marque\" title=\"\" srcset=\"https:\/\/www.luleey.com\/wp-content\/uploads\/2024\/12\/SFP-TEST.jpg 300w, https:\/\/www.luleey.com\/wp-content\/uploads\/2024\/12\/SFP-TEST-9x12.jpg 9w, https:\/\/www.luleey.com\/wp-content\/uploads\/2024\/12\/SFP-TEST-150x200.jpg 150w\" sizes=\"auto, (max-width: 300px) 100vw, 300px\" \/><\/div>\n\n\n\n<div id=\"wd-75fda28a\" class=\"wp-block-wd-container wd-dir-col\">\n<h2 id=\"wd-aef003f3\" class=\"wp-block-wd-title title wd-align\">Compatibilit\u00e9 parfaite<\/h2>\n\n\n\n<p id=\"wd-32f0804f\" class=\"wp-block-wd-paragraph wd-align\">Tous les produits en fibre optique LuLeey sont con\u00e7us pour \u00eatre compatibles avec une large gamme d'appareils, garantissant des connexions transparentes entre diff\u00e9rents syst\u00e8mes. Qu'il s'agisse d'\u00e9quipements nouveaux ou anciens, ils offrent une interop\u00e9rabilit\u00e9 exceptionnelle pour r\u00e9pondre aux divers besoins des clients.<\/p>\n<\/div>\n<\/div>\n<\/div>\n\n\n\n<div id=\"wd-fa3dce19\" class=\"wp-block-wd-column\">\n<div id=\"wd-6493c4ab\" class=\"wp-block-wd-infobox wd-hover-parent wd-align wd-icon-top\">\n<div id=\"wd-bf1b7803\" class=\"wp-block-wd-icon\"><img loading=\"lazy\" decoding=\"async\" width=\"400\" height=\"400\" class=\"wp-image-17003\" src=\"https:\/\/www.luleey.com\/wp-content\/uploads\/2025\/01\/EM4.jpg\" alt=\"\" title=\"\" srcset=\"https:\/\/www.luleey.com\/wp-content\/uploads\/2025\/01\/EM4.jpg 400w, https:\/\/www.luleey.com\/wp-content\/uploads\/2025\/01\/EM4-12x12.jpg 12w, https:\/\/www.luleey.com\/wp-content\/uploads\/2025\/01\/EM4-150x150.jpg 150w\" sizes=\"auto, (max-width: 400px) 100vw, 400px\" \/><\/div>\n\n\n\n<div id=\"wd-63a91fdf\" class=\"wp-block-wd-container wd-dir-col\">\n<h2 id=\"wd-400269d3\" class=\"wp-block-wd-title title wd-align\">Assurance qualit\u00e9<\/h2>\n\n\n\n<p id=\"wd-e69fca24\" class=\"wp-block-wd-paragraph wd-align\">Nous nous engageons \u00e0 fournir une assurance qualit\u00e9 rigoureuse pour chaque produit \u00e0 fibre optique. Gr\u00e2ce \u00e0 des processus complets de test et de certification, nous nous assurons que chaque produit r\u00e9pond aux normes internationales, garantissant ainsi la satisfaction et la confiance des clients.<\/p>\n<\/div>\n<\/div>\n<\/div>\n<\/div>\n\n\n\n<div id=\"wd-a9553c8c\" class=\"wp-block-wd-section\">\n<p id=\"wd-838f7779\" class=\"wp-block-wd-paragraph wd-align\">Achats en ligne<\/p>\n\n\n\n<h2 id=\"wd-987d13b4\" class=\"wp-block-wd-title title wd-align wd-custom-width wd-align-s-center\">Guichet unique pour les produits en fibre optique<\/h2>\n\n\n\n<p id=\"wd-680c44d8\" class=\"wp-block-wd-paragraph wd-align\"><strong>Pr\u00e9vente&nbsp;<\/strong>: marketing@luleey.com<br><strong>Service apr\u00e8s-vente<\/strong>&nbsp;: support@luleey.com<br><strong>T\u00e9l<\/strong>: +8617328762617<br><strong>Whatsapp<\/strong>:&nbsp;<a href=\"https:\/\/api.whatsapp.com\/send?phone=8617328762617\" target=\"_blank\" rel=\"noreferrer noopener\"><mark>lien<\/mark><\/a><\/p>\n\n\n\n<div id=\"wd-8fab5ae0\" class=\"wp-block-wd-container wd-dir-col\">\n<div id=\"wd-5c0690a1\" class=\"wp-block-wd-carousel wd-carousel-container wd-align-s-center\"><div class=\"wd-carousel-inner\"><div class=\"wd-carousel wd-grid\" style=\"--wd-col-lg:3;--wd-col-md:3;--wd-col-sm:1;--wd-gap-lg:20px;--wd-gap-sm:10px;\" data-scroll_per_page=\"yes\"><div class=\"wd-carousel-wrap\">\n<div id=\"wd-e6271727\" class=\"wp-block-wd-carousel-item wd-carousel-item\">\n<div id=\"wd-826b530a\" class=\"wp-block-wd-infobox wd-hover-parent wd-align wd-icon-top\">\n<div id=\"wd-1f244198\" class=\"wp-block-wd-icon\"><img loading=\"lazy\" decoding=\"async\" width=\"576\" height=\"512\" class=\"wp-image-16332\" src=\"https:\/\/www.luleey.com\/wp-content\/uploads\/2024\/12\/credit-card-regular.svg\" alt=\"\" title=\"\"><\/div>\n\n\n\n<div id=\"wd-682b8a65\" class=\"wp-block-wd-container wd-dir-col wd-custom-width\">\n<h2 id=\"wd-7320b2b1\" class=\"wp-block-wd-title title\">Paiement s\u00e9curis\u00e9<\/h2>\n\n\n\n<p id=\"wd-7c1e7c4e\" class=\"wp-block-wd-paragraph\">PayPal, Carte de d\u00e9bit, Carte de cr\u00e9dit, ...<\/p>\n<\/div>\n<\/div>\n<\/div>\n\n\n\n<div id=\"wd-8accd70b\" class=\"wp-block-wd-carousel-item wd-carousel-item\">\n<div id=\"wd-1646bbb2\" class=\"wp-block-wd-infobox wd-hover-parent wd-align wd-icon-top\">\n<div id=\"wd-4dcd507b\" class=\"wp-block-wd-icon\"><img loading=\"lazy\" decoding=\"async\" width=\"576\" height=\"512\" class=\"wp-image-16333\" src=\"https:\/\/www.luleey.com\/wp-content\/uploads\/2024\/12\/plane-solid.svg\" alt=\"\" title=\"\"><\/div>\n\n\n\n<div id=\"wd-893b7ee1\" class=\"wp-block-wd-container wd-dir-col wd-custom-width\">\n<h2 id=\"wd-2f538624\" class=\"wp-block-wd-title title\">Exp\u00e9dition rapide<\/h2>\n\n\n\n<p id=\"wd-77a7e96c\" class=\"wp-block-wd-paragraph\">Exp\u00e9dition dans les 48 heures<\/p>\n<\/div>\n<\/div>\n<\/div>\n\n\n\n<div id=\"wd-7c28835f\" class=\"wp-block-wd-carousel-item wd-carousel-item\">\n<div id=\"wd-2ce1928a\" class=\"wp-block-wd-infobox wd-hover-parent wd-align wd-icon-top\">\n<div id=\"wd-efc80550\" class=\"wp-block-wd-icon\"><img loading=\"lazy\" decoding=\"async\" width=\"576\" height=\"512\" class=\"wp-image-16331\" src=\"https:\/\/www.luleey.com\/wp-content\/uploads\/2024\/12\/weixin-brands-solid.svg\" alt=\"\" title=\"\"><\/div>\n\n\n\n<div id=\"wd-2be92a0e\" class=\"wp-block-wd-container wd-dir-col wd-custom-width\">\n<h2 id=\"wd-7929be61\" class=\"wp-block-wd-title title\">Communication en temps utile<\/h2>\n\n\n\n<p id=\"wd-5b06fd88\" class=\"wp-block-wd-paragraph\">Email, Whatsapp ...<\/p>\n<\/div>\n<\/div>\n<\/div>\n<\/div><\/div><div class=\"wd-nav-arrows wd-pos-sep wd-hover-1 wd-icon-1\"><div class=\"wd-btn-arrow wd-prev\"><div class=\"wd-arrow-inner\"><\/div><\/div><div class=\"wd-btn-arrow wd-next\"><div class=\"wd-arrow-inner\"><\/div><\/div><\/div><\/div><\/div>\n<\/div>\n<\/div>\n\n\n\n<div id=\"wd-0022e6a9\" class=\"wp-block-wd-row\">\n<div id=\"wd-484d0c68\" class=\"wp-block-wd-column color-scheme-light\">\n<h2 id=\"wd-955925f2\" class=\"wp-block-wd-title title\">Rejoignez notre lettre d'information<\/h2>\n\n\n\t\t\t<div\n\t\t\t\t\t\tid=\"wd-f7631e42\"\n\t\t\t\t\t\tclass=\"wd-social-icons wd-style-default wd-size-default social-follow wd-shape-circle  wd-f7631e42\">\n\t\t\t\t\n\t\t\t\t\n\t\t\t\t\n\t\t\t\t\n\t\t\t\t\n\t\t\t\t\n\t\t\t\t\t\t\t\t\t<a rel=\"noopener noreferrer nofollow\" href=\"https:\/\/www.instagram.com\/sales_luleey\/\" target=\"_blank\" class=\"wd-social-icon social-instagram\" aria-label=\"Lien social Instagram\">\n\t\t\t\t\t\t<span class=\"wd-icon\"><\/span>\n\t\t\t\t\t\t\t\t\t\t\t<\/a>\n\t\t\t\t\n\t\t\t\t\n\t\t\t\t\t\t\t\t\t<a rel=\"noopener noreferrer nofollow\" href=\"https:\/\/www.youtube.com\/channel\/UC79ZKDR0MGxFIZtJFBED7qg\" target=\"_blank\" class=\"wd-social-icon social-youtube\" aria-label=\"Lien social YouTube\">\n\t\t\t\t\t\t<span class=\"wd-icon\"><\/span>\n\t\t\t\t\t\t\t\t\t\t\t<\/a>\n\t\t\t\t\n\t\t\t\t\n\t\t\t\t\n\t\t\t\t\n\t\t\t\t\n\t\t\t\t\n\t\t\t\t\n\t\t\t\t\n\t\t\t\t\n\t\t\t\t\n\t\t\t\t\n\t\t\t\t\n\t\t\t\t\t\t\t\t\t<a rel=\"noopener noreferrer nofollow\" href=\"https:\/\/api.whatsapp.com\/send?phone=8617328762617\" target=\"_blank\" class=\"wd-hide-md wd-social-icon social-whatsapp\" aria-label=\"Lien social WhatsApp\">\n\t\t\t\t\t\t<span class=\"wd-icon\"><\/span>\n\t\t\t\t\t\t\t\t\t\t\t<\/a>\n\n\t\t\t\t\t<a rel=\"noopener noreferrer nofollow\" href=\"https:\/\/api.whatsapp.com\/send?phone=8617328762617\" target=\"_blank\" class=\"wd-hide-lg wd-social-icon social-whatsapp\" aria-label=\"Lien social WhatsApp\">\n\t\t\t\t\t\t<span class=\"wd-icon\"><\/span>\n\t\t\t\t\t\t\t\t\t\t\t<\/a>\n\t\t\t\t\n\t\t\t\t\n\t\t\t\t\n\t\t\t\t\n\t\t\t\t\n\t\t\t\t\n\t\t\t\t\n\t\t\t\t\n\t\t\t<\/div>\n\n\t\t\n\n\n<p id=\"wd-e53e07c5\" class=\"wp-block-wd-paragraph wd-custom-width\">Recevez des offres occasionnelles ou des informations importantes directement dans votre bo\u00eete de r\u00e9ception. Pas de spam.<\/p>\n\n\n<div class='fluentform ff-default fluentform_wrapper_2  ff_guten_block ff_guten_block-2 ffs_default_wrap'><form data-form_id=\"2\" id=\"fluentform_2\" class=\"frm-fluent-form fluent_form_2 ff-el-form-top ff_form_instance_2_1 ff-form-loading ffs_default\" data-form_instance=\"ff_form_instance_2_1\" method=\"POST\" action=\"\" ><fieldset  style=\"border: none!important;margin: 0!important;padding: 0!important;background-color: transparent!important;box-shadow: none!important;outline: none!important; min-inline-size: 100%;\">\n                    <legend class=\"ff_screen_reader_title\" style=\"display: block; margin: 0!important;padding: 0!important;height: 0!important;text-indent: -999999px;width: 0!important;overflow:hidden;\">Formulaire de souscription<\/legend><input type='hidden' name='__fluent_form_embded_post_id' value='162' \/><input type=\"hidden\" id=\"_fluentform_2_fluentformnonce\" name=\"_fluentform_2_fluentformnonce\" value=\"cbde0a59b5\" \/><input type=\"hidden\" name=\"_wp_http_referer\" value=\"\/fr\/wp-json\/wp\/v2\/pages\/162\" \/><div data-name=\"ff_cn_id_1\"  class='ff-t-container ff-column-container ff_columns_total_2'><div class='ff-t-cell ff-t-column-1' style='flex-basis: 76.87%;'><div class='ff-el-group'><div class='ff-el-input--content'><input type=\"email\" name=\"email\" id=\"ff_2_email\" class=\"ff-el-form-control\" placeholder=\"Votre adresse \u00e9lectronique\" data-name=\"email\"  aria-invalid=\"false\" aria-required=\"true\"><\/div><\/div><\/div><div class='ff-t-cell ff-t-column-2' style='flex-basis: 23.13%;'><div class='ff-el-group ff-text-left ff_submit_btn_wrapper ff_submit_btn_wrapper_custom'><button class=\"ff-btn ff-btn-submit ff-btn-md ff_btn_style wpf_has_custom_css\" type=\"submit\" name=\"custom_submit_button-2_1\" data-name=\"custom_submit_button-2_1\"  aria-label=\"S&#039;abonner\">S'abonner<\/button><style>form.fluent_form_2 .wpf_has_custom_css.ff-btn-submit { background-color:rgba(171, 46, 24, 1);border-color:rgba(171, 46, 24, 1);color:#ffffff;min-width:100%; }form.fluent_form_2 .wpf_has_custom_css.ff-btn-submit:hover { background-color:#ffffff;border-color:#1a7efb;color:#1a7efb;min-width:100%; } <\/style><\/div><\/div><\/div>\t\t<div id=\"cf-turnstile-fluent-275504757\"\r\n\t\tclass=\"cf-turnstile\" \t\tdata-sitekey=\"0x4AAAAAAAgaVocN8pocymvC\"\r\n\t\tdata-theme=\"light\"\r\n\t\tdata-language=\"auto\"\r\n\t\tdata-size=\"normal\"\r\n\t\tdata-retry=\"auto\" data-retry-interval=\"1000\"\r\n\t\tdata-refresh-expired=\"auto\"\r\n\t\tdata-refresh-timeout=\"auto\"\r\n\t\tdata-action=\"fluent-form-2\"\r\n\t\tdata-callback=\"turnstileFluentCallback\"\r\n\t\t\t\tdata-appearance=\"always\"><\/div>\r\n\t\t\t<script>document.addEventListener(\"DOMContentLoaded\", function() { setTimeout(function(){ var e=document.getElementById(\"cf-turnstile-fluent-275504757\"); if(e&&!e.innerHTML.trim()){turnstile.render(e, {sitekey:\"0x4AAAAAAAgaVocN8pocymvC\"});} }, 200); });<\/script>\r\n\t\t\t<br class=\"cf-turnstile-br cf-turnstile-br-fluent-275504757\">\r\n\t\t\t\t<style>#cf-turnstile-fluent-275504757 { margin-left: -15px; }<\/style>\r\n\t\t<\/fieldset><input type=\"hidden\" name=\"trp-form-language\" value=\"fr\"\/><\/form><div id='fluentform_2_errors' class='ff-errors-in-stack ff_form_instance_2_1 ff-form-loading_errors ff_form_instance_2_1_errors'><\/div><\/div>            <script type=\"text\/javascript\">\n                window.fluent_form_ff_form_instance_2_1 = {\"id\":\"2\",\"ajaxUrl\":\"https:\\\/\\\/www.luleey.com\\\/wp-admin\\\/admin-ajax.php\",\"settings\":{\"layout\":{\"labelPlacement\":\"top\",\"helpMessagePlacement\":\"with_label\",\"errorMessagePlacement\":\"inline\",\"asteriskPlacement\":\"asterisk-right\"},\"restrictions\":{\"denyEmptySubmission\":{\"enabled\":false}}},\"form_instance\":\"ff_form_instance_2_1\",\"form_id_selector\":\"fluentform_2\",\"rules\":{\"email\":{\"required\":{\"value\":true,\"message\":\"This field is required\",\"global\":false,\"global_message\":\"This field is required\"},\"email\":{\"value\":true,\"message\":\"This field must contain a valid email\",\"global\":false,\"global_message\":\"This field must contain a valid email\"}}},\"debounce_time\":300};\n                            <\/script>\n            <\/div>\n\n\n\n<div id=\"wd-c2dbb06c\" class=\"wp-block-wd-column wd-hide-sm\"><\/div>\n<\/div>","protected":false},"excerpt":{"rendered":"","protected":false},"author":1,"featured_media":0,"parent":0,"menu_order":0,"comment_status":"closed","ping_status":"closed","template":"","meta":{"footnotes":""},"class_list":["post-162","page","type-page","status-publish","hentry"],"_links":{"self":[{"href":"https:\/\/www.luleey.com\/fr\/wp-json\/wp\/v2\/pages\/162","targetHints":{"allow":["GET"]}}],"collection":[{"href":"https:\/\/www.luleey.com\/fr\/wp-json\/wp\/v2\/pages"}],"about":[{"href":"https:\/\/www.luleey.com\/fr\/wp-json\/wp\/v2\/types\/page"}],"author":[{"embeddable":true,"href":"https:\/\/www.luleey.com\/fr\/wp-json\/wp\/v2\/users\/1"}],"replies":[{"embeddable":true,"href":"https:\/\/www.luleey.com\/fr\/wp-json\/wp\/v2\/comments?post=162"}],"version-history":[{"count":0,"href":"https:\/\/www.luleey.com\/fr\/wp-json\/wp\/v2\/pages\/162\/revisions"}],"wp:attachment":[{"href":"https:\/\/www.luleey.com\/fr\/wp-json\/wp\/v2\/media?parent=162"}],"curies":[{"name":"wp","href":"https:\/\/api.w.org\/{rel}","templated":true}]}}