{"id":16959,"date":"2025-01-10T11:37:12","date_gmt":"2025-01-10T03:37:12","guid":{"rendered":"https:\/\/www.luleey.com\/?page_id=16959"},"modified":"2025-01-11T15:53:56","modified_gmt":"2025-01-11T07:53:56","slug":"industrial-switches-engineered-for-extremes-luleey","status":"publish","type":"page","link":"https:\/\/www.luleey.com\/fr\/products\/industrial-switches-engineered-for-extremes-luleey\/","title":{"rendered":"Commutateurs industriels con\u00e7us pour les extr\u00eames | LuLeey"},"content":{"rendered":"<div id=\"wd-078ce4bd\" class=\"wp-block-wd-section\">\n<div id=\"wd-95e07b63\" class=\"wp-block-wd-row\">\n<div id=\"wd-fc104ae5\" class=\"wp-block-wd-column wd-align\">\n<h2 id=\"wd-75f18b6d\" class=\"wp-block-wd-title title\">Pourquoi les interrupteurs industriels de Luleey ?<\/h2>\n\n\n\n<p id=\"wd-9d0356d0\" class=\"wp-block-wd-paragraph wd-custom-width\">qui fournit des interrupteurs industriels de haute qualit\u00e9 con\u00e7us pour r\u00e9sister \u00e0 des conditions extr\u00eames.<\/p>\n\n\n\n<p id=\"wd-d3afcd33\" class=\"wp-block-wd-paragraph\">D\u00e9couvrez notre expertise dans le secteur des r\u00e9seaux industriels et comment nos commutateurs peuvent am\u00e9liorer votre efficacit\u00e9 op\u00e9rationnelle.<\/p>\n\n\n\n<a id=\"wd-efe0a462\" class=\"wp-block-wd-button btn btn-style-default btn-color-primary btn-size-default btn-shape-semi-round\" href=\"https:\/\/www.luleey.com\/fr\/categorie-produit\/switches\/industrial-switches\/\"><span>S\u00e9rie d'interrupteurs industriels<\/span><\/a>\n<\/div>\n\n\n\n<div id=\"wd-890843c1\" class=\"wp-block-wd-column wd-align-is-lg-center\">\n<div id=\"wd-c26a1ad2\" class=\"wp-block-wd-image wd-block-image\"><img loading=\"lazy\" decoding=\"async\" width=\"800\" height=\"800\" class=\"wp-image-16497\" src=\"https:\/\/www.luleey.com\/wp-content\/uploads\/2024\/12\/switches.jpg\" alt=\"\" title=\"\" srcset=\"https:\/\/www.luleey.com\/wp-content\/uploads\/2024\/12\/switches.jpg 800w, https:\/\/www.luleey.com\/wp-content\/uploads\/2024\/12\/switches-400x400.jpg 400w, https:\/\/www.luleey.com\/wp-content\/uploads\/2024\/12\/switches-150x150.jpg 150w, https:\/\/www.luleey.com\/wp-content\/uploads\/2024\/12\/switches-600x600.jpg 600w, https:\/\/www.luleey.com\/wp-content\/uploads\/2024\/12\/switches-768x768.jpg 768w, https:\/\/www.luleey.com\/wp-content\/uploads\/2024\/12\/switches-12x12.jpg 12w\" sizes=\"auto, (max-width: 800px) 100vw, 800px\" \/><\/div>\n<\/div>\n<\/div>\n<\/div>\n\n\n\n<p><\/p>\n\n\n\n<div id=\"wd-34ea49ac\" class=\"wp-block-wd-section\">\n<div id=\"wd-7c4769d4\" class=\"wp-block-wd-row wd-custom-width\">\n<div id=\"wd-5919f385\" class=\"wp-block-wd-column wd-align-is-lg-flex-end\">\n<div id=\"wd-280d243b\" class=\"wp-block-wd-image wd-block-image wd-parallax-on-scroll wd_scroll_x_0 wd_scroll_y_-30 wd_scroll_z_0 wd_scroll_smoothness_30\"><img loading=\"lazy\" decoding=\"async\" width=\"400\" height=\"400\" class=\"wp-image-16995\" src=\"https:\/\/www.luleey.com\/wp-content\/uploads\/2025\/01\/temp.jpg\" alt=\"\" title=\"\" srcset=\"https:\/\/www.luleey.com\/wp-content\/uploads\/2025\/01\/temp.jpg 400w, https:\/\/www.luleey.com\/wp-content\/uploads\/2025\/01\/temp-12x12.jpg 12w, https:\/\/www.luleey.com\/wp-content\/uploads\/2025\/01\/temp-150x150.jpg 150w\" sizes=\"auto, (max-width: 400px) 100vw, 400px\" \/><\/div>\n<\/div>\n\n\n\n<div id=\"wd-506b7c01\" class=\"wp-block-wd-column wd-parallax-on-scroll wd_scroll_x_0 wd_scroll_y_20 wd_scroll_z_0 wd_scroll_smoothness_30\">\n<h2 id=\"wd-2166705f\" class=\"wp-block-wd-title title wd-custom-width\"><strong>R\u00e9sistance aux temp\u00e9ratures extr\u00eames<\/strong><\/h2>\n\n\n\n<p id=\"wd-f5b50ac6\" class=\"wp-block-wd-paragraph wd-custom-width\">Nos interrupteurs industriels fonctionnent efficacement \u00e0 des temp\u00e9ratures allant de -40\u00b0C \u00e0 +85\u00b0C, garantissant ainsi des performances dans les climats les plus rudes.<\/p>\n<\/div>\n<\/div>\n\n\n\n<div id=\"wd-728cbf4b\" class=\"wp-block-wd-row wd-custom-width\">\n<div id=\"wd-ff84d945\" class=\"wp-block-wd-column wd-align wd-parallax-on-scroll wd_scroll_x_0 wd_scroll_y_20 wd_scroll_z_0 wd_scroll_smoothness_30\">\n<h2 id=\"wd-73ddd9c1\" class=\"wp-block-wd-title title wd-custom-width\"><strong>Indice IP40<\/strong><\/h2>\n\n\n\n<p id=\"wd-7c049630\" class=\"wp-block-wd-paragraph wd-custom-width\">Con\u00e7us avec un indice de protection IP40, nos commutateurs sont \u00e9tanches \u00e0 la poussi\u00e8re et peuvent r\u00e9sister \u00e0 l'immersion dans l'eau, ce qui les rend id\u00e9aux pour les applications ext\u00e9rieures et industrielles.<\/p>\n<\/div>\n\n\n\n<div id=\"wd-53d905b4\" class=\"wp-block-wd-column\">\n<div id=\"wd-b3167943\" class=\"wp-block-wd-image wd-block-image wd-parallax-on-scroll wd_scroll_x_0 wd_scroll_y_-30 wd_scroll_z_0 wd_scroll_smoothness_30\"><img loading=\"lazy\" decoding=\"async\" width=\"400\" height=\"400\" class=\"wp-image-16997\" src=\"https:\/\/www.luleey.com\/wp-content\/uploads\/2025\/01\/shine.jpg\" alt=\"\" title=\"\" srcset=\"https:\/\/www.luleey.com\/wp-content\/uploads\/2025\/01\/shine.jpg 400w, https:\/\/www.luleey.com\/wp-content\/uploads\/2025\/01\/shine-12x12.jpg 12w, https:\/\/www.luleey.com\/wp-content\/uploads\/2025\/01\/shine-150x150.jpg 150w\" sizes=\"auto, (max-width: 400px) 100vw, 400px\" \/><\/div>\n<\/div>\n<\/div>\n<\/div>\n\n\n\n<p><\/p>\n\n\n\n<div id=\"wd-9ec6c96b\" class=\"wp-block-wd-row\">\n<div id=\"wd-ab5f291f\" class=\"wp-block-wd-column wd-animation wd-transform wd-animation-slide-from-left wd_delay_100\"><\/div>\n\n\n\n<div id=\"wd-1ca11418\" class=\"wp-block-wd-column wd-align\">\n<div id=\"wd-03a64cea\" class=\"wp-block-wd-container wd-dir-col\">\n<h2 id=\"wd-1e5738df\" class=\"wp-block-wd-title title\">Forte gestion du r\u00e9seau<\/h2>\n\n\n\n<p id=\"wd-7ebc2c9f\" class=\"wp-block-wd-paragraph wd-custom-width\">Puissantes fonctions de passerelle \u00e9quip\u00e9es de VLAN 802.1Q, d'une vari\u00e9t\u00e9 de protocoles STP\/RSTP\/MSTP\/Ring, de synchronisation NTP, de multidiffusion IGMP, de prise en charge des protocoles de routage statique de la couche 3, de plateformes de passerelle, d'un haut degr\u00e9 de s\u00e9curit\u00e9 pour emp\u00eacher la politique ACL, de surveillance en temps r\u00e9el du temps de fonctionnement, de l'utilisation du CPU, de l'utilisation de la m\u00e9moire, de la temp\u00e9rature de fonctionnement, de la tension de l'alimentation, etc.<\/p>\n<\/div>\n<\/div>\n\n\n\n<div id=\"wd-226afb1a\" class=\"wp-block-wd-column wd-animation wd-transform wd-animation-slide-from-right wd_delay_100\"><\/div>\n<\/div>\n\n\n\n<div id=\"wd-5dd000bb\" class=\"wp-block-wd-row\">\n<div id=\"wd-41b64747\" class=\"wp-block-wd-column wd-align\">\n<div id=\"wd-b3074824\" class=\"wp-block-wd-container wd-dir-col\">\n<h2 id=\"wd-1134419f\" class=\"wp-block-wd-title title\">double alimentation<\/h2>\n\n\n\n<p id=\"wd-606481f1\" class=\"wp-block-wd-paragraph wd-custom-width\">Prise en charge de l'alimentation AC\/DC, compatible avec l'entr\u00e9e DC9~36V\/DC18~60V DC, \u00e9galement compatible avec l'alimentation AC110~240V AC, offrant au projet une vari\u00e9t\u00e9 de supports d'alimentation.<\/p>\n<\/div>\n<\/div>\n\n\n\n<div id=\"wd-53da0596\" class=\"wp-block-wd-column wd-animation wd-transform wd-animation-slide-from-bottom wd_delay_100\"><\/div>\n\n\n\n<div id=\"wd-8433ee3d\" class=\"wp-block-wd-column wd-align\">\n<div id=\"wd-af801979\" class=\"wp-block-wd-container wd-dir-col\">\n<h2 id=\"wd-0f45e2c8\" class=\"wp-block-wd-title title\">Niveau EM4<\/h2>\n\n\n\n<p id=\"wd-a1ee0e44\" class=\"wp-block-wd-paragraph\">Conforme aux normes industrielles CEM de niveau 4 pour r\u00e9pondre aux exigences de compatibilit\u00e9 \u00e9lectromagn\u00e9tique, d\u00e9charge d'air de 15 kV, d\u00e9charge de contact de 8 kV, protection contre la foudre du port de 6 kV, protection contre la foudre de l'alimentation de 4 kV, qui peut r\u00e9sister efficacement \u00e0 l'impact des changements soudains de tension et des surtensions transitoires, pour assurer la s\u00e9curit\u00e9 \u00e9lectrique dans les environnements \u00e0 haute tension.<\/p>\n<\/div>\n<\/div>\n<\/div>\n\n\n\n<p><\/p>\n\n\n\n<div id=\"wd-9c87a9c4\" class=\"wp-block-wd-container wd-dir-col wd-align\">\n<p id=\"wd-26f543a3\" class=\"wp-block-wd-paragraph wd-align\">Sc\u00e9narios pour les commutateurs industriels<\/p>\n\n\n\n<h2 id=\"wd-c9f5795a\" class=\"wp-block-wd-title title wd-align wd-align-s-center\">Une mise en r\u00e9seau puissante<\/h2>\n\n\n\n<p id=\"wd-aa182ec4\" class=\"wp-block-wd-paragraph\">Architecture de r\u00e9seau hi\u00e9rarchique : Adoption d'une architecture de r\u00e9seau \u00e0 trois niveaux avec une couche d'acc\u00e8s, une couche d'agr\u00e9gation et une couche centrale. Les commutateurs de la couche d'acc\u00e8s sont charg\u00e9s de collecter les donn\u00e9es provenant de divers dispositifs sur le site (par exemple, vid\u00e9o du v\u00e9hicule, informations sur les alarmes, etc.).<br>Le commutateur de la couche d'acc\u00e8s est charg\u00e9 de collecter des donn\u00e9es \u00e0 partir de divers dispositifs sur le site (par exemple, vid\u00e9o du v\u00e9hicule, informations d'alarme, etc.) et de les t\u00e9l\u00e9charger vers le syst\u00e8me de gestion dorsal via le commutateur de la couche d'agr\u00e9gation.<br>Le commutateur de la couche d'acc\u00e8s est charg\u00e9 de collecter des donn\u00e9es \u00e0 partir de divers dispositifs sur le site (par exemple, vid\u00e9o du v\u00e9hicule, informations d'alarme, etc.) et de les t\u00e9l\u00e9charger vers le syst\u00e8me de gestion dorsal via le commutateur de la couche d'agr\u00e9gation.<\/p>\n<\/div>\n\n\n\n<div id=\"wd-2dd48387\" class=\"wp-block-wd-row\">\n<div id=\"wd-47e6d6aa\" class=\"wp-block-wd-column\">\n<div id=\"wd-57c553bb\" class=\"wp-block-wd-infobox wd-hover-parent wd-align wd-icon-top\"><a class=\"wd-block-infobox-link wd-fill\" href=\"#\" aria-label=\"Lien infobox\"><\/a>\n<div id=\"wd-b6ce95ca\" class=\"wp-block-wd-icon\"><img loading=\"lazy\" decoding=\"async\" width=\"642\" height=\"368\" class=\"wp-image-16987\" src=\"https:\/\/www.luleey.com\/wp-content\/uploads\/2025\/01\/ai-video.png\" alt=\"\" title=\"\" srcset=\"https:\/\/www.luleey.com\/wp-content\/uploads\/2025\/01\/ai-video.png 642w, https:\/\/www.luleey.com\/wp-content\/uploads\/2025\/01\/ai-video-18x10.png 18w, https:\/\/www.luleey.com\/wp-content\/uploads\/2025\/01\/ai-video-150x86.png 150w\" sizes=\"auto, (max-width: 642px) 100vw, 642px\" \/><\/div>\n\n\n\n<div id=\"wd-a363eda2\" class=\"wp-block-wd-container wd-dir-col\">\n<h2 id=\"wd-bf457b59\" class=\"wp-block-wd-title title\">R\u00e9seau de voitures intelligentes<\/h2>\n\n\n\n<p id=\"wd-4caec2cb\" class=\"wp-block-wd-paragraph\">Fournit une transmission r\u00e9seau stable et fiable, prend en charge une large bande passante et une transmission de donn\u00e9es importante, une configuration de port riche et une mise en r\u00e9seau flexible, fournit des fonctions de protection et de gestion de la s\u00e9curit\u00e9 et prend en charge l'alimentation POE et d'autres aspects du r\u00f4le de simplification du c\u00e2blage et de r\u00e9duction des co\u00fbts pour assurer le fonctionnement stable et la gestion efficace du syst\u00e8me de vid\u00e9osurveillance du campus.<\/p>\n<\/div>\n<\/div>\n\n\n\n<div id=\"wd-b33a67b0\" class=\"wp-block-wd-infobox wd-hover-parent wd-align wd-icon-top\"><a class=\"wd-block-infobox-link wd-fill\" href=\"#\" aria-label=\"Lien infobox\"><\/a>\n<div id=\"wd-571f37c0\" class=\"wp-block-wd-icon\"><img loading=\"lazy\" decoding=\"async\" width=\"641\" height=\"311\" class=\"wp-image-16990\" src=\"https:\/\/www.luleey.com\/wp-content\/uploads\/2025\/01\/high-way.png\" alt=\"\" title=\"\" srcset=\"https:\/\/www.luleey.com\/wp-content\/uploads\/2025\/01\/high-way.png 641w, https:\/\/www.luleey.com\/wp-content\/uploads\/2025\/01\/high-way-18x9.png 18w, https:\/\/www.luleey.com\/wp-content\/uploads\/2025\/01\/high-way-150x73.png 150w\" sizes=\"auto, (max-width: 641px) 100vw, 641px\" \/><\/div>\n\n\n\n<div id=\"wd-404b8d4a\" class=\"wp-block-wd-container wd-dir-col\">\n<h2 id=\"wd-c2cbc29a\" class=\"wp-block-wd-title title\">Gestion intelligente des autoroutes<\/h2>\n\n\n\n<p id=\"wd-1de0f216\" class=\"wp-block-wd-paragraph\">Les produits sont utilis\u00e9s avec succ\u00e8s dans des domaines cl\u00e9s tels que les postes de p\u00e9age, les syst\u00e8mes de surveillance vid\u00e9o des v\u00e9hicules, les syst\u00e8mes de diffusion, les syst\u00e8mes d'\u00e9clairage et les syst\u00e8mes d'alarme. Gr\u00e2ce \u00e0 la surveillance vid\u00e9o en temps r\u00e9el, \u00e0 la transmission de donn\u00e9es et \u00e0 l'analyse intelligente, ils permettent un contr\u00f4le complet et une r\u00e9ponse rapide \u00e0 l'\u00e9tat de fonctionnement des autoroutes, fournissant ainsi un soutien technique solide pour la gestion et l'exploitation intelligentes des autoroutes.<\/p>\n<\/div>\n<\/div>\n<\/div>\n\n\n\n<div id=\"wd-093c30f6\" class=\"wp-block-wd-column wd-align-is-lg-center wd-hide-md-sm wd-hide-sm wd-animation wd-transform wd-animation-zoom-in wd_delay_100\">\n<div id=\"wd-46ff9c62\" class=\"wp-block-wd-image wd-block-image\"><img loading=\"lazy\" decoding=\"async\" width=\"839\" height=\"497\" class=\"wp-image-16991\" src=\"https:\/\/www.luleey.com\/wp-content\/uploads\/2025\/01\/switches-lan.png\" alt=\"\" title=\"\" srcset=\"https:\/\/www.luleey.com\/wp-content\/uploads\/2025\/01\/switches-lan.png 839w, https:\/\/www.luleey.com\/wp-content\/uploads\/2025\/01\/switches-lan-800x474.png 800w, https:\/\/www.luleey.com\/wp-content\/uploads\/2025\/01\/switches-lan-768x455.png 768w, https:\/\/www.luleey.com\/wp-content\/uploads\/2025\/01\/switches-lan-18x12.png 18w, https:\/\/www.luleey.com\/wp-content\/uploads\/2025\/01\/switches-lan-150x89.png 150w\" sizes=\"auto, (max-width: 839px) 100vw, 839px\" \/><\/div>\n<\/div>\n\n\n\n<div id=\"wd-0b4d674f\" class=\"wp-block-wd-column\">\n<div id=\"wd-e7fcea0f\" class=\"wp-block-wd-infobox wd-hover-parent wd-icon-top\"><a class=\"wd-block-infobox-link wd-fill\" href=\"#\" aria-label=\"Lien infobox\"><\/a>\n<div id=\"wd-d9989520\" class=\"wp-block-wd-icon\"><img loading=\"lazy\" decoding=\"async\" width=\"628\" height=\"471\" class=\"wp-image-16988\" src=\"https:\/\/www.luleey.com\/wp-content\/uploads\/2025\/01\/ai-worker.png\" alt=\"\" title=\"\" srcset=\"https:\/\/www.luleey.com\/wp-content\/uploads\/2025\/01\/ai-worker.png 628w, https:\/\/www.luleey.com\/wp-content\/uploads\/2025\/01\/ai-worker-16x12.png 16w, https:\/\/www.luleey.com\/wp-content\/uploads\/2025\/01\/ai-worker-150x113.png 150w\" sizes=\"auto, (max-width: 628px) 100vw, 628px\" \/><\/div>\n\n\n\n<div id=\"wd-65397649\" class=\"wp-block-wd-container wd-dir-col\">\n<h2 id=\"wd-91bb8283\" class=\"wp-block-wd-title title\">Ligne de production intelligente<\/h2>\n\n\n\n<p id=\"wd-ba0a1d6c\" class=\"wp-block-wd-paragraph\">Avec l'innovation continue de la technologie Ethernet, des protocoles de r\u00e9seau et d'autres aspects, les commutateurs industriels accorderont plus d'attention aux caract\u00e9ristiques d'intelligence, d'adaptabilit\u00e9 et d'autres aspects, afin de r\u00e9pondre aux besoins de mise \u00e0 niveau continue de l'internet industriel. 40 sc\u00e9narios d'application typiques de la fabrication intelligente dans 15 liens comprenant la construction d'usines, la conception de produits, la conception de processus, la planification et l'ordonnancement, et les op\u00e9rations de production ont \u00e9t\u00e9 r\u00e9sum\u00e9s.<\/p>\n<\/div>\n<\/div>\n\n\n\n<div id=\"wd-128d8e78\" class=\"wp-block-wd-infobox wd-hover-parent wd-icon-top\"><a class=\"wd-block-infobox-link wd-fill\" href=\"#\" aria-label=\"Lien infobox\"><\/a>\n<div id=\"wd-b7999916\" class=\"wp-block-wd-icon\"><img loading=\"lazy\" decoding=\"async\" width=\"639\" height=\"360\" class=\"wp-image-16989\" src=\"https:\/\/www.luleey.com\/wp-content\/uploads\/2025\/01\/electric-power-plant.png\" alt=\"\" title=\"\" srcset=\"https:\/\/www.luleey.com\/wp-content\/uploads\/2025\/01\/electric-power-plant.png 639w, https:\/\/www.luleey.com\/wp-content\/uploads\/2025\/01\/electric-power-plant-18x10.png 18w, https:\/\/www.luleey.com\/wp-content\/uploads\/2025\/01\/electric-power-plant-150x85.png 150w\" sizes=\"auto, (max-width: 639px) 100vw, 639px\" \/><\/div>\n\n\n\n<div id=\"wd-8f8631a6\" class=\"wp-block-wd-container wd-dir-col\">\n<h2 id=\"wd-44d9c6d3\" class=\"wp-block-wd-title title\">Intelligence des centrales \u00e9lectriques<\/h2>\n\n\n\n<p id=\"wd-2749a5fa\" class=\"wp-block-wd-paragraph\">En tant qu'\u00e9l\u00e9ment central du r\u00e9seau de communication de la centrale \u00e9lectrique, le commutateur industriel doit pr\u00e9senter de multiples caract\u00e9ristiques telles qu'une grande fiabilit\u00e9, une forte adaptabilit\u00e9, une transmission en temps r\u00e9el et une protection de la s\u00e9curit\u00e9 afin de garantir une communication fluide et une collaboration efficace entre les diff\u00e9rents syst\u00e8mes de la centrale \u00e9lectrique.<\/p>\n<\/div>\n<\/div>\n<\/div>\n<\/div>\n\n\n\n<p><\/p>","protected":false},"excerpt":{"rendered":"","protected":false},"author":1,"featured_media":16497,"parent":16956,"menu_order":0,"comment_status":"closed","ping_status":"closed","template":"","meta":{"footnotes":""},"class_list":["post-16959","page","type-page","status-publish","has-post-thumbnail","hentry"],"_links":{"self":[{"href":"https:\/\/www.luleey.com\/fr\/wp-json\/wp\/v2\/pages\/16959","targetHints":{"allow":["GET"]}}],"collection":[{"href":"https:\/\/www.luleey.com\/fr\/wp-json\/wp\/v2\/pages"}],"about":[{"href":"https:\/\/www.luleey.com\/fr\/wp-json\/wp\/v2\/types\/page"}],"author":[{"embeddable":true,"href":"https:\/\/www.luleey.com\/fr\/wp-json\/wp\/v2\/users\/1"}],"replies":[{"embeddable":true,"href":"https:\/\/www.luleey.com\/fr\/wp-json\/wp\/v2\/comments?post=16959"}],"version-history":[{"count":0,"href":"https:\/\/www.luleey.com\/fr\/wp-json\/wp\/v2\/pages\/16959\/revisions"}],"up":[{"embeddable":true,"href":"https:\/\/www.luleey.com\/fr\/wp-json\/wp\/v2\/pages\/16956"}],"wp:featuredmedia":[{"embeddable":true,"href":"https:\/\/www.luleey.com\/fr\/wp-json\/wp\/v2\/media\/16497"}],"wp:attachment":[{"href":"https:\/\/www.luleey.com\/fr\/wp-json\/wp\/v2\/media?parent=16959"}],"curies":[{"name":"wp","href":"https:\/\/api.w.org\/{rel}","templated":true}]}}