{"id":170,"date":"2024-07-12T11:22:51","date_gmt":"2024-07-12T11:22:51","guid":{"rendered":"https:\/\/dummy.xtemos.com\/woodmart2\/accessories-gutenberg\/?page_id=170"},"modified":"2026-03-16T10:52:41","modified_gmt":"2026-03-16T02:52:41","slug":"shopping-services","status":"publish","type":"page","link":"https:\/\/www.luleey.com\/fr\/shopping-services\/","title":{"rendered":"Services d'achat"},"content":{"rendered":"<div class=\"wp-block-wd-section wd-bff5dbb9\">\n<h2 class=\"wp-block-wd-title title wd-align wd-52c7110b\">Services d'achat<\/h2>\n\n\n\n<p class=\"wp-block-wd-paragraph wd-align wd-d17e44f9\">Le succ\u00e8s des clients est notre objectif<\/p>\n\n\n\n<div class=\"wp-block-wd-popup wd-c02b854e wd-align-s-center\">\n<a class=\"wp-block-wd-button btn btn-style-link btn-color-primary btn-size-extra-large wd-fa0e2b9a\" href=\"https:\/\/www.luleey.com\/fr\/contact-us\/\"><span>nous contacter<\/span><\/a>\n\n\n\n<div class=\"wp-block-wd-popup-content wd-popup wd-popup-element wd-scroll-content wd-ad75b7ce\"><div class=\"wd-popup-inner\">\n<div class=\"wp-block-wd-row wd-5dd6df80\">\n<div class=\"wp-block-wd-column wd-85ef227a\">\n<h2 class=\"wp-block-wd-title title wd-2d97e8f8\">NOUS ENVOYER UN MESSAGE<\/h2>\n\n\n<div id=\"\" class=\"wd-notice wd-info wd-dc5babca\"><span>Vous devez cr\u00e9er un formulaire \u00e0 l'aide du plugin Contact form 7 pour pouvoir l'afficher \u00e0 l'aide de cet \u00e9l\u00e9ment.<\/span><\/div><\/div>\n\n\n\n<div class=\"wp-block-wd-column color-scheme-light wd-59fe1ff8\">\n<h2 class=\"wp-block-wd-title title wd-3ffc0058\">INFORMATIONS DE CONTACT<\/h2>\n\n\n\n<div class=\"wp-block-wd-infobox wd-hover-parent wd-icon-start wd-9f4b0ce2\">\n<div class=\"wp-block-wd-icon wd-0005316b\"><img decoding=\"async\" class=\"wp-image-11508\" src=\"https:\/\/www.luleey.com\/wp-content\/uploads\/2024\/05\/wd-pointer-light.svg\" alt=\"\" title=\"\"><\/div>\n\n\n\n<div class=\"wp-block-wd-container wd-dir-col wd-5c729d56\">\n<p class=\"wp-block-wd-paragraph wd-b9309848\">50 East 52nd Street<br>Brooklyn, NY 10022<br>\u00c9tats-Unis<\/p>\n<\/div>\n<\/div>\n\n\n\n<div class=\"wp-block-wd-infobox wd-hover-parent wd-icon-start wd-7950a2dd\">\n<div class=\"wp-block-wd-icon wd-e3187bc8\"><img decoding=\"async\" class=\"wp-image-11506\" src=\"https:\/\/www.luleey.com\/wp-content\/uploads\/2024\/05\/wd-mobile-light.svg\" alt=\"\" title=\"\"><\/div>\n\n\n\n<div class=\"wp-block-wd-container wd-dir-col wd-772a9e6b\">\n<p class=\"wp-block-wd-paragraph wd-aa918205\">+1322224332<br>+154623278<\/p>\n<\/div>\n<\/div>\n\n\n\n<div class=\"wp-block-wd-infobox wd-hover-parent wd-icon-start wd-b549d62f\">\n<div class=\"wp-block-wd-icon wd-d444826c\"><img decoding=\"async\" class=\"wp-image-11507\" src=\"https:\/\/www.luleey.com\/wp-content\/uploads\/2024\/05\/wd-paper-plane-light.svg\" alt=\"\" title=\"\"><\/div>\n\n\n\n<div class=\"wp-block-wd-container wd-dir-col wd-2290b57b\">\n<p class=\"wp-block-wd-paragraph wd-1ebee10a\">info@google.com<br>support@google.com<\/p>\n<\/div>\n<\/div>\n\n\n\n<div class=\"wp-block-wd-divider wd-style-line wd-3897da20\"><\/div>\n\n\n\n<p class=\"wp-block-wd-paragraph wd-3bfd80bc\">Vous avez des questions sur la mani\u00e8re dont nous pouvons aider votre entreprise ? Envoyez-nous un courriel et nous prendrons contact avec vous dans les plus brefs d\u00e9lais.<\/p>\n\n\n\t\t\t<div\n\t\t\t\t\t\tclass=\"wd-social-icons wd-style-colored wd-size-small social-share wd-shape-circle  wd-03a0c39d\">\n\t\t\t\t\n\t\t\t\t\n\t\t\t\t\t\t\t\t\t<a rel=\"noopener noreferrer nofollow\" href=\"https:\/\/www.facebook.com\/sharer\/sharer.php?u=https:\/\/www.luleey.com\/fr\/shopping-services\/\" target=\"_blank\" class=\"wd-social-icon social-facebook\" aria-label=\"Lien social Facebook\">\n\t\t\t\t\t\t<span class=\"wd-icon\"><\/span>\n\t\t\t\t\t\t\t\t\t\t\t<\/a>\n\t\t\t\t\n\t\t\t\t\t\t\t\t\t<a rel=\"noopener noreferrer nofollow\" href=\"https:\/\/x.com\/share?url=https:\/\/www.luleey.com\/fr\/shopping-services\/\" target=\"_blank\" class=\"wd-social-icon social-twitter\" aria-label=\"X lien social\">\n\t\t\t\t\t\t<span class=\"wd-icon\"><\/span>\n\t\t\t\t\t\t\t\t\t\t\t<\/a>\n\t\t\t\t\n\t\t\t\t\n\t\t\t\t\t\t\t\t\t<a rel=\"noopener noreferrer nofollow\" href=\"mailto:?subject=Check%20this%20https:\/\/www.luleey.com\/fr\/shopping-services\/\" target=\"_blank\" class=\"wd-social-icon social-email\" aria-label=\"Lien social par courriel\">\n\t\t\t\t\t\t<span class=\"wd-icon\"><\/span>\n\t\t\t\t\t\t\t\t\t\t\t<\/a>\n\t\t\t\t\n\t\t\t\t\n\t\t\t\t\n\t\t\t\t\n\t\t\t\t\t\t\t\t\t<a rel=\"noopener noreferrer nofollow\" href=\"https:\/\/pinterest.com\/pin\/create\/button\/?url=https:\/\/www.luleey.com\/fr\/shopping-services\/&#038;media=https:\/\/www.luleey.com\/wp-includes\/images\/media\/default.svg&#038;description=Shopping%20Services\" target=\"_blank\" class=\"wd-social-icon social-pinterest\" aria-label=\"Lien social Pinterest\">\n\t\t\t\t\t\t<span class=\"wd-icon\"><\/span>\n\t\t\t\t\t\t\t\t\t\t\t<\/a>\n\t\t\t\t\n\t\t\t\t\n\t\t\t\t\t\t\t\t\t<a rel=\"noopener noreferrer nofollow\" href=\"https:\/\/www.linkedin.com\/shareArticle?mini=true&#038;url=https:\/\/www.luleey.com\/fr\/shopping-services\/\" target=\"_blank\" class=\"wd-social-icon social-linkedin\" aria-label=\"Lien social Linkedin\">\n\t\t\t\t\t\t<span class=\"wd-icon\"><\/span>\n\t\t\t\t\t\t\t\t\t\t\t<\/a>\n\t\t\t\t\n\t\t\t\t\n\t\t\t\t\n\t\t\t\t\n\t\t\t\t\n\t\t\t\t\n\t\t\t\t\n\t\t\t\t\n\t\t\t\t\n\t\t\t\t\t\t\t\t\t<a rel=\"noopener noreferrer nofollow\" href=\"https:\/\/api.whatsapp.com\/send?text=https%3A%2F%2Fwww.luleey.com%2Ffr%2Fshopping-services%2F\" target=\"_blank\" class=\"wd-hide-md wd-social-icon social-whatsapp\" aria-label=\"Lien social WhatsApp\">\n\t\t\t\t\t\t<span class=\"wd-icon\"><\/span>\n\t\t\t\t\t\t\t\t\t\t\t<\/a>\n\n\t\t\t\t\t<a rel=\"noopener noreferrer nofollow\" href=\"whatsapp:\/\/send?text=http:\/\/https%3A%2F%2Fwww.luleey.com%2Ffr%2Fshopping-services%2F\" target=\"_blank\" class=\"wd-hide-lg wd-social-icon social-whatsapp\" aria-label=\"Lien social WhatsApp\">\n\t\t\t\t\t\t<span class=\"wd-icon\"><\/span>\n\t\t\t\t\t\t\t\t\t\t\t<\/a>\n\t\t\t\t\n\t\t\t\t\t\t\t\t\t<a rel=\"noopener noreferrer nofollow\" href=\"https:\/\/vk.com\/share.php?url=https:\/\/www.luleey.com\/fr\/shopping-services\/&#038;image=https:\/\/www.luleey.com\/wp-includes\/images\/media\/default.svg&#038;title=Shopping%20Services\" target=\"_blank\" class=\"wd-social-icon social-vk\" aria-label=\"Lien social VK\">\n\t\t\t\t\t\t<span class=\"wd-icon\"><\/span>\n\t\t\t\t\t\t\t\t\t\t\t<\/a>\n\t\t\t\t\n\t\t\t\t\n\t\t\t\t\n\t\t\t\t\n\t\t\t\t\n\t\t\t\t\t\t\t\t\t<a rel=\"noopener noreferrer nofollow\" href=\"https:\/\/telegram.me\/share\/url?url=https:\/\/www.luleey.com\/fr\/shopping-services\/\" target=\"_blank\" class=\"wd-social-icon social-tg\" aria-label=\"Lien social Telegram\">\n\t\t\t\t\t\t<span class=\"wd-icon\"><\/span>\n\t\t\t\t\t\t\t\t\t\t\t<\/a>\n\t\t\t\t\n\t\t\t\t\n\t\t\t<\/div>\n\n\t\t<\/div>\n<\/div>\n<\/div><\/div>\n<\/div>\n<\/div>\n\n\n\n<h2 class=\"wp-block-wd-title title wd-design-underlined wd-a708d13c\"><span>Modes de paiement<\/span><\/h2>\n\n\n\n<div class=\"wp-block-wd-menu-anchor wd-menu-anchor wd-a9dc1322\" data-id=\"payment\" data-offset=\"0\"><div id=\"payment\"><\/div><\/div>\n\n\n\n<p class=\"wp-block-wd-paragraph wd-249d278b\">Lorsque vous \u00eates pr\u00eat \u00e0 payer, il vous suffit de passer \u00e0 la caisse. Vous pourrez s\u00e9lectionner votre mode de paiement et consulter les d\u00e9tails de votre commande, y compris votre adresse de livraison, avant de payer. Si vous rencontrez des difficult\u00e9s pour payer vos articles, nous pouvons vous aider \u00e0 r\u00e9soudre le probl\u00e8me.<\/p>\n\n\n\n<div class=\"wp-block-wd-row wd-b620550b\">\n<div class=\"wp-block-wd-column wd-3e7b62d8\">\n<div class=\"wp-block-wd-toggle wd-toggle wd-state-static-lg wd-state-static-md-sm wd-state-closed-sm wd-active-lg wd-active-md-sm wd-icon-rotate wd-833648c6\">\n<div class=\"wp-block-wd-container wd-dir-row wd-toggle-head wd-f7856858\">\n<h2 class=\"wp-block-wd-title title wd-29583745\">PayPal<\/h2>\n\n\n\n<div class=\"wp-block-wd-icon wd-toggle-icon wd-4f3ce0b8\"><svg xmlns=\"http:\/\/www.w3.org\/2000\/svg \" width=\"64\" height=\"64\" viewbox=\"0 0 64 64\" aria-hidden=\"true\"><path d=\"M59.7678 20.7678C60.2551 20.2804 60.4992 19.6419 60.5 19.0031C60.5008 18.3623 60.2567 17.7212 59.7678 17.2322C59.2796 16.7441 58.6398 16.5 58 16.5C57.3602 16.5 56.7204 16.7441 56.2322 17.2322L32 41.4645L7.76777 17.2322C7.27961 16.7441 6.63981 16.5 6 16.5C5.36019 16.5 4.72039 16.7441 4.23223 17.2322C3.74408 17.7204 3.5 18.3602 3.5 19C3.5 19.6398 3.74408 20.2796 4.23223 20.7678L30.2322 46.7678C30.7204 47.2559 31.3602 47.5 32 47.5C32.6398 47.5 33.2796 47.2559 33.7678 46.7678L59.7678 20.7678Z\"><\/path><\/svg><\/div>\n<\/div>\n\n\n\n<div class=\"wp-block-wd-toggle-content wd-toggle-content wd-db0d9c49\"><div class=\"wd-toggle-content-inner\">\n<p class=\"wp-block-wd-paragraph wd-1250cc83\">PayPal est l'un des outils de paiement en ligne les plus populaires au monde. Redirigez-vous vers PayPal via une connexion en ligne s\u00e9curis\u00e9e et payez avec le solde de votre compte PayPal ou votre carte de cr\u00e9dit\/d\u00e9bit.<\/p>\n<\/div><\/div>\n<\/div>\n<\/div>\n\n\n\n<div class=\"wp-block-wd-column wd-b6b5fc7e\">\n<div class=\"wp-block-wd-toggle wd-toggle wd-state-static-lg wd-state-static-md-sm wd-state-closed-sm wd-active-lg wd-active-md-sm wd-icon-rotate wd-035486ea\">\n<div class=\"wp-block-wd-container wd-dir-row wd-toggle-head wd-f3a9fa69\">\n<h2 class=\"wp-block-wd-title title wd-dd79003a\">Carte de cr\u00e9dit\/d\u00e9bit<\/h2>\n\n\n\n<div class=\"wp-block-wd-icon wd-toggle-icon wd-9f4507ed\"><svg xmlns=\"http:\/\/www.w3.org\/2000\/svg \" width=\"64\" height=\"64\" viewbox=\"0 0 64 64\" aria-hidden=\"true\"><path d=\"M59.7678 20.7678C60.2551 20.2804 60.4992 19.6419 60.5 19.0031C60.5008 18.3623 60.2567 17.7212 59.7678 17.2322C59.2796 16.7441 58.6398 16.5 58 16.5C57.3602 16.5 56.7204 16.7441 56.2322 17.2322L32 41.4645L7.76777 17.2322C7.27961 16.7441 6.63981 16.5 6 16.5C5.36019 16.5 4.72039 16.7441 4.23223 17.2322C3.74408 17.7204 3.5 18.3602 3.5 19C3.5 19.6398 3.74408 20.2796 4.23223 20.7678L30.2322 46.7678C30.7204 47.2559 31.3602 47.5 32 47.5C32.6398 47.5 33.2796 47.2559 33.7678 46.7678L59.7678 20.7678Z\"><\/path><\/svg><\/div>\n<\/div>\n\n\n\n<div class=\"wp-block-wd-toggle-content wd-toggle-content wd-77ebeafa\"><div class=\"wd-toggle-content-inner\">\n<p class=\"wp-block-wd-paragraph wd-76a62e4d\">Stripe est une puissante plateforme de traitement des paiements qui permet aux entreprises d'accepter facilement les paiements en ligne. Elle offre un large \u00e9ventail de fonctionnalit\u00e9s. Les cartes bancaires sont associ\u00e9es aux comptes de d\u00e9bit ou de cr\u00e9dit d'une banque. Pour effectuer le paiement en ligne, les clients doivent saisir les informations relatives \u00e0 leur carte bancaire au moment du paiement.<\/p>\n<\/div><\/div>\n<\/div>\n<\/div>\n\n\n\n<div class=\"wp-block-wd-column wd-ff32a051\">\n<div class=\"wp-block-wd-toggle wd-toggle wd-state-static-lg wd-state-opened-md-sm wd-state-closed-sm wd-active-lg wd-active-md-sm wd-icon-rotate wd-6dc98cb0\">\n<div class=\"wp-block-wd-container wd-dir-row wd-toggle-head wd-2f44c091\">\n<h2 class=\"wp-block-wd-title title wd-53aea3d2\">Virement bancaire<br><\/h2>\n\n\n\n<div class=\"wp-block-wd-icon wd-toggle-icon wd-5300e624\"><svg xmlns=\"http:\/\/www.w3.org\/2000\/svg \" width=\"64\" height=\"64\" viewbox=\"0 0 64 64\" aria-hidden=\"true\"><path d=\"M59.7678 20.7678C60.2551 20.2804 60.4992 19.6419 60.5 19.0031C60.5008 18.3623 60.2567 17.7212 59.7678 17.2322C59.2796 16.7441 58.6398 16.5 58 16.5C57.3602 16.5 56.7204 16.7441 56.2322 17.2322L32 41.4645L7.76777 17.2322C7.27961 16.7441 6.63981 16.5 6 16.5C5.36019 16.5 4.72039 16.7441 4.23223 17.2322C3.74408 17.7204 3.5 18.3602 3.5 19C3.5 19.6398 3.74408 20.2796 4.23223 20.7678L30.2322 46.7678C30.7204 47.2559 31.3602 47.5 32 47.5C32.6398 47.5 33.2796 47.2559 33.7678 46.7678L59.7678 20.7678Z\"><\/path><\/svg><\/div>\n<\/div>\n\n\n\n<div class=\"wp-block-wd-toggle-content wd-toggle-content wd-17468a3d\"><div class=\"wd-toggle-content-inner\">\n<p class=\"wp-block-wd-paragraph wd-31b06843\">Pour les coupes B2Bomer Les virements bancaires permettent aux clients de transf\u00e9rer des fonds de leur compte bancaire \u00e0 votre compte bancaire.<\/p>\n<\/div><\/div>\n<\/div>\n<\/div>\n<\/div>\n\n\n\n<p class=\"wp-block-wd-paragraph wd-426a9719\">LuLeey veille \u00e0 ce que ses produits soient soumis \u00e0 un contr\u00f4le de qualit\u00e9 rigoureux, depuis l'achat des mati\u00e8res premi\u00e8res jusqu'au processus de fabrication. En outre, nous garantissons la r\u00e9paration des d\u00e9fauts de mat\u00e9riel et de fabrication \u00e0 l'acheteur initial. Si vous avez un probl\u00e8me avec votre produit, LuLeey offre des services de r\u00e9paration pour les produits qui n'ont pas d\u00e9pass\u00e9 leur p\u00e9riode de garantie apr\u00e8s-vente.<\/p>\n\n\n\n<h2 class=\"wp-block-wd-title title wd-design-underlined wd-018192bd\"><span>Garantie du produit<\/span><\/h2>\n\n\n\n<div class=\"wp-block-wd-menu-anchor wd-menu-anchor wd-7b381d1f\" data-id=\"warranty\" data-offset=\"0\"><div id=\"warranty\"><\/div><\/div>\n\n\n\n<p class=\"wp-block-wd-paragraph wd-f36e83bf\">La p\u00e9riode de garantie pour toutes les cat\u00e9gories est indiqu\u00e9e dans le tableau ci-dessous, \u00e0 compter de la date de livraison de la commande initiale.<\/p>\n\n\n\n<figure class=\"wp-block-table\"><table class=\"has-fixed-layout\"><thead><tr><th>SOUS-CAT\u00c9GORIESOUS-CAT\u00c9GORIE<\/th><th>RETURN WINDOW<\/th><th>FEN\u00caTRE D'\u00c9CHANGE<\/th><th>DUR\u00c9E DE LA GARANTIE<\/th><th>NOTES<\/th><\/tr><\/thead><tbody><tr><td>ONU ET ONT<\/td><td>15 jours<\/td><td>30 jours<\/td><td>2 ans<\/td><td><\/td><\/tr><tr><td>Commutateur Ethernet<\/td><td>15 jours<\/td><td>30 jours<\/td><td>2 ans<\/td><td><\/td><\/tr><tr><td>\u00c9quipement CATV<\/td><td>15 jours<\/td><td>30 jours<\/td><td>2 ans<\/td><td><\/td><\/tr><tr><td>OLT Optical Line Terminal (terminal de ligne optique)<\/td><td>15 jours<\/td><td>30 jours<\/td><td>2 ans<\/td><td><\/td><\/tr><tr><td>\u00c9metteurs-r\u00e9cepteurs de modules optiques<\/td><td>15 jours<\/td><td>30 jours<\/td><td>2 ans<\/td><td><\/td><\/tr><tr><td>Convertisseur de m\u00e9dia<\/td><td>15 jours<\/td><td>30 jours<\/td><td>2 ans<\/td><td><\/td><\/tr><tr><td>Cordons de raccordement optiques et pigtails de fibres optiques<\/td><td>Indisponible<\/td><td>Indisponible<\/td><td>Consommable<\/td><td><\/td><\/tr><tr><td>OTDR<br>Inspection des fibres<br>Mesureurs de puissance optique<br>Localisateurs visuels de d\u00e9fauts<br>Sources lumineuses<br>Multim\u00e8tres optiques<br>Identificateurs de fibres<\/td><td>15 jours<\/td><td>30 jours<\/td><td>1 an<\/td><td><\/td><\/tr><tr><td>Fibre Cleavers and Accessories<br>Polissage des fibres<br>D\u00e9nudeurs de fibres<br>Fibre Slitters<br>Coupeurs de fibres<\/td><td>Indisponible<\/td><td>Indisponible<\/td><td>Consommable<\/td><td><\/td><\/tr><tr><td>Outils de nettoyage des fibres<\/td><td>Indisponible<\/td><td>Indisponible<\/td><td>Consommable<\/td><td><\/td><\/tr><tr><td>\u00c9pisseur de fusion et accessoires<\/td><td>15 jours<\/td><td>30 jours<\/td><td>1 an<\/td><td><\/td><\/tr><\/tbody><\/table><\/figure>\n\n\n\n<h5 class=\"wp-block-wd-title title wd-7f5f34eb\">\u00c9l\u00e9ments de garantie gratuits :<\/h5>\n\n\n\n<p class=\"wp-block-wd-paragraph wd-49bd4332\">Pendant la p\u00e9riode de garantie, la garantie de LuLeey ne couvre que les d\u00e9fauts caus\u00e9s par une utilisation normale et les dommages logistiques, les probl\u00e8mes de qualit\u00e9, etc. Nous prenons en charge les frais de retour des articles sous garantie.<\/p>\n\n\n\n<h5 class=\"wp-block-wd-title title wd-c9d1d98c\">Exclusions de la garantie gratuite\uff1a<\/h5>\n\n\n\n<p class=\"wp-block-wd-paragraph wd-ad55962e\">1. Le produit a d\u00e9pass\u00e9 la p\u00e9riode de garantie.<br>2. D\u00e9montage non autoris\u00e9, modification et autres dommages caus\u00e9s par l'homme.<br>3. Les dommages caus\u00e9s par des catastrophes naturelles telles que les chocs, les incendies, la foudre, les inondations ou la n\u00e9gligence humaine.<br>4. Dommages caus\u00e9s par un mauvais fonctionnement de l'enveloppe de l'appareil, de l'alimentation \u00e9lectrique, etc. pendant l'utilisation.<br>5. Veuillez noter que les produits sur mesure ne peuvent \u00eatre modifi\u00e9s ou annul\u00e9s qu'avant le d\u00e9but de la fabrication de la commande, sauf approbation.<\/p>\n\n\n\n<p class=\"wp-block-wd-paragraph wd-e24d9544\"><strong>Si vous avez des questions sur nos produits, n'h\u00e9sitez pas \u00e0&nbsp;<a href=\"https:\/\/www.luleey.com\/fr\/contact-us\/\"><mark>nous contacter<\/mark><\/a><em>.<\/em><\/strong><\/p>\n\n\n\n<h2 class=\"wp-block-wd-title title wd-design-underlined wd-9d7b6b49\"><span>Politique de retour<\/span><\/h2>\n\n\n\n<div class=\"wp-block-wd-menu-anchor wd-menu-anchor wd-e1edc04c\" data-id=\"return\" data-offset=\"0\"><div id=\"return\"><\/div><\/div>\n\n\n\n<p class=\"wp-block-wd-paragraph wd-e58762aa\">Service d'achat complet, tous les retours doivent \u00eatre accompagn\u00e9s d'un certificat d'achat approuv\u00e9.&nbsp;<a href=\"https:\/\/www.luleey.com\/fr\/contact-us\/#rma\"><mark>Demande de RMA<\/mark><\/a>&nbsp;et suivez les \u00e9tapes ci-dessous pour effectuer un remboursement, un \u00e9change ou une r\u00e9paration.<\/p>\n\n\n\n<h5 class=\"wp-block-wd-title title wd-a91b44a1\">\u00c0 propos des remboursements<\/h5>\n\n\n\n<p class=\"wp-block-wd-paragraph wd-90511f56\">Les remboursements seront effectu\u00e9s apr\u00e8s que LuLeey aura re\u00e7u et inspect\u00e9 les articles retourn\u00e9s. Le d\u00e9lai de remboursement est d'environ 7 jours.<\/p>\n\n\n\n<h5 class=\"wp-block-wd-title title wd-b59ba583\">\u00c0 propos des \u00e9changes<\/h5>\n\n\n\n<p class=\"wp-block-wd-paragraph wd-f766414c\">Si les articles de remplacement sont en stock, ils peuvent \u00eatre exp\u00e9di\u00e9s dans les deux jours ouvrables. Si l'article de remplacement n'est pas en stock, nous n\u00e9gocierons une date d'exp\u00e9dition avec vous.<\/p>\n\n\n\n<h5 class=\"wp-block-wd-title title wd-cd618960\">R\u00e9parations (pendant la p\u00e9riode de garantie)<\/h5>\n\n\n\n<p>Un service de r\u00e9paration est disponible pour la plupart des articles (\u00e0 l'exception des consommables) pendant la p\u00e9riode de garantie.<br><br>Pour obtenir un remboursement ou un \u00e9change, une demande de retour doit \u00eatre soumise dans les jours de garantie \u00e0 compter de la date de livraison. Pour les produits qui remplissent les conditions de r\u00e9paration, veuillez soumettre une demande de r\u00e9paration pendant la p\u00e9riode de garantie. Si la p\u00e9riode de garantie a expir\u00e9, les services de r\u00e9paration sont toujours disponibles mais seront factur\u00e9s au cas par cas.<br><br>Le service apr\u00e8s-vente doit \u00eatre assur\u00e9 pendant la p\u00e9riode de garantie. Pour v\u00e9rifier la p\u00e9riode de garantie d'un article, veuillez consulter la rubrique Garantie du produit.<\/p>\n\n\n\n<h2 class=\"wp-block-wd-title title wd-design-underlined wd-a14f9c3a\"><span><a href=\"https:\/\/www.luleey.com\/fr\/shopping-services\/#uagb-tabs__tab3\">Politique d'exp\u00e9dition<\/a><\/span><\/h2>\n\n\n\n<div class=\"wp-block-wd-menu-anchor wd-menu-anchor wd-24b91f75\" data-id=\"shopping\" data-offset=\"0\"><div id=\"shopping\"><\/div><\/div>\n\n\n\n<h3 class=\"wp-block-wd-title title wd-f54a6854\">Exp\u00e9dition dans les 48 heures<\/h3>\n\n\n\n<p class=\"wp-block-wd-paragraph wd-606337b2\">LuLeey utilise les meilleurs transporteurs du secteur pour s'assurer que votre commande arrive \u00e0 temps. Les produits qui sont en stock dans notre entrep\u00f4t seront exp\u00e9di\u00e9s dans les 2 jours ouvrables.<\/p>\n\n\n\n<h3 class=\"wp-block-wd-title title wd-12621d88\">Standard Express<\/h3>\n\n\n\n<p class=\"wp-block-wd-paragraph wd-a7c762f3\">Standard Express est la m\u00e9thode d'exp\u00e9dition par d\u00e9faut sur LuLeey. Elle offre des services de livraison gratuits \u00e0 partir de US$39 dans le monde entier. Les colis sont regroup\u00e9s et livr\u00e9s par les principaux transporteurs tels que Singapore Post, USPS Post, Canada Post, Korea Post, Poczta Polska, PostNL, etc. Le d\u00e9lai de livraison est de 7 \u00e0 45 jours, mais pour l'Europe, l'Am\u00e9rique du Nord et l'Asie, il est tr\u00e8s probable que la livraison soit effectu\u00e9e en 4 \u00e0 15 jours. .<\/p>\n\n\n\n<p class=\"wp-block-wd-paragraph wd-249dec5a\">Les droits de douane sont \u00e0 la charge des clients, mais la logistique standard prend en charge les envois DDP vers la plupart des pays, sans droits de douane, tels que US, DE, UK, CA, FR, IT, PL, AT, JP...<\/p>\n\n\n\n<h3 class=\"wp-block-wd-title title wd-9f2f25b8\">Premium Express(option)<\/h3>\n\n\n\n<p class=\"wp-block-wd-paragraph wd-7ddc68f4\">Premium Express regroupe les meilleurs transporteurs express internationaux du monde. Par exemple Premium Express.<br>DHL\/UPS\/FEDEX\/ARAMEX\/EMS\/autres services d\u00e9di\u00e9s \u00e0 haute priorit\u00e9. Le d\u00e9lai de livraison est de 5 \u00e0 15 jours.<\/p>\n\n\n\n<h2 class=\"wp-block-wd-title title wd-fad94514\">Date statistique:01-01-2026 au 15-03-2026<\/h2>\n\n\n\n<figure class=\"wp-block-table\"><table class=\"has-fixed-layout\"><tbody><tr><td class=\"has-text-align-center\" data-align=\"center\"><strong>Jours de livraison complets pour toutes les commandes<\/strong><\/td><td class=\"has-text-align-center\" data-align=\"center\"><strong>Pourcentage du total<\/strong><\/td><\/tr><tr><td class=\"has-text-align-center\" data-align=\"center\">T\u22643 jours<\/td><td class=\"has-text-align-center\" data-align=\"center\">0.00%<\/td><\/tr><tr><td class=\"has-text-align-center\" data-align=\"center\">3&lt;T\u22645 jours<\/td><td class=\"has-text-align-center\" data-align=\"center\">29.29%<\/td><\/tr><tr><td class=\"has-text-align-center\" data-align=\"center\">5&lt;T\u22647 jours<\/td><td class=\"has-text-align-center\" data-align=\"center\">41.42%<\/td><\/tr><tr><td class=\"has-text-align-center\" data-align=\"center\">7&lt;T\u226410 jours<\/td><td class=\"has-text-align-center\" data-align=\"center\">19.19%<\/td><\/tr><tr><td class=\"has-text-align-center\" data-align=\"center\">10&lt;T\u226415 jours<\/td><td class=\"has-text-align-center\" data-align=\"center\">10.10%<\/td><\/tr><tr><td class=\"has-text-align-center\" data-align=\"center\">15&lt;T\u226420 jours<\/td><td class=\"has-text-align-center\" data-align=\"center\">0.00%<\/td><\/tr><tr><td class=\"has-text-align-center\" data-align=\"center\">20&lt;T\u226430 jours<\/td><td class=\"has-text-align-center\" data-align=\"center\">0.00%<\/td><\/tr><tr><td class=\"has-text-align-center\" data-align=\"center\">T&gt;30 jours<\/td><td class=\"has-text-align-center\" data-align=\"center\">0.00%<\/td><\/tr><\/tbody><\/table><\/figure>\n\n\n\n<h2 class=\"wp-block-wd-title title wd-9d640aaa\"><strong>Fournisseurs de logistique<\/strong><\/h2>\n\n\n\n<div class=\"wp-block-wd-divider wd-style-line wd-391086be\"><\/div>\n\n\n\n<ul class=\"wp-block-list\">\n<li>Express international<\/li>\n\n\n\n<li>Ligne express<\/li>\n\n\n\n<li>Service postal international<\/li>\n<\/ul>\n\n\n\n<h2 class=\"wp-block-wd-title title wd-fb29e88d\">Principalement&nbsp;<strong>Transport a\u00e9rien<\/strong><\/h2>\n\n\n\n<div class=\"wp-block-wd-divider wd-style-line wd-4ee258ec\"><\/div>\n\n\n\n<ul class=\"wp-block-list\">\n<li>Pas de transport par bateau<\/li>\n\n\n\n<li>Pas par le transport ferroviaire<\/li>\n\n\n\n<li>Pas pour le transport en voiture<\/li>\n<\/ul>\n\n\n\n<h2 class=\"wp-block-wd-title title wd-cc33b04d\"><strong>Suivi complet des liens<\/strong><\/h2>\n\n\n\n<div class=\"wp-block-wd-divider wd-style-line wd-84e4a988\"><\/div>\n\n\n\n<ul class=\"wp-block-list\">\n<li>D\u00e9douanement rapide<\/li>\n\n\n\n<li>Envoy\u00e9 dans les 48 heures, normalement<\/li>\n\n\n\n<li>Traitement rapide de la question<\/li>\n<\/ul>\n\n\n\n<p class=\"wp-block-wd-paragraph wd-a5052c11\">Pour la plupart des produits, nous pouvons fournir un service personnalis\u00e9, mais la quantit\u00e9 et le prix doivent r\u00e9pondre \u00e0 certaines exigences.&nbsp;<a href=\"https:\/\/www.luleey.com\/fr\/contact-us\/\"><mark>nous contacter<\/mark><\/a>.<\/p>","protected":false},"excerpt":{"rendered":"<p>SOUS-CAT\u00c9GORIE SOUS-CAT\u00c9GORIE FEN\u00caTRE DE RETOUR FEN\u00caTRE D'\u00c9CHANGE DUR\u00c9E DE LA GARANTIE NOTES ONU ET ONT 15 jours 30 jours 2 ans Commutateur Ethernet 15<\/p>","protected":false},"author":1,"featured_media":0,"parent":0,"menu_order":0,"comment_status":"closed","ping_status":"closed","template":"","meta":{"footnotes":""},"class_list":["post-170","page","type-page","status-publish","hentry"],"_links":{"self":[{"href":"https:\/\/www.luleey.com\/fr\/wp-json\/wp\/v2\/pages\/170","targetHints":{"allow":["GET"]}}],"collection":[{"href":"https:\/\/www.luleey.com\/fr\/wp-json\/wp\/v2\/pages"}],"about":[{"href":"https:\/\/www.luleey.com\/fr\/wp-json\/wp\/v2\/types\/page"}],"author":[{"embeddable":true,"href":"https:\/\/www.luleey.com\/fr\/wp-json\/wp\/v2\/users\/1"}],"replies":[{"embeddable":true,"href":"https:\/\/www.luleey.com\/fr\/wp-json\/wp\/v2\/comments?post=170"}],"version-history":[{"count":0,"href":"https:\/\/www.luleey.com\/fr\/wp-json\/wp\/v2\/pages\/170\/revisions"}],"wp:attachment":[{"href":"https:\/\/www.luleey.com\/fr\/wp-json\/wp\/v2\/media?parent=170"}],"curies":[{"name":"wp","href":"https:\/\/api.w.org\/{rel}","templated":true}]}}