{"id":4714,"date":"2023-06-11T21:55:09","date_gmt":"2023-06-11T13:55:09","guid":{"rendered":"https:\/\/www.luleey.com\/?page_id=4714"},"modified":"2023-06-11T21:55:09","modified_gmt":"2023-06-11T13:55:09","slug":"terms-and-conditions","status":"publish","type":"page","link":"https:\/\/www.luleey.com\/fr\/terms-and-conditions\/","title":{"rendered":"Conditions d'utilisation"},"content":{"rendered":"<h4 id=\"introduction\" class=\"wp-block-heading\">INTRODUCTION<\/h4>\n\n\n\n<p>Bienvenue sur le site www.luleey.com. En acc\u00e9dant \u00e0 ce site web et en l'utilisant, vous acceptez les termes et conditions de ce site web. Si vous n'\u00eates pas d'accord avec l'ensemble des conditions g\u00e9n\u00e9rales, vous ne devez pas utiliser ce site \u00e0 quelque fin que ce soit. Les termes et conditions du site web s'appliquent \u00e0 tous les articles de toutes les cat\u00e9gories pr\u00e9sentes sur le site web.<\/p>\n\n\n\n<p>Toute r\u00e9f\u00e9rence \u00e0 ce site web ou \u00e0 tout autre site web dont le lien figure ici sur le site web est soumise \u00e0 tous les termes et conditions mentionn\u00e9s.<\/p>\n\n\n\n<p>LuLeey Now se r\u00e9serve le droit d'alt\u00e9rer, de modifier, de changer et d'apporter des ajouts et des r\u00e9ductions \u00e0 l'ensemble ou \u00e0 une partie des conditions g\u00e9n\u00e9rales. Les modifications entreront en vigueur d\u00e8s leur publication sur le site web, sans autre avis ou notification pr\u00e9alable. En utilisant le site web, vous acceptez les modifications apport\u00e9es aux conditions g\u00e9n\u00e9rales.<\/p>\n\n\n\n<h4 id=\"termsamp-conditions\" class=\"wp-block-heading\">CONDITIONS G\u00c9N\u00c9RALES D'UTILISATION<\/h4>\n\n\n\n<p>En vous inscrivant sur notre site web, vous acceptez ce qui suit :<\/p>\n\n\n\n<p>Vous fournirez des informations v\u00e9ridiques, exactes, actuelles et compl\u00e8tes sur vous-m\u00eame.<\/p>\n\n\n\n<p>Certaines fonctions ne sont disponibles que si vous vous inscrivez. Si vous vous inscrivez, vous \u00eates tenu de fournir des informations exactes au mieux de vos capacit\u00e9s. En cas de modification de ces informations, vous devez proc\u00e9der imm\u00e9diatement \u00e0 ces changements. Les membres sont personnellement responsables de la conservation de leurs comptes et de leurs mots de passe et il leur est conseill\u00e9 de ne les partager sous aucun pr\u00e9texte. Toute activit\u00e9 ill\u00e9gale effectu\u00e9e sous le nom d'utilisateur d'un utilisateur engage la responsabilit\u00e9 personnelle de ce dernier.<\/p>\n\n\n\n<h4 id=\"privacy\" class=\"wp-block-heading\">VIE PRIV\u00c9E<\/h4>\n\n\n\n<p>Veuillez consulter notre accord sur le respect de la vie priv\u00e9e, qui r\u00e9git \u00e9galement votre visite sur le site. Les informations\/donn\u00e9es personnelles que vous nous fournissez ou que vous utilisez sur le site seront trait\u00e9es de mani\u00e8re strictement confidentielle, conform\u00e9ment \u00e0 l'accord sur le respect de la vie priv\u00e9e et aux lois et r\u00e9glementations applicables. Si vous vous opposez \u00e0 ce que vos informations soient transf\u00e9r\u00e9es ou utilis\u00e9es de la mani\u00e8re sp\u00e9cifi\u00e9e dans l'accord sur la protection de la vie priv\u00e9e, veuillez ne pas utiliser le site.<\/p>\n\n\n\n<h4 id=\"continued-availability-of-the-site\" class=\"wp-block-heading\">LE MAINTIEN DE LA DISPONIBILIT\u00c9 DU SITE<\/h4>\n\n\n\n<p>Nous ferons tout ce qui est en notre pouvoir pour garantir que l'acc\u00e8s au site est disponible en permanence et qu'il est ininterrompu et exempt d'erreurs. Toutefois, en raison de la nature d'Internet et de la nature du site, cela ne peut \u00eatre garanti. En outre, votre acc\u00e8s au site peut \u00e9galement \u00eatre occasionnellement suspendu ou restreint pour permettre des r\u00e9parations, une maintenance ou l'introduction de nouvelles installations ou de nouveaux services, et ce \u00e0 tout moment et sans pr\u00e9avis. Nous nous efforcerons de limiter la fr\u00e9quence et la dur\u00e9e de ces suspensions ou restrictions.<\/p>\n\n\n\n<h4 id=\"your-conduct\" class=\"wp-block-heading\">VOTRE CONDUITE<\/h4>\n\n\n\n<p>Vous ne devez pas utiliser le site web d'une mani\u00e8re qui entra\u00eene, ou est susceptible d'entra\u00eener, une interruption, un endommagement ou une d\u00e9t\u00e9rioration du site ou de l'acc\u00e8s \u00e0 celui-ci. Vous ne devez pas vous engager dans des activit\u00e9s qui pourraient nuire ou potentiellement nuire au site, \u00e0 ses employ\u00e9s, dirigeants, repr\u00e9sentants, parties prenantes ou \u00e0 toute autre partie directement ou indirectement associ\u00e9e au site ou \u00e0 l'acc\u00e8s \u00e0 celui-ci qui serait interrompu, endommag\u00e9 ou alt\u00e9r\u00e9 de quelque mani\u00e8re que ce soit. Vous comprenez que c'est vous, et non nous, qui \u00eates responsable de toutes les communications \u00e9lectroniques et de tout le contenu que vous nous envoyez \u00e0 partir de votre ordinateur et que vous ne devez utiliser le site qu'\u00e0 des fins licites.<\/p>\n\n\n\n<h4 id=\"shipping\" class=\"wp-block-heading\">EXP\u00c9DITION<\/h4>\n\n\n\n<p>Nous pouvons exp\u00e9dier nos produits dans la plupart des pays du monde. Certains produits font l'objet de restrictions et ne peuvent \u00eatre exp\u00e9di\u00e9s vers certaines destinations.<\/p>\n\n\n\n<p>Lorsque vous passez une commande, nous estimons les dates d'exp\u00e9dition et de livraison en fonction de la disponibilit\u00e9 des articles et des options d'exp\u00e9dition que vous avez choisies.<\/p>\n\n\n\n<p>Veuillez \u00e9galement noter que les frais d'exp\u00e9dition pour de nombreux articles que nous vendons sont bas\u00e9s sur le poids. Le poids d'un tel article est indiqu\u00e9 sur sa page de d\u00e9tail. Afin de refl\u00e9ter les politiques des soci\u00e9t\u00e9s de transport que nous utilisons, tous les poids sont arrondis au 0,5 kg sup\u00e9rieur.<\/p>\n\n\n\n<h4 id=\"process-order\" class=\"wp-block-heading\">ORDRE DE TRAITEMENT<\/h4>\n\n\n\n<p>Nous traitons votre commande dans les 24 heures et livrons g\u00e9n\u00e9ralement les marchandises \u00e0 l'entreprise de logistique internationale dans les 48 heures.<\/p>","protected":false},"excerpt":{"rendered":"<p>INTRODUCTION Bienvenue sur le site www.luleey.com. En acc\u00e9dant \u00e0 ce site web et en l'utilisant, vous acceptez les termes et conditions du pr\u00e9sent document.<\/p>","protected":false},"author":1,"featured_media":0,"parent":0,"menu_order":0,"comment_status":"closed","ping_status":"closed","template":"","meta":{"footnotes":""},"class_list":["post-4714","page","type-page","status-publish","hentry"],"_links":{"self":[{"href":"https:\/\/www.luleey.com\/fr\/wp-json\/wp\/v2\/pages\/4714","targetHints":{"allow":["GET"]}}],"collection":[{"href":"https:\/\/www.luleey.com\/fr\/wp-json\/wp\/v2\/pages"}],"about":[{"href":"https:\/\/www.luleey.com\/fr\/wp-json\/wp\/v2\/types\/page"}],"author":[{"embeddable":true,"href":"https:\/\/www.luleey.com\/fr\/wp-json\/wp\/v2\/users\/1"}],"replies":[{"embeddable":true,"href":"https:\/\/www.luleey.com\/fr\/wp-json\/wp\/v2\/comments?post=4714"}],"version-history":[{"count":0,"href":"https:\/\/www.luleey.com\/fr\/wp-json\/wp\/v2\/pages\/4714\/revisions"}],"wp:attachment":[{"href":"https:\/\/www.luleey.com\/fr\/wp-json\/wp\/v2\/media?parent=4714"}],"curies":[{"name":"wp","href":"https:\/\/api.w.org\/{rel}","templated":true}]}}