{"id":671,"date":"2023-05-29T23:44:25","date_gmt":"2023-05-29T15:44:25","guid":{"rendered":"https:\/\/www.luleey.com\/?page_id=3"},"modified":"2025-09-22T11:11:39","modified_gmt":"2025-09-22T03:11:39","slug":"privacy-policy","status":"publish","type":"page","link":"https:\/\/www.luleey.com\/fr\/privacy-policy\/","title":{"rendered":"Politique de confidentialit\u00e9"},"content":{"rendered":"<h1 id=\"last-updated-on-17aug2024effective-date-01jan2023\" class=\"wp-block-heading has-medium-font-size\"><strong>Derni\u00e8re mise \u00e0 jour le 17-Aug-2024<\/strong><br><strong>Date d'entr\u00e9e en vigueur 01-Jan-2023<\/strong><\/h1>\n\n\n\n<p>La pr\u00e9sente politique de confidentialit\u00e9 d\u00e9crit les politiques de Shenzhen LuLeey ELEC Co. Ltd, Yangmei Crossroads, Bantian Street, Longgang District, Shenzhen, Guangdong 518000, Chine, adresse \u00e9lectronique : support@luleey.com, <strong>T\u00e9l<\/strong>: +8617328762617 sur la collecte, l'utilisation et la divulgation des informations que nous recueillons lorsque vous utilisez notre site web ( https:\/\/www.luleey.com ). (le \u201cService\u201d). En acc\u00e9dant au service ou en l'utilisant, vous consentez \u00e0 la collecte, \u00e0 l'utilisation et \u00e0 la divulgation de vos informations conform\u00e9ment \u00e0 la pr\u00e9sente politique de confidentialit\u00e9. Si vous n'y consentez pas, veuillez ne pas acc\u00e9der au service ni l'utiliser.<\/p>\n\n\n\n<p>Nous pouvons modifier la pr\u00e9sente politique de confidentialit\u00e9 \u00e0 tout moment sans vous en informer au pr\u00e9alable et nous publierons la politique de confidentialit\u00e9 r\u00e9vis\u00e9e sur le service. La politique r\u00e9vis\u00e9e entrera en vigueur 180 jours apr\u00e8s sa publication dans le service et votre acc\u00e8s ou utilisation continue du service apr\u00e8s cette date constituera votre acceptation de la politique r\u00e9vis\u00e9e de protection de la vie priv\u00e9e. Nous vous recommandons donc de consulter r\u00e9guli\u00e8rement cette page.<\/p>\n\n\n\n<ol class=\"wp-block-list\">\n<li>INFORMATIONS COLLECTIVES : Nous collectons et traitons les informations personnelles suivantes vous concernant :\n<ol class=\"wp-block-list\">\n<li>Nom<\/li>\n\n\n\n<li>Courriel<\/li>\n\n\n\n<li>Mobile<\/li>\n\n\n\n<li>Profil des m\u00e9dias sociaux<\/li>\n\n\n\n<li>Informations sur les paiements<\/li>\n\n\n\n<li>l'adresse de livraison<\/li>\n<\/ol>\n<\/li>\n\n\n\n<li>COMMENT NOUS RECUEILLONS VOS INFORMATIONS : Nous recueillons\/recevons des informations vous concernant de la mani\u00e8re suivante :\n<ol class=\"wp-block-list\">\n<li>Lorsqu'un utilisateur remplit le formulaire d'inscription ou soumet d'une autre mani\u00e8re des informations personnelles<\/li>\n\n\n\n<li>Interagir avec le site web<\/li>\n\n\n\n<li>Sources publiques<\/li>\n<\/ol>\n<\/li>\n\n\n\n<li>COMMENT NOUS UTILISONS VOS INFORMATIONS : Nous utiliserons les informations que nous recueillons \u00e0 votre sujet aux fins suivantes :<ol><li>Marketing\/ Promotion<\/li><li>Cr\u00e9ation d'un compte utilisateur<\/li><li>T\u00e9moignages<\/li><li>Collecte des commentaires des clients<\/li><li>Traitement des paiements<\/li><li>Soutien<\/li><li>Informations sur l'administration<\/li><li>G\u00e9rer les commandes des clients<\/li><li>Commentaires d'utilisateur \u00e0 utilisateur<\/li><li>G\u00e9rer le compte utilisateur<\/li><\/ol>Si nous voulons utiliser vos informations \u00e0 d'autres fins, nous vous demanderons votre consentement et nous n'utiliserons vos informations qu'apr\u00e8s avoir re\u00e7u votre consentement et, dans ce cas, uniquement aux fins pour lesquelles vous avez donn\u00e9 votre consentement, \u00e0 moins que la loi ne nous oblige \u00e0 faire autrement.<\/li>\n\n\n\n<li>COMMENT NOUS PARTAGEONS VOS INFORMATIONS : Nous ne transmettrons pas vos informations personnelles \u00e0 des tiers sans votre consentement, sauf dans les cas limit\u00e9s d\u00e9crits ci-dessous :<ol><li>Analyse<\/li><li>Collecte et traitement des donn\u00e9es<\/li><\/ol>Nous demandons \u00e0 ces tiers d'utiliser les informations personnelles que nous leur transf\u00e9rons uniquement dans le but pour lequel elles ont \u00e9t\u00e9 transf\u00e9r\u00e9es et de ne pas les conserver plus longtemps qu'il n'est n\u00e9cessaire pour atteindre ledit but : (1) pour se conformer \u00e0 la loi, \u00e0 la r\u00e9glementation, \u00e0 l'ordonnance d'un tribunal ou \u00e0 toute autre proc\u00e9dure judiciaire applicable ; (2) pour faire respecter les accords que vous avez conclus avec nous, y compris la pr\u00e9sente politique de confidentialit\u00e9 ; ou (3) pour r\u00e9pondre \u00e0 des r\u00e9clamations selon lesquelles votre utilisation du service viole les droits d'un tiers. Si le service ou notre soci\u00e9t\u00e9 est fusionn\u00e9 ou acquis par une autre soci\u00e9t\u00e9, vos informations seront l'un des actifs transf\u00e9r\u00e9s au nouveau propri\u00e9taire.<\/li>\n\n\n\n<li>CONSERVATION DE VOS INFORMATIONS : Nous conserverons vos informations personnelles pendant 90 jours \u00e0 2 ans apr\u00e8s que les utilisateurs ont r\u00e9sili\u00e9 leur compte ou aussi longtemps que nous en aurons besoin pour atteindre les objectifs pour lesquels elles ont \u00e9t\u00e9 collect\u00e9es, comme indiqu\u00e9 dans la pr\u00e9sente politique de protection de la vie priv\u00e9e. Il se peut que nous devions conserver certaines informations pendant des p\u00e9riodes plus longues, par exemple pour la tenue de registres ou l'\u00e9tablissement de rapports conform\u00e9ment \u00e0 la l\u00e9gislation applicable ou pour d'autres raisons l\u00e9gitimes telles que l'application de droits l\u00e9gaux, la pr\u00e9vention de la fraude, etc. Les informations anonymes r\u00e9siduelles et les informations agr\u00e9g\u00e9es, qui ne permettent pas de vous identifier (directement ou indirectement), peuvent \u00eatre stock\u00e9es ind\u00e9finiment.<\/li>\n\n\n\n<li>VOS DROITS : En fonction de la l\u00e9gislation applicable, vous pouvez avoir un droit d'acc\u00e8s et de rectification ou d'effacement de vos donn\u00e9es \u00e0 caract\u00e8re personnel ou recevoir une copie de vos donn\u00e9es \u00e0 caract\u00e8re personnel, restreindre le traitement actif de vos donn\u00e9es ou vous y opposer, nous demander de partager (porter) vos donn\u00e9es \u00e0 caract\u00e8re personnel avec une autre entit\u00e9, retirer tout consentement que vous nous avez donn\u00e9 pour le traitement de vos donn\u00e9es, un droit de d\u00e9poser une plainte aupr\u00e8s d'une autorit\u00e9 statutaire et tout autre droit pertinent en vertu des lois applicables. Pour exercer ces droits, vous pouvez nous \u00e9crire \u00e0 support@luleey.com. Vous pouvez refuser les communications de marketing direct ou le profilage que nous effectuons \u00e0 des fins de marketing en nous \u00e9crivant \u00e0 support@luleey.com.Do. Notez que si vous ne nous autorisez pas \u00e0 collecter ou \u00e0 traiter les informations personnelles requises ou si vous retirez votre consentement au traitement de ces informations aux fins requises, il se peut que vous ne puissiez pas acc\u00e9der aux services pour lesquels vos informations ont \u00e9t\u00e9 demand\u00e9es ou que vous ne puissiez pas les utiliser.<\/li>\n\n\n\n<li>Pour en savoir plus sur la mani\u00e8re dont nous utilisons ces technologies et sur les choix qui s'offrent \u00e0 vous en ce qui concerne ces technologies de suivi, veuillez vous r\u00e9f\u00e9rer \u00e0 notre site Web.&nbsp;<a href=\"https:\/\/www.luleey.com\/fr\/cookie-policy\/\">Politique en mati\u00e8re de cookies.<\/a><\/li>\n\n\n\n<li>S\u00c9CURIT\u00c9 : La s\u00e9curit\u00e9 de vos informations est importante pour nous et nous utiliserons des mesures de s\u00e9curit\u00e9 raisonnables pour emp\u00eacher la perte, l'utilisation abusive ou la modification non autoris\u00e9e de vos informations sous notre contr\u00f4le. Toutefois, compte tenu des risques inh\u00e9rents, nous ne pouvons pas garantir une s\u00e9curit\u00e9 absolue et, par cons\u00e9quent, nous ne pouvons pas assurer ou garantir la s\u00e9curit\u00e9 des informations que vous nous transmettez et vous le faites \u00e0 vos propres risques.<\/li>\n\n\n\n<li>LIENS AVEC DES TIERS ET UTILISATION DE VOS INFORMATIONS : Notre service peut contenir des liens vers d'autres sites web que nous n'exploitons pas. La pr\u00e9sente politique de confidentialit\u00e9 n'aborde pas la politique de confidentialit\u00e9 et les autres pratiques des tiers, y compris des tiers exploitant un site web ou un service accessible via un lien sur le service. Nous vous conseillons vivement de consulter la politique de confidentialit\u00e9 de chaque site que vous visitez. Nous n'avons aucun contr\u00f4le et n'assumons aucune responsabilit\u00e9 quant au contenu, aux politiques de confidentialit\u00e9 ou aux pratiques des sites ou services tiers.<\/li>\n\n\n\n<li>GRIEF \/ RESPONSABLE DE LA PROTECTION DES DONN\u00c9ES : Si vous avez des questions ou des pr\u00e9occupations concernant le traitement de vos informations disponibles chez nous, vous pouvez envoyer un courriel \u00e0 notre responsable des griefs \u00e0 Shenzhen LuLeey ELEC Co, Ltd, Yangmei Crossroads, Bantian Street, Longgang District, Shenzhen, courriel : support@luleey.com. Nous r\u00e9pondrons \u00e0 vos pr\u00e9occupations conform\u00e9ment \u00e0 la l\u00e9gislation applicable.<\/li>\n<\/ol>","protected":false},"excerpt":{"rendered":"<p>Derni\u00e8re mise \u00e0 jour le 17-Aug-2024Date d'entr\u00e9e en vigueur le 01-Jan-2023 Cette politique de confidentialit\u00e9 d\u00e9crit les politiques de Shenzhen LuLeey ELEC Co, Ltd, Yangmei Crossroads.<\/p>","protected":false},"author":1,"featured_media":0,"parent":0,"menu_order":0,"comment_status":"closed","ping_status":"closed","template":"","meta":{"footnotes":""},"class_list":["post-671","page","type-page","status-publish","hentry"],"_links":{"self":[{"href":"https:\/\/www.luleey.com\/fr\/wp-json\/wp\/v2\/pages\/671","targetHints":{"allow":["GET"]}}],"collection":[{"href":"https:\/\/www.luleey.com\/fr\/wp-json\/wp\/v2\/pages"}],"about":[{"href":"https:\/\/www.luleey.com\/fr\/wp-json\/wp\/v2\/types\/page"}],"author":[{"embeddable":true,"href":"https:\/\/www.luleey.com\/fr\/wp-json\/wp\/v2\/users\/1"}],"replies":[{"embeddable":true,"href":"https:\/\/www.luleey.com\/fr\/wp-json\/wp\/v2\/comments?post=671"}],"version-history":[{"count":0,"href":"https:\/\/www.luleey.com\/fr\/wp-json\/wp\/v2\/pages\/671\/revisions"}],"wp:attachment":[{"href":"https:\/\/www.luleey.com\/fr\/wp-json\/wp\/v2\/media?parent=671"}],"curies":[{"name":"wp","href":"https:\/\/api.w.org\/{rel}","templated":true}]}}