{"id":12442,"date":"2024-07-19T00:47:07","date_gmt":"2024-07-18T16:47:07","guid":{"rendered":"https:\/\/www.luleey.com\/?post_type=product&#038;p=12442"},"modified":"2026-04-16T10:03:55","modified_gmt":"2026-04-16T02:03:55","slug":"2-5g-xpon-stick-sfp-onu","status":"publish","type":"product","link":"https:\/\/www.luleey.com\/fr\/produit-2\/2-5g-xpon-stick-sfp-onu\/","title":{"rendered":"2,5G XPON STICK SFP ONU"},"content":{"rendered":"<h3>Caract\u00e9ristiques<\/h3>\n<ol>\n<li>XPON STICK=GPON ONU+ EPON ONU, Auto-Compatible\uff0cFiber Optical Modem<\/li>\n<li>Support MAC\/SN\/LOID Modify, vous pouvez copier le contenu de l'ancien ONU vers le nouveau par le biais de la gestion web.<\/li>\n<li>XPON STICK est un ONU avec interface SFP\uff0csupport GPON SFP ou EPON SFP<\/li>\n<li>petit et exquis<\/li>\n<li>plug and play<\/li>\n<li>avec une bonne dissipation de la chaleur et de bons effets de blindage<\/li>\n<li>Compatible avec plusieurs appareils, l'ensemble de la machine peut \u00eatre directement connect\u00e9 au r\u00e9seau optique GPON ou EPON, ce qui permet de remplacer l'ONU externe et d'am\u00e9liorer l'int\u00e9gration du syst\u00e8me.<\/li>\n<li><span class=\"a-list-item\"><span class=\"a-size-base\">Soutenir la gestion du WEB<\/span><\/span><\/li>\n<li><span class=\"a-list-item\"><span class=\"a-size-base\">Prise en charge de la configuration de la fonction VLAN<\/span><\/span><\/li>\n<li><span class=\"a-list-item\"><span class=\"a-size-base\">Prise en charge de la d\u00e9tection des boucles<\/span><\/span><\/li>\n<li><span class=\"a-list-item\"><span class=\"a-size-base\">Le module appartient au mode pont<\/span><\/span><\/li>\n<li><span class=\"a-list-item\"><span class=\"a-size-base\">Prise en charge de l'allocation dynamique de la bande passante<\/span><\/span><\/li>\n<li>Compatibilit\u00e9 avec les marques d'OLT Ubiquiti HUAWEI MikroTik ZTE BDCOM et autres...UDM-SE, UDM-PRO<\/li>\n<\/ol>\n<p><strong>A propos de la version:La version DDM am\u00e9lior\u00e9e et la version g\u00e9n\u00e9rique ont la m\u00eame fonction et la m\u00eame compatibilit\u00e9, mais la version DDM am\u00e9lior\u00e9e est dot\u00e9e d'une puce DDM s\u00e9par\u00e9e, ce qui permet de visualiser les informations DDM de XPON STICK dans les routeurs tels que Mikrotik RouterOS.<\/strong><\/p>\n<p><span style=\"color: #ff00ff;\"><strong><a style=\"color: #ff00ff;\" href=\"\/fr\/2-5g-gpon-onu-solution\/\" target=\"_blank\" rel=\"noopener\">comment l'utiliser<\/a><\/strong><\/span><\/p>\n<h3>Sp\u00e9cifications<\/h3>\n<ul>\n<li><span class=\"a-list-item\"><span class=\"a-size-base\">Taille : 31.10*5.51*5.51 pouces<\/span><\/span><\/li>\n<li><span class=\"a-list-item\"><span class=\"a-size-base\">Alimentation TTL 3,3V<\/span><\/span><\/li>\n<li>Interface de moniteur de diagnostic num\u00e9rique compatible avec SFF-8472<\/li>\n<li>Conformit\u00e9 SFP MSA<\/li>\n<li>Faible EMl et excellente protection contre les d\u00e9charges \u00e9lectrostatiques<\/li>\n<li>Conformit\u00e9 \u00e0 la norme de s\u00e9curit\u00e9 laser de classe l IEC-60825<\/li>\n<li>Conformit\u00e9 RoHS<\/li>\n<li>Conforme \u00e0 l'accord multisource SFP (MSA) SFF-8074i<\/li>\n<li>Conforme \u00e0 ITUT-T G.984.2, G.984.2 Amendement 1<\/li>\n<li>Conforme \u00e0 la sp\u00e9cification ITUT G.988 ONU management and control interface (OMCI)<\/li>\n<\/ul>\n<table width=\"518\">\n<tbody>\n<tr>\n<td width=\"159\">Application<\/td>\n<td width=\"359\">Syst\u00e8mes FTTX Solutions CCTV<\/td>\n<\/tr>\n<tr>\n<td width=\"159\">Sc\u00e9narios d'application<\/td>\n<td width=\"359\">FTTH, FTTB, FTTX, Solution r\u00e9seau<\/td>\n<\/tr>\n<tr>\n<td>Jeu de puces<\/td>\n<td>Realtek RTL9601D<\/td>\n<\/tr>\n<tr>\n<td width=\"159\">Connecteur<\/td>\n<td width=\"359\">SC UPC \/ SC APC<\/td>\n<\/tr>\n<tr>\n<td width=\"159\">Pays d'origine<\/td>\n<td width=\"359\">Guangdong, Chine<\/td>\n<\/tr>\n<tr>\n<td width=\"159\">Taux de donn\u00e9es<\/td>\n<td width=\"359\">GPON:1.25G \/ 2.5G<br \/>\nEPON:1,25G \/ 1,25G<\/td>\n<\/tr>\n<tr>\n<td width=\"159\">Soutien au DDM<\/td>\n<td width=\"359\">Oui<\/td>\n<\/tr>\n<tr>\n<td>Flash<\/td>\n<td>8 MB<\/td>\n<\/tr>\n<tr>\n<td width=\"159\">Distance maximale<\/td>\n<td width=\"359\">20 km<\/td>\n<\/tr>\n<tr>\n<td width=\"159\">Mod\u00e8le<\/td>\n<td width=\"359\">LL-XS2510<\/td>\n<\/tr>\n<tr>\n<td width=\"159\">Temp\u00e9rature de fonctionnement<\/td>\n<td width=\"359\">0~70\u2103<\/td>\n<\/tr>\n<tr>\n<td>RAM<\/td>\n<td>64 MB<\/td>\n<\/tr>\n<tr>\n<td width=\"159\">Sensibilit\u00e9 du r\u00e9cepteur<\/td>\n<td width=\"359\">\u2264-28dBm<\/td>\n<\/tr>\n<\/tbody>\n<\/table>","protected":false},"excerpt":{"rendered":"<ul>\n<li><span class=\"a-list-item\">\u3010Maximum Transmission Distance\u3011La distance maximale entre l'ONU et l'OLT est de 20 km, et la distance entre le c\u00e2ble r\u00e9seau et votre route est de 100 m\u00e8tres.<\/span><\/li>\n<li><span class=\"a-list-item\">\u30102.5G ONU Fiber Optical Modem\u3011SFP XPON STICK+ Media Converter=2.5G XPON ONU Connect EPON OLT ,c'est 1.25G EPON ONU;Connect GPON OLT, c'est comme un 2.5G GPON ONU <\/span><span class=\"a-list-item\">XPON ONU, support GPON \/ EPON<\/span><\/li>\n<li><span class=\"a-list-item\">\u3010Easy to Use\u3011Support MAC\/SN\/LOID Modify, You can copy the content from the old ONU to the new one through the web management.<\/span><\/li>\n<li><span class=\"a-list-item\">\u3010OLT Compatibility\u3011L'ONU est compatible avec les principales marques d'OLT GPON\/EPON sur le march\u00e9. En g\u00e9n\u00e9ral, l'OLT peut \u00eatre enregistr\u00e9 automatiquement, selon les fonctions de l'OLT.<\/span><\/li>\n<\/ul>","protected":false},"featured_media":12480,"comment_status":"open","ping_status":"closed","template":"","meta":[],"product_brand":[],"product_cat":[350],"product_tag":[203,253,304,329,343],"class_list":{"0":"post-12442","1":"product","2":"type-product","3":"status-publish","4":"has-post-thumbnail","6":"product_cat-2-5g-gpon-epon-onu","7":"product_tag-dfp-34x-2c2","8":"product_tag-ll-xs2510","9":"product_tag-rtl960x","10":"product_tag-stick","11":"product_tag-xpon","13":"first","14":"instock","15":"sale","16":"featured","17":"shipping-taxable","18":"purchasable","19":"product-type-variable","20":"has-default-attributes"},"_links":{"self":[{"href":"https:\/\/www.luleey.com\/fr\/wp-json\/wp\/v2\/product\/12442","targetHints":{"allow":["GET"]}}],"collection":[{"href":"https:\/\/www.luleey.com\/fr\/wp-json\/wp\/v2\/product"}],"about":[{"href":"https:\/\/www.luleey.com\/fr\/wp-json\/wp\/v2\/types\/product"}],"replies":[{"embeddable":true,"href":"https:\/\/www.luleey.com\/fr\/wp-json\/wp\/v2\/comments?post=12442"}],"wp:featuredmedia":[{"embeddable":true,"href":"https:\/\/www.luleey.com\/fr\/wp-json\/wp\/v2\/media\/12480"}],"wp:attachment":[{"href":"https:\/\/www.luleey.com\/fr\/wp-json\/wp\/v2\/media?parent=12442"}],"wp:term":[{"taxonomy":"product_brand","embeddable":true,"href":"https:\/\/www.luleey.com\/fr\/wp-json\/wp\/v2\/product_brand?post=12442"},{"taxonomy":"product_cat","embeddable":true,"href":"https:\/\/www.luleey.com\/fr\/wp-json\/wp\/v2\/product_cat?post=12442"},{"taxonomy":"product_tag","embeddable":true,"href":"https:\/\/www.luleey.com\/fr\/wp-json\/wp\/v2\/product_tag?post=12442"}],"curies":[{"name":"wp","href":"https:\/\/api.w.org\/{rel}","templated":true}]}}