{"id":12444,"date":"2024-07-19T00:47:08","date_gmt":"2024-07-18T16:47:08","guid":{"rendered":"https:\/\/www.luleey.com\/?post_type=product&#038;p=12444"},"modified":"2025-02-22T11:25:51","modified_gmt":"2025-02-22T03:25:51","slug":"lc-apc-to-sc-upc-single-mode-sc-upcmale-to-lc-apcfemale-sm-9-125","status":"publish","type":"product","link":"https:\/\/www.luleey.com\/fr\/produit-2\/lc-apc-to-sc-upc-single-mode-sc-upcmale-to-lc-apcfemale-sm-9-125\/","title":{"rendered":"LC\/APC to SC\/UPC Single Mode SC\/UPC(Male) To LC\/APC(Female) SM-9\/125 Converter"},"content":{"rendered":"<h3>Caract\u00e9ristiques<\/h3>\n<ol>\n<li>Structure de connecteur, facile \u00e0 utiliser.<\/li>\n<li>Grande interchangeabilit\u00e9, grande fiabilit\u00e9.<\/li>\n<li>faible perte d'insertion, perte de retour \u00e9lev\u00e9e.<\/li>\n<\/ol>\n<h3>Sp\u00e9cifications<\/h3>\n<table style=\"width: 100%; height: 275px;\" width=\"323\">\n<tbody>\n<tr style=\"height: 53px;\">\n<td style=\"height: 53px;\">Marque<\/td>\n<td style=\"height: 53px;\">LuLeey<\/td>\n<\/tr>\n<tr style=\"height: 53px;\">\n<td style=\"height: 53px;\" width=\"101\">Nom du produit<\/td>\n<td style=\"height: 53px;\" width=\"222\">LC\/APC vers SC\/UPC<\/td>\n<\/tr>\n<tr style=\"height: 53px;\">\n<td style=\"height: 53px;\">Type d'adaptateur<\/td>\n<td style=\"height: 53px;\">Adaptateur fibre SM-9\/125 LC vers SC<\/td>\n<\/tr>\n<tr>\n<td>Mat\u00e9riau<\/td>\n<td>noyau en c\u00e9ramique<\/td>\n<\/tr>\n<tr>\n<td>Temp\u00e9rature de fonctionnement<\/td>\n<td>-40\u2103~75\u2103<\/td>\n<\/tr>\n<tr style=\"height: 53px;\">\n<td style=\"height: 53px;\">Perte d'insertion<\/td>\n<td style=\"height: 53px;\">\u22640,3dB<\/td>\n<\/tr>\n<tr style=\"height: 53px;\">\n<td style=\"height: 53px;\">Perte de retour<\/td>\n<td style=\"height: 53px;\">\u226550dB<\/td>\n<\/tr>\n<tr style=\"height: 379px;\">\n<td style=\"height: 10px;\">Sc\u00e9narios d'utilisation<\/td>\n<td style=\"height: 10px;\">Instrument \u00e0 fibre optique, \u00e9quipement de communication,<br \/>\nConversion de l'interface des d\u00e9tecteurs de d\u00e9fauts \u00e0 fibre optique.<br \/>\nConversion des connecteurs de fibre optique.<br \/>\nTest de donn\u00e9es optiques.<br \/>\nTransmission optique de donn\u00e9es.<br \/>\nT\u00e9l\u00e9communications, r\u00e9seaux de radio et de t\u00e9l\u00e9vision<\/td>\n<\/tr>\n<\/tbody>\n<\/table>","protected":false},"excerpt":{"rendered":"<ul>\n<li><strong>Plug-and-Play<\/strong> - Aucun outil n'est n\u00e9cessaire pour une conversion rapide de LC\/APC \u00e0 SC\/UPC.<\/li>\n<li><strong>Perte de signal ultra-faible<\/strong> - La perte d'insertion de 0,3 dB garantit une int\u00e9grit\u00e9 maximale des donn\u00e9es.<\/li>\n<\/ul>","protected":false},"featured_media":14337,"comment_status":"open","ping_status":"closed","template":"","meta":[],"product_brand":[],"product_cat":[365],"product_tag":[221,247,308,325],"class_list":{"0":"post-12444","1":"product","2":"type-product","3":"status-publish","4":"has-post-thumbnail","6":"product_cat-optical-adapters-and-flange-connectors-and-attenuator","7":"product_tag-fiber-adapter","8":"product_tag-lc-apc","9":"product_tag-sc-upc","10":"product_tag-sm","12":"first","13":"instock","14":"shipping-taxable","15":"purchasable","16":"product-type-variable","17":"has-default-attributes"},"_links":{"self":[{"href":"https:\/\/www.luleey.com\/fr\/wp-json\/wp\/v2\/product\/12444","targetHints":{"allow":["GET"]}}],"collection":[{"href":"https:\/\/www.luleey.com\/fr\/wp-json\/wp\/v2\/product"}],"about":[{"href":"https:\/\/www.luleey.com\/fr\/wp-json\/wp\/v2\/types\/product"}],"replies":[{"embeddable":true,"href":"https:\/\/www.luleey.com\/fr\/wp-json\/wp\/v2\/comments?post=12444"}],"wp:featuredmedia":[{"embeddable":true,"href":"https:\/\/www.luleey.com\/fr\/wp-json\/wp\/v2\/media\/14337"}],"wp:attachment":[{"href":"https:\/\/www.luleey.com\/fr\/wp-json\/wp\/v2\/media?parent=12444"}],"wp:term":[{"taxonomy":"product_brand","embeddable":true,"href":"https:\/\/www.luleey.com\/fr\/wp-json\/wp\/v2\/product_brand?post=12444"},{"taxonomy":"product_cat","embeddable":true,"href":"https:\/\/www.luleey.com\/fr\/wp-json\/wp\/v2\/product_cat?post=12444"},{"taxonomy":"product_tag","embeddable":true,"href":"https:\/\/www.luleey.com\/fr\/wp-json\/wp\/v2\/product_tag?post=12444"}],"curies":[{"name":"wp","href":"https:\/\/api.w.org\/{rel}","templated":true}]}}