{"id":12445,"date":"2024-07-19T00:47:09","date_gmt":"2024-07-18T16:47:09","guid":{"rendered":"https:\/\/www.luleey.com\/?post_type=product&#038;p=12445"},"modified":"2024-10-11T09:09:50","modified_gmt":"2024-10-11T01:09:50","slug":"lc-upc-to-sc-upc-single-mode-sc-upcmale-to-lc-upcfemale-sm-9-125","status":"publish","type":"product","link":"https:\/\/www.luleey.com\/fr\/produit-2\/lc-upc-to-sc-upc-single-mode-sc-upcmale-to-lc-upcfemale-sm-9-125\/","title":{"rendered":"LC\/UPC to SC\/UPC Single Mode SC\/UPC(Male) To LC\/UPC(Female) SM-9\/125 Converter"},"content":{"rendered":"<h3>Caract\u00e9ristiques<\/h3>\n<ol>\n<li><span class=\"\">Noyau en c\u00e9ramique, performances stables<\/span><\/li>\n<li><span class=\"\">Supporte 1000 r\u00e9p\u00e9titions d'insertion et de retrait, r\u00e9utilisable<\/span><\/li>\n<li><span class=\"\">Des param\u00e8tres r\u00e9els pour \u00e9viter les pertes<\/span><\/li>\n<\/ol>\n<h3>Sp\u00e9cifications<\/h3>\n<table width=\"588\">\n<tbody>\n<tr>\n<td>Marque<\/td>\n<td>LuLeey<\/td>\n<\/tr>\n<tr>\n<td width=\"229\">Nom du produit<\/td>\n<td width=\"359\">LC\/UPC vers SC\/UPC :SC\/UPC (m\u00e2le) vers LC\/UPC (femelle) SM-9\/125<\/td>\n<\/tr>\n<tr>\n<td width=\"229\">Connecteur<\/td>\n<td>SCUPC SCAPC<\/td>\n<\/tr>\n<tr>\n<td>SM\/MM<\/td>\n<td width=\"359\">Mode unique<\/td>\n<\/tr>\n<tr>\n<td>Longueur d'onde de travail<\/td>\n<td>1200nm~1600nm<\/td>\n<\/tr>\n<tr>\n<td>Perte d'insertion<\/td>\n<td>&lt; 0,3 dB<\/td>\n<\/tr>\n<tr>\n<td width=\"229\">Perte de retour<\/td>\n<td>\u226550db<\/td>\n<\/tr>\n<tr>\n<td>Mat\u00e9riau des manches<\/td>\n<td>c\u00e9ramique<\/td>\n<\/tr>\n<tr>\n<td>Temps d'insertion et de d\u00e9branchement<\/td>\n<td>&gt;1000<\/td>\n<\/tr>\n<tr>\n<td>Temp\u00e9rature de travail<\/td>\n<td>-40\u2103~75\u2103<\/td>\n<\/tr>\n<tr>\n<td>Temp\u00e9rature de stockage<\/td>\n<td>-55\u2103~85\u2103<\/td>\n<\/tr>\n<tr>\n<td width=\"229\">Application<\/td>\n<td width=\"359\">Syst\u00e8mes FTTX Solutions CCTV<\/td>\n<\/tr>\n<tr>\n<td width=\"229\">Sc\u00e9narios d'application<\/td>\n<td width=\"359\">FTTH, FTTB, FTTX, Solution r\u00e9seau<\/td>\n<\/tr>\n<tr>\n<td>Humidit\u00e9<\/td>\n<td>95%RH<\/td>\n<\/tr>\n<\/tbody>\n<\/table>\n<p>&nbsp;<\/p>","protected":false},"excerpt":{"rendered":"<h3>LC\/UPC vers SC\/UPC :SC\/UPC (m\u00e2le) vers LC\/UPC (femelle) SM-9\/125<\/h3>\n<p>Perte d'insertion : &lt; 0,3 dB<\/p>\n<p>Perte de retour : &gt; 50 dB<\/p>\n<p>Mat\u00e9riau : Noyau c\u00e9ramique O2<\/p>\n<p>Temp\u00e9rature de fonctionnement : -40\u2103 ~ 75\u2103<\/p>","protected":false},"featured_media":12717,"comment_status":"open","ping_status":"closed","template":"","meta":[],"product_brand":[],"product_cat":[365],"product_tag":[221,247,308,325],"class_list":{"0":"post-12445","1":"product","2":"type-product","3":"status-publish","4":"has-post-thumbnail","6":"product_cat-optical-adapters-and-flange-connectors-and-attenuator","7":"product_tag-fiber-adapter","8":"product_tag-lc-apc","9":"product_tag-sc-upc","10":"product_tag-sm","12":"first","13":"instock","14":"shipping-taxable","15":"purchasable","16":"product-type-variable","17":"has-default-attributes"},"_links":{"self":[{"href":"https:\/\/www.luleey.com\/fr\/wp-json\/wp\/v2\/product\/12445","targetHints":{"allow":["GET"]}}],"collection":[{"href":"https:\/\/www.luleey.com\/fr\/wp-json\/wp\/v2\/product"}],"about":[{"href":"https:\/\/www.luleey.com\/fr\/wp-json\/wp\/v2\/types\/product"}],"replies":[{"embeddable":true,"href":"https:\/\/www.luleey.com\/fr\/wp-json\/wp\/v2\/comments?post=12445"}],"wp:featuredmedia":[{"embeddable":true,"href":"https:\/\/www.luleey.com\/fr\/wp-json\/wp\/v2\/media\/12717"}],"wp:attachment":[{"href":"https:\/\/www.luleey.com\/fr\/wp-json\/wp\/v2\/media?parent=12445"}],"wp:term":[{"taxonomy":"product_brand","embeddable":true,"href":"https:\/\/www.luleey.com\/fr\/wp-json\/wp\/v2\/product_brand?post=12445"},{"taxonomy":"product_cat","embeddable":true,"href":"https:\/\/www.luleey.com\/fr\/wp-json\/wp\/v2\/product_cat?post=12445"},{"taxonomy":"product_tag","embeddable":true,"href":"https:\/\/www.luleey.com\/fr\/wp-json\/wp\/v2\/product_tag?post=12445"}],"curies":[{"name":"wp","href":"https:\/\/api.w.org\/{rel}","templated":true}]}}