{"id":12447,"date":"2024-07-19T00:47:10","date_gmt":"2024-07-18T16:47:10","guid":{"rendered":"https:\/\/www.luleey.com\/?post_type=product&#038;p=12447"},"modified":"2025-06-28T10:52:19","modified_gmt":"2025-06-28T02:52:19","slug":"sc-adapter-0db-sc-upc-male-sc-apc-female-optical-fiber-adapter","status":"publish","type":"product","link":"https:\/\/www.luleey.com\/fr\/produit-2\/sc-adapter-0db-sc-upc-male-sc-apc-female-optical-fiber-adapter\/","title":{"rendered":"Adaptateur SC 0dB Adaptateur fibre optique SC\/UPC m\u00e2le -SC\/APC femelle Convertisseur"},"content":{"rendered":"<h3>Caract\u00e9ristiques<\/h3>\n<ol>\n<li><span class=\"\">Noyau en c\u00e9ramique, performances stables<\/span><\/li>\n<li><span class=\"\">Supporte 1000 r\u00e9p\u00e9titions d'insertion et de retrait, r\u00e9utilisable<\/span><\/li>\n<li><span class=\"\">Des param\u00e8tres r\u00e9els pour \u00e9viter les pertes<\/span><\/li>\n<\/ol>\n<h3>Sp\u00e9cifications<\/h3>\n<table width=\"588\">\n<tbody>\n<tr>\n<td>Marque<\/td>\n<td>LuLeey<\/td>\n<\/tr>\n<tr>\n<td width=\"229\">Nom du produit<\/td>\n<td width=\"359\">Homme SC\/UPC - Femme SC\/APC<\/td>\n<\/tr>\n<tr>\n<td width=\"229\">Connecteur<\/td>\n<td>De SCUPC \u00e0 SCAPC<\/td>\n<\/tr>\n<tr>\n<td>SM\/MM<\/td>\n<td width=\"359\">Mode unique<\/td>\n<\/tr>\n<tr>\n<td>Longueur d'onde de travail<\/td>\n<td>1200nm~1600nm<\/td>\n<\/tr>\n<tr>\n<td>Taux de perte<\/td>\n<td>0~0,5dB<\/td>\n<\/tr>\n<tr>\n<td width=\"229\">Perte de retour<\/td>\n<td>\u226560db<\/td>\n<\/tr>\n<tr>\n<td>Mat\u00e9riau des manches<\/td>\n<td>c\u00e9ramique+m\u00e9tal<\/td>\n<\/tr>\n<tr>\n<td>Temps d'insertion et de d\u00e9branchement<\/td>\n<td>&gt;1000<\/td>\n<\/tr>\n<tr>\n<td>Temp\u00e9rature de travail<\/td>\n<td>-40\u2103~80\u2103<\/td>\n<\/tr>\n<tr>\n<td>Temp\u00e9rature de stockage<\/td>\n<td>-55\u2103~85\u2103<\/td>\n<\/tr>\n<tr>\n<td width=\"229\">Application<\/td>\n<td width=\"359\">Syst\u00e8mes FTTX Solutions CCTV<\/td>\n<\/tr>\n<tr>\n<td width=\"229\">Sc\u00e9narios d'application<\/td>\n<td width=\"359\">FTTH, FTTB, FTTX, Solution r\u00e9seau<\/td>\n<\/tr>\n<tr>\n<td>Humidit\u00e9<\/td>\n<td>95%RH<\/td>\n<\/tr>\n<\/tbody>\n<\/table>","protected":false},"excerpt":{"rendered":"<ul>\n<li>Homme SC\/UPC - Femme SC\/APC<\/li>\n<li>Perte de retour (1310nm)\u2265 50DB<\/li>\n<li>Perte de retour (1550nm\uff09\u2265 50dB)<\/li>\n<li>Perte d'insertion (1310nm) \u22640.30dB<\/li>\n<li>Perte d'insertion (1550nm) \u22640.30dB<\/li>\n<li>Connecte les environnements de fibre SC aux applications de fibre SC<\/li>\n<\/ul>","protected":false},"featured_media":12550,"comment_status":"open","ping_status":"closed","template":"","meta":[],"product_brand":[],"product_cat":[365],"product_tag":[82,221,306,308],"class_list":{"0":"post-12447","1":"product","2":"type-product","3":"status-publish","4":"has-post-thumbnail","6":"product_cat-optical-adapters-and-flange-connectors-and-attenuator","7":"product_tag-0db","8":"product_tag-fiber-adapter","9":"product_tag-sc-apc","10":"product_tag-sc-upc","12":"first","13":"instock","14":"featured","15":"shipping-taxable","16":"purchasable","17":"product-type-variable","18":"has-default-attributes"},"_links":{"self":[{"href":"https:\/\/www.luleey.com\/fr\/wp-json\/wp\/v2\/product\/12447","targetHints":{"allow":["GET"]}}],"collection":[{"href":"https:\/\/www.luleey.com\/fr\/wp-json\/wp\/v2\/product"}],"about":[{"href":"https:\/\/www.luleey.com\/fr\/wp-json\/wp\/v2\/types\/product"}],"replies":[{"embeddable":true,"href":"https:\/\/www.luleey.com\/fr\/wp-json\/wp\/v2\/comments?post=12447"}],"wp:featuredmedia":[{"embeddable":true,"href":"https:\/\/www.luleey.com\/fr\/wp-json\/wp\/v2\/media\/12550"}],"wp:attachment":[{"href":"https:\/\/www.luleey.com\/fr\/wp-json\/wp\/v2\/media?parent=12447"}],"wp:term":[{"taxonomy":"product_brand","embeddable":true,"href":"https:\/\/www.luleey.com\/fr\/wp-json\/wp\/v2\/product_brand?post=12447"},{"taxonomy":"product_cat","embeddable":true,"href":"https:\/\/www.luleey.com\/fr\/wp-json\/wp\/v2\/product_cat?post=12447"},{"taxonomy":"product_tag","embeddable":true,"href":"https:\/\/www.luleey.com\/fr\/wp-json\/wp\/v2\/product_tag?post=12447"}],"curies":[{"name":"wp","href":"https:\/\/api.w.org\/{rel}","templated":true}]}}