{"id":12448,"date":"2024-07-19T00:47:10","date_gmt":"2024-07-18T16:47:10","guid":{"rendered":"https:\/\/www.luleey.com\/?post_type=product&#038;p=12448"},"modified":"2026-04-02T10:22:30","modified_gmt":"2026-04-02T02:22:30","slug":"sc-lc-fc-upc-apc-optic-patch-cord","status":"publish","type":"product","link":"https:\/\/www.luleey.com\/fr\/produit-2\/sc-lc-fc-upc-apc-optic-patch-cord\/","title":{"rendered":"SC LC FC UPC APC Optic Patch Cord Cable Single Core"},"content":{"rendered":"<h3>Caract\u00e9ristiques<\/h3>\n<ol>\n<li>Atelier de production standardis\u00e9, recherche et d\u00e9veloppement, transformation et production, essais.<\/li>\n<li>\u00c9quipement de meulage de haute pr\u00e9cision, inspection au microscope portuaire, d\u00e9tection des pertes.<\/li>\n<li>Noyau en c\u00e9ramique de haute qualit\u00e9, r\u00e9duisant efficacement la perte d'insertion\uff0cFaible perte d'insertion, perte de retour \u00e9lev\u00e9e.<\/li>\n<li>Bonne r\u00e9p\u00e9tabilit\u00e9 et interchangeabilit\u00e9.<\/li>\n<li>Excellente r\u00e9sistance m\u00e9canique.<\/li>\n<li>Grande cr\u00e9dibilit\u00e9 et stabilit\u00e9.<\/li>\n<li>Excellente adaptabilit\u00e9 \u00e0 l'environnement.<\/li>\n<li>100% test de perte d'insertion, test de perte de retour, inspection de la face frontale et d\u00e9tection des interf\u00e9rences<\/li>\n<\/ol>\n<h3>Sp\u00e9cifications<\/h3>\n<table width=\"366\">\n<tbody>\n<tr>\n<td width=\"224\">Type de joint<\/td>\n<td width=\"142\">SC\/FC\/LC UPC\/APC<\/td>\n<\/tr>\n<tr>\n<td>Longueur du c\u00e2ble<\/td>\n<td>1-100m<\/td>\n<\/tr>\n<tr>\n<td>Temp\u00e9rature de travail<\/td>\n<td>-40 \u2103~85 \u2103<\/td>\n<\/tr>\n<tr>\n<td>R\u00e9sistance \u00e0 la traction<\/td>\n<td>&gt;=200N<\/td>\n<\/tr>\n<tr>\n<td>Longueur d'onde de travail<\/td>\n<td>1300-1600nm<\/td>\n<\/tr>\n<tr>\n<td>Diam\u00e8tre ext\u00e9rieur de la fibre optique<\/td>\n<td>3,0 mm<\/td>\n<\/tr>\n<tr>\n<td>Nombre de prises et de d\u00e9branchements<\/td>\n<td>&gt;=1000 fois<\/td>\n<\/tr>\n<tr>\n<td>Mat\u00e9riau des joints<\/td>\n<td>noyau en c\u00e9ramique<\/td>\n<\/tr>\n<tr>\n<td>Perte d'insertion<\/td>\n<td>0,3~0,6dB<\/td>\n<\/tr>\n<tr>\n<td>SM\/MM<\/td>\n<td width=\"142\">mode unique<\/td>\n<\/tr>\n<tr>\n<td>Nombre de noyaux<\/td>\n<td>noyau unique<\/td>\n<\/tr>\n<\/tbody>\n<\/table>\n<div class=\"MachTrans__textWrap__1NtxT\">\n<div class=\"MachTrans__text__duH8w\">\n<p><span class=\"\">Possibilit\u00e9 de personnaliser les longueurs inf\u00e9rieures \u00e0 0,5m~100m<\/span><\/p>\n<\/div>\n<\/div>\n<div class=\"MachTrans__textWrap__1NtxT MachTrans__textWrapSmall__26E1Q MachTrans__textWrapCal__Bh8Vh\">\n<div class=\"MachTrans__text__duH8w\"><\/div>\n<\/div>","protected":false},"excerpt":{"rendered":"<p>C\u00e2ble de raccordement optique<\/p>\n<ul>\n<li>Virole en c\u00e9ramique de haute pr\u00e9cision.<\/li>\n<li>Faible perte d'insertion, perte de retour \u00e9lev\u00e9e.<\/li>\n<li>Bonne r\u00e9p\u00e9tabilit\u00e9 et interchangeabilit\u00e9.<\/li>\n<li>Excellente r\u00e9sistance m\u00e9canique.<\/li>\n<li>Grande cr\u00e9dibilit\u00e9 et stabilit\u00e9.<\/li>\n<li>Excellente adaptabilit\u00e9 \u00e0 l'environnement.<\/li>\n<li>100% test de perte d'insertion, test de perte de retour, inspection de la face d'extr\u00e9mit\u00e9 et d\u00e9tection des interf\u00e9rences.<\/li>\n<\/ul>","protected":false},"featured_media":12718,"comment_status":"open","ping_status":"closed","template":"","meta":[],"product_brand":[],"product_cat":[364],"product_tag":[182,213,245,273,305,336],"class_list":{"0":"post-12448","1":"product","2":"type-product","3":"status-publish","4":"has-post-thumbnail","6":"product_cat-optic-cables-and-fiber-pigtails","7":"product_tag-apc","8":"product_tag-fc","9":"product_tag-lc","10":"product_tag-optic-patch-cord","11":"product_tag-sc","12":"product_tag-upc","14":"first","15":"instock","16":"featured","17":"shipping-taxable","18":"purchasable","19":"product-type-variable"},"_links":{"self":[{"href":"https:\/\/www.luleey.com\/fr\/wp-json\/wp\/v2\/product\/12448","targetHints":{"allow":["GET"]}}],"collection":[{"href":"https:\/\/www.luleey.com\/fr\/wp-json\/wp\/v2\/product"}],"about":[{"href":"https:\/\/www.luleey.com\/fr\/wp-json\/wp\/v2\/types\/product"}],"replies":[{"embeddable":true,"href":"https:\/\/www.luleey.com\/fr\/wp-json\/wp\/v2\/comments?post=12448"}],"wp:featuredmedia":[{"embeddable":true,"href":"https:\/\/www.luleey.com\/fr\/wp-json\/wp\/v2\/media\/12718"}],"wp:attachment":[{"href":"https:\/\/www.luleey.com\/fr\/wp-json\/wp\/v2\/media?parent=12448"}],"wp:term":[{"taxonomy":"product_brand","embeddable":true,"href":"https:\/\/www.luleey.com\/fr\/wp-json\/wp\/v2\/product_brand?post=12448"},{"taxonomy":"product_cat","embeddable":true,"href":"https:\/\/www.luleey.com\/fr\/wp-json\/wp\/v2\/product_cat?post=12448"},{"taxonomy":"product_tag","embeddable":true,"href":"https:\/\/www.luleey.com\/fr\/wp-json\/wp\/v2\/product_tag?post=12448"}],"curies":[{"name":"wp","href":"https:\/\/api.w.org\/{rel}","templated":true}]}}