{"id":12450,"date":"2024-07-19T00:47:10","date_gmt":"2024-07-18T16:47:10","guid":{"rendered":"https:\/\/www.luleey.com\/?post_type=product&#038;p=12450"},"modified":"2026-01-10T20:30:46","modified_gmt":"2026-01-10T12:30:46","slug":"1000m-mini-smf-sc-bidi-fiber-media-converter","status":"publish","type":"product","link":"https:\/\/www.luleey.com\/fr\/produit-2\/1000m-mini-smf-sc-bidi-fiber-media-converter\/","title":{"rendered":"Convertisseur de m\u00e9dia 1000M mini SMF SC BIDI Fiber"},"content":{"rendered":"<h4 data-spm-anchor-id=\"a2g0o.detail.1000023.i0.525da32aC35IUk\">Caract\u00e9ristiques<\/h4>\n<ol>\n<li><span class=\"a-list-item\">Voici le convertisseur de m\u00e9dia SMF BIDI Mini Gigabit fibre - votre solution pour une transmission de donn\u00e9es efficace et fiable. Ce produit est livr\u00e9 par paire, con\u00e7u pour les applications A\/B Fiber Optic Transceiver. Avec sa petite taille de seulement 69x37x22mm, il s'agit d'une option peu encombrante pour les installations de r\u00e9seau.<\/span><\/li>\n<li><span class=\"a-list-item\">Ce mini \u00e9metteur-r\u00e9cepteur Gigabit est \u00e9quip\u00e9 d'une connexion SC 1,25G Single Fiber et d'un convertisseur de m\u00e9dia RJ45 10\/100\/1000Mbps, ce qui vous permet de vous connecter rapidement et de mani\u00e8re transparente \u00e0 votre r\u00e9seau. Il a \u00e9galement une port\u00e9e de transmission impressionnante de 20 km, ce qui le rend id\u00e9al pour les transferts de donn\u00e9es sur de longues distances.<\/span><\/li>\n<li><span class=\"a-list-item\">Appareil pr\u00eat \u00e0 l'emploi qui ne n\u00e9cessite aucune installation ou configuration compliqu\u00e9e. Il suffit de brancher l'appareil pour qu'il soit pr\u00eat \u00e0 fonctionner !<\/span><\/li>\n<\/ol>\n<div class=\"a-column a-span6\">\n<h3>Sp\u00e9cifications<\/h3>\n<\/div>\n<div class=\"a-column a-span6 a-span-last\">\n<table width=\"701\">\n<tbody>\n<tr>\n<td width=\"229\">Mod\u00e8le<\/td>\n<td width=\"472\">LL-BDMC1000<\/td>\n<\/tr>\n<tr>\n<td width=\"229\">Port Ethernet<\/td>\n<td width=\"472\">RJ45 100\/1000M adaptatif<\/td>\n<\/tr>\n<tr>\n<td width=\"229\">Port fibre<\/td>\n<td width=\"472\">SC UPC 1,25Gb\/s<\/td>\n<\/tr>\n<tr>\n<td>SM\/MM<\/td>\n<td width=\"472\">Mode unique<\/td>\n<\/tr>\n<tr>\n<td width=\"229\">Longueur d'onde de travail<\/td>\n<td width=\"472\">1310nm\/1550nm<\/td>\n<\/tr>\n<tr>\n<td width=\"229\">Temp\u00e9rature de fonctionnement :<\/td>\n<td width=\"472\">0\u2103-50\u2103<\/td>\n<\/tr>\n<tr>\n<td width=\"229\">Temp\u00e9rature de stockage<\/td>\n<td width=\"472\">-20\u2103~70\u2103<\/td>\n<\/tr>\n<tr>\n<td width=\"229\">Distance de transmission<\/td>\n<td width=\"472\">20 km<\/td>\n<\/tr>\n<tr>\n<td width=\"229\">Entr\u00e9e d'alimentation<\/td>\n<td width=\"472\">100-250 VAC\/50-60Hz\/DC5V-12V<\/td>\n<\/tr>\n<tr>\n<td width=\"229\">Taille<\/td>\n<td width=\"472\">69x37x22mm<\/td>\n<\/tr>\n<\/tbody>\n<\/table>\n<\/div>","protected":false},"excerpt":{"rendered":"<ol>\n<li><span class=\"a-list-item\">Petite taille, grands avantages : Ce mini \u00e9metteur-r\u00e9cepteur Gigabit est livr\u00e9 par paire et int\u00e8gre de nombreuses fonctionnalit\u00e9s dans son design compact de 69*37*22 mm.<\/span><\/li>\n<li><span class=\"a-list-item\">Convertisseur de m\u00e9dia imbattable : avec 1 port SC 1,25G fibre simple et 1 port RJ45 10\/100\/1000Mbps, cet \u00e9metteur-r\u00e9cepteur de fibre optique A\/B est un outil essentiel pour convertir les signaux de m\u00e9dia.<\/span><\/li>\n<li><span class=\"a-list-item\">Transmission longue distance : Que vous ayez besoin de connecter des appareils dans un entrep\u00f4t ou \u00e0 l'autre bout de la ville, cet \u00e9metteur-r\u00e9cepteur vous couvre avec une port\u00e9e de 20 km.<\/span><\/li>\n<li><span class=\"a-list-item\">Con\u00e7u pour durer : Gr\u00e2ce \u00e0 sa coque en aluminium et \u00e0 sa protection interne contre les surtensions, cet \u00e9metteur-r\u00e9cepteur est con\u00e7u pour r\u00e9sister aux conditions les plus difficiles.<\/span><\/li>\n<li><span class=\"a-list-item\">Installation facile : Il suffit de brancher cet \u00e9metteur-r\u00e9cepteur pour qu'il soit pr\u00eat \u00e0 fonctionner. Con\u00e7u pour \u00eatre facile \u00e0 utiliser, c'est le choix id\u00e9al pour tous ceux qui recherchent des solutions de connectivit\u00e9 sans souci.<\/span><\/li>\n<li><span class=\"a-list-item\">Transceiver Gigabit BIDI : Boostez votre r\u00e9seau avec notre transceiver Gigabit ! R\u00e9duisez vos co\u00fbts de fibre optique gr\u00e2ce au support technologique de BIDI.<\/span><\/li>\n<\/ol>","protected":false},"featured_media":12049,"comment_status":"open","ping_status":"closed","template":"","meta":[],"product_brand":[],"product_cat":[310],"product_tag":[224,250,259],"class_list":{"0":"post-12450","1":"product","2":"type-product","3":"status-publish","4":"has-post-thumbnail","6":"product_cat-copper-to-fiber-media-converters","7":"product_tag-fiber-converter","8":"product_tag-ll-bdmc1000","9":"product_tag-media-converter","11":"first","12":"instock","13":"featured","14":"shipping-taxable","15":"purchasable","16":"product-type-variable","17":"has-default-attributes"},"_links":{"self":[{"href":"https:\/\/www.luleey.com\/fr\/wp-json\/wp\/v2\/product\/12450","targetHints":{"allow":["GET"]}}],"collection":[{"href":"https:\/\/www.luleey.com\/fr\/wp-json\/wp\/v2\/product"}],"about":[{"href":"https:\/\/www.luleey.com\/fr\/wp-json\/wp\/v2\/types\/product"}],"replies":[{"embeddable":true,"href":"https:\/\/www.luleey.com\/fr\/wp-json\/wp\/v2\/comments?post=12450"}],"wp:featuredmedia":[{"embeddable":true,"href":"https:\/\/www.luleey.com\/fr\/wp-json\/wp\/v2\/media\/12049"}],"wp:attachment":[{"href":"https:\/\/www.luleey.com\/fr\/wp-json\/wp\/v2\/media?parent=12450"}],"wp:term":[{"taxonomy":"product_brand","embeddable":true,"href":"https:\/\/www.luleey.com\/fr\/wp-json\/wp\/v2\/product_brand?post=12450"},{"taxonomy":"product_cat","embeddable":true,"href":"https:\/\/www.luleey.com\/fr\/wp-json\/wp\/v2\/product_cat?post=12450"},{"taxonomy":"product_tag","embeddable":true,"href":"https:\/\/www.luleey.com\/fr\/wp-json\/wp\/v2\/product_tag?post=12450"}],"curies":[{"name":"wp","href":"https:\/\/api.w.org\/{rel}","templated":true}]}}