{"id":12451,"date":"2024-07-19T00:47:11","date_gmt":"2024-07-18T16:47:11","guid":{"rendered":"https:\/\/www.luleey.com\/?post_type=product&#038;p=12451"},"modified":"2026-04-27T14:45:01","modified_gmt":"2026-04-27T06:45:01","slug":"10gbase-t-sfp-to-rj45-copper-module-30m-80m-100m","status":"publish","type":"product","link":"https:\/\/www.luleey.com\/fr\/produit-2\/10gbase-t-sfp-to-rj45-copper-module-30m-80m-100m\/","title":{"rendered":"10GBase-T SFP+ to RJ45 Copper Module 30m\/80m\/100m,sfp module"},"content":{"rendered":"<p class=\"wp-block-wd-paragraph wd-165fd8c3\">10GBASE-T SFP+ Transceiver Module (Copper, RJ-45) 10G BASE-T SFP+ compatible SFP+ transceiver fournit un d\u00e9bit de 10GBase-T jusqu'\u00e0 30m\/80m\/100m sur un c\u00e2ble en cuivre cat6a\/cat7 via un connecteur RJ45.adapt\u00e9 aux commutateurs, routeurs, pare-feu, cartes r\u00e9seau, serveurs, dispositifs de stockage, \u00e9metteurs-r\u00e9cepteurs \u00e0 fibre optique, et autres dispositifs.<\/p>\n\n\n\n<p class=\"wp-block-wd-paragraph wd-e13833f0\">A propos de <strong>Marque g\u00e9n\u00e9rale<\/strong>: Compatible avec Cisco, Ruijie, ZTE, TP-LINK, Hikvision, Netgear, Mikrotik, ASUS, Boda, Tenda, Mercury, netLINK, UBIQUITI, Banana Pi<\/p>\n\n\n\n<p class=\"wp-block-wd-paragraph wd-a39178f3\"><strong>\u00c0 propos de Chips<\/strong><\/p>\n\n\n\n<figure class=\"wp-block-table\"><table class=\"has-fixed-layout\"><tbody><tr><td><strong>Marque<\/strong><\/td><td><strong>Chips<\/strong><\/td><td><strong>Taux de transfert<\/strong><\/td><td><strong>Distance du c\u00e2ble<\/strong><\/td><td><strong>Consommation \u00e9lectrique<\/strong><\/td><\/tr><tr><td>LuLeey<\/td><td>Marvell 88X3310<\/td><td>SFP+ 10G<\/td><td>30m<\/td><td>2.31 W<\/td><\/tr><tr><td>LuLeey<\/td><td>TAIWAN CHIPS<\/td><td>SFP+10G\/5G\/2,5G<\/td><td>30m<\/td><td>2.65 W<\/td><\/tr><tr><td>LuLeey<\/td><td>Broadcom BCM84891L<\/td><td>SFP+ 10G\/5G\/2,5GSFP 1G<\/td><td>80m<\/td><td>1.88 W<\/td><\/tr><tr><td>LuLeey<\/td><td>Broadcom BCM84891L<\/td><td>SFP+ 10G\/5G\/2,5GSFP 1G<\/td><td>100m<\/td><td>1.92 W<\/td><\/tr><tr><td>LuLeey<\/td><td>Marvell CUX3510<\/td><td>SFP+1.25G\/2.5G\/5G\/10G<\/td><td>30m<\/td><td>2.0 W<\/td><\/tr><tr><td>LuLeey<\/td><td>Marvell CUX3510<\/td><td>SFP+1.25G\/2.5G\/5G\/10G<\/td><td>80m<\/td><td>2.4W<\/td><\/tr><tr><td>LuLeey<\/td><td>Marvell CUX3610<\/td><td>SFP+1.25G\/2.5G\/5G\/10G<\/td><td>30m<\/td><td>1.45W<\/td><\/tr><tr><td>LuLeey<\/td><td>Marvell CUX3610<\/td><td>SFP+1.25G\/2.5G\/5G\/10G<\/td><td>80m<\/td><td>1.5W<\/td><\/tr><tr><td>LuLeey<\/td><td>Marvell CUX3610<\/td><td>SFP+1.25G\/2.5G\/5G\/10G<\/td><td>100m<\/td><td>1.65W<\/td><\/tr><tr><td>LuLeey<\/td><td>Marvell AQR113C<\/td><td>SFP+1.25G\/2.5G\/5G\/10G<\/td><td>30m<\/td><td>2.5W<\/td><\/tr><\/tbody><\/table><\/figure>\n\n\n\n<p>Note\uff1aLa temp\u00e9rature de fonctionnement est d'autant plus basse que la consommation d'\u00e9nergie est faible.<\/p>\n\n\n\n<p class=\"has-vivid-red-color has-text-color has-link-color wp-elements-cba5ab9d64ce61ac989015579dfdb0f5\">La puce CUX3610 a \u00e9t\u00e9 \u00e9puis\u00e9e\uff0con s'attend \u00e0 ce qu'elle soit disponible en juin 2026.<\/p>\n\n\n\n<h3 class=\"wp-block-wd-title title wd-4bb643bf\">Caract\u00e9ristiques<\/h3>\n\n\n\n<ol class=\"wp-block-list\">\n<li>Plug and Play (pr\u00eat \u00e0 l'emploi).<\/li>\n\n\n\n<li>Convient aux temp\u00e9ratures \u00e9lev\u00e9es et basses.<\/li>\n\n\n\n<li>Puce de haute qualit\u00e9<\/li>\n\n\n\n<li>Compatibilit\u00e9 totale ,par d\u00e9faut pour Cisco, Fortinet, Ubiquiti, Netgear, D-Link, TP-Link, Linksys, Broadcom, Edge-core, EMC, F5, Meraki, Norkia, QTC, Supermicro, et d'autres commutateurs ouverts.<\/li>\n\n\n\n<li>Max. Consommation d'\u00e9nergie moins 2,5W<\/li>\n\n\n\n<li>Test\u00e9 dans des commutateurs cibl\u00e9s pour des performances, une qualit\u00e9 et une fiabilit\u00e9 sup\u00e9rieures<\/li>\n\n\n\n<li>Connecteurs RJ45 termin\u00e9s, permettant une bande passante 10G sur l'infrastructure existante<\/li>\n\n\n\n<li>SFP+ enfichable \u00e0 chaud conforme \u00e0 la norme MSA<\/li>\n<\/ol>\n\n\n\n<h3 class=\"wp-block-wd-title title wd-96248f2d\">Sp\u00e9cifications<\/h3>\n\n\n\n<figure class=\"wp-block-table\"><table class=\"has-fixed-layout\"><tbody><tr><td>Mod\u00e8le<\/td><td>10GBASE-T<\/td><\/tr><tr><td>Taux de donn\u00e9es<\/td><td>10G\/5G\/2.5G\/1.25G<\/td><\/tr><tr><td>Emballage<\/td><td>&nbsp;SFP+<\/td><\/tr><tr><td>Tension de fonctionnement<\/td><td>3.3V<\/td><\/tr><tr><td>c\u00e2ble<\/td><td>10 Gigabit Ethernet sur Cat 6a<\/td><\/tr><tr><td>Temp\u00e9rature de travail<\/td><td>&nbsp; 0 \u00b0C ~+70 \u00b0C<\/td><\/tr><tr><td>Distance du c\u00e2ble<\/td><td>30M\/80M\/100M<\/td><\/tr><tr><td>Soutenir le DDM<\/td><td>Oui<\/td><\/tr><tr><td>Taille<\/td><td>60x14x14mm<\/td><\/tr><\/tbody><\/table><\/figure>","protected":false},"excerpt":{"rendered":"<ul>\n<li><span class=\"a-list-item\">Connectivit\u00e9 \u00e0 haut d\u00e9bit : B\u00e9n\u00e9ficiez de vitesses Ethernet rapides comme l'\u00e9clair gr\u00e2ce \u00e0 notre module sfp 10GBase-T.<\/span><\/li>\n<li><span class=\"a-list-item\">Conversion facile : Notre module SFP vers RJ45 offre une conversion photo\u00e9lectrique transparente pour des connexions Ethernet sans probl\u00e8me.<\/span><\/li>\n<li><span class=\"a-list-item\">Compatibilit\u00e9 totale avec les marques : Pour fonctionner avec les marques suivantes, veuillez choisir Cisco : Accton, Avocent, Broadcom, BlueCoat, Cumulus, Chelsio, Centec, D-LINK, Edgecore, F5, Fortigate, Ixia, Linkysys, Mikrotik, Netgear, Netapp, Sundray, Supermicro, Solarflare, Ubiquiti(UBNT), Wayos, Xilinx, Zyxel.<\/span><\/li>\n<li><span class=\"a-list-item\">Conception durable : Construit avec un bo\u00eetier en alliage de zinc, notre module offre une excellente dissipation de la chaleur et peut s'adapter \u00e0 diff\u00e9rentes vitesses Ethernet, y compris 10G\/5G\/2,5G\/1G, sfp \u00e0 rj45.<\/span><\/li>\n<li><span class=\"a-list-item\">Port\u00e9e \u00e9tendue : Notre module a une port\u00e9e allant jusqu'\u00e0 30m\/80m\/100m, ce qui permet une connectivit\u00e9 fiable sur de longues distances.<\/span><\/li>\n<li>sfp to rj45, Low temperature working module<\/li>\n<\/ul>","protected":false},"featured_media":12483,"comment_status":"open","ping_status":"closed","template":"","meta":[],"product_brand":[],"product_cat":[320],"product_tag":[97,99,190,1146,1145,837,318,322],"class_list":{"0":"post-12451","1":"product","2":"type-product","3":"status-publish","4":"has-post-thumbnail","6":"product_cat-sfp-t-1g-2-5g-10g","7":"product_tag-10g","8":"product_tag-10gbase-t","9":"product_tag-bcm84891","10":"product_tag-cux3510","11":"product_tag-cux3610","12":"product_tag-sfp-module","13":"product_tag-sfp-to-rj45","14":"product_tag-sfp","16":"first","17":"instock","18":"sale","19":"featured","20":"shipping-taxable","21":"purchasable","22":"product-type-variable","23":"has-default-attributes"},"_links":{"self":[{"href":"https:\/\/www.luleey.com\/fr\/wp-json\/wp\/v2\/product\/12451","targetHints":{"allow":["GET"]}}],"collection":[{"href":"https:\/\/www.luleey.com\/fr\/wp-json\/wp\/v2\/product"}],"about":[{"href":"https:\/\/www.luleey.com\/fr\/wp-json\/wp\/v2\/types\/product"}],"replies":[{"embeddable":true,"href":"https:\/\/www.luleey.com\/fr\/wp-json\/wp\/v2\/comments?post=12451"}],"wp:featuredmedia":[{"embeddable":true,"href":"https:\/\/www.luleey.com\/fr\/wp-json\/wp\/v2\/media\/12483"}],"wp:attachment":[{"href":"https:\/\/www.luleey.com\/fr\/wp-json\/wp\/v2\/media?parent=12451"}],"wp:term":[{"taxonomy":"product_brand","embeddable":true,"href":"https:\/\/www.luleey.com\/fr\/wp-json\/wp\/v2\/product_brand?post=12451"},{"taxonomy":"product_cat","embeddable":true,"href":"https:\/\/www.luleey.com\/fr\/wp-json\/wp\/v2\/product_cat?post=12451"},{"taxonomy":"product_tag","embeddable":true,"href":"https:\/\/www.luleey.com\/fr\/wp-json\/wp\/v2\/product_tag?post=12451"}],"curies":[{"name":"wp","href":"https:\/\/api.w.org\/{rel}","templated":true}]}}