{"id":12452,"date":"2024-07-19T00:47:11","date_gmt":"2024-07-18T16:47:11","guid":{"rendered":"https:\/\/www.luleey.com\/?post_type=product&#038;p=12452"},"modified":"2025-06-28T10:51:53","modified_gmt":"2025-06-28T02:51:53","slug":"gpon-olt-c-optical-module","status":"publish","type":"product","link":"https:\/\/www.luleey.com\/fr\/produit-2\/gpon-olt-c-optical-module\/","title":{"rendered":"GPON OLT C+++ Module optique"},"content":{"rendered":"<h3>Caract\u00e9ristiques<\/h3>\n<ol>\n<li class=\"a-spacing-base\">Le module GPON OLT C+++ dispose d'un type d'encapsulation SFP, garantissant une compatibilit\u00e9 \u00e9lev\u00e9e avec la plupart des dispositifs de r\u00e9seau. Sa puissance de sortie \u00e9lev\u00e9e, sup\u00e9rieure \u00e0 7db+, permet de maintenir un signal fort et fiable sur 20km, ce qui le rend id\u00e9al pour les d\u00e9ploiements de r\u00e9seaux plus importants. De plus, le GPON OLT C+++ est un module PON optique SFP, qui supporte des taux de transmission allant jusqu'\u00e0 2.5G\/1.25G, ce qui le rend parfait pour les applications \u00e0 large bande passante.<\/li>\n<li class=\"a-spacing-base\">Pour assurer la performance et la fiabilit\u00e9 optimales de votre r\u00e9seau, il prend en charge les fonctions de diagnostic num\u00e9rique DDM, ce qui vous permet de surveiller la puissance optique et la temp\u00e9rature.Ce module OLT GPON est compatible avec les p\u00e9riph\u00e9riques r\u00e9seau les plus courants tels que les OLT BDCOM, HIOSO, VSOL, THINK, TPLINK, etc. Que vous mettiez \u00e0 jour un r\u00e9seau existant ou que vous en d\u00e9ployiez un tout nouveau, l'OLT GPON C+++ est la solution id\u00e9ale. Il fournira \u00e0 votre r\u00e9seau des performances \u00e9lev\u00e9es et une grande stabilit\u00e9 pour les ann\u00e9es \u00e0 venir. En conclusion, si vous recherchez un GPON OLT C+++ fiable et performant pour votre OLT, sa fiabilit\u00e9 et sa compatibilit\u00e9 en font le choix id\u00e9al pour votre r\u00e9seau.<\/li>\n<\/ol>\n<h3>Sp\u00e9cifications<\/h3>\n<table width=\"790\">\n<tbody>\n<tr>\n<td width=\"229\">Mod\u00e8le<\/td>\n<td width=\"561\">LL-GOC007\/LL-GOC008<\/td>\n<\/tr>\n<tr>\n<td>Bo\u00eetier en alliage de zinc<\/td>\n<td>antistatique puissant, r\u00e9duction des interf\u00e9rences, dissipation rapide de la chaleur<\/td>\n<\/tr>\n<tr>\n<td>Marque de l'OLT compatible<\/td>\n<td>BDCOM HUAWEI ZTE FIBERHOME HIOSO VSOL Think TPLINK et plus encore<\/td>\n<\/tr>\n<tr>\n<td>Connecteur<\/td>\n<td>SC\/PC<\/td>\n<\/tr>\n<tr>\n<td>Diagnostic num\u00e9rique<\/td>\n<td>DDM<\/td>\n<\/tr>\n<tr>\n<td>Taux de transfert<\/td>\n<td>2,5G\/1,25G<\/td>\n<\/tr>\n<tr>\n<td>Distance de transmission maximale<\/td>\n<td>20 km<\/td>\n<\/tr>\n<tr>\n<td width=\"229\">Type d'emballage<\/td>\n<td width=\"561\">SFP<\/td>\n<\/tr>\n<tr>\n<td width=\"229\">longueur d'onde d'\u00e9mission<\/td>\n<td width=\"561\">1490nm<\/td>\n<\/tr>\n<tr>\n<td width=\"229\">Longueur d'onde de r\u00e9ception<\/td>\n<td width=\"561\">1310nm<\/td>\n<\/tr>\n<\/tbody>\n<\/table>","protected":false},"excerpt":{"rendered":"<p><span class=\"a-list-item\">[Plug and Play]Our GPON OLT C+++ is built to last, offering long-term stability that guarantees reliable network connectivity with minimal downtime.<\/span><\/p>\n<p><span class=\"a-list-item\">[High Performance] Our GPON OLT C+++ supports transmission rates of up to 2.5G\/1.25G, delivering a seamless network experience that can handle anything you throw at it.<\/span><\/p>\n<p><span class=\"a-list-item\">[Reliable Diagnostic Tool]Supports DDM digital diagnostic functions, ensuring that you can easily identify any potential issues and troubleshoot them accordingly.<\/span><\/p>\n<p><span class=\"a-list-item\">[Long-Range Connectivity]With a maximum range of up to 20km, you can connect devices and users over long distances without any issues.<\/span><\/p>\n<p><span class=\"a-list-item\">[Reliable Diagnostic Tool]Supports DDM digital diagnostic functions, ensuring that you can easily identify any potential issues and troubleshoot them accordingly.<\/span><\/p>\n","protected":false},"featured_media":12495,"comment_status":"open","ping_status":"closed","template":"","meta":[],"product_brand":[],"product_cat":[317],"product_tag":[96,177,228,229],"class_list":{"0":"post-12452","1":"product","2":"type-product","3":"status-publish","4":"has-post-thumbnail","6":"product_cat-sfp-pon-module","7":"product_tag-10db","8":"product_tag-9db","9":"product_tag-gpon","10":"product_tag-gpon-olt","12":"first","13":"instock","14":"featured","15":"shipping-taxable","16":"purchasable","17":"product-type-variable","18":"has-default-attributes"},"_links":{"self":[{"href":"https:\/\/www.luleey.com\/fr\/wp-json\/wp\/v2\/product\/12452","targetHints":{"allow":["GET"]}}],"collection":[{"href":"https:\/\/www.luleey.com\/fr\/wp-json\/wp\/v2\/product"}],"about":[{"href":"https:\/\/www.luleey.com\/fr\/wp-json\/wp\/v2\/types\/product"}],"replies":[{"embeddable":true,"href":"https:\/\/www.luleey.com\/fr\/wp-json\/wp\/v2\/comments?post=12452"}],"wp:featuredmedia":[{"embeddable":true,"href":"https:\/\/www.luleey.com\/fr\/wp-json\/wp\/v2\/media\/12495"}],"wp:attachment":[{"href":"https:\/\/www.luleey.com\/fr\/wp-json\/wp\/v2\/media?parent=12452"}],"wp:term":[{"taxonomy":"product_brand","embeddable":true,"href":"https:\/\/www.luleey.com\/fr\/wp-json\/wp\/v2\/product_brand?post=12452"},{"taxonomy":"product_cat","embeddable":true,"href":"https:\/\/www.luleey.com\/fr\/wp-json\/wp\/v2\/product_cat?post=12452"},{"taxonomy":"product_tag","embeddable":true,"href":"https:\/\/www.luleey.com\/fr\/wp-json\/wp\/v2\/product_tag?post=12452"}],"curies":[{"name":"wp","href":"https:\/\/api.w.org\/{rel}","templated":true}]}}