{"id":12455,"date":"2024-07-19T00:47:15","date_gmt":"2024-07-18T16:47:15","guid":{"rendered":"https:\/\/www.luleey.com\/?post_type=product&#038;p=12455"},"modified":"2025-02-22T11:46:23","modified_gmt":"2025-02-22T03:46:23","slug":"1000m-sfp-media-converter","status":"publish","type":"product","link":"https:\/\/www.luleey.com\/fr\/produit-2\/1000m-sfp-media-converter\/","title":{"rendered":"Convertisseur de m\u00e9dia SFP 1000M"},"content":{"rendered":"<p>Ce convertisseur Gigabit Ethernet 10\/100\/1000M est utilis\u00e9 dans la transmission de r\u00e9seaux de base et est principalement utilis\u00e9 pour les liaisons de dispositifs Gigabit Ethernet. Il convertit les signaux Ethernet optique-\u00e9lectrique entre l'interface UTP 10\/100\/1000M (TX) et la prise SFP 1000M (FX). Selon les besoins des clients, ce convertisseur de m\u00e9dia supporte les fibres monomodes et multimodes avec une distance de transmission allant jusqu'\u00e0 80 km pour les fibres monomodes et 550 m pour les fibres multimodes. Il \u00e9tend la distance de transmission gr\u00e2ce \u00e0 son r\u00e9seau de conversion photo\u00e9lectrique. Le convertisseur de m\u00e9dia tire parti de la technologie de connexion intelligente pour fournir une auto-n\u00e9gociation, \u00e9liminant ainsi le besoin de configurer manuellement ou de surveiller les param\u00e8tres.<\/p>\n<h3>Caract\u00e9ristiques<\/h3>\n<ol>\n<li>Conception modulaire, plug and play<\/li>\n<li>Conforme aux normes IEEE 10\/100Base-TX, IEEE 802.3ab 1000Base-T et IEEE 802.3z 1000Base-SX\/LX<\/li>\n<li>La fonction de n\u00e9gociation automatique permet aux ports UTP de s\u00e9lectionner automatiquement 10\/100\/1000M et Full Duplex ou Half Duplex.<\/li>\n<li>Prise en charge du croisement automatique des ports \u00e0 paires torsad\u00e9es<\/li>\n<li>La LED d'alarme s'allume pour indiquer la d\u00e9faillance de la liaison, les LED d'\u00e9tat facilitent la surveillance de l'\u00e9tat de l'appareil.<\/li>\n<\/ol>\n<h3>Sp\u00e9cifications<\/h3>\n<table width=\"717\">\n<tbody>\n<tr>\n<td>Mod\u00e8le<\/td>\n<td>LL-SFPMC1000<\/td>\n<\/tr>\n<tr>\n<td>Nom du produit<\/td>\n<td>Convertisseur de m\u00e9dia SFP 1000M<\/td>\n<\/tr>\n<tr>\n<td>Marque<\/td>\n<td>LuLeey<\/td>\n<\/tr>\n<tr>\n<td rowspan=\"6\" width=\"165\">Normes<\/td>\n<td width=\"552\">IEEE802.3 10Base-T<\/td>\n<\/tr>\n<tr>\n<td width=\"552\">IEEE802.3u 100Base-TX\/FX<\/td>\n<\/tr>\n<tr>\n<td width=\"552\">IEEE802.3z 1000Base-SX\/LX<\/td>\n<\/tr>\n<tr>\n<td width=\"552\">IEEE802.3x Contr\u00f4le de flux<\/td>\n<\/tr>\n<tr>\n<td width=\"552\">IEEE802.1p QoS<\/td>\n<\/tr>\n<tr>\n<td width=\"552\">IEEE802.1d Spanning Tree (arbre filant)<\/td>\n<\/tr>\n<tr>\n<td width=\"165\"><\/td>\n<td width=\"552\">Connecteur : RJ45<\/td>\n<\/tr>\n<tr>\n<td width=\"165\">Port Ethernet<\/td>\n<td width=\"552\">D\u00e9bit de donn\u00e9es : 10\/100\/1000M<\/td>\n<\/tr>\n<tr>\n<td width=\"165\"><\/td>\n<td width=\"552\">Distance : 100m<\/td>\n<\/tr>\n<tr>\n<td width=\"165\"><\/td>\n<td width=\"552\">Type UTP : UTP-5E ou niveau sup\u00e9rieur<\/td>\n<\/tr>\n<tr>\n<td rowspan=\"4\" width=\"165\">Port fibre<\/td>\n<td width=\"552\">Connecteur : emplacement SFP<\/td>\n<\/tr>\n<tr>\n<td width=\"552\">D\u00e9bit de donn\u00e9es : 1,25Gbps<\/td>\n<\/tr>\n<tr>\n<td width=\"552\">Longueur d'onde optique : 850nm\/1310nm\/1490nm\/1550nm<\/td>\n<\/tr>\n<tr>\n<td width=\"552\">Distance : 550m\uff5e120km<\/td>\n<\/tr>\n<tr>\n<td rowspan=\"6\" width=\"165\">Performance<\/td>\n<td width=\"552\">Type de traitement : Stockage et transfert<\/td>\n<\/tr>\n<tr>\n<td width=\"552\">Taille de la table MAC : 4K\/6K\/8K<\/td>\n<\/tr>\n<tr>\n<td width=\"552\">Espace tampon : 500kbs\/1Mbit\/2Mbit<\/td>\n<\/tr>\n<tr>\n<td width=\"552\">Paquet Jumbo : 1518 octets<\/td>\n<\/tr>\n<tr>\n<td width=\"552\">Largeur de bande arri\u00e8re : 3,8G\/5,6G\/7,2G<\/td>\n<\/tr>\n<tr>\n<td width=\"552\">D\u00e9lai : \uff1c150\u03bcs<\/td>\n<\/tr>\n<tr>\n<td rowspan=\"5\" width=\"165\">Puissance<\/td>\n<td width=\"552\">Type d'alimentation : alimentation externe<\/td>\n<\/tr>\n<tr>\n<td width=\"552\">Tension d'entr\u00e9e : AC100V\uff5e240V 50\/60Hz<\/td>\n<\/tr>\n<tr>\n<td width=\"552\">Connecteur : Prise DC<\/td>\n<\/tr>\n<tr>\n<td width=\"552\">Tension de fonctionnement : 5V<\/td>\n<\/tr>\n<tr>\n<td width=\"552\">Consommation \u00e9lectrique : 2,2W\uff5e3,5W<\/td>\n<\/tr>\n<tr>\n<td width=\"165\">MTBF<\/td>\n<td width=\"552\">100 000 heures<\/td>\n<\/tr>\n<tr>\n<td rowspan=\"3\" width=\"165\">Environnement<\/td>\n<td width=\"552\">Temp\u00e9rature de stockage : -40\uff5e70\u2103<\/td>\n<\/tr>\n<tr>\n<td width=\"552\">Temp\u00e9rature de fonctionnement : -10\uff5e55\u2103<\/td>\n<\/tr>\n<tr>\n<td width=\"552\">Humidit\u00e9 relative : 5-90% (sans condensation)<\/td>\n<\/tr>\n<tr>\n<td rowspan=\"2\" width=\"165\">Structures m\u00e9caniques<\/td>\n<td width=\"552\">Dimension : 215\u00d7107\u00d726mm<\/td>\n<\/tr>\n<tr>\n<td width=\"552\">Poids : 0,15<\/td>\n<\/tr>\n<tr>\n<td width=\"165\">OEM&amp;ODM<\/td>\n<td width=\"552\">Soutien<\/td>\n<\/tr>\n<\/tbody>\n<\/table>","protected":false},"excerpt":{"rendered":"<ul class=\"a-unordered-list a-vertical a-spacing-mini\">\n<li class=\"a-spacing-small\"><span class=\"a-list-item\">Transmission de donn\u00e9es \u00e0 grande vitesse pour les applications longue distance avec le convertisseur de m\u00e9dia SFP et une port\u00e9e de 20 km sur la fibre monomode.<\/span><\/li>\n<li class=\"a-spacing-small\"><span class=\"a-list-item\">Prise en charge du transfert de donn\u00e9es \u00e0 taux adaptatif 10\/100\/1000, offrant une solution polyvalente pour les diff\u00e9rentes exigences de mise en r\u00e9seau.compatible avec les modules SFP de diff\u00e9rentes marques. Plug and Play.<\/span><\/li>\n<li class=\"a-spacing-small\"><span class=\"a-list-item\">Le port SC 1,25G offre une connectivit\u00e9 fiable \u00e0 votre r\u00e9seau gr\u00e2ce \u00e0 la prise en charge de la fibre vers Ethernet RJ45, garantissant une transmission rapide et efficace des donn\u00e9es.<\/span><\/li>\n<li class=\"a-spacing-small\"><span class=\"a-list-item\">La conception compacte et de petite taille facilite l'installation et permet une int\u00e9gration transparente dans les configurations de r\u00e9seau existantes.<\/span><\/li>\n<li class=\"a-spacing-small\"><span class=\"a-list-item\">Caract\u00e9ristiques Protection contre la foudre \u00e0 trois niveaux garantissant une transmission stable et ininterrompue, prot\u00e9geant ainsi les \u00e9quipements de r\u00e9seau sensibles.<\/span><\/li>\n<\/ul>","protected":false},"featured_media":12052,"comment_status":"open","ping_status":"closed","template":"","meta":[],"product_brand":[],"product_cat":[310],"product_tag":[84,224,301],"class_list":{"0":"post-12455","1":"product","2":"type-product","3":"status-publish","4":"has-post-thumbnail","6":"product_cat-copper-to-fiber-media-converters","7":"product_tag-1-25g","8":"product_tag-fiber-converter","9":"product_tag-rj45","11":"first","12":"instock","13":"shipping-taxable","14":"purchasable","15":"product-type-variable"},"_links":{"self":[{"href":"https:\/\/www.luleey.com\/fr\/wp-json\/wp\/v2\/product\/12455","targetHints":{"allow":["GET"]}}],"collection":[{"href":"https:\/\/www.luleey.com\/fr\/wp-json\/wp\/v2\/product"}],"about":[{"href":"https:\/\/www.luleey.com\/fr\/wp-json\/wp\/v2\/types\/product"}],"replies":[{"embeddable":true,"href":"https:\/\/www.luleey.com\/fr\/wp-json\/wp\/v2\/comments?post=12455"}],"wp:featuredmedia":[{"embeddable":true,"href":"https:\/\/www.luleey.com\/fr\/wp-json\/wp\/v2\/media\/12052"}],"wp:attachment":[{"href":"https:\/\/www.luleey.com\/fr\/wp-json\/wp\/v2\/media?parent=12455"}],"wp:term":[{"taxonomy":"product_brand","embeddable":true,"href":"https:\/\/www.luleey.com\/fr\/wp-json\/wp\/v2\/product_brand?post=12455"},{"taxonomy":"product_cat","embeddable":true,"href":"https:\/\/www.luleey.com\/fr\/wp-json\/wp\/v2\/product_cat?post=12455"},{"taxonomy":"product_tag","embeddable":true,"href":"https:\/\/www.luleey.com\/fr\/wp-json\/wp\/v2\/product_tag?post=12455"}],"curies":[{"name":"wp","href":"https:\/\/api.w.org\/{rel}","templated":true}]}}