{"id":12458,"date":"2024-07-19T00:47:15","date_gmt":"2024-07-18T16:47:15","guid":{"rendered":"https:\/\/www.luleey.com\/?post_type=product&#038;p=12458"},"modified":"2025-06-22T15:28:27","modified_gmt":"2025-06-22T07:28:27","slug":"1000m-base-t-copper-100m-sfp-ge-t-ll-1bt100","status":"publish","type":"product","link":"https:\/\/www.luleey.com\/fr\/produit-2\/1000m-base-t-copper-100m-sfp-ge-t-ll-1bt100\/","title":{"rendered":"1000M BASE-T CUIVRE 100m SFP-GE-T LL-1BT100"},"content":{"rendered":"<h3>Caract\u00e9ristiques<\/h3>\n<ol>\n<li>Le module sfp SFP-GE-RJ45 est compatible avec une large gamme de dispositifs de mise en r\u00e9seau tels que les commutateurs \u00e0 fibre optique, les routeurs, les cartes d'interface r\u00e9seau (NIC), les NAS et les convertisseurs de m\u00e9dia 1G.<\/li>\n<li>Mat\u00e9riaux de haute qualit\u00e9, alliage de zinc, dissipation efficace de la chaleur. Douille plaqu\u00e9e or \u00e9paissie pour une transmission stable et efficace.<\/li>\n<li>DDM (Digital Diagnostic Monitoring) pour vous aider \u00e0 suivre l'\u00e9tat et les performances du module. Il peut \u00e9galement identifier les probl\u00e8mes \u00e0 un stade pr\u00e9coce, afin que vous puissiez prendre des mesures correctives avant que des probl\u00e8mes graves ne surviennent.<\/li>\n<li>SFP-GE-T Gigabit Copper SFP Port Module est un module de conversion SFP vers RJ45 de haute qualit\u00e9 qui fournit une connectivit\u00e9 fiable et \u00e0 haut d\u00e9bit pour vos p\u00e9riph\u00e9riques de r\u00e9seau. Avec des vitesses allant de 10\/100\/1000Mbps, ce module est parfait pour les applications exigeantes n\u00e9cessitant une large bande passante.Largement compatible avec les marques d'\u00e9quipement r\u00e9seau telles que Cisco, MikroTik, TPLINK, Ubiquiti, Unifi, QNAP, Asus, et ZTE.<\/li>\n<\/ol>\n<h3>Sp\u00e9cifications<\/h3>\n<table width=\"790\">\n<tbody>\n<tr>\n<td width=\"229\">Nom du produit<\/td>\n<td width=\"561\">Module de port Gigabit en cuivre LL-1BT100<\/td>\n<\/tr>\n<tr>\n<td width=\"229\">Type d'emballage<\/td>\n<td width=\"561\">SFP<\/td>\n<\/tr>\n<tr>\n<td width=\"229\">Taux de transmission<\/td>\n<td width=\"561\">10\/100\/1000Mbps<\/td>\n<\/tr>\n<tr>\n<td width=\"229\">Distance de transmission<\/td>\n<td width=\"561\">100m<\/td>\n<\/tr>\n<tr>\n<td width=\"229\">Type de c\u00e2ble<\/td>\n<td width=\"561\">Cat 5\/6 UTP<\/td>\n<\/tr>\n<tr>\n<td width=\"229\">Interface<\/td>\n<td width=\"561\">RJ45<\/td>\n<\/tr>\n<tr>\n<td width=\"229\">Diagnostic num\u00e9rique<\/td>\n<td width=\"561\">DDM<\/td>\n<\/tr>\n<tr>\n<td width=\"229\">Temp\u00e9rature de travail<\/td>\n<td width=\"561\">-20\u2103-70\u00b0\u2103<\/td>\n<\/tr>\n<tr>\n<td width=\"229\">Tension de fonctionnement<\/td>\n<td width=\"561\">3.3V<\/td>\n<\/tr>\n<\/tbody>\n<\/table>\n<div class=\"a-column a-span6 a-span-last\"><\/div>","protected":false},"excerpt":{"rendered":"<ul class=\"a-unordered-list a-vertical a-spacing-mini\">\n<li class=\"a-spacing-mini\"><span class=\"a-list-item\">Connectivit\u00e9 \u00e0 grande vitesse : Le module SFP-GE-RJ45 Gigabit Copper SFP Port Module convertit le SFP en RJ45 et prend en charge une vitesse de transfert de donn\u00e9es de 10\/100\/1000 Mbps.<\/span><\/li>\n<li class=\"a-spacing-mini\"><span class=\"a-list-item\">Surveillance facile : La fonction DDM (Digital Diagnostics Monitoring) permet de surveiller en temps r\u00e9el les param\u00e8tres critiques tels que la temp\u00e9rature, la tension et les niveaux de puissance optique.<\/span><\/li>\n<li class=\"a-spacing-mini\"><span class=\"a-list-item\">Compatible avec toutes les marques : le module sfp est compatible avec toutes les marques, <strong>par d\u00e9faut <\/strong>compatible avec Cisco, MikroTik, TPLINK, Ubiquiti, UniFi, QNAP, ASUS et ZTE.<\/span><\/li>\n<li class=\"a-spacing-mini\"><span class=\"a-list-item\">Connectivit\u00e9 \u00e0 longue port\u00e9e : Avec une port\u00e9e allant jusqu'\u00e0 100 m, le SFP-GE-RJ45 offre une connectivit\u00e9 fiable sur de longues distances.<\/span><\/li>\n<li class=\"a-spacing-mini\"><span class=\"a-list-item\">Facile \u00e0 installer : Le module peut \u00eatre install\u00e9 rapidement et facilement dans les appareils compatibles, ce qui permet aux entreprises et aux particuliers de b\u00e9n\u00e9ficier d'une connectivit\u00e9 sans probl\u00e8me.<\/span><\/li>\n<\/ul>","protected":false},"featured_media":12498,"comment_status":"open","ping_status":"closed","template":"","meta":[],"product_brand":[],"product_cat":[320],"product_tag":[88,249,278,837,318],"class_list":{"0":"post-12458","1":"product","2":"type-product","3":"status-publish","4":"has-post-thumbnail","6":"product_cat-sfp-t-1g-2-5g-10g","7":"product_tag-1000base-t","8":"product_tag-ll-1bt100","9":"product_tag-optical-module","10":"product_tag-sfp-module","11":"product_tag-sfp-to-rj45","13":"first","14":"instock","15":"shipping-taxable","16":"purchasable","17":"product-type-variable","18":"has-default-attributes"},"_links":{"self":[{"href":"https:\/\/www.luleey.com\/fr\/wp-json\/wp\/v2\/product\/12458","targetHints":{"allow":["GET"]}}],"collection":[{"href":"https:\/\/www.luleey.com\/fr\/wp-json\/wp\/v2\/product"}],"about":[{"href":"https:\/\/www.luleey.com\/fr\/wp-json\/wp\/v2\/types\/product"}],"replies":[{"embeddable":true,"href":"https:\/\/www.luleey.com\/fr\/wp-json\/wp\/v2\/comments?post=12458"}],"wp:featuredmedia":[{"embeddable":true,"href":"https:\/\/www.luleey.com\/fr\/wp-json\/wp\/v2\/media\/12498"}],"wp:attachment":[{"href":"https:\/\/www.luleey.com\/fr\/wp-json\/wp\/v2\/media?parent=12458"}],"wp:term":[{"taxonomy":"product_brand","embeddable":true,"href":"https:\/\/www.luleey.com\/fr\/wp-json\/wp\/v2\/product_brand?post=12458"},{"taxonomy":"product_cat","embeddable":true,"href":"https:\/\/www.luleey.com\/fr\/wp-json\/wp\/v2\/product_cat?post=12458"},{"taxonomy":"product_tag","embeddable":true,"href":"https:\/\/www.luleey.com\/fr\/wp-json\/wp\/v2\/product_tag?post=12458"}],"curies":[{"name":"wp","href":"https:\/\/api.w.org\/{rel}","templated":true}]}}