{"id":12459,"date":"2024-07-19T00:47:16","date_gmt":"2024-07-18T16:47:16","guid":{"rendered":"https:\/\/www.luleey.com\/?post_type=product&#038;p=12459"},"modified":"2025-06-22T15:27:26","modified_gmt":"2025-06-22T07:27:26","slug":"2500m-base-t-100m-ll-25bt100","status":"publish","type":"product","link":"https:\/\/www.luleey.com\/fr\/produit-2\/2500m-base-t-100m-ll-25bt100\/","title":{"rendered":"2500M BASE-T 100m LL-25BT100"},"content":{"rendered":"<div class=\"MachTrans__textWrap__1NtxT MachTrans__textWrapSmall__26E1Q\">\n<div class=\"MachTrans__text__duH8w\">\n<p><span style=\"font-family: arial, helvetica, sans-serif; font-size: 24px;\">Caract\u00e9ristiques<\/span><\/p>\n<\/div>\n<\/div>\n<ol>\n<li class=\"a-spacing-base\"><span style=\"font-family: arial, helvetica, sans-serif;\">sfp vers rj45. Le SFP-2.5G-T est la bonne solution pour ceux qui cherchent \u00e0 \u00e9tendre les capacit\u00e9s de leur r\u00e9seau. Ce module optique \u00e0 grande vitesse est con\u00e7u pour fournir des taux de transfert de donn\u00e9es allant jusqu'\u00e0 2500M. Il suffit de le brancher et de l'utiliser pour l'activer, ce qui en fait un ajout sans probl\u00e8me \u00e0 votre infrastructure r\u00e9seau.<\/span><\/li>\n<li class=\"a-spacing-base\"><span style=\"font-family: arial, helvetica, sans-serif;\">Le module optique cuivre SFP vers RJ45 est compatible avec un grand nombre d'appareils, <strong>y compris les routeurs TPLINK Banana-Pi, tels que TP5480 TP57810 XDR5480 <\/strong>. La technologie avanc\u00e9e du module lui permet de prendre en charge plusieurs vitesses de transmission, notamment 2,5Gbase-T, 1000base-T et 100base-T sur le port de ligne. Il peut \u00eatre utilis\u00e9 avec une vari\u00e9t\u00e9 de dispositifs de r\u00e9seau, y compris les commutateurs et les routeurs.<\/span><\/li>\n<li class=\"a-spacing-base\"><span style=\"font-family: arial, helvetica, sans-serif;\">L'un des principaux avantages du SFP-2.5G-RJ45 est qu'il a une distance de transmission allant jusqu'\u00e0 100m. Il est donc beaucoup plus polyvalent que d'autres modules optiques similaires.<\/span><\/li>\n<li class=\"a-spacing-base\"><span style=\"font-family: arial, helvetica, sans-serif;\">La compatibilit\u00e9 du SFP-2.5G-RJ45 avec les routeurs TPLINK Banana-Pi en fait un excellent choix pour ceux qui cherchent \u00e0 augmenter les capacit\u00e9s de leur r\u00e9seau. En outre, il convient de noter que le module est compatible avec la plupart des autres appareils utilisant l'interface SFP. Il s'agit donc d'un compl\u00e9ment polyvalent et pratique \u00e0 toute configuration de r\u00e9seau.<\/span><\/li>\n<li class=\"a-spacing-base\"><span style=\"font-family: arial, helvetica, sans-serif;\">En conclusion, le SFP-2.5G-RJ45 est un module optique \u00e0 haute vitesse facile \u00e0 installer et compatible avec un grand nombre d'appareils. Avec son taux impressionnant de 2500M et ses capacit\u00e9s de transmission \u00e0 longue port\u00e9e, c'est le choix parfait pour ceux qui cherchent \u00e0 \u00e9tendre les capacit\u00e9s de leur r\u00e9seau. Si vous cherchez \u00e0 am\u00e9liorer la vitesse et la fiabilit\u00e9 de votre r\u00e9seau, le SFP-2.5G-RJ45 est un excellent choix.<\/span><\/li>\n<\/ol>\n<h3><span style=\"font-family: arial, helvetica, sans-serif;\">Sp\u00e9cifications<\/span><\/h3>\n<table class=\"a-bordered a-horizontal-stripes aplus-tech-spec-table\">\n<tbody>\n<tr>\n<td class=\"a-text-bold\"><span style=\"font-family: arial, helvetica, sans-serif;\">Temp\u00e9rature de fonctionnement<\/span><\/td>\n<td><span style=\"font-family: arial, helvetica, sans-serif;\">0 \u00e0 70\u00b0C (32 \u00e0 158\u00b0F)<\/span><\/td>\n<\/tr>\n<tr>\n<td class=\"a-text-bold\"><span style=\"font-family: arial, helvetica, sans-serif;\">Distance maximale du c\u00e2ble<\/span><\/td>\n<td><span style=\"font-family: arial, helvetica, sans-serif;\">100M<\/span><\/td>\n<\/tr>\n<tr>\n<td class=\"a-text-bold\"><span style=\"font-family: arial, helvetica, sans-serif;\">D\u00e9bit de donn\u00e9es maximal<\/span><\/td>\n<td><span style=\"font-family: arial, helvetica, sans-serif;\">2,5 Gbps<\/span><\/td>\n<\/tr>\n<tr>\n<td class=\"a-text-bold\"><span style=\"font-family: arial, helvetica, sans-serif;\">Interface<\/span><\/td>\n<td><span style=\"font-family: arial, helvetica, sans-serif;\">SFP RJ45<\/span><\/td>\n<\/tr>\n<tr>\n<td class=\"a-text-bold\"><span style=\"font-family: arial, helvetica, sans-serif;\">Tension d'alimentation<\/span><\/td>\n<td><span style=\"font-family: arial, helvetica, sans-serif;\">3.3v<\/span><\/td>\n<\/tr>\n<\/tbody>\n<\/table>","protected":false},"excerpt":{"rendered":"<ul class=\"a-unordered-list a-vertical a-spacing-mini\">\n<li class=\"a-spacing-mini\"><span class=\"a-list-item\">D\u00e9bit de 2500M : Ce module optique SFP-2,5G-RJ45 prend en charge jusqu'\u00e0 2,5 Gbase-T et est r\u00e9trocompatible avec les r\u00e9seaux 1000base-T et 100base-T. Il permet de b\u00e9n\u00e9ficier de vitesses de r\u00e9seau rapides comme l'\u00e9clair.<\/span><\/li>\n<li class=\"a-spacing-mini\"><span class=\"a-list-item\">SFP-2.5G-T Compatible TPLINK Banana-PI : Ce module SFP-2.5G-RJ45 est con\u00e7u pour fonctionner de mani\u00e8re transparente avec les appareils TPLINK et Banana-PI pour une mise en r\u00e9seau pratique et fiable, sfp \u00e0 rj45<\/span><\/li>\n<li class=\"a-spacing-mini\"><span class=\"a-list-item\">Module optique 2500M BASE-T : Ce module convertit les ports SFP en ports RJ45, ce qui facilite la connexion de votre appareil \u00e0 un r\u00e9seau \u00e0 haut d\u00e9bit.<\/span><\/li>\n<li class=\"a-spacing-mini\"><span class=\"a-list-item\">Plug and Play : Profitez d'une installation rapide et facile gr\u00e2ce \u00e0 ce module SFP-2.5G-RJ45 plug-and-play, qui ne n\u00e9cessite aucun logiciel ou pilote suppl\u00e9mentaire.<\/span><\/li>\n<li><span class=\"a-list-item\">Compatible avec toutes les marques : Ce module est compatible avec toutes les marques, <strong>par d\u00e9faut <\/strong>compatible avec Cisco, MikroTik, TPLINK, Ubiquiti, UniFi, QNAP, ASUS et ZTE<\/span><\/li>\n<\/ul>","protected":false},"featured_media":12503,"comment_status":"open","ping_status":"closed","template":"","meta":[],"product_brand":[],"product_cat":[320],"product_tag":[134,278,318,319],"class_list":{"0":"post-12459","1":"product","2":"type-product","3":"status-publish","4":"has-post-thumbnail","6":"product_cat-sfp-t-1g-2-5g-10g","7":"product_tag-2500m-base-t","8":"product_tag-optical-module","9":"product_tag-sfp-to-rj45","10":"product_tag-sfp-2-5g-t","12":"first","13":"instock","14":"shipping-taxable","15":"purchasable","16":"product-type-variable","17":"has-default-attributes"},"_links":{"self":[{"href":"https:\/\/www.luleey.com\/fr\/wp-json\/wp\/v2\/product\/12459","targetHints":{"allow":["GET"]}}],"collection":[{"href":"https:\/\/www.luleey.com\/fr\/wp-json\/wp\/v2\/product"}],"about":[{"href":"https:\/\/www.luleey.com\/fr\/wp-json\/wp\/v2\/types\/product"}],"replies":[{"embeddable":true,"href":"https:\/\/www.luleey.com\/fr\/wp-json\/wp\/v2\/comments?post=12459"}],"wp:featuredmedia":[{"embeddable":true,"href":"https:\/\/www.luleey.com\/fr\/wp-json\/wp\/v2\/media\/12503"}],"wp:attachment":[{"href":"https:\/\/www.luleey.com\/fr\/wp-json\/wp\/v2\/media?parent=12459"}],"wp:term":[{"taxonomy":"product_brand","embeddable":true,"href":"https:\/\/www.luleey.com\/fr\/wp-json\/wp\/v2\/product_brand?post=12459"},{"taxonomy":"product_cat","embeddable":true,"href":"https:\/\/www.luleey.com\/fr\/wp-json\/wp\/v2\/product_cat?post=12459"},{"taxonomy":"product_tag","embeddable":true,"href":"https:\/\/www.luleey.com\/fr\/wp-json\/wp\/v2\/product_tag?post=12459"}],"curies":[{"name":"wp","href":"https:\/\/api.w.org\/{rel}","templated":true}]}}