{"id":12462,"date":"2024-07-19T00:47:18","date_gmt":"2024-07-18T16:47:18","guid":{"rendered":"https:\/\/www.luleey.com\/?post_type=product&#038;p=12462"},"modified":"2025-02-22T11:54:48","modified_gmt":"2025-02-22T03:54:48","slug":"mini-4-epon-olt-ll-vl204","status":"publish","type":"product","link":"https:\/\/www.luleey.com\/fr\/produit-2\/mini-4-epon-olt-ll-vl204\/","title":{"rendered":"OLT EPON \u00e0 4 ports, transmission 20KM, ratio de division 1:64, gestion Web"},"content":{"rendered":"<h3>MINI 4 EPON OLT 1U 19 pouces<\/h3>\n<h3>Caract\u00e9ristiques<\/h3>\n<ol>\n<li>Support Full Wier-Speed Forwarding16K MAC address table.<\/li>\n<li>fonctions compl\u00e8tes de gestion du r\u00e9seau<\/li>\n<li>Support DBA flexible, contr\u00f4le de la vitesse du trafic ascendant et descendant.support lP ToS,IEEE802.1Q<\/li>\n<li>supportent l'agr\u00e9gation de ports.<\/li>\n<li>Contr\u00f4le du trafic bas\u00e9 sur le port, mise en forme du trafic.<\/li>\n<li>prend en charge l'ONu, l'autod\u00e9couverte et l'auto-enregistrement.prend en charge la fonction de test en boucle automatique.<\/li>\n<li>Fonctions VLAN puissantes, y compris empilage, tronc, traduction de VLAN.Prise en charge de la fonction GMP<\/li>\n<li>gestion du web, ACL \/Qos<\/li>\n<li>diagnostic de la liaison optique : m\u00e9canisme d'alerte complet<\/li>\n<li>Haute fiabilit\u00e9 : prise en charge d'une double alimentation (alimentation unique par d\u00e9faut) Dimension : cassette 1U peu encombrante, faible consommation d'\u00e9nergie<\/li>\n<li>Liaison montante : elle prend en charge les modules \u00e9lectriques et optiques et peut \u00eatre configur\u00e9e de mani\u00e8re flexible en fonction des diff\u00e9rents r\u00e9seaux.<\/li>\n<li data-spm-anchor-id=\"a2g0o.detail.1000023.i0.18401V511V518k\">Capacit\u00e9 : Chaque PON supporte jusqu'\u00e0 64 terminaux, l'ensemble du dispositif supporte jusqu'\u00e0 256 ONUs en configuration compl\u00e8te.<\/li>\n<\/ol>\n<h3>Sp\u00e9cifications<\/h3>\n<table class=\"has-title all magic-9\">\n<tbody>\n<tr>\n<td colspan=\"1\" rowspan=\"1\">\n<p class=\"magic-10\">Nom du produit<\/p>\n<\/td>\n<td colspan=\"1\" rowspan=\"1\">\n<p class=\"magic-11\">4 GEPON OLT<\/p>\n<\/td>\n<\/tr>\n<tr>\n<td colspan=\"1\" rowspan=\"1\">\n<p class=\"magic-10\">Port PON<\/p>\n<\/td>\n<td colspan=\"1\" rowspan=\"1\">\n<p class=\"magic-11\">4 PX20, PX20+, PX20++, PX20+++<\/p>\n<\/td>\n<\/tr>\n<tr>\n<td colspan=\"1\" rowspan=\"1\">\n<p class=\"magic-10\">Port de liaison montante 1000M<\/p>\n<\/td>\n<td colspan=\"1\" rowspan=\"1\">\n<p class=\"magic-11\">4*10\/100\/1000M auto-negotiation<\/p>\n<\/td>\n<\/tr>\n<tr>\n<td colspan=\"1\" rowspan=\"1\">\n<p class=\"magic-10\">Rapport de fractionnement maximal<\/p>\n<\/td>\n<td colspan=\"1\" rowspan=\"1\">\n<p class=\"magic-11\">1:64<\/p>\n<\/td>\n<\/tr>\n<tr>\n<td colspan=\"1\" rowspan=\"1\">\n<p class=\"magic-10\">Interface physique<\/p>\n<\/td>\n<td colspan=\"1\" rowspan=\"1\">\n<p class=\"magic-11\">Emplacements SFP<\/p>\n<\/td>\n<\/tr>\n<tr>\n<td colspan=\"1\" rowspan=\"1\">\n<p class=\"magic-10\">Type de connecteur<\/p>\n<\/td>\n<td colspan=\"1\" rowspan=\"1\">\n<p class=\"magic-11\">1000BASE-PX20+<\/p>\n<\/td>\n<\/tr>\n<tr>\n<td colspan=\"1\" rowspan=\"1\">\n<p class=\"magic-10\">Consommation \u00e9lectrique<\/p>\n<\/td>\n<td colspan=\"1\" rowspan=\"1\">\n<p class=\"magic-11\">15W<\/p>\n<\/td>\n<\/tr>\n<tr>\n<td colspan=\"1\" rowspan=\"1\">\n<p class=\"magic-10\">Distance de transmission<\/p>\n<\/td>\n<td colspan=\"1\" rowspan=\"1\">\n<p class=\"magic-11\">20KM(PX20+), 40KM(PX20++)<\/p>\n<\/td>\n<\/tr>\n<tr>\n<td colspan=\"1\" rowspan=\"1\">\n<p class=\"magic-10\">Poids<\/p>\n<\/td>\n<td colspan=\"1\" rowspan=\"1\">\n<p class=\"magic-11\">2,0 kg<\/p>\n<\/td>\n<\/tr>\n<tr>\n<td colspan=\"1\" rowspan=\"1\">\n<p class=\"magic-10\">Dimensions<\/p>\n<\/td>\n<td colspan=\"1\" rowspan=\"1\">\n<p class=\"magic-11\" data-spm-anchor-id=\"a2700.wholesale.0.i29.6e2a1318PcXKiD\">225mm*200mm*43.6mm<\/p>\n<\/td>\n<\/tr>\n<\/tbody>\n<\/table>\n<p>Temp\u00e9rature de fonctionnement0 ~ +50\u00b0C<\/p>\n<p>Temp\u00e9rature de stockage-40 ~ +85\u00b0C<\/p>\n<p>Humidit\u00e9 relative5 ~ 90% (sans conditionnement)<\/p>\n<p>Alimentation AC : 90~264V, 47\/63Hz<\/p>\n<p>Consommation \u00e9lectrique \uff1a15W<\/p>\n<p><img loading=\"lazy\" decoding=\"async\" class=\"alignnone size-full wp-image-5108\" src=\"https:\/\/www.luleey.com\/wp-content\/uploads\/2023\/07\/Scad88436d81a43fdad02e7b268ff5eb5L.jpg\" alt=\"EPON OLT\" width=\"703\" height=\"688\" title=\"\"><\/p>","protected":false},"excerpt":{"rendered":"<p><strong>Une capacit\u00e9 \u00e0 l'\u00e9preuve du temps<\/strong> - EPON OLT G\u00e9rer 256 ONUs avec une port\u00e9e de 40KM pour les r\u00e9seaux campus\/ISP.<br \/>\n<strong>Automatisation intelligente<\/strong> - Auto-enregistrement des ONU + surveillance du trafic en temps r\u00e9el via le web.<\/p>","protected":false},"featured_media":12507,"comment_status":"open","ping_status":"closed","template":"","meta":[],"product_brand":[],"product_cat":[361],"product_tag":[136,144,206],"class_list":{"0":"post-12462","1":"product","2":"type-product","3":"status-publish","4":"has-post-thumbnail","6":"product_cat-epon-olt","7":"product_tag-256-onu","8":"product_tag-4-epon","9":"product_tag-epon-olt","11":"first","12":"instock","13":"shipping-taxable","14":"purchasable","15":"product-type-variable","16":"has-default-attributes"},"_links":{"self":[{"href":"https:\/\/www.luleey.com\/fr\/wp-json\/wp\/v2\/product\/12462","targetHints":{"allow":["GET"]}}],"collection":[{"href":"https:\/\/www.luleey.com\/fr\/wp-json\/wp\/v2\/product"}],"about":[{"href":"https:\/\/www.luleey.com\/fr\/wp-json\/wp\/v2\/types\/product"}],"replies":[{"embeddable":true,"href":"https:\/\/www.luleey.com\/fr\/wp-json\/wp\/v2\/comments?post=12462"}],"wp:featuredmedia":[{"embeddable":true,"href":"https:\/\/www.luleey.com\/fr\/wp-json\/wp\/v2\/media\/12507"}],"wp:attachment":[{"href":"https:\/\/www.luleey.com\/fr\/wp-json\/wp\/v2\/media?parent=12462"}],"wp:term":[{"taxonomy":"product_brand","embeddable":true,"href":"https:\/\/www.luleey.com\/fr\/wp-json\/wp\/v2\/product_brand?post=12462"},{"taxonomy":"product_cat","embeddable":true,"href":"https:\/\/www.luleey.com\/fr\/wp-json\/wp\/v2\/product_cat?post=12462"},{"taxonomy":"product_tag","embeddable":true,"href":"https:\/\/www.luleey.com\/fr\/wp-json\/wp\/v2\/product_tag?post=12462"}],"curies":[{"name":"wp","href":"https:\/\/api.w.org\/{rel}","templated":true}]}}