{"id":12464,"date":"2024-07-19T00:47:19","date_gmt":"2024-07-18T16:47:19","guid":{"rendered":"https:\/\/www.luleey.com\/?post_type=product&#038;p=12464"},"modified":"2025-02-20T21:46:51","modified_gmt":"2025-02-20T13:46:51","slug":"pon-power-meter-tester-optical-power-meter-visual-fault-locator","status":"publish","type":"product","link":"https:\/\/www.luleey.com\/fr\/produit-2\/pon-power-meter-tester-optical-power-meter-visual-fault-locator\/","title":{"rendered":"Testeur de puissance PON + Mesureur de puissance optique + Localisateur visuel de d\u00e9fauts"},"content":{"rendered":"<div>\n<h3>PON Power Meter<\/h3>\n<pre>VERSION COMPL\u00c8TE= VERSION DE BASE +Optical Power Meter +Visual Fault Locator<\/pre>\n<h4 data-spm-anchor-id=\"a2g0o.detail.1000023.i0.525da32aC35IUk\"><span style=\"font-size: 1.5em; font-weight: bold;\">Caract\u00e9ristiques<\/span><\/h4>\n<div data-spm-anchor-id=\"a2g0o.detail.1000023.i0.525da32aC35IUk\">1.  Portatif, facile \u00e0 utiliser<br \/>\n2. Peut tester la puissance de 3 longueurs d'onde du syst\u00e8me PON de mani\u00e8re synchronis\u00e9e : 1310nm, 1490nm, 1550nm<br \/>\n3.  Peut tester le signal en mode rafale de 1310nm<br \/>\n4.  \u00c9cran couleur<br \/>\n5.  Interface conviviale, gestion des messages humains et fonction d'exploitation<br \/>\n6.  Fournir 10 groupes de valeurs seuils au choix de l'op\u00e9rateur, analyser et afficher l'\u00e9tat de r\u00e9ussite ou d'\u00e9chec.<br \/>\n7.  Choix de la valeur relative et fonction d'\u00e9dition<br \/>\n8.  Le logiciel de gestion permet de d\u00e9finir la valeur seuil, de t\u00e9l\u00e9charger les donn\u00e9es et de calibrer la longueur d'onde.<br \/>\n9.  Arr\u00eat automatique (en fonction de la valeur r\u00e9gl\u00e9e)<br \/>\n10. D\u00e9sactivation automatique du r\u00e9tro\u00e9clairage (en fonction de la valeur d\u00e9finie)<br \/>\n11. Batterie au lithium de 6600mAh<br \/>\n12. Conception d'\u00e9conomie d'\u00e9nergie (auto-v\u00e9rification de la basse tension et mise hors tension)<br \/>\n13. Affichage de l'horloge en temps r\u00e9el<br \/>\n14. Mesureur de puissance optique (fonction optionnelle)<br \/>\n15. Localisateur visuel de d\u00e9fauts (fonction optionnelle)<\/div>\n<\/div>\n<div id=\"offer-template-0\">\n<ul>\n<li><span data-spm-anchor-id=\"a261y.7663282.descBanner.i1.5cc87d5d8BQYan\">LCD : 480*800, \u00e9cran tactile en couleurs\u00a0<\/span><\/li>\n<li><span data-spm-anchor-id=\"a261y.7663282.descBanner.i2.5cc87d5d8BQYan\">Batterie : Batterie au lithium rechargeable 3,7V 6600mAH\u00a0<\/span><\/li>\n<li><span data-spm-anchor-id=\"a261y.7663282.descBanner.i3.5cc87d5d8BQYan\">Temp\u00e9rature de fonctionnement : -10~60\u00b0C<\/span><\/li>\n<li>Temp\u00e9rature de stockage : -25~70\u00b0C<\/li>\n<li>Dimensions (mm) : 185*80*50<\/li>\n<\/ul>\n<\/div>\n<h3>Sp\u00e9cifications<\/h3>\n<div id=\"offer-template-0\">\n<div>\n<table width=\"687\">\n<tbody>\n<tr>\n<td width=\"229\">Mod\u00e8le<\/td>\n<td colspan=\"3\" width=\"458\">LL-TM70B<\/td>\n<\/tr>\n<tr>\n<td width=\"229\">Longueurs d'onde standard<\/td>\n<td width=\"126\">1310(en amont)<\/td>\n<td width=\"164\">1490(en aval)<\/td>\n<td width=\"168\">1550(en aval)<\/td>\n<\/tr>\n<tr>\n<td width=\"229\">Passzone(nm)<\/td>\n<td width=\"126\">1260~1360<\/td>\n<td width=\"164\">1470~1505<\/td>\n<td width=\"168\">1535~1570<\/td>\n<\/tr>\n<tr>\n<td width=\"229\">Gamme (dBm)<\/td>\n<td width=\"126\">-50~+10<\/td>\n<td width=\"164\">-50~+10<\/td>\n<td width=\"168\">-45~+23<\/td>\n<\/tr>\n<tr>\n<td width=\"229\">Isolation@1310nm(dB)<\/td>\n<td width=\"126\"><\/td>\n<td width=\"164\">&gt;40<\/td>\n<td width=\"168\">&gt;40<\/td>\n<\/tr>\n<tr>\n<td width=\"229\">Isolation@1490nm(dB)<\/td>\n<td width=\"126\">&gt;40<\/td>\n<td width=\"164\"><\/td>\n<td width=\"168\">&gt;40<\/td>\n<\/tr>\n<tr>\n<td width=\"229\">Isolation@1550nm(dB)<\/td>\n<td width=\"126\">&gt;40<\/td>\n<td width=\"164\">&gt;40<\/td>\n<td width=\"168\"><\/td>\n<\/tr>\n<tr>\n<td width=\"229\">Pr\u00e9cision (dB)<\/td>\n<td colspan=\"3\" width=\"458\">\u00b10.5<\/td>\n<\/tr>\n<tr>\n<td width=\"229\">Perte d\u00e9pendante de la polarisation (dB)<\/td>\n<td colspan=\"3\" width=\"458\">&lt;\u00b10.25<\/td>\n<\/tr>\n<tr>\n<td width=\"229\">Lin\u00e9arit\u00e9 (dB)<\/td>\n<td colspan=\"3\" width=\"458\">\u00b10.1<\/td>\n<\/tr>\n<tr>\n<td width=\"229\">Perte d'insertion (dB)<\/td>\n<td colspan=\"3\" width=\"458\">&lt;1.5<\/td>\n<\/tr>\n<tr>\n<td width=\"229\">R\u00e9solution<\/td>\n<td colspan=\"3\" width=\"458\">0,01dB<\/td>\n<\/tr>\n<tr>\n<td width=\"229\">Unit\u00e9<\/td>\n<td colspan=\"3\" width=\"458\">dBm\/xW<\/td>\n<\/tr>\n<\/tbody>\n<\/table>\n<\/div>\n<\/div>","protected":false},"excerpt":{"rendered":"<p>Le Power Meter PON (instrument de test PON) est sp\u00e9cialement con\u00e7u pour la construction et la maintenance des r\u00e9seaux PON et peut \u00eatre connect\u00e9 entre l'OLT et l'ONT. Les signaux voix, donn\u00e9es, vid\u00e9o (1310\/1490\/1550) en ligne peuvent \u00eatre mesur\u00e9s de mani\u00e8re synchrone et la valeur de la puissance optique (1310\/1490\/1550) peut \u00eatre affich\u00e9e avec cet appareil de mesure. C'est un outil de test de site utile pour les ing\u00e9nieurs du r\u00e9seau PON et les op\u00e9rateurs de maintenance.<\/p>","protected":false},"featured_media":12521,"comment_status":"open","ping_status":"closed","template":"","meta":[],"product_brand":[],"product_cat":[363],"product_tag":[281,306],"class_list":{"0":"post-12464","1":"product","2":"type-product","3":"status-publish","4":"has-post-thumbnail","6":"product_cat-optical-power-meter-and-visual-fault-locator","7":"product_tag-optical-power-meter","8":"product_tag-sc-apc","10":"first","11":"instock","12":"sale","13":"shipping-taxable","14":"purchasable","15":"product-type-variable"},"_links":{"self":[{"href":"https:\/\/www.luleey.com\/fr\/wp-json\/wp\/v2\/product\/12464","targetHints":{"allow":["GET"]}}],"collection":[{"href":"https:\/\/www.luleey.com\/fr\/wp-json\/wp\/v2\/product"}],"about":[{"href":"https:\/\/www.luleey.com\/fr\/wp-json\/wp\/v2\/types\/product"}],"replies":[{"embeddable":true,"href":"https:\/\/www.luleey.com\/fr\/wp-json\/wp\/v2\/comments?post=12464"}],"wp:featuredmedia":[{"embeddable":true,"href":"https:\/\/www.luleey.com\/fr\/wp-json\/wp\/v2\/media\/12521"}],"wp:attachment":[{"href":"https:\/\/www.luleey.com\/fr\/wp-json\/wp\/v2\/media?parent=12464"}],"wp:term":[{"taxonomy":"product_brand","embeddable":true,"href":"https:\/\/www.luleey.com\/fr\/wp-json\/wp\/v2\/product_brand?post=12464"},{"taxonomy":"product_cat","embeddable":true,"href":"https:\/\/www.luleey.com\/fr\/wp-json\/wp\/v2\/product_cat?post=12464"},{"taxonomy":"product_tag","embeddable":true,"href":"https:\/\/www.luleey.com\/fr\/wp-json\/wp\/v2\/product_tag?post=12464"}],"curies":[{"name":"wp","href":"https:\/\/api.w.org\/{rel}","templated":true}]}}