{"id":12467,"date":"2024-07-19T00:47:19","date_gmt":"2024-07-18T16:47:19","guid":{"rendered":"https:\/\/www.luleey.com\/?post_type=product&#038;p=12467"},"modified":"2025-06-22T15:26:47","modified_gmt":"2025-06-22T07:26:47","slug":"1-25g-gigabit-smf-sfp-sc-module-20km-ddm","status":"publish","type":"product","link":"https:\/\/www.luleey.com\/fr\/produit-2\/1-25g-gigabit-smf-sfp-sc-module-20km-ddm\/","title":{"rendered":"1.25G Gigabit SMF SFP Module, 1310nm\/1550nm Single-Mode Fiber 20km, Cisco\/Huawei\/intel Compatible"},"content":{"rendered":"<h3>Caract\u00e9ristiques<\/h3>\n<ol>\n<li>Module SFP, compatible avec Cisco\/Mikrotik Ubiquiti Gigabit Switch et autres<\/li>\n<li>Prise en charge de la puce de surveillance DDM<\/li>\n<li>Alliage de zinc et de magn\u00e9sium, supporte une temp\u00e9rature d'utilisation allant jusqu'\u00e0 85 degr\u00e9s Celsius.<\/li>\n<li>1.25G SC SFP Gigabit SM Simplex BIDI peut \u00eatre utilis\u00e9 pour les commutateurs de r\u00e9seau, les routeurs de r\u00e9seau, les cartes de r\u00e9seau \u00e0 fibre optique, les pare-feu de r\u00e9seau, les \u00e9metteurs-r\u00e9cepteurs de r\u00e9seau, les serveurs, les matrices magn\u00e9tiques et d'autres appareils.<\/li>\n<\/ol>\n<h3>Sp\u00e9cifications<\/h3>\n<table width=\"790\">\n<tbody>\n<tr>\n<td width=\"229\">Mod\u00e8le<\/td>\n<td width=\"561\">\u00a0SFP-BX20-SC<\/td>\n<\/tr>\n<tr>\n<td>Nom du produit<\/td>\n<td>Module SFP SMF Gigabit 1,25G<\/td>\n<\/tr>\n<tr>\n<td>Marque<\/td>\n<td>LuLeey<\/td>\n<\/tr>\n<tr>\n<td>Compatible avec<\/td>\n<td>\u00a0Tels que les commutateurs Gigabit de Cisco\/Mikrotik\/Ubiquiti, etc.<\/td>\n<\/tr>\n<tr>\n<td>Soutenir le DDM<\/td>\n<td>\u00a0Oui<\/td>\n<\/tr>\n<tr>\n<td>Envoyer<\/td>\n<td>\u00a0-9~-3dBm<\/td>\n<\/tr>\n<tr>\n<td>Recevoir<\/td>\n<td>\u00a0&lt;=-22dBm<\/td>\n<\/tr>\n<tr>\n<td>Vitesse de transmission<\/td>\n<td>\u00a01,25 Gb\/s<\/td>\n<\/tr>\n<tr>\n<td>Longueur d'onde de transmission<\/td>\n<td>\u00a01310\/1550nm<\/td>\n<\/tr>\n<tr>\n<td>Support de transmission<\/td>\n<td>\u00a0mode unique fibre unique<\/td>\n<\/tr>\n<tr>\n<td>Distance de transmission<\/td>\n<td>\u00a020 km<\/td>\n<\/tr>\n<tr>\n<td>Type d'interface<\/td>\n<td>\u00a0SC<\/td>\n<\/tr>\n<tr>\n<td>Tension de fonctionnement<\/td>\n<td>\u00a03.3V<\/td>\n<\/tr>\n<\/tbody>\n<\/table>","protected":false},"excerpt":{"rendered":"<ul>\n<li>Module SFP, compatible avec Cisco\/Mikrotik Ubiquiti Gigabit Switch et autres<\/li>\n<li>Prise en charge de la puce de surveillance DDM<\/li>\n<li>Alliage de zinc et de magn\u00e9sium, supporte une temp\u00e9rature d'utilisation allant jusqu'\u00e0 85 degr\u00e9s Celsius.<\/li>\n<li>1.25G SC SFP Gigabit SM Simplex BIDI peut \u00eatre utilis\u00e9 pour les commutateurs de r\u00e9seau, les routeurs de r\u00e9seau, les cartes de r\u00e9seau \u00e0 fibre optique, les pare-feu de r\u00e9seau, les \u00e9metteurs-r\u00e9cepteurs de r\u00e9seau, les serveurs, les matrices magn\u00e9tiques et d'autres appareils.<\/li>\n<\/ul>","protected":false},"featured_media":12524,"comment_status":"open","ping_status":"closed","template":"","meta":[],"product_brand":[],"product_cat":[321],"product_tag":[84,130,278,305,837,325],"class_list":{"0":"post-12467","1":"product","2":"type-product","3":"status-publish","4":"has-post-thumbnail","6":"product_cat-sfp-sfp-1g-2-5g-5g-10g","7":"product_tag-1-25g","8":"product_tag-20km","9":"product_tag-optical-module","10":"product_tag-sc","11":"product_tag-sfp-module","12":"product_tag-sm","14":"first","15":"instock","16":"shipping-taxable","17":"purchasable","18":"product-type-variable","19":"has-default-attributes"},"_links":{"self":[{"href":"https:\/\/www.luleey.com\/fr\/wp-json\/wp\/v2\/product\/12467","targetHints":{"allow":["GET"]}}],"collection":[{"href":"https:\/\/www.luleey.com\/fr\/wp-json\/wp\/v2\/product"}],"about":[{"href":"https:\/\/www.luleey.com\/fr\/wp-json\/wp\/v2\/types\/product"}],"replies":[{"embeddable":true,"href":"https:\/\/www.luleey.com\/fr\/wp-json\/wp\/v2\/comments?post=12467"}],"wp:featuredmedia":[{"embeddable":true,"href":"https:\/\/www.luleey.com\/fr\/wp-json\/wp\/v2\/media\/12524"}],"wp:attachment":[{"href":"https:\/\/www.luleey.com\/fr\/wp-json\/wp\/v2\/media?parent=12467"}],"wp:term":[{"taxonomy":"product_brand","embeddable":true,"href":"https:\/\/www.luleey.com\/fr\/wp-json\/wp\/v2\/product_brand?post=12467"},{"taxonomy":"product_cat","embeddable":true,"href":"https:\/\/www.luleey.com\/fr\/wp-json\/wp\/v2\/product_cat?post=12467"},{"taxonomy":"product_tag","embeddable":true,"href":"https:\/\/www.luleey.com\/fr\/wp-json\/wp\/v2\/product_tag?post=12467"}],"curies":[{"name":"wp","href":"https:\/\/api.w.org\/{rel}","templated":true}]}}