{"id":12469,"date":"2024-07-19T00:47:20","date_gmt":"2024-07-18T16:47:20","guid":{"rendered":"https:\/\/www.luleey.com\/?post_type=product&#038;p=12469"},"modified":"2025-06-28T10:51:41","modified_gmt":"2025-06-28T02:51:41","slug":"epon-olt-px20","status":"publish","type":"product","link":"https:\/\/www.luleey.com\/fr\/produit-2\/epon-olt-px20\/","title":{"rendered":"EPON OLT SFP Module, EPON OLT PX20+++ Class, 1.25Gbps Fiber, Huawei\/ZTE\/VSOL\/HIOSO Compatible"},"content":{"rendered":"<h3>Caract\u00e9ristiques<\/h3>\n<ol>\n<li>Le DDM (Digital Diagnostic Monitoring) suit le protocole multi-source SFF-8472 (formul\u00e9 par le comit\u00e9 SFF, une organisation industrielle) et constitue un moyen de contr\u00f4le des param\u00e8tres en temps r\u00e9el pour le module optique. Il permet aux utilisateurs de surveiller les param\u00e8tres du module optique en temps r\u00e9el, notamment la puissance optique re\u00e7ue, la puissance optique transmise, la temp\u00e9rature de fonctionnement, la tension de la source d'alimentation et le courant de polarisation du laser.<\/li>\n<li>EPON OLT px20+++ Compatibilit\u00e9 avec les marques de haute qualit\u00e9. Ce GBIC EPON est compatible avec les principales marques telles que BDCOM, TPLINK, Ubiquiti, hioso, vsol et THINK, assurant un travail stable et efficace. .<\/li>\n<li>Avec une puissance de plus de 7\/9dBm, il offre une port\u00e9e et des performances exceptionnelles avec une distance de transmission maximale de 20 km. Il prend en charge un module PON \u00e0 fibre optique de 1,25 Gbps et un port SC, ce qui le rend id\u00e9al pour les applications CATV ou FTTH. En outre, il est parfait pour construire des r\u00e9seaux \u00e0 petite \u00e9chelle dans divers environnements, y compris les campus, les propri\u00e9t\u00e9s locatives ou les immeubles d'appartements.<\/li>\n<\/ol>\n<h3>Sp\u00e9cifications<\/h3>\n<div class=\"a-column a-span6 a-span-last\">\n<table width=\"790\">\n<tbody>\n<tr>\n<td width=\"229\">Mod\u00e8le<\/td>\n<td width=\"561\">LL-px203<\/td>\n<\/tr>\n<tr>\n<td>Nom du produit<\/td>\n<td>Module EPON OLT SFP, EPON OLT PX20+++ Class<\/td>\n<\/tr>\n<tr>\n<td>Marque<\/td>\n<td>LuLeey<\/td>\n<\/tr>\n<tr>\n<td width=\"229\">Type d'emballage<\/td>\n<td width=\"561\">SFP<\/td>\n<\/tr>\n<tr>\n<td width=\"229\">Taux de transmission<\/td>\n<td width=\"561\">1,25G\/1,25G<\/td>\n<\/tr>\n<tr>\n<td width=\"229\">Distance de transmission maximale<\/td>\n<td width=\"561\">20KM<\/td>\n<\/tr>\n<tr>\n<td width=\"229\">longueur d'onde d'\u00e9mission<\/td>\n<td width=\"561\">1490nm<\/td>\n<\/tr>\n<tr>\n<td width=\"229\">Longueur d'onde de r\u00e9ception<\/td>\n<td width=\"561\">1310nm<\/td>\n<\/tr>\n<tr>\n<td width=\"229\">Diagnostic num\u00e9rique<\/td>\n<td width=\"561\">DDM<\/td>\n<\/tr>\n<tr>\n<td width=\"229\">Coupure d'\u00e9lectricit\u00e9<\/td>\n<td width=\"561\">7\/9dBm+<\/td>\n<\/tr>\n<\/tbody>\n<\/table>\n<\/div>","protected":false},"excerpt":{"rendered":"<ul class=\"a-unordered-list a-vertical a-spacing-mini\">\n<li class=\"a-spacing-mini\"><span class=\"a-list-item\">- Vitesse \u00e9lev\u00e9e : ce module EPON OLT px20+++ prend en charge des taux de transfert de fibre optique allant jusqu'\u00e0 1,25 Gbps, offrant des vitesses rapides comme l'\u00e9clair pour une transmission de donn\u00e9es fluide.<\/span><\/li>\n<li class=\"a-spacing-mini\"><span class=\"a-list-item\">- Port\u00e9e \u00e9tendue : Avec une distance de transmission maximale de 20 km, vous pouvez facilement \u00e9tendre la couverture de votre r\u00e9seau sans compromettre les performances.<\/span><\/li>\n<li class=\"a-spacing-mini\"><span class=\"a-list-item\">- Meilleur signal : Gr\u00e2ce \u00e0 sa conception avanc\u00e9e, ce module offre une puissance de signal sup\u00e9rieure \u00e0 7\/9db, garantissant des connexions plus fortes et plus fiables.<\/span><\/li>\n<li class=\"a-spacing-mini\"><span class=\"a-list-item\">- Compatibilit\u00e9 avec les marques :  Compatible avec une large gamme de marques EPON OLT incluant BDCOM, TPLINK, Ubiquiti, et plus, ce module offre une int\u00e9gration flexible avec votre infrastructure r\u00e9seau existante.<\/span><\/li>\n<li class=\"a-spacing-mini\"><span class=\"a-list-item\">- Facile \u00e0 utiliser : Dot\u00e9 d'une interface de port SC pratique et d'une fonctionnalit\u00e9 plug-and-play, ce module est facile \u00e0 configurer et \u00e0 utiliser avec les dispositifs EPON OLT, ce qui r\u00e9duit le temps d'installation et les tracas.<\/span><\/li>\n<\/ul>","protected":false},"featured_media":12526,"comment_status":"open","ping_status":"closed","template":"","meta":[],"product_brand":[],"product_cat":[317],"product_tag":[177,998,205,206,996,294,997],"class_list":{"0":"post-12469","1":"product","2":"type-product","3":"status-publish","4":"has-post-thumbnail","6":"product_cat-sfp-pon-module","7":"product_tag-9db","8":"product_tag-carrier-grade-epon-module","9":"product_tag-epon","10":"product_tag-epon-olt","11":"product_tag-epon-olt-sfp-module","12":"product_tag-px20","13":"product_tag-px20-compatible-olt","15":"first","16":"instock","17":"featured","18":"shipping-taxable","19":"purchasable","20":"product-type-variable"},"_links":{"self":[{"href":"https:\/\/www.luleey.com\/fr\/wp-json\/wp\/v2\/product\/12469","targetHints":{"allow":["GET"]}}],"collection":[{"href":"https:\/\/www.luleey.com\/fr\/wp-json\/wp\/v2\/product"}],"about":[{"href":"https:\/\/www.luleey.com\/fr\/wp-json\/wp\/v2\/types\/product"}],"replies":[{"embeddable":true,"href":"https:\/\/www.luleey.com\/fr\/wp-json\/wp\/v2\/comments?post=12469"}],"wp:featuredmedia":[{"embeddable":true,"href":"https:\/\/www.luleey.com\/fr\/wp-json\/wp\/v2\/media\/12526"}],"wp:attachment":[{"href":"https:\/\/www.luleey.com\/fr\/wp-json\/wp\/v2\/media?parent=12469"}],"wp:term":[{"taxonomy":"product_brand","embeddable":true,"href":"https:\/\/www.luleey.com\/fr\/wp-json\/wp\/v2\/product_brand?post=12469"},{"taxonomy":"product_cat","embeddable":true,"href":"https:\/\/www.luleey.com\/fr\/wp-json\/wp\/v2\/product_cat?post=12469"},{"taxonomy":"product_tag","embeddable":true,"href":"https:\/\/www.luleey.com\/fr\/wp-json\/wp\/v2\/product_tag?post=12469"}],"curies":[{"name":"wp","href":"https:\/\/api.w.org\/{rel}","templated":true}]}}